{"id":7700,"date":"2022-09-19T08:25:47","date_gmt":"2022-09-19T08:25:47","guid":{"rendered":"https:\/\/thedashcamlawyer.com\/abogado-experto-en-accidentes-automovilisticos-en-belle-glade-y-lake-worth-florida\/"},"modified":"2024-02-23T06:40:04","modified_gmt":"2024-02-23T06:40:04","slug":"abogado-experto-en-accidentes-automovilisticos-en-belle-glade-y-lake-worth-florida","status":"publish","type":"page","link":"https:\/\/thedashcamlawyer.com\/es\/practice-areas\/abogado-experto-en-accidentes-automovilisticos-en-belle-glade-y-lake-worth-florida\/","title":{"rendered":"Abogado experto en accidentes automovil\u00edsticos en Belle Glade y Lake Worth, FLORIDA"},"content":{"rendered":"<h2>Compensaci\u00f3n que podr\u00eda recuperar en un acuerdo<\/h2>\n<p><span style=\"font-weight: 400;\">Los tipos de compensaci\u00f3n que podr\u00eda recuperar despu\u00e9s de un accidente automovil\u00edstico en Florida dependen de muchos factores. Aseg\u00farese de contactar a nuestro abogado experto en accidentes automovil\u00edsticos para conocer sus opciones legales y c\u00f3mo proceder.<\/span><\/p>\n<p><span style=\"font-weight: 400;\">Si usted o un ser querido tuvieron recientemente un accidente automovil\u00edstico, podr\u00edan <\/span><span style=\"font-weight: 400;\">ser elegibles para una compensaci\u00f3n por lo siguiente<\/span><span style=\"font-weight: 400;\">:<\/span><\/p>\n<ul>\n<li style=\"font-weight: 400;\" aria-level=\"1\"><b>Da\u00f1os econ\u00f3micos <\/b><span style=\"font-weight: 400;\">como ser facturas m\u00e9dicas, costos de reparaci\u00f3n y salarios perdidos<\/span><\/li>\n<li style=\"font-weight: 400;\" aria-level=\"1\"><b>Da\u00f1os no econ\u00f3micos<\/b><span style=\"font-weight: 400;\">, como cicatrices o desfiguraci\u00f3n, p\u00e9rdida de la capacidad de obtener ingresos, p\u00e9rdida del disfrute de la vida, angustia emocional, dolor y sufrimiento como resultado de las lesiones<\/span><\/li>\n<li style=\"font-weight: 400;\" aria-level=\"1\"><b>Da\u00f1os punitivos <\/b><span style=\"font-weight: 400;\">resultantes de conductores ebrios, conductores distra\u00eddos o la conducta extremadamente negligente de alguien<\/span><\/li>\n<\/ul>\n<h2>Por qu\u00e9 deber\u00eda contratar a un abogado experto en accidentes automovil\u00edsticos<\/h2>\n<p><span style=\"font-weight: 400;\">Despu\u00e9s de un accidente automovil\u00edstico puede pensar que no es necesario ponerse en contacto con un abogado. Sin embargo, trabajar con un abogado experimentado en accidentes automovil\u00edsticos de Florida como Shannon J. Sagan puede ayudarle a proceder con confianza mientras busca una compensaci\u00f3n. Espec\u00edficamente, nuestro equipo legal de accidentes automovil\u00edsticos puede ayudarle en lo siguiente:<\/span><\/p>\n<ul>\n<li style=\"font-weight: 400;\" aria-level=\"1\"><span style=\"font-weight: 400;\">En la investigaci\u00f3n del incidente<\/span><\/li>\n<li style=\"font-weight: 400;\" aria-level=\"1\"><span style=\"font-weight: 400;\">Reuniendo toda la evidencia<\/span><\/li>\n<li style=\"font-weight: 400;\" aria-level=\"1\"><span style=\"font-weight: 400;\">Presentando y manejando todos sus reclamos<\/span><\/li>\n<li style=\"font-weight: 400;\" aria-level=\"1\"><span style=\"font-weight: 400;\">Ayud\u00e1ndole a obtener atenci\u00f3n m\u00e9dica de calidad<\/span><\/li>\n<li style=\"font-weight: 400;\" aria-level=\"1\"><span style=\"font-weight: 400;\">Hacer que su caso sea lo m\u00e1s s\u00f3lido posible<\/span><\/li>\n<li style=\"font-weight: 400;\" aria-level=\"1\"><span style=\"font-weight: 400;\">Negociando un acuerdo<\/span><\/li>\n<li style=\"font-weight: 400;\" aria-level=\"1\"><span style=\"font-weight: 400;\">Presentando una demanda si fracasan las negociaciones\u00a0<\/span><\/li>\n<\/ul>\n<h2>Pasos pr\u00e1cticos para seguir despu\u00e9s de un accidente automovil\u00edstico<\/h2>\n<h3>1. Busque atenci\u00f3n m\u00e9dica<\/h3>\n<p><span style=\"font-weight: 400;\">Obtener atenci\u00f3n m\u00e9dica lo antes posible puede ayudar a reducir las posibilidades de problemas de salud a largo plazo. No rechace la evaluaci\u00f3n m\u00e9dica porque crea que no tiene lesiones visibles. Recuerde, <\/span><span style=\"font-weight: 400;\">si est\u00e1 involucrado en un accidente automovil\u00edstico<\/span><span style=\"font-weight: 400;\"> en Florida, solo tiene 14 d\u00edas a partir de la fecha de un accidente para obtener atenci\u00f3n m\u00e9dica.<\/span><\/p>\n<h3>2. Llame a la polic\u00eda<\/h3>\n<p><span style=\"font-weight: 400;\">Notificar a la polic\u00eda es esencial despu\u00e9s de un accidente automovil\u00edstico. Deben investigar y redactar un informe detallado que indique lo sucedido, todas las partes enumeradas y su informaci\u00f3n de contacto y seguro, as\u00ed como una narraci\u00f3n de lo sucedido. Al igual que con el informe m\u00e9dico, esta documentaci\u00f3n podr\u00eda proporcionar evidencia cr\u00edtica para respaldar su reclamo por lesiones.<\/span><\/p>\n<h3>3. Re\u00fana informaci\u00f3n<\/h3>\n<p><span style=\"font-weight: 400;\">Usted querr\u00e1 recopilar informaci\u00f3n de todos los involucrados en el accidente automovil\u00edstico, como ser:<\/span><\/p>\n<ul>\n<li><span style=\"font-weight: 400;\">nombres<\/span><\/li>\n<li><span style=\"font-weight: 400;\">Informaci\u00f3n de contacto<\/span><\/li>\n<li><span style=\"font-weight: 400;\">Informaci\u00f3n del seguro<\/span><\/li>\n<li><span style=\"font-weight: 400;\">N\u00fameros de matr\u00edcula<\/span><\/li>\n<\/ul>\n<p><span style=\"font-weight: 400;\">Le recomendamos tambi\u00e9n obtener los nombres y la informaci\u00f3n de contacto de los posibles testigos.<\/span><\/p>\n<h3>4. Registre los detalles<\/h3>\n<p><span style=\"font-weight: 400;\">Registrar detalles sobre el accidente automovil\u00edstico puede resultar extremadamente \u00fatil para su reclamo. Debe anotar cosas espec\u00edficas como la hora del d\u00eda y los momentos previos al incidente. Tambi\u00e9n es bueno tomar fotograf\u00edas de diferentes aspectos del incidente, incluyendo:<\/span><\/p>\n<ul>\n<li style=\"font-weight: 400;\" aria-level=\"1\"><span style=\"font-weight: 400;\">Posiciones de los veh\u00edculos<\/span><\/li>\n<li style=\"font-weight: 400;\" aria-level=\"1\"><span style=\"font-weight: 400;\">lesiones personales<\/span><\/li>\n<li style=\"font-weight: 400;\" aria-level=\"1\"><span style=\"font-weight: 400;\">Da\u00f1os a la Propiedad<\/span><\/li>\n<li style=\"font-weight: 400;\" aria-level=\"1\"><span style=\"font-weight: 400;\">Ubicaci\u00f3n del incidente<\/span><\/li>\n<li style=\"font-weight: 400;\" aria-level=\"1\"><span style=\"font-weight: 400;\">Marcas de neum\u00e1ticos<\/span><\/li>\n<\/ul>\n<h3>5. P\u00f3ngase en contacto con el abogado Shannon Sagan<\/h3>\n<p><span style=\"font-weight: 400;\">Necesita un abogado con experiencia en accidentes que le ayude con todos sus problemas legales, m\u00e9dicos y financieros causados por un accidente.<\/span><\/p>\n<h2>Obtenga asistencia legal hoy<\/h2>\n<p><span style=\"font-weight: 400;\">Los accidentes automovil\u00edsticos pueden ser traum\u00e1ticos, desconcertantes y abrumadores. Un abogado especializado en accidentes automovil\u00edsticos le guiar\u00e1 acerca de c\u00f3mo proceder y sus opciones legales. Para una consulta gratuita, llame a nuestro bufete de abogados de Shannon J. Sagan, AP al <a href=\"tel:561-561-3274\">561-DASHCAM<\/a> en Belle Glade y Lake Worth, FLORIDA.<\/span><\/p>\n","protected":false},"excerpt":{"rendered":"<p>Compensaci\u00f3n que podr\u00eda recuperar en un acuerdo Los tipos de compensaci\u00f3n que podr\u00eda recuperar despu\u00e9s de un accidente automovil\u00edstico en Florida dependen de muchos factores. Aseg\u00farese de contactar a nuestro abogado experto en accidentes automovil\u00edsticos para conocer sus opciones legales y c\u00f3mo proceder. Si usted o un ser querido tuvieron recientemente un accidente automovil\u00edstico, podr\u00edan&hellip;<\/p>\n","protected":false},"author":16,"featured_media":0,"parent":9523,"menu_order":0,"comment_status":"closed","ping_status":"closed","template":"","meta":{"_acf_changed":false,"inline_featured_image":false,"footnotes":""},"class_list":["post-7700","page","type-page","status-publish","hentry"],"acf":[],"yoast_head":"<!-- This site is optimized with the Yoast SEO plugin v25.6 - https:\/\/yoast.com\/wordpress\/plugins\/seo\/ -->\n<title>Abogado experto en accidentes automovil\u00edsticos en Belle Glade y Lake Worth, FLORIDA<\/title>\n<meta name=\"description\" content=\"Our law firm serves all the cities in the Palm Beach County area, we are ready to handle your auto accident case. We will file all the claims for you. No Win No Fee. Contact Us for a free Consultation\" \/>\n<meta name=\"robots\" content=\"index, follow, max-snippet:-1, max-image-preview:large, max-video-preview:-1\" \/>\n<link rel=\"canonical\" href=\"https:\/\/thedashcamlawyer.com\/es\/abogado-experto-en-accidentes-automovilisticos-en-belle-glade-y-lake-worth-florida\/\" \/>\n<meta property=\"og:locale\" content=\"es_ES\" \/>\n<meta property=\"og:type\" content=\"article\" \/>\n<meta property=\"og:title\" content=\"Abogado experto en accidentes automovil\u00edsticos en Belle Glade y Lake Worth, FLORIDA\" \/>\n<meta property=\"og:description\" content=\"Our law firm serves all the cities in the Palm Beach County area, we are ready to handle your auto accident case. We will file all the claims for you. No Win No Fee. Contact Us for a free Consultation\" \/>\n<meta property=\"og:url\" content=\"https:\/\/thedashcamlawyer.com\/es\/abogado-experto-en-accidentes-automovilisticos-en-belle-glade-y-lake-worth-florida\/\" \/>\n<meta property=\"og:site_name\" content=\"The Dashcam Lawyer\u00ae\" \/>\n<meta property=\"article:publisher\" content=\"https:\/\/www.facebook.com\/shannonjsagan1800FlaLawyer\/\" \/>\n<meta property=\"article:modified_time\" content=\"2024-02-23T06:40:04+00:00\" \/>\n<meta name=\"twitter:card\" content=\"summary_large_image\" \/>\n<meta name=\"twitter:site\" content=\"@1800FLALAWYER\" \/>\n<meta name=\"twitter:label1\" content=\"Tiempo de lectura\" \/>\n\t<meta name=\"twitter:data1\" content=\"3 minutos\" \/>\n<script type=\"application\/ld+json\" class=\"yoast-schema-graph\">{\"@context\":\"https:\/\/schema.org\",\"@graph\":[{\"@type\":\"WebPage\",\"@id\":\"https:\/\/thedashcamlawyer.com\/es\/abogado-experto-en-accidentes-automovilisticos-en-belle-glade-y-lake-worth-florida\/\",\"url\":\"https:\/\/thedashcamlawyer.com\/es\/abogado-experto-en-accidentes-automovilisticos-en-belle-glade-y-lake-worth-florida\/\",\"name\":\"Abogado experto en accidentes automovil\u00edsticos en Belle Glade y Lake Worth, FLORIDA\",\"isPartOf\":{\"@id\":\"https:\/\/thedashcamlawyer.com\/#website\"},\"datePublished\":\"2022-09-19T08:25:47+00:00\",\"dateModified\":\"2024-02-23T06:40:04+00:00\",\"description\":\"Our law firm serves all the cities in the Palm Beach County area, we are ready to handle your auto accident case. We will file all the claims for you. No Win No Fee. Contact Us for a free Consultation\",\"breadcrumb\":{\"@id\":\"https:\/\/thedashcamlawyer.com\/es\/abogado-experto-en-accidentes-automovilisticos-en-belle-glade-y-lake-worth-florida\/#breadcrumb\"},\"inLanguage\":\"es\",\"potentialAction\":[{\"@type\":\"ReadAction\",\"target\":[\"https:\/\/thedashcamlawyer.com\/es\/abogado-experto-en-accidentes-automovilisticos-en-belle-glade-y-lake-worth-florida\/\"]}]},{\"@type\":\"BreadcrumbList\",\"@id\":\"https:\/\/thedashcamlawyer.com\/es\/abogado-experto-en-accidentes-automovilisticos-en-belle-glade-y-lake-worth-florida\/#breadcrumb\",\"itemListElement\":[{\"@type\":\"ListItem\",\"position\":1,\"name\":\"Home\",\"item\":\"https:\/\/thedashcamlawyer.com\/es\/\"},{\"@type\":\"ListItem\",\"position\":2,\"name\":\"Abogado experto en accidentes automovil\u00edsticos en Belle Glade y Lake Worth, FLORIDA\"}]},{\"@type\":\"WebSite\",\"@id\":\"https:\/\/thedashcamlawyer.com\/#website\",\"url\":\"https:\/\/thedashcamlawyer.com\/\",\"name\":\"The Dashcam Lawyer\u00ae\",\"description\":\"Palm Beach Personal Injury Law Firm\",\"publisher\":{\"@id\":\"https:\/\/thedashcamlawyer.com\/#organization\"},\"potentialAction\":[{\"@type\":\"SearchAction\",\"target\":{\"@type\":\"EntryPoint\",\"urlTemplate\":\"https:\/\/thedashcamlawyer.com\/?s={search_term_string}\"},\"query-input\":{\"@type\":\"PropertyValueSpecification\",\"valueRequired\":true,\"valueName\":\"search_term_string\"}}],\"inLanguage\":\"es\"},{\"@type\":\"Organization\",\"@id\":\"https:\/\/thedashcamlawyer.com\/#organization\",\"name\":\"Personal Injury Law firm of Shannon J. Sagan\",\"url\":\"https:\/\/thedashcamlawyer.com\/\",\"logo\":{\"@type\":\"ImageObject\",\"inLanguage\":\"es\",\"@id\":\"https:\/\/thedashcamlawyer.com\/#\/schema\/logo\/image\/\",\"url\":\"https:\/\/thedashcamlawyer.com\/wp-content\/uploads\/2018\/02\/logo.png\",\"contentUrl\":\"https:\/\/thedashcamlawyer.com\/wp-content\/uploads\/2018\/02\/logo.png\",\"width\":331,\"height\":90,\"caption\":\"Personal Injury Law firm of Shannon J. Sagan\"},\"image\":{\"@id\":\"https:\/\/thedashcamlawyer.com\/#\/schema\/logo\/image\/\"},\"sameAs\":[\"https:\/\/www.facebook.com\/shannonjsagan1800FlaLawyer\/\",\"https:\/\/x.com\/1800FLALAWYER\",\"https:\/\/www.instagram.com\/1800flalawyer\/\",\"https:\/\/www.pinterest.com\/1800flalawyer\/\",\"https:\/\/www.youtube.com\/user\/1800FlaLawyer\"]}]}<\/script>\n<!-- \/ Yoast SEO plugin. -->","yoast_head_json":{"title":"Abogado experto en accidentes automovil\u00edsticos en Belle Glade y Lake Worth, FLORIDA","description":"Our law firm serves all the cities in the Palm Beach County area, we are ready to handle your auto accident case. We will file all the claims for you. No Win No Fee. Contact Us for a free Consultation","robots":{"index":"index","follow":"follow","max-snippet":"max-snippet:-1","max-image-preview":"max-image-preview:large","max-video-preview":"max-video-preview:-1"},"canonical":"https:\/\/thedashcamlawyer.com\/es\/abogado-experto-en-accidentes-automovilisticos-en-belle-glade-y-lake-worth-florida\/","og_locale":"es_ES","og_type":"article","og_title":"Abogado experto en accidentes automovil\u00edsticos en Belle Glade y Lake Worth, FLORIDA","og_description":"Our law firm serves all the cities in the Palm Beach County area, we are ready to handle your auto accident case. We will file all the claims for you. No Win No Fee. Contact Us for a free Consultation","og_url":"https:\/\/thedashcamlawyer.com\/es\/abogado-experto-en-accidentes-automovilisticos-en-belle-glade-y-lake-worth-florida\/","og_site_name":"The Dashcam Lawyer\u00ae","article_publisher":"https:\/\/www.facebook.com\/shannonjsagan1800FlaLawyer\/","article_modified_time":"2024-02-23T06:40:04+00:00","twitter_card":"summary_large_image","twitter_site":"@1800FLALAWYER","twitter_misc":{"Tiempo de lectura":"3 minutos"},"schema":{"@context":"https:\/\/schema.org","@graph":[{"@type":"WebPage","@id":"https:\/\/thedashcamlawyer.com\/es\/abogado-experto-en-accidentes-automovilisticos-en-belle-glade-y-lake-worth-florida\/","url":"https:\/\/thedashcamlawyer.com\/es\/abogado-experto-en-accidentes-automovilisticos-en-belle-glade-y-lake-worth-florida\/","name":"Abogado experto en accidentes automovil\u00edsticos en Belle Glade y Lake Worth, FLORIDA","isPartOf":{"@id":"https:\/\/thedashcamlawyer.com\/#website"},"datePublished":"2022-09-19T08:25:47+00:00","dateModified":"2024-02-23T06:40:04+00:00","description":"Our law firm serves all the cities in the Palm Beach County area, we are ready to handle your auto accident case. We will file all the claims for you. No Win No Fee. Contact Us for a free Consultation","breadcrumb":{"@id":"https:\/\/thedashcamlawyer.com\/es\/abogado-experto-en-accidentes-automovilisticos-en-belle-glade-y-lake-worth-florida\/#breadcrumb"},"inLanguage":"es","potentialAction":[{"@type":"ReadAction","target":["https:\/\/thedashcamlawyer.com\/es\/abogado-experto-en-accidentes-automovilisticos-en-belle-glade-y-lake-worth-florida\/"]}]},{"@type":"BreadcrumbList","@id":"https:\/\/thedashcamlawyer.com\/es\/abogado-experto-en-accidentes-automovilisticos-en-belle-glade-y-lake-worth-florida\/#breadcrumb","itemListElement":[{"@type":"ListItem","position":1,"name":"Home","item":"https:\/\/thedashcamlawyer.com\/es\/"},{"@type":"ListItem","position":2,"name":"Abogado experto en accidentes automovil\u00edsticos en Belle Glade y Lake Worth, FLORIDA"}]},{"@type":"WebSite","@id":"https:\/\/thedashcamlawyer.com\/#website","url":"https:\/\/thedashcamlawyer.com\/","name":"The Dashcam Lawyer\u00ae","description":"Palm Beach Personal Injury Law Firm","publisher":{"@id":"https:\/\/thedashcamlawyer.com\/#organization"},"potentialAction":[{"@type":"SearchAction","target":{"@type":"EntryPoint","urlTemplate":"https:\/\/thedashcamlawyer.com\/?s={search_term_string}"},"query-input":{"@type":"PropertyValueSpecification","valueRequired":true,"valueName":"search_term_string"}}],"inLanguage":"es"},{"@type":"Organization","@id":"https:\/\/thedashcamlawyer.com\/#organization","name":"Personal Injury Law firm of Shannon J. Sagan","url":"https:\/\/thedashcamlawyer.com\/","logo":{"@type":"ImageObject","inLanguage":"es","@id":"https:\/\/thedashcamlawyer.com\/#\/schema\/logo\/image\/","url":"https:\/\/thedashcamlawyer.com\/wp-content\/uploads\/2018\/02\/logo.png","contentUrl":"https:\/\/thedashcamlawyer.com\/wp-content\/uploads\/2018\/02\/logo.png","width":331,"height":90,"caption":"Personal Injury Law firm of Shannon J. Sagan"},"image":{"@id":"https:\/\/thedashcamlawyer.com\/#\/schema\/logo\/image\/"},"sameAs":["https:\/\/www.facebook.com\/shannonjsagan1800FlaLawyer\/","https:\/\/x.com\/1800FLALAWYER","https:\/\/www.instagram.com\/1800flalawyer\/","https:\/\/www.pinterest.com\/1800flalawyer\/","https:\/\/www.youtube.com\/user\/1800FlaLawyer"]}]}},"_links":{"self":[{"href":"https:\/\/thedashcamlawyer.com\/es\/wp-json\/wp\/v2\/pages\/7700"}],"collection":[{"href":"https:\/\/thedashcamlawyer.com\/es\/wp-json\/wp\/v2\/pages"}],"about":[{"href":"https:\/\/thedashcamlawyer.com\/es\/wp-json\/wp\/v2\/types\/page"}],"author":[{"embeddable":true,"href":"https:\/\/thedashcamlawyer.com\/es\/wp-json\/wp\/v2\/users\/16"}],"replies":[{"embeddable":true,"href":"https:\/\/thedashcamlawyer.com\/es\/wp-json\/wp\/v2\/comments?post=7700"}],"version-history":[{"count":0,"href":"https:\/\/thedashcamlawyer.com\/es\/wp-json\/wp\/v2\/pages\/7700\/revisions"}],"up":[{"embeddable":true,"href":"https:\/\/thedashcamlawyer.com\/es\/wp-json\/wp\/v2\/pages\/9523"}],"wp:attachment":[{"href":"https:\/\/thedashcamlawyer.com\/es\/wp-json\/wp\/v2\/media?parent=7700"}],"curies":[{"name":"wp","href":"https:\/\/api.w.org\/{rel}","templated":true}]}}