{"id":7711,"date":"2022-09-19T08:53:56","date_gmt":"2022-09-19T08:53:56","guid":{"rendered":"https:\/\/thedashcamlawyer.com\/?page_id=7711"},"modified":"2024-02-23T06:41:40","modified_gmt":"2024-02-23T06:41:40","slug":"abogado-experto-en-accidentes-de-motocicleta-en-lake-worth-y-belle-glade-florida","status":"publish","type":"page","link":"https:\/\/thedashcamlawyer.com\/es\/practice-areas\/abogado-experto-en-accidentes-de-motocicleta-en-lake-worth-y-belle-glade-florida\/","title":{"rendered":"Abogado experto en accidentes de motocicleta en Lake Worth y Belle Glade, FLORIDA"},"content":{"rendered":"<h2>\u00bfQu\u00e9 debe hacer despu\u00e9s de un accidente de motocicleta?<\/h2>\n<p><span style=\"font-weight: 400;\">Los accidentes de motocicleta pueden ser muy graves e incluso mortales<\/span><span style=\"font-weight: 400;\">. <\/span><span style=\"font-weight: 400;\">Deber\u00e1 seguir estos pasos espec\u00edficos despu\u00e9s de su colisi\u00f3n para asegurarse <\/span><span style=\"font-weight: 400;\">de obtener la ayuda que necesita y proteger sus derechos legales.<\/span><\/p>\n<h3>1. Busque atenci\u00f3n m\u00e9dica<\/h3>\n<p><span style=\"font-weight: 400;\">Obtener atenci\u00f3n m\u00e9dica lo antes posible puede ayudarle a reducir las posibilidades de problemas de salud a largo plazo. No rechace la evaluaci\u00f3n m\u00e9dica porque crea que no tiene lesiones visibles. Recuerde, <\/span><span style=\"font-weight: 400;\">si est\u00e1 involucrado en un accidente automovil\u00edstico<\/span><span style=\"font-weight: 400;\"> en Florida, solo tiene 14 d\u00edas a partir de la fecha del accidente para obtener atenci\u00f3n m\u00e9dica.<\/span><\/p>\n<h3>2. Llame a la polic\u00eda<\/h3>\n<p><span style=\"font-weight: 400;\">Notificar a la polic\u00eda es esencial despu\u00e9s de un accidente automovil\u00edstico. Deben investigar y redactar un informe detallado que indique lo sucedido, todas las partes enumeradas, informaci\u00f3n de los contactos y seguros, as\u00ed como una narraci\u00f3n de lo sucedido. Al igual que con el informe m\u00e9dico, esta documentaci\u00f3n podr\u00eda proporcionar evidencia esencial para respaldar su reclamo por lesiones.<\/span><\/p>\n<h3>3. Re\u00fana informaci\u00f3n<\/h3>\n<p><span style=\"font-weight: 400;\">Querr\u00e1 recopilar informaci\u00f3n de todas las personas involucradas en el accidente de motocicleta, como:<\/span><\/p>\n<ul>\n<li><span style=\"font-weight: 400;\">Nombres<\/span><\/li>\n<li><span style=\"font-weight: 400;\">Informaci\u00f3n de contacto<\/span><\/li>\n<li><span style=\"font-weight: 400;\">Informaci\u00f3n del seguro<\/span><\/li>\n<li><span style=\"font-weight: 400;\">N\u00fameros de matr\u00edcula<\/span><\/li>\n<\/ul>\n<p><span style=\"font-weight: 400;\">Tambi\u00e9n le recomendamos obtener los nombres y la informaci\u00f3n de contacto de los posibles testigos.<\/span><\/p>\n<h3>4. Registre los detalles<\/h3>\n<p><span style=\"font-weight: 400;\">Registrar detalles sobre el accidente de motocicleta puede resultar extremadamente \u00fatil para su reclamo. Debe anotar cosas espec\u00edficas como la hora del d\u00eda y los momentos previos al accidente. Tambi\u00e9n es bueno tomar fotograf\u00edas de diferentes aspectos del incidente, incluyendo:<\/span><\/p>\n<ul>\n<li style=\"font-weight: 400;\" aria-level=\"1\"><span style=\"font-weight: 400;\">Posiciones de veh\u00edculos<\/span><\/li>\n<li style=\"font-weight: 400;\" aria-level=\"1\"><span style=\"font-weight: 400;\">lesiones personales<\/span><\/li>\n<li style=\"font-weight: 400;\" aria-level=\"1\"><span style=\"font-weight: 400;\">Da\u00f1os a la propiedad<\/span><\/li>\n<li style=\"font-weight: 400;\" aria-level=\"1\"><span style=\"font-weight: 400;\">Ubicaci\u00f3n del incidente<\/span><\/li>\n<li style=\"font-weight: 400;\" aria-level=\"1\"><span style=\"font-weight: 400;\">Marcas de neum\u00e1ticos<\/span><\/li>\n<\/ul>\n<h3>5. P\u00f3ngase en contacto con el abogado Shannon Sagan<\/h3>\n<p><span style=\"font-weight: 400;\">Necesita un abogado con experiencia en accidentes que le ayude con todos sus problemas legales, m\u00e9dicos y financieros causados por el accidente.<\/span><b>\u00a0<\/b><\/p>\n<h2>\u00bfPor qu\u00e9 deber\u00eda presentar un reclamo?<\/h2>\n<p><span style=\"font-weight: 400;\">Los accidentes en la carretera pueden ser traum\u00e1ticos, frustrantes y abrumadores. Usted o sus seres queridos podr\u00edan enfrentar gastos muy importantes debido a reparaciones, tratamiento m\u00e9dico y desempleo. Querr\u00e1 presentar un reclamo y comenzar a buscar una compensaci\u00f3n por las p\u00e9rdidas causadas por el accidente.<\/span><\/p>\n<p><span style=\"font-weight: 400;\">Muchas v\u00edctimas de accidentes suponen que tienen opciones limitadas y no pueden buscar asistencia financiera. Tambi\u00e9n pueden encontrar desalentador emprender acciones legales. Sin embargo, usted o su familia podr\u00edan tener derecho a compensaci\u00f3n en varias \u00e1reas, tales como:<\/span><\/p>\n<ul>\n<li style=\"font-weight: 400;\" aria-level=\"1\"><span style=\"font-weight: 400;\">Facturas m\u00e9dicas actuales y futuras<\/span><\/li>\n<li style=\"font-weight: 400;\" aria-level=\"1\"><span style=\"font-weight: 400;\">Costos de reparaci\u00f3n por da\u00f1os a la propiedad<\/span><\/li>\n<li style=\"font-weight: 400;\" aria-level=\"1\"><span style=\"font-weight: 400;\">Gastos resultantes de muerte por negligencia<\/span><\/li>\n<\/ul>\n<h2>Obtenga ayuda legal hoy para su reclamo por un accidente de motocicleta<\/h2>\n<p><span style=\"font-weight: 400;\">Los accidentes de motocicleta pueden tener efectos f\u00edsicos, emocionales y financieros duraderos para usted y sus seres queridos. Para recibir orientaci\u00f3n legal y ayuda profesional para el camino por delante, comun\u00edquese con abogados experimentados en lesiones de motocicletas en el bufete de Abogados de Shannon J. Sagan, AP Ll\u00e1menos hoy al <a href=\"tel:561-561-3274\">561-DASHCAM<\/a><\/span> <span style=\"font-weight: 400;\">para una consulta gratuita en Lake Worth o Belle Glade, FLORIDA.<\/span><\/p>\n","protected":false},"excerpt":{"rendered":"<p>\u00bfQu\u00e9 debe hacer despu\u00e9s de un accidente de motocicleta? Los accidentes de motocicleta pueden ser muy graves e incluso mortales. Deber\u00e1 seguir estos pasos espec\u00edficos despu\u00e9s de su colisi\u00f3n para asegurarse de obtener la ayuda que necesita y proteger sus derechos legales. 1. Busque atenci\u00f3n m\u00e9dica Obtener atenci\u00f3n m\u00e9dica lo antes posible puede ayudarle a&hellip;<\/p>\n","protected":false},"author":16,"featured_media":7522,"parent":9523,"menu_order":0,"comment_status":"closed","ping_status":"closed","template":"","meta":{"_acf_changed":false,"inline_featured_image":false,"footnotes":""},"class_list":["post-7711","page","type-page","status-publish","has-post-thumbnail","hentry"],"acf":[],"yoast_head":"<!-- This site is optimized with the Yoast SEO plugin v25.6 - https:\/\/yoast.com\/wordpress\/plugins\/seo\/ -->\n<title>Abogado experto en accidentes de motocicleta en Lake Worth y Belle Glade, FLORIDA - The Dashcam Lawyer\u00ae<\/title>\n<meta name=\"robots\" content=\"index, follow, max-snippet:-1, max-image-preview:large, max-video-preview:-1\" \/>\n<link rel=\"canonical\" href=\"https:\/\/thedashcamlawyer.com\/es\/abogado-experto-en-accidentes-de-motocicleta-en-lake-worth-y-belle-glade-florida\/\" \/>\n<meta property=\"og:locale\" content=\"es_ES\" \/>\n<meta property=\"og:type\" content=\"article\" \/>\n<meta property=\"og:title\" content=\"Abogado experto en accidentes de motocicleta en Lake Worth y Belle Glade, FLORIDA - The Dashcam Lawyer\u00ae\" \/>\n<meta property=\"og:description\" content=\"\u00bfQu\u00e9 debe hacer despu\u00e9s de un accidente de motocicleta? Los accidentes de motocicleta pueden ser muy graves e incluso mortales. Deber\u00e1 seguir estos pasos espec\u00edficos despu\u00e9s de su colisi\u00f3n para asegurarse de obtener la ayuda que necesita y proteger sus derechos legales. 1. Busque atenci\u00f3n m\u00e9dica Obtener atenci\u00f3n m\u00e9dica lo antes posible puede ayudarle a&hellip;\" \/>\n<meta property=\"og:url\" content=\"https:\/\/thedashcamlawyer.com\/es\/abogado-experto-en-accidentes-de-motocicleta-en-lake-worth-y-belle-glade-florida\/\" \/>\n<meta property=\"og:site_name\" content=\"The Dashcam Lawyer\u00ae\" \/>\n<meta property=\"article:publisher\" content=\"https:\/\/www.facebook.com\/shannonjsagan1800FlaLawyer\/\" \/>\n<meta property=\"article:modified_time\" content=\"2024-02-23T06:41:40+00:00\" \/>\n<meta property=\"og:image\" content=\"https:\/\/thedashcamlawyer.com\/wp-content\/uploads\/2018\/05\/motorcycle-accidents.jpg\" \/>\n\t<meta property=\"og:image:width\" content=\"2000\" \/>\n\t<meta property=\"og:image:height\" content=\"1333\" \/>\n\t<meta property=\"og:image:type\" content=\"image\/jpeg\" \/>\n<meta name=\"twitter:card\" content=\"summary_large_image\" \/>\n<meta name=\"twitter:site\" content=\"@1800FLALAWYER\" \/>\n<meta name=\"twitter:label1\" content=\"Tiempo de lectura\" \/>\n\t<meta name=\"twitter:data1\" content=\"3 minutos\" \/>\n<script type=\"application\/ld+json\" class=\"yoast-schema-graph\">{\"@context\":\"https:\/\/schema.org\",\"@graph\":[{\"@type\":\"WebPage\",\"@id\":\"https:\/\/thedashcamlawyer.com\/es\/abogado-experto-en-accidentes-de-motocicleta-en-lake-worth-y-belle-glade-florida\/\",\"url\":\"https:\/\/thedashcamlawyer.com\/es\/abogado-experto-en-accidentes-de-motocicleta-en-lake-worth-y-belle-glade-florida\/\",\"name\":\"Abogado experto en accidentes de motocicleta en Lake Worth y Belle Glade, FLORIDA - The Dashcam Lawyer\u00ae\",\"isPartOf\":{\"@id\":\"https:\/\/thedashcamlawyer.com\/#website\"},\"primaryImageOfPage\":{\"@id\":\"https:\/\/thedashcamlawyer.com\/es\/abogado-experto-en-accidentes-de-motocicleta-en-lake-worth-y-belle-glade-florida\/#primaryimage\"},\"image\":{\"@id\":\"https:\/\/thedashcamlawyer.com\/es\/abogado-experto-en-accidentes-de-motocicleta-en-lake-worth-y-belle-glade-florida\/#primaryimage\"},\"thumbnailUrl\":\"https:\/\/thedashcamlawyer.com\/wp-content\/uploads\/2018\/05\/motorcycle-accidents.jpg\",\"datePublished\":\"2022-09-19T08:53:56+00:00\",\"dateModified\":\"2024-02-23T06:41:40+00:00\",\"breadcrumb\":{\"@id\":\"https:\/\/thedashcamlawyer.com\/es\/abogado-experto-en-accidentes-de-motocicleta-en-lake-worth-y-belle-glade-florida\/#breadcrumb\"},\"inLanguage\":\"es\",\"potentialAction\":[{\"@type\":\"ReadAction\",\"target\":[\"https:\/\/thedashcamlawyer.com\/es\/abogado-experto-en-accidentes-de-motocicleta-en-lake-worth-y-belle-glade-florida\/\"]}]},{\"@type\":\"ImageObject\",\"inLanguage\":\"es\",\"@id\":\"https:\/\/thedashcamlawyer.com\/es\/abogado-experto-en-accidentes-de-motocicleta-en-lake-worth-y-belle-glade-florida\/#primaryimage\",\"url\":\"https:\/\/thedashcamlawyer.com\/wp-content\/uploads\/2018\/05\/motorcycle-accidents.jpg\",\"contentUrl\":\"https:\/\/thedashcamlawyer.com\/wp-content\/uploads\/2018\/05\/motorcycle-accidents.jpg\",\"width\":2000,\"height\":1333},{\"@type\":\"BreadcrumbList\",\"@id\":\"https:\/\/thedashcamlawyer.com\/es\/abogado-experto-en-accidentes-de-motocicleta-en-lake-worth-y-belle-glade-florida\/#breadcrumb\",\"itemListElement\":[{\"@type\":\"ListItem\",\"position\":1,\"name\":\"Home\",\"item\":\"https:\/\/thedashcamlawyer.com\/es\/\"},{\"@type\":\"ListItem\",\"position\":2,\"name\":\"Abogado experto en accidentes de motocicleta en Lake Worth y Belle Glade, FLORIDA\"}]},{\"@type\":\"WebSite\",\"@id\":\"https:\/\/thedashcamlawyer.com\/#website\",\"url\":\"https:\/\/thedashcamlawyer.com\/\",\"name\":\"The Dashcam Lawyer\u00ae\",\"description\":\"Palm Beach Personal Injury Law Firm\",\"publisher\":{\"@id\":\"https:\/\/thedashcamlawyer.com\/#organization\"},\"potentialAction\":[{\"@type\":\"SearchAction\",\"target\":{\"@type\":\"EntryPoint\",\"urlTemplate\":\"https:\/\/thedashcamlawyer.com\/?s={search_term_string}\"},\"query-input\":{\"@type\":\"PropertyValueSpecification\",\"valueRequired\":true,\"valueName\":\"search_term_string\"}}],\"inLanguage\":\"es\"},{\"@type\":\"Organization\",\"@id\":\"https:\/\/thedashcamlawyer.com\/#organization\",\"name\":\"Personal Injury Law firm of Shannon J. Sagan\",\"url\":\"https:\/\/thedashcamlawyer.com\/\",\"logo\":{\"@type\":\"ImageObject\",\"inLanguage\":\"es\",\"@id\":\"https:\/\/thedashcamlawyer.com\/#\/schema\/logo\/image\/\",\"url\":\"https:\/\/thedashcamlawyer.com\/wp-content\/uploads\/2018\/02\/logo.png\",\"contentUrl\":\"https:\/\/thedashcamlawyer.com\/wp-content\/uploads\/2018\/02\/logo.png\",\"width\":331,\"height\":90,\"caption\":\"Personal Injury Law firm of Shannon J. Sagan\"},\"image\":{\"@id\":\"https:\/\/thedashcamlawyer.com\/#\/schema\/logo\/image\/\"},\"sameAs\":[\"https:\/\/www.facebook.com\/shannonjsagan1800FlaLawyer\/\",\"https:\/\/x.com\/1800FLALAWYER\",\"https:\/\/www.instagram.com\/1800flalawyer\/\",\"https:\/\/www.pinterest.com\/1800flalawyer\/\",\"https:\/\/www.youtube.com\/user\/1800FlaLawyer\"]}]}<\/script>\n<!-- \/ Yoast SEO plugin. -->","yoast_head_json":{"title":"Abogado experto en accidentes de motocicleta en Lake Worth y Belle Glade, FLORIDA - The Dashcam Lawyer\u00ae","robots":{"index":"index","follow":"follow","max-snippet":"max-snippet:-1","max-image-preview":"max-image-preview:large","max-video-preview":"max-video-preview:-1"},"canonical":"https:\/\/thedashcamlawyer.com\/es\/abogado-experto-en-accidentes-de-motocicleta-en-lake-worth-y-belle-glade-florida\/","og_locale":"es_ES","og_type":"article","og_title":"Abogado experto en accidentes de motocicleta en Lake Worth y Belle Glade, FLORIDA - The Dashcam Lawyer\u00ae","og_description":"\u00bfQu\u00e9 debe hacer despu\u00e9s de un accidente de motocicleta? Los accidentes de motocicleta pueden ser muy graves e incluso mortales. Deber\u00e1 seguir estos pasos espec\u00edficos despu\u00e9s de su colisi\u00f3n para asegurarse de obtener la ayuda que necesita y proteger sus derechos legales. 1. Busque atenci\u00f3n m\u00e9dica Obtener atenci\u00f3n m\u00e9dica lo antes posible puede ayudarle a&hellip;","og_url":"https:\/\/thedashcamlawyer.com\/es\/abogado-experto-en-accidentes-de-motocicleta-en-lake-worth-y-belle-glade-florida\/","og_site_name":"The Dashcam Lawyer\u00ae","article_publisher":"https:\/\/www.facebook.com\/shannonjsagan1800FlaLawyer\/","article_modified_time":"2024-02-23T06:41:40+00:00","og_image":[{"width":2000,"height":1333,"url":"https:\/\/thedashcamlawyer.com\/wp-content\/uploads\/2018\/05\/motorcycle-accidents.jpg","type":"image\/jpeg"}],"twitter_card":"summary_large_image","twitter_site":"@1800FLALAWYER","twitter_misc":{"Tiempo de lectura":"3 minutos"},"schema":{"@context":"https:\/\/schema.org","@graph":[{"@type":"WebPage","@id":"https:\/\/thedashcamlawyer.com\/es\/abogado-experto-en-accidentes-de-motocicleta-en-lake-worth-y-belle-glade-florida\/","url":"https:\/\/thedashcamlawyer.com\/es\/abogado-experto-en-accidentes-de-motocicleta-en-lake-worth-y-belle-glade-florida\/","name":"Abogado experto en accidentes de motocicleta en Lake Worth y Belle Glade, FLORIDA - The Dashcam Lawyer\u00ae","isPartOf":{"@id":"https:\/\/thedashcamlawyer.com\/#website"},"primaryImageOfPage":{"@id":"https:\/\/thedashcamlawyer.com\/es\/abogado-experto-en-accidentes-de-motocicleta-en-lake-worth-y-belle-glade-florida\/#primaryimage"},"image":{"@id":"https:\/\/thedashcamlawyer.com\/es\/abogado-experto-en-accidentes-de-motocicleta-en-lake-worth-y-belle-glade-florida\/#primaryimage"},"thumbnailUrl":"https:\/\/thedashcamlawyer.com\/wp-content\/uploads\/2018\/05\/motorcycle-accidents.jpg","datePublished":"2022-09-19T08:53:56+00:00","dateModified":"2024-02-23T06:41:40+00:00","breadcrumb":{"@id":"https:\/\/thedashcamlawyer.com\/es\/abogado-experto-en-accidentes-de-motocicleta-en-lake-worth-y-belle-glade-florida\/#breadcrumb"},"inLanguage":"es","potentialAction":[{"@type":"ReadAction","target":["https:\/\/thedashcamlawyer.com\/es\/abogado-experto-en-accidentes-de-motocicleta-en-lake-worth-y-belle-glade-florida\/"]}]},{"@type":"ImageObject","inLanguage":"es","@id":"https:\/\/thedashcamlawyer.com\/es\/abogado-experto-en-accidentes-de-motocicleta-en-lake-worth-y-belle-glade-florida\/#primaryimage","url":"https:\/\/thedashcamlawyer.com\/wp-content\/uploads\/2018\/05\/motorcycle-accidents.jpg","contentUrl":"https:\/\/thedashcamlawyer.com\/wp-content\/uploads\/2018\/05\/motorcycle-accidents.jpg","width":2000,"height":1333},{"@type":"BreadcrumbList","@id":"https:\/\/thedashcamlawyer.com\/es\/abogado-experto-en-accidentes-de-motocicleta-en-lake-worth-y-belle-glade-florida\/#breadcrumb","itemListElement":[{"@type":"ListItem","position":1,"name":"Home","item":"https:\/\/thedashcamlawyer.com\/es\/"},{"@type":"ListItem","position":2,"name":"Abogado experto en accidentes de motocicleta en Lake Worth y Belle Glade, FLORIDA"}]},{"@type":"WebSite","@id":"https:\/\/thedashcamlawyer.com\/#website","url":"https:\/\/thedashcamlawyer.com\/","name":"The Dashcam Lawyer\u00ae","description":"Palm Beach Personal Injury Law Firm","publisher":{"@id":"https:\/\/thedashcamlawyer.com\/#organization"},"potentialAction":[{"@type":"SearchAction","target":{"@type":"EntryPoint","urlTemplate":"https:\/\/thedashcamlawyer.com\/?s={search_term_string}"},"query-input":{"@type":"PropertyValueSpecification","valueRequired":true,"valueName":"search_term_string"}}],"inLanguage":"es"},{"@type":"Organization","@id":"https:\/\/thedashcamlawyer.com\/#organization","name":"Personal Injury Law firm of Shannon J. Sagan","url":"https:\/\/thedashcamlawyer.com\/","logo":{"@type":"ImageObject","inLanguage":"es","@id":"https:\/\/thedashcamlawyer.com\/#\/schema\/logo\/image\/","url":"https:\/\/thedashcamlawyer.com\/wp-content\/uploads\/2018\/02\/logo.png","contentUrl":"https:\/\/thedashcamlawyer.com\/wp-content\/uploads\/2018\/02\/logo.png","width":331,"height":90,"caption":"Personal Injury Law firm of Shannon J. Sagan"},"image":{"@id":"https:\/\/thedashcamlawyer.com\/#\/schema\/logo\/image\/"},"sameAs":["https:\/\/www.facebook.com\/shannonjsagan1800FlaLawyer\/","https:\/\/x.com\/1800FLALAWYER","https:\/\/www.instagram.com\/1800flalawyer\/","https:\/\/www.pinterest.com\/1800flalawyer\/","https:\/\/www.youtube.com\/user\/1800FlaLawyer"]}]}},"_links":{"self":[{"href":"https:\/\/thedashcamlawyer.com\/es\/wp-json\/wp\/v2\/pages\/7711"}],"collection":[{"href":"https:\/\/thedashcamlawyer.com\/es\/wp-json\/wp\/v2\/pages"}],"about":[{"href":"https:\/\/thedashcamlawyer.com\/es\/wp-json\/wp\/v2\/types\/page"}],"author":[{"embeddable":true,"href":"https:\/\/thedashcamlawyer.com\/es\/wp-json\/wp\/v2\/users\/16"}],"replies":[{"embeddable":true,"href":"https:\/\/thedashcamlawyer.com\/es\/wp-json\/wp\/v2\/comments?post=7711"}],"version-history":[{"count":0,"href":"https:\/\/thedashcamlawyer.com\/es\/wp-json\/wp\/v2\/pages\/7711\/revisions"}],"up":[{"embeddable":true,"href":"https:\/\/thedashcamlawyer.com\/es\/wp-json\/wp\/v2\/pages\/9523"}],"wp:featuredmedia":[{"embeddable":true,"href":"https:\/\/thedashcamlawyer.com\/es\/wp-json\/wp\/v2\/media\/7522"}],"wp:attachment":[{"href":"https:\/\/thedashcamlawyer.com\/es\/wp-json\/wp\/v2\/media?parent=7711"}],"curies":[{"name":"wp","href":"https:\/\/api.w.org\/{rel}","templated":true}]}}