{"id":7715,"date":"2022-09-19T08:59:13","date_gmt":"2022-09-19T08:59:13","guid":{"rendered":"https:\/\/thedashcamlawyer.com\/?page_id=7715"},"modified":"2024-02-23T06:42:26","modified_gmt":"2024-02-23T06:42:26","slug":"abogado-experto-en-responsabilidad-de-las-instalaciones","status":"publish","type":"page","link":"https:\/\/thedashcamlawyer.com\/es\/practice-areas\/abogado-experto-en-responsabilidad-de-las-instalaciones\/","title":{"rendered":"Abogado experto en responsabilidad de las instalaciones"},"content":{"rendered":"<h2>Acerca de la responsabilidad por las instalaciones<\/h2>\n<p><span style=\"font-weight: 400;\">La responsabilidad de las instalaciones es un tipo de caso de lesiones personales que implica una lesi\u00f3n en la propiedad de otra persona. Cuando ocurre un accidente, el due\u00f1o de la propiedad puede ser responsable ante la v\u00edctima por los da\u00f1os relacionados con el incidente.<\/span><span style=\"font-weight: 400;\">\u00a0<\/span><\/p>\n<p><span style=\"font-weight: 400;\">En la mayor\u00eda de los casos, se presentar\u00e1 un reclamo por responsabilidad del local a trav\u00e9s de la compa\u00f1\u00eda de seguros despu\u00e9s de informar el incidente al due\u00f1o de la propiedad. Una p\u00f3liza de seguro de responsabilidad general cubre varios riesgos asociados con el funcionamiento de un negocio, incluida la responsabilidad por las instalaciones, da\u00f1os a la propiedad, difamaci\u00f3n y m\u00e1s.<\/span><span style=\"font-weight: 400;\">\u00a0<\/span><\/p>\n<p><span style=\"font-weight: 400;\">Si la propiedad donde sufri\u00f3 la lesi\u00f3n era de car\u00e1cter residencial y no comercial, es probable que la lesi\u00f3n est\u00e9 cubierta por una p\u00f3liza de seguro de propietario o inquilino o un seguro HOA (del ingl\u00e9s, Asociaci\u00f3n de Propietarios). Lo que es importante a tener en cuenta es que no demandar\u00e1 a su mejor amigo. Por el contrario, es probable que la compa\u00f1\u00eda de seguros u otro tercero pague el acuerdo.<\/span><span style=\"font-weight: 400;\">\u00a0<\/span><\/p>\n<h2>Tipos de reclamos por responsabilidad de las instalaciones en Florida<\/h2>\n<p><span style=\"font-weight: 400;\">Si bien los accidentes por resbalones y ca\u00eddas son los casos m\u00e1s comunes de responsabilidad por los locales, otros tipos de reclamos incluyen:<\/span><span style=\"font-weight: 400;\">\u00a0<\/span><\/p>\n<ul>\n<li style=\"font-weight: 400;\" aria-level=\"1\"><span style=\"font-weight: 400;\">Accidentes en piscinas<\/span><\/li>\n<li style=\"font-weight: 400;\" aria-level=\"1\"><span style=\"font-weight: 400;\">Mordidas de perro<\/span><\/li>\n<li style=\"font-weight: 400;\" aria-level=\"1\"><span style=\"font-weight: 400;\">Inadecuada seguridad del edificio.<\/span><\/li>\n<li style=\"font-weight: 400;\" aria-level=\"1\"><span style=\"font-weight: 400;\">Ascensores o escaleras mec\u00e1nicas defectuosos<\/span><\/li>\n<li style=\"font-weight: 400;\" aria-level=\"1\"><span style=\"font-weight: 400;\">Accidentes en parques de atracciones<\/span><\/li>\n<li style=\"font-weight: 400;\" aria-level=\"1\"><span style=\"font-weight: 400;\">Incendios<\/span><\/li>\n<li style=\"font-weight: 400;\" aria-level=\"1\"><span style=\"font-weight: 400;\">Sustancias qu\u00edmicas t\u00f3xicas<\/span><\/li>\n<\/ul>\n<p><span style=\"font-weight: 400;\">Consultar con un abogado inmediatamente despu\u00e9s de un incidente por responsabilidad sobre las instalaciones puede ser vital para documentar y preservar la evidencia que puede usarse para argumentar a favor de su caso. Aqu\u00ed, en el bufete de abogados de Shannon J. Sagan, AP, ofrecemos una consulta gratuita y trabajamos sobre la base de de honorarios imprevistos, por lo que usted no enfrenta costos por adelantado.<\/span><\/p>\n<h2>Puntos generales para analizar y considerar en un reclamo por responsabilidad de las instalaciones<\/h2>\n<ul>\n<li style=\"font-weight: 400;\" aria-level=\"1\"><span style=\"font-weight: 400;\">Estado legal del visitante de la propiedad: invitado, licenciatario o intruso<\/span><\/li>\n<li style=\"font-weight: 400;\" aria-level=\"1\"><span style=\"font-weight: 400;\">Condici\u00f3n de la Propiedad<\/span><\/li>\n<li style=\"font-weight: 400;\" aria-level=\"1\"><span style=\"font-weight: 400;\">Naturaleza de las actividades<\/span><\/li>\n<li style=\"font-weight: 400;\" aria-level=\"1\"><span style=\"font-weight: 400;\">Responsabilidad del propietario<\/span><\/li>\n<li style=\"font-weight: 400;\" aria-level=\"1\"><span style=\"font-weight: 400;\">Culpa comparativa (analizando si la persona lesionada tiene la culpa de no ejercer un cuidado razonable por su propia seguridad)<\/span><\/li>\n<\/ul>\n<h2>C\u00f3mo probar un reclamo de responsabilidad sobre las instalaciones<span style=\"font-weight: 400;\">\u00a0<\/span><\/h2>\n<p><span style=\"font-weight: 400;\">En algunas situaciones, el due\u00f1o de la propiedad tendr\u00e1 un seguro que cubra sus da\u00f1os, incluidos los salarios perdidos, las facturas m\u00e9dicas y el dolor y el sufrimiento. Sin embargo, no es inusual que la compa\u00f1\u00eda de seguros intente negar la responsabilidad o minimizar el monto de su reclamo, lo que hace que los servicios de los abogados expertos en responsabilidad de locales sean invaluables.<\/span><span style=\"font-weight: 400;\">\u00a0<\/span><\/p>\n<p><span style=\"font-weight: 400;\">Los abogados especialistas en responsabilidad de locales trabajan con sus clientes para establecer lo siguiente:<\/span><span style=\"font-weight: 400;\">\u00a0<\/span><\/p>\n<ul>\n<li style=\"font-weight: 400;\" aria-level=\"1\"><span style=\"font-weight: 400;\">La identidad del propietario donde ocurri\u00f3 el incidente (o la persona que ten\u00eda control sobre la propiedad, por ejemplo, un arrendatario, administrador de la propiedad, etc.)<\/span><\/li>\n<li style=\"font-weight: 400;\" aria-level=\"1\"><span style=\"font-weight: 400;\">Si hab\u00eda un deber de cuidado hacia usted, la v\u00edctima<\/span><\/li>\n<li style=\"font-weight: 400;\" aria-level=\"1\"><span style=\"font-weight: 400;\">El due\u00f1o de la propiedad sab\u00eda o deber\u00eda haber sabido del peligro<\/span><\/li>\n<li style=\"font-weight: 400;\" aria-level=\"1\"><span style=\"font-weight: 400;\">La lesi\u00f3n que sufri\u00f3 fue el resultado de la negligencia del due\u00f1o de la propiedad.<\/span><\/li>\n<li style=\"font-weight: 400;\" aria-level=\"1\"><span style=\"font-weight: 400;\">Su lesi\u00f3n ha provocado da\u00f1os que justifican una compensaci\u00f3n.<\/span><\/li>\n<\/ul>\n<h2>Comun\u00edquese con un abogado con experiencia en responsabilidad de las instalaciones<\/h2>\n<p><span style=\"font-weight: 400;\">Si necesita ayuda para tener una idea del panorama a menudo complicado de la responsabilidad sobre las instalaciones, estoy aqu\u00ed para ayudarle. El bufete de Shannon J. Sagan en Lake Worth, Florida, se dedica a defender los derechos de las v\u00edctimas que resultaron heridas debido a negligencia del propietario.<\/span><\/p>\n<p><span style=\"font-weight: 400;\">Nuestro proceso implica analizar su caso, evaluar lo que podr\u00eda valer y negociar con las compa\u00f1\u00edas de seguros y otras partes relevantes. Comun\u00edquese conmigo al <a href=\"tel:561.533.7800\">561.533.7800<\/a> para programar una consulta confidencial y gratuita.<\/span><\/p>\n","protected":false},"excerpt":{"rendered":"<p>Acerca de la responsabilidad por las instalaciones La responsabilidad de las instalaciones es un tipo de caso de lesiones personales que implica una lesi\u00f3n en la propiedad de otra persona. Cuando ocurre un accidente, el due\u00f1o de la propiedad puede ser responsable ante la v\u00edctima por los da\u00f1os relacionados con el incidente.\u00a0 En la mayor\u00eda&hellip;<\/p>\n","protected":false},"author":16,"featured_media":0,"parent":9523,"menu_order":0,"comment_status":"closed","ping_status":"closed","template":"","meta":{"_acf_changed":false,"inline_featured_image":false,"footnotes":""},"class_list":["post-7715","page","type-page","status-publish","hentry"],"acf":[],"yoast_head":"<!-- This site is optimized with the Yoast SEO plugin v25.6 - https:\/\/yoast.com\/wordpress\/plugins\/seo\/ -->\n<title>Abogado experto en responsabilidad de las instalaciones - The Dashcam Lawyer\u00ae<\/title>\n<meta name=\"robots\" content=\"index, follow, max-snippet:-1, max-image-preview:large, max-video-preview:-1\" \/>\n<link rel=\"canonical\" href=\"https:\/\/thedashcamlawyer.com\/es\/abogado-experto-en-responsabilidad-de-las-instalaciones\/\" \/>\n<meta property=\"og:locale\" content=\"es_ES\" \/>\n<meta property=\"og:type\" content=\"article\" \/>\n<meta property=\"og:title\" content=\"Abogado experto en responsabilidad de las instalaciones - The Dashcam Lawyer\u00ae\" \/>\n<meta property=\"og:description\" content=\"Acerca de la responsabilidad por las instalaciones La responsabilidad de las instalaciones es un tipo de caso de lesiones personales que implica una lesi\u00f3n en la propiedad de otra persona. Cuando ocurre un accidente, el due\u00f1o de la propiedad puede ser responsable ante la v\u00edctima por los da\u00f1os relacionados con el incidente.\u00a0 En la mayor\u00eda&hellip;\" \/>\n<meta property=\"og:url\" content=\"https:\/\/thedashcamlawyer.com\/es\/abogado-experto-en-responsabilidad-de-las-instalaciones\/\" \/>\n<meta property=\"og:site_name\" content=\"The Dashcam Lawyer\u00ae\" \/>\n<meta property=\"article:publisher\" content=\"https:\/\/www.facebook.com\/shannonjsagan1800FlaLawyer\/\" \/>\n<meta property=\"article:modified_time\" content=\"2024-02-23T06:42:26+00:00\" \/>\n<meta name=\"twitter:card\" content=\"summary_large_image\" \/>\n<meta name=\"twitter:site\" content=\"@1800FLALAWYER\" \/>\n<meta name=\"twitter:label1\" content=\"Tiempo de lectura\" \/>\n\t<meta name=\"twitter:data1\" content=\"3 minutos\" \/>\n<script type=\"application\/ld+json\" class=\"yoast-schema-graph\">{\"@context\":\"https:\/\/schema.org\",\"@graph\":[{\"@type\":\"WebPage\",\"@id\":\"https:\/\/thedashcamlawyer.com\/es\/abogado-experto-en-responsabilidad-de-las-instalaciones\/\",\"url\":\"https:\/\/thedashcamlawyer.com\/es\/abogado-experto-en-responsabilidad-de-las-instalaciones\/\",\"name\":\"Abogado experto en responsabilidad de las instalaciones - The Dashcam Lawyer\u00ae\",\"isPartOf\":{\"@id\":\"https:\/\/thedashcamlawyer.com\/#website\"},\"datePublished\":\"2022-09-19T08:59:13+00:00\",\"dateModified\":\"2024-02-23T06:42:26+00:00\",\"breadcrumb\":{\"@id\":\"https:\/\/thedashcamlawyer.com\/es\/abogado-experto-en-responsabilidad-de-las-instalaciones\/#breadcrumb\"},\"inLanguage\":\"es\",\"potentialAction\":[{\"@type\":\"ReadAction\",\"target\":[\"https:\/\/thedashcamlawyer.com\/es\/abogado-experto-en-responsabilidad-de-las-instalaciones\/\"]}]},{\"@type\":\"BreadcrumbList\",\"@id\":\"https:\/\/thedashcamlawyer.com\/es\/abogado-experto-en-responsabilidad-de-las-instalaciones\/#breadcrumb\",\"itemListElement\":[{\"@type\":\"ListItem\",\"position\":1,\"name\":\"Home\",\"item\":\"https:\/\/thedashcamlawyer.com\/es\/\"},{\"@type\":\"ListItem\",\"position\":2,\"name\":\"Abogado experto en responsabilidad de las instalaciones\"}]},{\"@type\":\"WebSite\",\"@id\":\"https:\/\/thedashcamlawyer.com\/#website\",\"url\":\"https:\/\/thedashcamlawyer.com\/\",\"name\":\"The Dashcam Lawyer\u00ae\",\"description\":\"Palm Beach Personal Injury Law Firm\",\"publisher\":{\"@id\":\"https:\/\/thedashcamlawyer.com\/#organization\"},\"potentialAction\":[{\"@type\":\"SearchAction\",\"target\":{\"@type\":\"EntryPoint\",\"urlTemplate\":\"https:\/\/thedashcamlawyer.com\/?s={search_term_string}\"},\"query-input\":{\"@type\":\"PropertyValueSpecification\",\"valueRequired\":true,\"valueName\":\"search_term_string\"}}],\"inLanguage\":\"es\"},{\"@type\":\"Organization\",\"@id\":\"https:\/\/thedashcamlawyer.com\/#organization\",\"name\":\"Personal Injury Law firm of Shannon J. Sagan\",\"url\":\"https:\/\/thedashcamlawyer.com\/\",\"logo\":{\"@type\":\"ImageObject\",\"inLanguage\":\"es\",\"@id\":\"https:\/\/thedashcamlawyer.com\/#\/schema\/logo\/image\/\",\"url\":\"https:\/\/thedashcamlawyer.com\/wp-content\/uploads\/2018\/02\/logo.png\",\"contentUrl\":\"https:\/\/thedashcamlawyer.com\/wp-content\/uploads\/2018\/02\/logo.png\",\"width\":331,\"height\":90,\"caption\":\"Personal Injury Law firm of Shannon J. Sagan\"},\"image\":{\"@id\":\"https:\/\/thedashcamlawyer.com\/#\/schema\/logo\/image\/\"},\"sameAs\":[\"https:\/\/www.facebook.com\/shannonjsagan1800FlaLawyer\/\",\"https:\/\/x.com\/1800FLALAWYER\",\"https:\/\/www.instagram.com\/1800flalawyer\/\",\"https:\/\/www.pinterest.com\/1800flalawyer\/\",\"https:\/\/www.youtube.com\/user\/1800FlaLawyer\"]}]}<\/script>\n<!-- \/ Yoast SEO plugin. -->","yoast_head_json":{"title":"Abogado experto en responsabilidad de las instalaciones - The Dashcam Lawyer\u00ae","robots":{"index":"index","follow":"follow","max-snippet":"max-snippet:-1","max-image-preview":"max-image-preview:large","max-video-preview":"max-video-preview:-1"},"canonical":"https:\/\/thedashcamlawyer.com\/es\/abogado-experto-en-responsabilidad-de-las-instalaciones\/","og_locale":"es_ES","og_type":"article","og_title":"Abogado experto en responsabilidad de las instalaciones - The Dashcam Lawyer\u00ae","og_description":"Acerca de la responsabilidad por las instalaciones La responsabilidad de las instalaciones es un tipo de caso de lesiones personales que implica una lesi\u00f3n en la propiedad de otra persona. Cuando ocurre un accidente, el due\u00f1o de la propiedad puede ser responsable ante la v\u00edctima por los da\u00f1os relacionados con el incidente.\u00a0 En la mayor\u00eda&hellip;","og_url":"https:\/\/thedashcamlawyer.com\/es\/abogado-experto-en-responsabilidad-de-las-instalaciones\/","og_site_name":"The Dashcam Lawyer\u00ae","article_publisher":"https:\/\/www.facebook.com\/shannonjsagan1800FlaLawyer\/","article_modified_time":"2024-02-23T06:42:26+00:00","twitter_card":"summary_large_image","twitter_site":"@1800FLALAWYER","twitter_misc":{"Tiempo de lectura":"3 minutos"},"schema":{"@context":"https:\/\/schema.org","@graph":[{"@type":"WebPage","@id":"https:\/\/thedashcamlawyer.com\/es\/abogado-experto-en-responsabilidad-de-las-instalaciones\/","url":"https:\/\/thedashcamlawyer.com\/es\/abogado-experto-en-responsabilidad-de-las-instalaciones\/","name":"Abogado experto en responsabilidad de las instalaciones - The Dashcam Lawyer\u00ae","isPartOf":{"@id":"https:\/\/thedashcamlawyer.com\/#website"},"datePublished":"2022-09-19T08:59:13+00:00","dateModified":"2024-02-23T06:42:26+00:00","breadcrumb":{"@id":"https:\/\/thedashcamlawyer.com\/es\/abogado-experto-en-responsabilidad-de-las-instalaciones\/#breadcrumb"},"inLanguage":"es","potentialAction":[{"@type":"ReadAction","target":["https:\/\/thedashcamlawyer.com\/es\/abogado-experto-en-responsabilidad-de-las-instalaciones\/"]}]},{"@type":"BreadcrumbList","@id":"https:\/\/thedashcamlawyer.com\/es\/abogado-experto-en-responsabilidad-de-las-instalaciones\/#breadcrumb","itemListElement":[{"@type":"ListItem","position":1,"name":"Home","item":"https:\/\/thedashcamlawyer.com\/es\/"},{"@type":"ListItem","position":2,"name":"Abogado experto en responsabilidad de las instalaciones"}]},{"@type":"WebSite","@id":"https:\/\/thedashcamlawyer.com\/#website","url":"https:\/\/thedashcamlawyer.com\/","name":"The Dashcam Lawyer\u00ae","description":"Palm Beach Personal Injury Law Firm","publisher":{"@id":"https:\/\/thedashcamlawyer.com\/#organization"},"potentialAction":[{"@type":"SearchAction","target":{"@type":"EntryPoint","urlTemplate":"https:\/\/thedashcamlawyer.com\/?s={search_term_string}"},"query-input":{"@type":"PropertyValueSpecification","valueRequired":true,"valueName":"search_term_string"}}],"inLanguage":"es"},{"@type":"Organization","@id":"https:\/\/thedashcamlawyer.com\/#organization","name":"Personal Injury Law firm of Shannon J. Sagan","url":"https:\/\/thedashcamlawyer.com\/","logo":{"@type":"ImageObject","inLanguage":"es","@id":"https:\/\/thedashcamlawyer.com\/#\/schema\/logo\/image\/","url":"https:\/\/thedashcamlawyer.com\/wp-content\/uploads\/2018\/02\/logo.png","contentUrl":"https:\/\/thedashcamlawyer.com\/wp-content\/uploads\/2018\/02\/logo.png","width":331,"height":90,"caption":"Personal Injury Law firm of Shannon J. Sagan"},"image":{"@id":"https:\/\/thedashcamlawyer.com\/#\/schema\/logo\/image\/"},"sameAs":["https:\/\/www.facebook.com\/shannonjsagan1800FlaLawyer\/","https:\/\/x.com\/1800FLALAWYER","https:\/\/www.instagram.com\/1800flalawyer\/","https:\/\/www.pinterest.com\/1800flalawyer\/","https:\/\/www.youtube.com\/user\/1800FlaLawyer"]}]}},"_links":{"self":[{"href":"https:\/\/thedashcamlawyer.com\/es\/wp-json\/wp\/v2\/pages\/7715"}],"collection":[{"href":"https:\/\/thedashcamlawyer.com\/es\/wp-json\/wp\/v2\/pages"}],"about":[{"href":"https:\/\/thedashcamlawyer.com\/es\/wp-json\/wp\/v2\/types\/page"}],"author":[{"embeddable":true,"href":"https:\/\/thedashcamlawyer.com\/es\/wp-json\/wp\/v2\/users\/16"}],"replies":[{"embeddable":true,"href":"https:\/\/thedashcamlawyer.com\/es\/wp-json\/wp\/v2\/comments?post=7715"}],"version-history":[{"count":0,"href":"https:\/\/thedashcamlawyer.com\/es\/wp-json\/wp\/v2\/pages\/7715\/revisions"}],"up":[{"embeddable":true,"href":"https:\/\/thedashcamlawyer.com\/es\/wp-json\/wp\/v2\/pages\/9523"}],"wp:attachment":[{"href":"https:\/\/thedashcamlawyer.com\/es\/wp-json\/wp\/v2\/media?parent=7715"}],"curies":[{"name":"wp","href":"https:\/\/api.w.org\/{rel}","templated":true}]}}