{"id":7718,"date":"2022-09-19T09:07:03","date_gmt":"2022-09-19T09:07:03","guid":{"rendered":"https:\/\/thedashcamlawyer.com\/accidentes-por-resbalones-tropiezos-y-caidas\/"},"modified":"2024-02-23T06:42:47","modified_gmt":"2024-02-23T06:42:47","slug":"accidentes-por-resbalones-tropiezos-y-caidas","status":"publish","type":"page","link":"https:\/\/thedashcamlawyer.com\/es\/practice-areas\/accidentes-por-resbalones-tropiezos-y-caidas\/","title":{"rendered":"Accidentes por resbalones, tropiezos y ca\u00eddas"},"content":{"rendered":"<p><span style=\"font-weight: 400;\">Una lesi\u00f3n por resbal\u00f3n y ca\u00edda puede ocurrir debido a peligros como:<\/span><\/p>\n<ul>\n<li style=\"font-weight: 400;\" aria-level=\"1\"><span style=\"font-weight: 400;\">Condiciones clim\u00e1ticas adversas (los ejemplos incluyen hielo, nieve o lluvia)<\/span><\/li>\n<li style=\"font-weight: 400;\" aria-level=\"1\"><span style=\"font-weight: 400;\">Aceras irregulares<\/span><\/li>\n<li style=\"font-weight: 400;\" aria-level=\"1\"><span style=\"font-weight: 400;\">Baches<\/span><\/li>\n<li style=\"font-weight: 400;\" aria-level=\"1\"><span style=\"font-weight: 400;\">Caminos o escaleras mal iluminados o sin marcar<\/span><\/li>\n<li style=\"font-weight: 400;\" aria-level=\"1\"><span style=\"font-weight: 400;\">Azulejos u otro piso resbaladizo\u00a0<\/span><\/li>\n<li style=\"font-weight: 400;\" aria-level=\"1\"><span style=\"font-weight: 400;\">Piso irregular<\/span><\/li>\n<li style=\"font-weight: 400;\" aria-level=\"1\"><span style=\"font-weight: 400;\">Moqueta rasgada<\/span><\/li>\n<li style=\"font-weight: 400;\" aria-level=\"1\"><span style=\"font-weight: 400;\">Objetos que bloquean un piso o una pasarela<\/span><\/li>\n<\/ul>\n<p><span style=\"font-weight: 400;\">En el a\u00f1o 2010 entr\u00f3 en vigor la siguiente ley, lo que hace que sea mucho m\u00e1s dif\u00edcil para la persona lesionada presentar un reclamo:<\/span><\/p>\n<p><span style=\"font-weight: 400;\">768.0755 Responsabilidad sobre locales por la presencia de sustancias extra\u00f1as transitorias en un establecimiento comercial.<\/span><\/p>\n<ol>\n<li style=\"font-weight: 400;\" aria-level=\"1\"><span style=\"font-weight: 400;\">Si una persona se resbala y cae sobre una sustancia extra\u00f1a transitoria en un establecimiento comercial, la persona lesionada debe probar que el establecimiento comercial ten\u00eda conocimiento real o constructivo de la situaci\u00f3n peligrosa y deber\u00eda haber tomado medidas para remediarla. El conocimiento constructivo puede probarse mediante pruebas circunstanciales que demuestren que:<\/span>\n<ol>\n<li style=\"font-weight: 400;\" aria-level=\"2\"><span style=\"font-weight: 400;\">La situaci\u00f3n peligrosa existi\u00f3 durante tanto tiempo que, en el ejercicio del cuidado com\u00fan, el establecimiento comercial deber\u00eda haber sabido de la situaci\u00f3n; o<\/span><\/li>\n<li style=\"font-weight: 400;\" aria-level=\"2\"><span style=\"font-weight: 400;\">La situaci\u00f3n se produjo habitualmente y, por lo tanto, era previsible.<\/span><\/li>\n<\/ol>\n<\/li>\n<li style=\"font-weight: 400;\" aria-level=\"1\"><span style=\"font-weight: 400;\">Esta secci\u00f3n no afecta ning\u00fan deber de custodia de derecho consuetudinario de una persona o entidad en posesi\u00f3n o control de un local comercial.<\/span><\/li>\n<\/ol>\n<p><span style=\"font-weight: 400;\">Lo que esta ley significa es que la persona lesionada tiene que probar que el establecimiento comercial en el que se resbal\u00f3 y cay\u00f3 hizo algo mal y probar c\u00f3mo lo hizo. \u00bfLe parece justo? No lo creo, especialmente cuando ha habido casos en el pasado de corporaciones que no proporcionaron o adulteraron los videos del incidente, no completaron o proporcionaron una copia del informe del incidente a la parte lesionada, y limpiaron de inmediato la sustancia que caus\u00f3 el resbal\u00f3n para deshacerse de la sustancia que caus\u00f3 la ca\u00edda.<\/span><\/p>\n<h2>Acerca de los accidentes por resbalones y ca\u00eddas<\/h2>\n<p><span style=\"font-weight: 400;\">Los accidentes por resbalones y ca\u00eddas son un tipo de accidentes que entran dentro de la responsabilidad por los locales. Estos accidentes son uno de varios tipos de casos que manejan los abogados especialistas en lesiones personales en Florida.<\/span><span style=\"font-weight: 400;\">\u00a0<\/span><\/p>\n<p><span style=\"font-weight: 400;\">Un accidente por resbal\u00f3n y ca\u00edda es el resultado de que alguien se lesiona despu\u00e9s de resbalar o caer en la propiedad de alguien, generalmente debido a una situaci\u00f3n peligrosa. El due\u00f1o de la propiedad puede ser responsable de compensarle por su lesi\u00f3n a trav\u00e9s de su compa\u00f1\u00eda de seguros.<\/span><span style=\"font-weight: 400;\">\u00a0<\/span><\/p>\n<p><span style=\"font-weight: 400;\">Que usted pueda resarcirse financieramente del due\u00f1o de la propiedad depender\u00e1 de varios factores, que incluyen:<\/span><span style=\"font-weight: 400;\">\u00a0<\/span><\/p>\n<ul>\n<li style=\"font-weight: 400;\" aria-level=\"1\"><span style=\"font-weight: 400;\">Si se le permiti\u00f3 estar en las instalaciones<\/span><\/li>\n<li style=\"font-weight: 400;\" aria-level=\"1\"><span style=\"font-weight: 400;\">La naturaleza de la situaci\u00f3n peligrosa, incluido el conocimiento de tal situaci\u00f3n por parte del due\u00f1o de la propiedad y cualquier advertencia aplicable.<\/span><\/li>\n<li style=\"font-weight: 400;\" aria-level=\"1\"><span style=\"font-weight: 400;\">Si usted contribuy\u00f3 a la situaci\u00f3n.<\/span><\/li>\n<li style=\"font-weight: 400;\" aria-level=\"1\"><span style=\"font-weight: 400;\">La gravedad de sus lesiones.<\/span><\/li>\n<li style=\"font-weight: 400;\" aria-level=\"1\"><span style=\"font-weight: 400;\">La posible responsabilidad adicional de un tercero<\/span><\/li>\n<\/ul>\n<h2>Abogado especialista en accidentes por resbalones y ca\u00eddas en el condado de Palm Beach<\/h2>\n<p><span style=\"font-weight: 400;\">Si usted o un ser querido ha resultado gravemente lesionado en un accidente por resbal\u00f3n, tropiezo o ca\u00edda en la propiedad de otra persona o en un establecimiento comercial, Shannon J. Sagan es una abogada especialista en lesiones personales con experiencia en este tipo de accidentes y aconseja lo siguiente:<\/span><\/p>\n<ul>\n<li style=\"font-weight: 400;\" aria-level=\"1\"><span style=\"font-weight: 400;\">Obtenga el nombre y la informaci\u00f3n de contacto de todos y cada uno de los testigos, ya sean empleados o no.<\/span><\/li>\n<li style=\"font-weight: 400;\" aria-level=\"1\"><span style=\"font-weight: 400;\">Inmediatamente tome fotograf\u00edas de la escena, la sustancia de la ca\u00edda y cualquier persona a su alrededor.<\/span><\/li>\n<li style=\"font-weight: 400;\" aria-level=\"1\"><span style=\"font-weight: 400;\">Complete un informe del incidente e intente traerse una copia a su casa (muchas tiendas no permiten sacar una copia de las instalaciones)<\/span><\/li>\n<li style=\"font-weight: 400;\" aria-level=\"1\"><span style=\"font-weight: 400;\">Tenga en cuenta las c\u00e1maras de video en el \u00e1rea y p\u00eddale al gerente o propietario que se asegure de guardarlas<\/span><\/li>\n<li style=\"font-weight: 400;\" aria-level=\"1\"><span style=\"font-weight: 400;\">H\u00e1gase revisar por su m\u00e9dico<\/span><\/li>\n<li style=\"font-weight: 400;\" aria-level=\"1\"><span style=\"font-weight: 400;\">No hable con la compa\u00f1\u00eda de seguros del edifico<\/span><\/li>\n<li style=\"font-weight: 400;\" aria-level=\"1\"><span style=\"font-weight: 400;\">Hable con un abogado tan pronto como pueda<\/span><\/li>\n<\/ul>\n<p><span style=\"font-weight: 400;\">Nuestro bufete de abogados ha representado a clientes en casos de resbalones y ca\u00eddas contra:<\/span><\/p>\n<ul>\n<li style=\"font-weight: 400;\" aria-level=\"1\"><span style=\"font-weight: 400;\">Supermercados<\/span><\/li>\n<li style=\"font-weight: 400;\" aria-level=\"1\"><span style=\"font-weight: 400;\">Municipios<\/span><\/li>\n<li style=\"font-weight: 400;\" aria-level=\"1\"><span style=\"font-weight: 400;\">Tiendas de barrio<\/span><\/li>\n<li style=\"font-weight: 400;\" aria-level=\"1\"><span style=\"font-weight: 400;\">Gasolineras<\/span><\/li>\n<li style=\"font-weight: 400;\" aria-level=\"1\"><span style=\"font-weight: 400;\">Escuelas<\/span><\/li>\n<li style=\"font-weight: 400;\" aria-level=\"1\"><span style=\"font-weight: 400;\">centros comerciales<\/span><\/li>\n<li style=\"font-weight: 400;\" aria-level=\"1\"><span style=\"font-weight: 400;\">grandes almacenes<\/span><\/li>\n<li style=\"font-weight: 400;\" aria-level=\"1\"><span style=\"font-weight: 400;\">Complejos de apartamentos<\/span><\/li>\n<li style=\"font-weight: 400;\" aria-level=\"1\"><span style=\"font-weight: 400;\">Restaurantes<\/span><\/li>\n<li style=\"font-weight: 400;\" aria-level=\"1\"><span style=\"font-weight: 400;\">Casas de alquiler<\/span><\/li>\n<\/ul>\n<h2>Cuando llamar a un abogado experto en lesiones personales sobre un accidente por resbales y ca\u00eddas en Florida<\/h2>\n<p><span style=\"font-weight: 400;\">Resbalarse en una superficie o tropezar con un obst\u00e1culo en el hogar o el negocio de alguien puede parecer una lesi\u00f3n inocente, pero el Departamento de Salud de Florida informa que las ca\u00eddas son una de las principales causas de lesiones graves entre los residentes de Florida, particularmente entre los mayores de 65 a\u00f1os.<\/span><span style=\"font-weight: 400;\">\u00a0<\/span><\/p>\n<p><span style=\"font-weight: 400;\">Cada vez que un accidente por un resbal\u00f3n y ca\u00edda resulte en una lesi\u00f3n que amerite atenci\u00f3n m\u00e9dica, consultar con un abogado puede ayudarle a determinar qu\u00e9 da\u00f1os, si corresponde, podr\u00eda cobrar.<\/span><\/p>\n<p><span style=\"font-weight: 400;\">En lugar de tratar de negociar usted solo con la compa\u00f1\u00eda de seguros del due\u00f1o de la propiedad (mientras usted tambi\u00e9n est\u00e1 tratando de recuperarse de una lesi\u00f3n), un abogado negociar\u00e1 en su nombre. Este camino es especialmente \u00fatil si la compa\u00f1\u00eda de seguros ha minimizado o denegado su reclamo.<\/span><\/p>\n<h2>Compensaci\u00f3n potencial en una oferta de conciliaci\u00f3n por resbalones y ca\u00eddas<\/h2>\n<p><span style=\"font-weight: 400;\">Dependiendo de las circunstancias, podr\u00eda recibir una compensaci\u00f3n por:<\/span><span style=\"font-weight: 400;\">\u00a0<\/span><\/p>\n<ul>\n<li style=\"font-weight: 400;\" aria-level=\"1\"><span style=\"font-weight: 400;\">Facturas m\u00e9dicas<\/span><\/li>\n<li style=\"font-weight: 400;\" aria-level=\"1\"><span style=\"font-weight: 400;\">Gastos m\u00e9dicos continuos<\/span><\/li>\n<li style=\"font-weight: 400;\" aria-level=\"1\"><span style=\"font-weight: 400;\">Salarios perdidos<\/span><\/li>\n<li style=\"font-weight: 400;\" aria-level=\"1\"><span style=\"font-weight: 400;\">Capacidad de ganancia futura perdida<\/span><\/li>\n<li style=\"font-weight: 400;\" aria-level=\"1\"><span style=\"font-weight: 400;\">Dolor y sufrimiento<\/span><\/li>\n<li style=\"font-weight: 400;\" aria-level=\"1\"><span style=\"font-weight: 400;\">Muerte injusta<\/span><\/li>\n<\/ul>\n<p><span style=\"font-weight: 400;\">\u00a0<\/span><span style=\"font-weight: 400;\">Puede ser tentador permitir que la compa\u00f1\u00eda de seguros maneje todo por usted. Desafortunadamente, las compa\u00f1\u00edas de seguros son defensores del due\u00f1o de la propiedad, no de usted. Al tener a alguien que est\u00e9 inquebrantablemente de su lado, tiene la mejor posibilidad de prevalecer porque su abogado buscar\u00e1 la m\u00e1xima indemnizaci\u00f3n por da\u00f1os y perjuicios de las partes relevantes.<\/span><span style=\"font-weight: 400;\">\u00a0<\/span><\/p>\n<h2>Comun\u00edquese con el abogado Shannon J. Sagan para una consulta gratuita<\/h2>\n<p><span style=\"font-weight: 400;\">En el bufete de Shannon J. Sagan en Lake Worth, Florida, yo mismo evaluar\u00e9 su caso para ayudarle a elegir la mejor ruta a seguir. Entiendo que este puede ser un momento desafiante y conmovedor, y mi equipo est\u00e1 aqu\u00ed para servirle. Cont\u00e1cteme al <a href=\"tel:561.533.7800\">561.533.7800<\/a> para una consulta confidencial y gratuita.<\/span><\/p>\n","protected":false},"excerpt":{"rendered":"<p>Una lesi\u00f3n por resbal\u00f3n y ca\u00edda puede ocurrir debido a peligros como: Condiciones clim\u00e1ticas adversas (los ejemplos incluyen hielo, nieve o lluvia) Aceras irregulares Baches Caminos o escaleras mal iluminados o sin marcar Azulejos u otro piso resbaladizo\u00a0 Piso irregular Moqueta rasgada Objetos que bloquean un piso o una pasarela En el a\u00f1o 2010 entr\u00f3&hellip;<\/p>\n","protected":false},"author":16,"featured_media":7524,"parent":9523,"menu_order":0,"comment_status":"closed","ping_status":"closed","template":"","meta":{"_acf_changed":false,"inline_featured_image":false,"footnotes":""},"class_list":["post-7718","page","type-page","status-publish","has-post-thumbnail","hentry"],"acf":[],"yoast_head":"<!-- This site is optimized with the Yoast SEO plugin v25.6 - https:\/\/yoast.com\/wordpress\/plugins\/seo\/ -->\n<title>Accidentes por resbalones, tropiezos y ca\u00eddas<\/title>\n<meta name=\"description\" content=\"If you or someone you love has been severely injured in a slip, trip or fall accident on someone else&#039;s property or a business establishment, Shannon J. Sagan, is a personal injury lawyer that can help you get the compensation you deserve. Contact us today for a free consultation. No win, No Fee.\" \/>\n<meta name=\"robots\" content=\"index, follow, max-snippet:-1, max-image-preview:large, max-video-preview:-1\" \/>\n<link rel=\"canonical\" href=\"https:\/\/thedashcamlawyer.com\/es\/accidentes-por-resbalones-tropiezos-y-caidas\/\" \/>\n<meta property=\"og:locale\" content=\"es_ES\" \/>\n<meta property=\"og:type\" content=\"article\" \/>\n<meta property=\"og:title\" content=\"Accidentes por resbalones, tropiezos y ca\u00eddas\" \/>\n<meta property=\"og:description\" content=\"If you or someone you love has been severely injured in a slip, trip or fall accident on someone else&#039;s property or a business establishment, Shannon J. Sagan, is a personal injury lawyer that can help you get the compensation you deserve. Contact us today for a free consultation. No win, No Fee.\" \/>\n<meta property=\"og:url\" content=\"https:\/\/thedashcamlawyer.com\/es\/accidentes-por-resbalones-tropiezos-y-caidas\/\" \/>\n<meta property=\"og:site_name\" content=\"The Dashcam Lawyer\u00ae\" \/>\n<meta property=\"article:publisher\" content=\"https:\/\/www.facebook.com\/shannonjsagan1800FlaLawyer\/\" \/>\n<meta property=\"article:modified_time\" content=\"2024-02-23T06:42:47+00:00\" \/>\n<meta property=\"og:image\" content=\"https:\/\/thedashcamlawyer.com\/wp-content\/uploads\/2018\/05\/slip-and-fall.jpg\" \/>\n\t<meta property=\"og:image:width\" content=\"1920\" \/>\n\t<meta property=\"og:image:height\" content=\"1280\" \/>\n\t<meta property=\"og:image:type\" content=\"image\/jpeg\" \/>\n<meta name=\"twitter:card\" content=\"summary_large_image\" \/>\n<meta name=\"twitter:site\" content=\"@1800FLALAWYER\" \/>\n<meta name=\"twitter:label1\" content=\"Tiempo de lectura\" \/>\n\t<meta name=\"twitter:data1\" content=\"5 minutos\" \/>\n<script type=\"application\/ld+json\" class=\"yoast-schema-graph\">{\"@context\":\"https:\/\/schema.org\",\"@graph\":[{\"@type\":\"WebPage\",\"@id\":\"https:\/\/thedashcamlawyer.com\/es\/accidentes-por-resbalones-tropiezos-y-caidas\/\",\"url\":\"https:\/\/thedashcamlawyer.com\/es\/accidentes-por-resbalones-tropiezos-y-caidas\/\",\"name\":\"Accidentes por resbalones, tropiezos y ca\u00eddas\",\"isPartOf\":{\"@id\":\"https:\/\/thedashcamlawyer.com\/#website\"},\"primaryImageOfPage\":{\"@id\":\"https:\/\/thedashcamlawyer.com\/es\/accidentes-por-resbalones-tropiezos-y-caidas\/#primaryimage\"},\"image\":{\"@id\":\"https:\/\/thedashcamlawyer.com\/es\/accidentes-por-resbalones-tropiezos-y-caidas\/#primaryimage\"},\"thumbnailUrl\":\"https:\/\/thedashcamlawyer.com\/wp-content\/uploads\/2018\/05\/slip-and-fall.jpg\",\"datePublished\":\"2022-09-19T09:07:03+00:00\",\"dateModified\":\"2024-02-23T06:42:47+00:00\",\"description\":\"If you or someone you love has been severely injured in a slip, trip or fall accident on someone else's property or a business establishment, Shannon J. Sagan, is a personal injury lawyer that can help you get the compensation you deserve. Contact us today for a free consultation. No win, No Fee.\",\"breadcrumb\":{\"@id\":\"https:\/\/thedashcamlawyer.com\/es\/accidentes-por-resbalones-tropiezos-y-caidas\/#breadcrumb\"},\"inLanguage\":\"es\",\"potentialAction\":[{\"@type\":\"ReadAction\",\"target\":[\"https:\/\/thedashcamlawyer.com\/es\/accidentes-por-resbalones-tropiezos-y-caidas\/\"]}]},{\"@type\":\"ImageObject\",\"inLanguage\":\"es\",\"@id\":\"https:\/\/thedashcamlawyer.com\/es\/accidentes-por-resbalones-tropiezos-y-caidas\/#primaryimage\",\"url\":\"https:\/\/thedashcamlawyer.com\/wp-content\/uploads\/2018\/05\/slip-and-fall.jpg\",\"contentUrl\":\"https:\/\/thedashcamlawyer.com\/wp-content\/uploads\/2018\/05\/slip-and-fall.jpg\",\"width\":1920,\"height\":1280},{\"@type\":\"BreadcrumbList\",\"@id\":\"https:\/\/thedashcamlawyer.com\/es\/accidentes-por-resbalones-tropiezos-y-caidas\/#breadcrumb\",\"itemListElement\":[{\"@type\":\"ListItem\",\"position\":1,\"name\":\"Home\",\"item\":\"https:\/\/thedashcamlawyer.com\/es\/\"},{\"@type\":\"ListItem\",\"position\":2,\"name\":\"Accidentes por resbalones, tropiezos y ca\u00eddas\"}]},{\"@type\":\"WebSite\",\"@id\":\"https:\/\/thedashcamlawyer.com\/#website\",\"url\":\"https:\/\/thedashcamlawyer.com\/\",\"name\":\"The Dashcam Lawyer\u00ae\",\"description\":\"Palm Beach Personal Injury Law Firm\",\"publisher\":{\"@id\":\"https:\/\/thedashcamlawyer.com\/#organization\"},\"potentialAction\":[{\"@type\":\"SearchAction\",\"target\":{\"@type\":\"EntryPoint\",\"urlTemplate\":\"https:\/\/thedashcamlawyer.com\/?s={search_term_string}\"},\"query-input\":{\"@type\":\"PropertyValueSpecification\",\"valueRequired\":true,\"valueName\":\"search_term_string\"}}],\"inLanguage\":\"es\"},{\"@type\":\"Organization\",\"@id\":\"https:\/\/thedashcamlawyer.com\/#organization\",\"name\":\"Personal Injury Law firm of Shannon J. Sagan\",\"url\":\"https:\/\/thedashcamlawyer.com\/\",\"logo\":{\"@type\":\"ImageObject\",\"inLanguage\":\"es\",\"@id\":\"https:\/\/thedashcamlawyer.com\/#\/schema\/logo\/image\/\",\"url\":\"https:\/\/thedashcamlawyer.com\/wp-content\/uploads\/2018\/02\/logo.png\",\"contentUrl\":\"https:\/\/thedashcamlawyer.com\/wp-content\/uploads\/2018\/02\/logo.png\",\"width\":331,\"height\":90,\"caption\":\"Personal Injury Law firm of Shannon J. Sagan\"},\"image\":{\"@id\":\"https:\/\/thedashcamlawyer.com\/#\/schema\/logo\/image\/\"},\"sameAs\":[\"https:\/\/www.facebook.com\/shannonjsagan1800FlaLawyer\/\",\"https:\/\/x.com\/1800FLALAWYER\",\"https:\/\/www.instagram.com\/1800flalawyer\/\",\"https:\/\/www.pinterest.com\/1800flalawyer\/\",\"https:\/\/www.youtube.com\/user\/1800FlaLawyer\"]}]}<\/script>\n<!-- \/ Yoast SEO plugin. -->","yoast_head_json":{"title":"Accidentes por resbalones, tropiezos y ca\u00eddas","description":"If you or someone you love has been severely injured in a slip, trip or fall accident on someone else's property or a business establishment, Shannon J. Sagan, is a personal injury lawyer that can help you get the compensation you deserve. Contact us today for a free consultation. No win, No Fee.","robots":{"index":"index","follow":"follow","max-snippet":"max-snippet:-1","max-image-preview":"max-image-preview:large","max-video-preview":"max-video-preview:-1"},"canonical":"https:\/\/thedashcamlawyer.com\/es\/accidentes-por-resbalones-tropiezos-y-caidas\/","og_locale":"es_ES","og_type":"article","og_title":"Accidentes por resbalones, tropiezos y ca\u00eddas","og_description":"If you or someone you love has been severely injured in a slip, trip or fall accident on someone else's property or a business establishment, Shannon J. Sagan, is a personal injury lawyer that can help you get the compensation you deserve. Contact us today for a free consultation. No win, No Fee.","og_url":"https:\/\/thedashcamlawyer.com\/es\/accidentes-por-resbalones-tropiezos-y-caidas\/","og_site_name":"The Dashcam Lawyer\u00ae","article_publisher":"https:\/\/www.facebook.com\/shannonjsagan1800FlaLawyer\/","article_modified_time":"2024-02-23T06:42:47+00:00","og_image":[{"width":1920,"height":1280,"url":"https:\/\/thedashcamlawyer.com\/wp-content\/uploads\/2018\/05\/slip-and-fall.jpg","type":"image\/jpeg"}],"twitter_card":"summary_large_image","twitter_site":"@1800FLALAWYER","twitter_misc":{"Tiempo de lectura":"5 minutos"},"schema":{"@context":"https:\/\/schema.org","@graph":[{"@type":"WebPage","@id":"https:\/\/thedashcamlawyer.com\/es\/accidentes-por-resbalones-tropiezos-y-caidas\/","url":"https:\/\/thedashcamlawyer.com\/es\/accidentes-por-resbalones-tropiezos-y-caidas\/","name":"Accidentes por resbalones, tropiezos y ca\u00eddas","isPartOf":{"@id":"https:\/\/thedashcamlawyer.com\/#website"},"primaryImageOfPage":{"@id":"https:\/\/thedashcamlawyer.com\/es\/accidentes-por-resbalones-tropiezos-y-caidas\/#primaryimage"},"image":{"@id":"https:\/\/thedashcamlawyer.com\/es\/accidentes-por-resbalones-tropiezos-y-caidas\/#primaryimage"},"thumbnailUrl":"https:\/\/thedashcamlawyer.com\/wp-content\/uploads\/2018\/05\/slip-and-fall.jpg","datePublished":"2022-09-19T09:07:03+00:00","dateModified":"2024-02-23T06:42:47+00:00","description":"If you or someone you love has been severely injured in a slip, trip or fall accident on someone else's property or a business establishment, Shannon J. Sagan, is a personal injury lawyer that can help you get the compensation you deserve. Contact us today for a free consultation. No win, No Fee.","breadcrumb":{"@id":"https:\/\/thedashcamlawyer.com\/es\/accidentes-por-resbalones-tropiezos-y-caidas\/#breadcrumb"},"inLanguage":"es","potentialAction":[{"@type":"ReadAction","target":["https:\/\/thedashcamlawyer.com\/es\/accidentes-por-resbalones-tropiezos-y-caidas\/"]}]},{"@type":"ImageObject","inLanguage":"es","@id":"https:\/\/thedashcamlawyer.com\/es\/accidentes-por-resbalones-tropiezos-y-caidas\/#primaryimage","url":"https:\/\/thedashcamlawyer.com\/wp-content\/uploads\/2018\/05\/slip-and-fall.jpg","contentUrl":"https:\/\/thedashcamlawyer.com\/wp-content\/uploads\/2018\/05\/slip-and-fall.jpg","width":1920,"height":1280},{"@type":"BreadcrumbList","@id":"https:\/\/thedashcamlawyer.com\/es\/accidentes-por-resbalones-tropiezos-y-caidas\/#breadcrumb","itemListElement":[{"@type":"ListItem","position":1,"name":"Home","item":"https:\/\/thedashcamlawyer.com\/es\/"},{"@type":"ListItem","position":2,"name":"Accidentes por resbalones, tropiezos y ca\u00eddas"}]},{"@type":"WebSite","@id":"https:\/\/thedashcamlawyer.com\/#website","url":"https:\/\/thedashcamlawyer.com\/","name":"The Dashcam Lawyer\u00ae","description":"Palm Beach Personal Injury Law Firm","publisher":{"@id":"https:\/\/thedashcamlawyer.com\/#organization"},"potentialAction":[{"@type":"SearchAction","target":{"@type":"EntryPoint","urlTemplate":"https:\/\/thedashcamlawyer.com\/?s={search_term_string}"},"query-input":{"@type":"PropertyValueSpecification","valueRequired":true,"valueName":"search_term_string"}}],"inLanguage":"es"},{"@type":"Organization","@id":"https:\/\/thedashcamlawyer.com\/#organization","name":"Personal Injury Law firm of Shannon J. Sagan","url":"https:\/\/thedashcamlawyer.com\/","logo":{"@type":"ImageObject","inLanguage":"es","@id":"https:\/\/thedashcamlawyer.com\/#\/schema\/logo\/image\/","url":"https:\/\/thedashcamlawyer.com\/wp-content\/uploads\/2018\/02\/logo.png","contentUrl":"https:\/\/thedashcamlawyer.com\/wp-content\/uploads\/2018\/02\/logo.png","width":331,"height":90,"caption":"Personal Injury Law firm of Shannon J. Sagan"},"image":{"@id":"https:\/\/thedashcamlawyer.com\/#\/schema\/logo\/image\/"},"sameAs":["https:\/\/www.facebook.com\/shannonjsagan1800FlaLawyer\/","https:\/\/x.com\/1800FLALAWYER","https:\/\/www.instagram.com\/1800flalawyer\/","https:\/\/www.pinterest.com\/1800flalawyer\/","https:\/\/www.youtube.com\/user\/1800FlaLawyer"]}]}},"_links":{"self":[{"href":"https:\/\/thedashcamlawyer.com\/es\/wp-json\/wp\/v2\/pages\/7718"}],"collection":[{"href":"https:\/\/thedashcamlawyer.com\/es\/wp-json\/wp\/v2\/pages"}],"about":[{"href":"https:\/\/thedashcamlawyer.com\/es\/wp-json\/wp\/v2\/types\/page"}],"author":[{"embeddable":true,"href":"https:\/\/thedashcamlawyer.com\/es\/wp-json\/wp\/v2\/users\/16"}],"replies":[{"embeddable":true,"href":"https:\/\/thedashcamlawyer.com\/es\/wp-json\/wp\/v2\/comments?post=7718"}],"version-history":[{"count":0,"href":"https:\/\/thedashcamlawyer.com\/es\/wp-json\/wp\/v2\/pages\/7718\/revisions"}],"up":[{"embeddable":true,"href":"https:\/\/thedashcamlawyer.com\/es\/wp-json\/wp\/v2\/pages\/9523"}],"wp:featuredmedia":[{"embeddable":true,"href":"https:\/\/thedashcamlawyer.com\/es\/wp-json\/wp\/v2\/media\/7524"}],"wp:attachment":[{"href":"https:\/\/thedashcamlawyer.com\/es\/wp-json\/wp\/v2\/media?parent=7718"}],"curies":[{"name":"wp","href":"https:\/\/api.w.org\/{rel}","templated":true}]}}