{"id":7722,"date":"2022-09-19T09:11:38","date_gmt":"2022-09-19T09:11:38","guid":{"rendered":"https:\/\/thedashcamlawyer.com\/abogado-especializado-en-lesiones-cerebrales-y-de-la-medula-espinal\/"},"modified":"2024-02-23T06:39:21","modified_gmt":"2024-02-23T06:39:21","slug":"abogado-especializado-en-lesiones-cerebrales-y-de-la-medula-espinal","status":"publish","type":"page","link":"https:\/\/thedashcamlawyer.com\/es\/practice-areas\/abogado-especializado-en-lesiones-cerebrales-y-de-la-medula-espinal\/","title":{"rendered":"Abogado especializado en lesiones cerebrales y de la m\u00e9dula espinal"},"content":{"rendered":"<h2>Causas comunes de lesiones cerebrales y de la m\u00e9dula espinal<\/h2>\n<p><span style=\"font-weight: 400;\">Una persona puede sufrir una lesi\u00f3n cerebral o de la m\u00e9dula espinal por varias razones, aunque las m\u00e1s comunes incluyen:<\/span><\/p>\n<ul>\n<li style=\"font-weight: 400;\" aria-level=\"1\"><span style=\"font-weight: 400;\">Accidentes de coches o camiones<\/span><\/li>\n<li style=\"font-weight: 400;\" aria-level=\"1\"><span style=\"font-weight: 400;\">Accidente de motocicleta u otro veh\u00edculo<\/span><\/li>\n<li style=\"font-weight: 400;\" aria-level=\"1\"><span style=\"font-weight: 400;\">Accidentes por resbalones y ca\u00eddas<\/span><\/li>\n<li style=\"font-weight: 400;\" aria-level=\"1\"><span style=\"font-weight: 400;\">Actos violentos<\/span><\/li>\n<li style=\"font-weight: 400;\" aria-level=\"1\"><span style=\"font-weight: 400;\">Lesi\u00f3n deportiva<\/span><\/li>\n<li style=\"font-weight: 400;\" aria-level=\"1\"><span style=\"font-weight: 400;\">Accidentes laborales<\/span><\/li>\n<\/ul>\n<p><span style=\"font-weight: 400;\">Seg\u00fan el Instituto Nacional de Trastornos Neurol\u00f3gicos y Accidentes Cerebrovasculares (NINDS. Por sus siglas en ingl\u00e9s), <\/span><a href=\"https:\/\/www.ninds.nih.gov\/health-information\/disorders\/spinal-cord-injury\"><span style=\"font-weight: 400;\">los accidentes automovil\u00edsticos y las ca\u00eddas catastr\u00f3ficas <\/span><\/a><span style=\"font-weight: 400;\">causan la mayor\u00eda de las lesiones de la m\u00e9dula espinal en comparaci\u00f3n con cualquier otro tipo de lesi\u00f3n de la columna.<\/span><\/p>\n<p><span style=\"font-weight: 400;\">Seg\u00fan el Centro Nacional para la Prevenci\u00f3n y el Control de Lesiones:<\/span><\/p>\n<ul>\n<li style=\"font-weight: 400;\" aria-level=\"1\"><span style=\"font-weight: 400;\">1,5 millones de estadounidenses cada a\u00f1o sufren una lesi\u00f3n cerebral<\/span><\/li>\n<li style=\"font-weight: 400;\" aria-level=\"1\"><span style=\"font-weight: 400;\">De ellos, 50.000 mueren y m\u00e1s de 2,5 millones son tratados en hospitales.<\/span><\/li>\n<li style=\"font-weight: 400;\" aria-level=\"1\"><span style=\"font-weight: 400;\">Muchas de estas v\u00edctimas son ni\u00f1os, que corren un mayor riesgo.<\/span><\/li>\n<li style=\"font-weight: 400;\" aria-level=\"1\"><span style=\"font-weight: 400;\">Cada a\u00f1o, aproximadamente 500.000 ni\u00f1os sufren lesiones cerebrales graves como resultado de accidentes cada a\u00f1o.<\/span><\/li>\n<\/ul>\n<p><span style=\"font-weight: 400;\">Dependiendo de c\u00f3mo ocurri\u00f3 su lesi\u00f3n cerebral o de la m\u00e9dula espinal, es posible que tenga un recurso legal por sus lesiones. Por ejemplo, si sus lesiones ocurrieron en un accidente automovil\u00edstico debido a la negligencia de otro conductor, podr\u00eda presentar un caso de lesiones personales contra esa persona.<\/span><\/p>\n<p><span style=\"font-weight: 400;\">Puede buscar un resarcimiento por da\u00f1os econ\u00f3micos por el valor monetario asociado con sus p\u00e9rdidas, incluidas las facturas m\u00e9dicas, los salarios perdidos y la rehabilitaci\u00f3n. Tambi\u00e9n puede buscar un resarcimiento por da\u00f1os no econ\u00f3micos por un valor estimado por dolor, angustia y desfiguraci\u00f3n.<\/span><\/p>\n<p><span style=\"font-weight: 400;\">Un abogado experto en lesiones cerebrales y de la m\u00e9dula espinal en nuestro bufete de abogados puede ayudarle a determinar el mejor curso de acci\u00f3n para obtener una compensaci\u00f3n por sus lesiones despu\u00e9s de un accidente.<\/span><\/p>\n<p><span style=\"font-weight: 400;\">Las lesiones cerebrales traum\u00e1ticas (LTC) pueden incluir LTC leves o conmoci\u00f3n cerebral, LTC moderadas o graves. Las LTC pueden afectar permanentemente la capacidad de cualquier persona para procesar nueva informaci\u00f3n o mantener su calidad de vida anterior. Los ni\u00f1os que sufren una LTC corren un alto riesgo de retraso en el desarrollo del cerebro, cambios de comportamiento y dificultades en el aprendizaje.<\/span><\/p>\n<p><span style=\"font-weight: 400;\">Las lesiones traum\u00e1ticas del cerebro y la m\u00e9dula espinal a menudo son permanentes, siempre alteran la vida y, sin duda, tienen efectos importantes en la vida de las v\u00edctimas y sus familias. Estos tipos de lesiones pueden ocurrir por culpa de otro y pueden producirse por un error quir\u00fargico, un accidente automovil\u00edstico o de motocicleta, accidentes en obras de construcci\u00f3n, productos defectuosos o mal funcionamiento de la maquinaria.<\/span><\/p>\n<h2>P\u00f3ngase en contacto con un abogado con experiencia en lesiones de la m\u00e9dula espinal en el Bufete de Abogados de Shannon J. Sagan, AP<\/h2>\n<p><span style=\"font-weight: 400;\">En el Bufete de Abogados de Shannon J. Sagan, PA, desde 2005 el Sr. Sagan ha representado a v\u00edctimas en casos de lesiones personales. Llame hoy a nuestro equipo legal al <a href=\"tel:561-561-3274\">561-DASHCAM<\/a> o <\/span><a href=\"https:\/\/thedashcamlawyer.com\/es\/contacto\/\"><span style=\"font-weight: 400;\">cont\u00e1ctenos en <\/span><\/a><span style=\"font-weight: 400;\">l\u00ednea para obtener una evaluaci\u00f3n r\u00e1pida y gratuita de su caso.<\/span><\/p>\n","protected":false},"excerpt":{"rendered":"<p>Causas comunes de lesiones cerebrales y de la m\u00e9dula espinal Una persona puede sufrir una lesi\u00f3n cerebral o de la m\u00e9dula espinal por varias razones, aunque las m\u00e1s comunes incluyen: Accidentes de coches o camiones Accidente de motocicleta u otro veh\u00edculo Accidentes por resbalones y ca\u00eddas Actos violentos Lesi\u00f3n deportiva Accidentes laborales Seg\u00fan el Instituto&hellip;<\/p>\n","protected":false},"author":16,"featured_media":0,"parent":9523,"menu_order":0,"comment_status":"closed","ping_status":"closed","template":"","meta":{"_acf_changed":false,"inline_featured_image":false,"footnotes":""},"class_list":["post-7722","page","type-page","status-publish","hentry"],"acf":[],"yoast_head":"<!-- This site is optimized with the Yoast SEO plugin v25.6 - https:\/\/yoast.com\/wordpress\/plugins\/seo\/ -->\n<title>Abogado especializado en lesiones cerebrales y de la m\u00e9dula espinal - The Dashcam Lawyer\u00ae<\/title>\n<meta name=\"robots\" content=\"index, follow, max-snippet:-1, max-image-preview:large, max-video-preview:-1\" \/>\n<link rel=\"canonical\" href=\"https:\/\/thedashcamlawyer.com\/es\/abogado-especializado-en-lesiones-cerebrales-y-de-la-medula-espinal\/\" \/>\n<meta property=\"og:locale\" content=\"es_ES\" \/>\n<meta property=\"og:type\" content=\"article\" \/>\n<meta property=\"og:title\" content=\"Abogado especializado en lesiones cerebrales y de la m\u00e9dula espinal - The Dashcam Lawyer\u00ae\" \/>\n<meta property=\"og:description\" content=\"Causas comunes de lesiones cerebrales y de la m\u00e9dula espinal Una persona puede sufrir una lesi\u00f3n cerebral o de la m\u00e9dula espinal por varias razones, aunque las m\u00e1s comunes incluyen: Accidentes de coches o camiones Accidente de motocicleta u otro veh\u00edculo Accidentes por resbalones y ca\u00eddas Actos violentos Lesi\u00f3n deportiva Accidentes laborales Seg\u00fan el Instituto&hellip;\" \/>\n<meta property=\"og:url\" content=\"https:\/\/thedashcamlawyer.com\/es\/abogado-especializado-en-lesiones-cerebrales-y-de-la-medula-espinal\/\" \/>\n<meta property=\"og:site_name\" content=\"The Dashcam Lawyer\u00ae\" \/>\n<meta property=\"article:publisher\" content=\"https:\/\/www.facebook.com\/shannonjsagan1800FlaLawyer\/\" \/>\n<meta property=\"article:modified_time\" content=\"2024-02-23T06:39:21+00:00\" \/>\n<meta name=\"twitter:card\" content=\"summary_large_image\" \/>\n<meta name=\"twitter:site\" content=\"@1800FLALAWYER\" \/>\n<meta name=\"twitter:label1\" content=\"Tiempo de lectura\" \/>\n\t<meta name=\"twitter:data1\" content=\"3 minutos\" \/>\n<script type=\"application\/ld+json\" class=\"yoast-schema-graph\">{\"@context\":\"https:\/\/schema.org\",\"@graph\":[{\"@type\":\"WebPage\",\"@id\":\"https:\/\/thedashcamlawyer.com\/es\/abogado-especializado-en-lesiones-cerebrales-y-de-la-medula-espinal\/\",\"url\":\"https:\/\/thedashcamlawyer.com\/es\/abogado-especializado-en-lesiones-cerebrales-y-de-la-medula-espinal\/\",\"name\":\"Abogado especializado en lesiones cerebrales y de la m\u00e9dula espinal - The Dashcam Lawyer\u00ae\",\"isPartOf\":{\"@id\":\"https:\/\/thedashcamlawyer.com\/#website\"},\"datePublished\":\"2022-09-19T09:11:38+00:00\",\"dateModified\":\"2024-02-23T06:39:21+00:00\",\"breadcrumb\":{\"@id\":\"https:\/\/thedashcamlawyer.com\/es\/abogado-especializado-en-lesiones-cerebrales-y-de-la-medula-espinal\/#breadcrumb\"},\"inLanguage\":\"es\",\"potentialAction\":[{\"@type\":\"ReadAction\",\"target\":[\"https:\/\/thedashcamlawyer.com\/es\/abogado-especializado-en-lesiones-cerebrales-y-de-la-medula-espinal\/\"]}]},{\"@type\":\"BreadcrumbList\",\"@id\":\"https:\/\/thedashcamlawyer.com\/es\/abogado-especializado-en-lesiones-cerebrales-y-de-la-medula-espinal\/#breadcrumb\",\"itemListElement\":[{\"@type\":\"ListItem\",\"position\":1,\"name\":\"Home\",\"item\":\"https:\/\/thedashcamlawyer.com\/es\/\"},{\"@type\":\"ListItem\",\"position\":2,\"name\":\"Abogado especializado en lesiones cerebrales y de la m\u00e9dula espinal\"}]},{\"@type\":\"WebSite\",\"@id\":\"https:\/\/thedashcamlawyer.com\/#website\",\"url\":\"https:\/\/thedashcamlawyer.com\/\",\"name\":\"The Dashcam Lawyer\u00ae\",\"description\":\"Palm Beach Personal Injury Law Firm\",\"publisher\":{\"@id\":\"https:\/\/thedashcamlawyer.com\/#organization\"},\"potentialAction\":[{\"@type\":\"SearchAction\",\"target\":{\"@type\":\"EntryPoint\",\"urlTemplate\":\"https:\/\/thedashcamlawyer.com\/?s={search_term_string}\"},\"query-input\":{\"@type\":\"PropertyValueSpecification\",\"valueRequired\":true,\"valueName\":\"search_term_string\"}}],\"inLanguage\":\"es\"},{\"@type\":\"Organization\",\"@id\":\"https:\/\/thedashcamlawyer.com\/#organization\",\"name\":\"Personal Injury Law firm of Shannon J. Sagan\",\"url\":\"https:\/\/thedashcamlawyer.com\/\",\"logo\":{\"@type\":\"ImageObject\",\"inLanguage\":\"es\",\"@id\":\"https:\/\/thedashcamlawyer.com\/#\/schema\/logo\/image\/\",\"url\":\"https:\/\/thedashcamlawyer.com\/wp-content\/uploads\/2018\/02\/logo.png\",\"contentUrl\":\"https:\/\/thedashcamlawyer.com\/wp-content\/uploads\/2018\/02\/logo.png\",\"width\":331,\"height\":90,\"caption\":\"Personal Injury Law firm of Shannon J. Sagan\"},\"image\":{\"@id\":\"https:\/\/thedashcamlawyer.com\/#\/schema\/logo\/image\/\"},\"sameAs\":[\"https:\/\/www.facebook.com\/shannonjsagan1800FlaLawyer\/\",\"https:\/\/x.com\/1800FLALAWYER\",\"https:\/\/www.instagram.com\/1800flalawyer\/\",\"https:\/\/www.pinterest.com\/1800flalawyer\/\",\"https:\/\/www.youtube.com\/user\/1800FlaLawyer\"]}]}<\/script>\n<!-- \/ Yoast SEO plugin. -->","yoast_head_json":{"title":"Abogado especializado en lesiones cerebrales y de la m\u00e9dula espinal - The Dashcam Lawyer\u00ae","robots":{"index":"index","follow":"follow","max-snippet":"max-snippet:-1","max-image-preview":"max-image-preview:large","max-video-preview":"max-video-preview:-1"},"canonical":"https:\/\/thedashcamlawyer.com\/es\/abogado-especializado-en-lesiones-cerebrales-y-de-la-medula-espinal\/","og_locale":"es_ES","og_type":"article","og_title":"Abogado especializado en lesiones cerebrales y de la m\u00e9dula espinal - The Dashcam Lawyer\u00ae","og_description":"Causas comunes de lesiones cerebrales y de la m\u00e9dula espinal Una persona puede sufrir una lesi\u00f3n cerebral o de la m\u00e9dula espinal por varias razones, aunque las m\u00e1s comunes incluyen: Accidentes de coches o camiones Accidente de motocicleta u otro veh\u00edculo Accidentes por resbalones y ca\u00eddas Actos violentos Lesi\u00f3n deportiva Accidentes laborales Seg\u00fan el Instituto&hellip;","og_url":"https:\/\/thedashcamlawyer.com\/es\/abogado-especializado-en-lesiones-cerebrales-y-de-la-medula-espinal\/","og_site_name":"The Dashcam Lawyer\u00ae","article_publisher":"https:\/\/www.facebook.com\/shannonjsagan1800FlaLawyer\/","article_modified_time":"2024-02-23T06:39:21+00:00","twitter_card":"summary_large_image","twitter_site":"@1800FLALAWYER","twitter_misc":{"Tiempo de lectura":"3 minutos"},"schema":{"@context":"https:\/\/schema.org","@graph":[{"@type":"WebPage","@id":"https:\/\/thedashcamlawyer.com\/es\/abogado-especializado-en-lesiones-cerebrales-y-de-la-medula-espinal\/","url":"https:\/\/thedashcamlawyer.com\/es\/abogado-especializado-en-lesiones-cerebrales-y-de-la-medula-espinal\/","name":"Abogado especializado en lesiones cerebrales y de la m\u00e9dula espinal - The Dashcam Lawyer\u00ae","isPartOf":{"@id":"https:\/\/thedashcamlawyer.com\/#website"},"datePublished":"2022-09-19T09:11:38+00:00","dateModified":"2024-02-23T06:39:21+00:00","breadcrumb":{"@id":"https:\/\/thedashcamlawyer.com\/es\/abogado-especializado-en-lesiones-cerebrales-y-de-la-medula-espinal\/#breadcrumb"},"inLanguage":"es","potentialAction":[{"@type":"ReadAction","target":["https:\/\/thedashcamlawyer.com\/es\/abogado-especializado-en-lesiones-cerebrales-y-de-la-medula-espinal\/"]}]},{"@type":"BreadcrumbList","@id":"https:\/\/thedashcamlawyer.com\/es\/abogado-especializado-en-lesiones-cerebrales-y-de-la-medula-espinal\/#breadcrumb","itemListElement":[{"@type":"ListItem","position":1,"name":"Home","item":"https:\/\/thedashcamlawyer.com\/es\/"},{"@type":"ListItem","position":2,"name":"Abogado especializado en lesiones cerebrales y de la m\u00e9dula espinal"}]},{"@type":"WebSite","@id":"https:\/\/thedashcamlawyer.com\/#website","url":"https:\/\/thedashcamlawyer.com\/","name":"The Dashcam Lawyer\u00ae","description":"Palm Beach Personal Injury Law Firm","publisher":{"@id":"https:\/\/thedashcamlawyer.com\/#organization"},"potentialAction":[{"@type":"SearchAction","target":{"@type":"EntryPoint","urlTemplate":"https:\/\/thedashcamlawyer.com\/?s={search_term_string}"},"query-input":{"@type":"PropertyValueSpecification","valueRequired":true,"valueName":"search_term_string"}}],"inLanguage":"es"},{"@type":"Organization","@id":"https:\/\/thedashcamlawyer.com\/#organization","name":"Personal Injury Law firm of Shannon J. Sagan","url":"https:\/\/thedashcamlawyer.com\/","logo":{"@type":"ImageObject","inLanguage":"es","@id":"https:\/\/thedashcamlawyer.com\/#\/schema\/logo\/image\/","url":"https:\/\/thedashcamlawyer.com\/wp-content\/uploads\/2018\/02\/logo.png","contentUrl":"https:\/\/thedashcamlawyer.com\/wp-content\/uploads\/2018\/02\/logo.png","width":331,"height":90,"caption":"Personal Injury Law firm of Shannon J. Sagan"},"image":{"@id":"https:\/\/thedashcamlawyer.com\/#\/schema\/logo\/image\/"},"sameAs":["https:\/\/www.facebook.com\/shannonjsagan1800FlaLawyer\/","https:\/\/x.com\/1800FLALAWYER","https:\/\/www.instagram.com\/1800flalawyer\/","https:\/\/www.pinterest.com\/1800flalawyer\/","https:\/\/www.youtube.com\/user\/1800FlaLawyer"]}]}},"_links":{"self":[{"href":"https:\/\/thedashcamlawyer.com\/es\/wp-json\/wp\/v2\/pages\/7722"}],"collection":[{"href":"https:\/\/thedashcamlawyer.com\/es\/wp-json\/wp\/v2\/pages"}],"about":[{"href":"https:\/\/thedashcamlawyer.com\/es\/wp-json\/wp\/v2\/types\/page"}],"author":[{"embeddable":true,"href":"https:\/\/thedashcamlawyer.com\/es\/wp-json\/wp\/v2\/users\/16"}],"replies":[{"embeddable":true,"href":"https:\/\/thedashcamlawyer.com\/es\/wp-json\/wp\/v2\/comments?post=7722"}],"version-history":[{"count":0,"href":"https:\/\/thedashcamlawyer.com\/es\/wp-json\/wp\/v2\/pages\/7722\/revisions"}],"up":[{"embeddable":true,"href":"https:\/\/thedashcamlawyer.com\/es\/wp-json\/wp\/v2\/pages\/9523"}],"wp:attachment":[{"href":"https:\/\/thedashcamlawyer.com\/es\/wp-json\/wp\/v2\/media?parent=7722"}],"curies":[{"name":"wp","href":"https:\/\/api.w.org\/{rel}","templated":true}]}}