{"id":7725,"date":"2022-09-19T09:19:34","date_gmt":"2022-09-19T09:19:34","guid":{"rendered":"https:\/\/thedashcamlawyer.com\/abogado-especialista-en-mala-praxis-medica-en-florida\/"},"modified":"2024-02-23T06:40:48","modified_gmt":"2024-02-23T06:40:48","slug":"abogado-especialista-en-mala-praxis-medica-en-florida","status":"publish","type":"page","link":"https:\/\/thedashcamlawyer.com\/es\/practice-areas\/abogado-especialista-en-mala-praxis-medica-en-florida\/","title":{"rendered":"Abogado Especialista en Mala Praxis M\u00e9dica en Florida"},"content":{"rendered":"<h2>\u00bfQu\u00e9 es la mala praxis m\u00e9dica?<\/h2>\n<p><span style=\"font-weight: 400;\">La mala praxis m\u00e9dica es la acci\u00f3n negligente de un m\u00e9dico, enfermera, administrador u otro miembro del personal m\u00e9dico que est\u00e1 al frente del curso de su atenci\u00f3n. Usted no tiene base para una demanda por mala praxis m\u00e9dica si no hubo negligencia, lo que significa que no tiene un caso simplemente porque un procedimiento o tratamiento no tuvo \u00e9xito.<\/span><\/p>\n<p><span style=\"font-weight: 400;\">Los m\u00e9dicos expertos a veces cometen errores que pueden da\u00f1ar al paciente. Podr\u00eda tener un caso si las decisiones o errores de un profesional m\u00e9dico conducen a un da\u00f1o mayor.<\/span><\/p>\n<p><span style=\"font-weight: 400;\">En el bufete de abogados de Shannon J. Sagan, PA, investigamos cada caso para determinar si las acciones del m\u00e9dico o del hospital fueron m\u00e9dicamente negligentes para justificar una demanda por mala praxis m\u00e9dica.<\/span><\/p>\n<h2>Lesiones m\u00e1s comunes por mala praxis m\u00e9dica<\/h2>\n<p><span style=\"font-weight: 400;\">Un establecimiento m\u00e9dico bullicioso puede ser ca\u00f3tico, e incluso los trabajadores m\u00e9dicos experimentados pueden cometer errores. Desafortunadamente, puede significar facturas m\u00e9dicas m\u00e1s elevadas y lesiones por ser el receptor de uno de estos errores. Algunas lesiones comunes por mala praxis m\u00e9dica incluyen:<\/span><\/p>\n<ul>\n<li style=\"font-weight: 400;\" aria-level=\"1\"><span style=\"font-weight: 400;\">Lesi\u00f3n de nacimiento<\/span><\/li>\n<li style=\"font-weight: 400;\" aria-level=\"1\"><span style=\"font-weight: 400;\">errores de medicaci\u00f3n<\/span><\/li>\n<li style=\"font-weight: 400;\" aria-level=\"1\"><span style=\"font-weight: 400;\">Diagn\u00f3stico err\u00f3neo de la enfermedad (como el c\u00e1ncer)<\/span><\/li>\n<li style=\"font-weight: 400;\" aria-level=\"1\"><span style=\"font-weight: 400;\">Manejo inadecuado de los resultados de laboratorio.<\/span><\/li>\n<li style=\"font-weight: 400;\" aria-level=\"1\"><span style=\"font-weight: 400;\">Rehabilitaci\u00f3n o atenci\u00f3n posterior al procedimiento inadecuada\u00a0<\/span><\/li>\n<li style=\"font-weight: 400;\" aria-level=\"1\"><span style=\"font-weight: 400;\">Errores de anestesia<\/span><\/li>\n<li style=\"font-weight: 400;\" aria-level=\"1\"><span style=\"font-weight: 400;\">Historial inexacto del paciente<\/span><\/li>\n<li style=\"font-weight: 400;\" aria-level=\"1\"><span style=\"font-weight: 400;\">Errores durante la cirug\u00eda<\/span><\/li>\n<li style=\"font-weight: 400;\" aria-level=\"1\"><span style=\"font-weight: 400;\">Tr\u00e1mites innecesarios<\/span><\/li>\n<li style=\"font-weight: 400;\" aria-level=\"1\"><span style=\"font-weight: 400;\">\u00d3rdenes incorrectas para las pruebas<\/span><\/li>\n<li style=\"font-weight: 400;\" aria-level=\"1\"><span style=\"font-weight: 400;\">Infecci\u00f3n durante una estad\u00eda en el hospital (SARM (Staphylococcus aureus resistente a la meticilina), estafilococos, etc.)<\/span><\/li>\n<\/ul>\n<p><span style=\"font-weight: 400;\">Cualquier error, diagn\u00f3stico err\u00f3neo, falta de diagn\u00f3stico u otra lesi\u00f3n que resulte de su atenci\u00f3n m\u00e9dica podr\u00eda ocasionar estad\u00edas m\u00e1s largas en el hospital y facturas m\u00e9dicas m\u00e1s elevadas. Un metan\u00e1lisis de 2019 de estudios sobre da\u00f1o al paciente publicado por Maria Panagioti y colegas de la Universidad de Manchester (Reino Unido) recopil\u00f3 datos de 70 estudios internacionales para determinar que, en promedio, la tasa de <\/span><a href=\"https:\/\/www.bmj.com\/content\/366\/bmj.l4185\"><span style=\"font-weight: 400;\">da\u00f1o evitable al paciente era del 6 %.<\/span><\/a><\/p>\n<h2>Demostrar que la mala praxis m\u00e9dica caus\u00f3 su lesi\u00f3n<\/h2>\n<p><span style=\"font-weight: 400;\">Si bien las <\/span><a href=\"https:\/\/www.ncbi.nlm.nih.gov\/pmc\/articles\/PMC2628515\/\"><span style=\"font-weight: 400;\">estad\u00edsticas de juicios por jurado <\/span><\/a><span style=\"font-weight: 400;\">en casos de negligencia m\u00e9dica no son esperanzadoras, esas estad\u00edsticas no tienen en cuenta las demandas que se resuelven fuera de los tribunales.<\/span><\/p>\n<p><span style=\"font-weight: 400;\">En el Bufete de Abogados de Shannon J. Sagan, PA, podemos ayudarle a evaluar y determinar si puede aspirar legalmente una compensaci\u00f3n total por los da\u00f1os econ\u00f3micos, incluidas las facturas m\u00e9dicas, la p\u00e9rdida de salarios y los costos futuros de atenci\u00f3n m\u00e9dica como resultado de la mala praxis m\u00e9dica. Tambi\u00e9n puede reclamar da\u00f1os no econ\u00f3micos, como dolor y sufrimiento, ansiedad, desfiguraci\u00f3n o trastornos de estr\u00e9s causados por sus lesiones.<\/span><\/p>\n<p><span style=\"font-weight: 400;\">Para probar un caso de mala praxis, necesita pruebas que demuestren que los profesionales a cargo de su atenci\u00f3n fueron negligentes en su pr\u00e1ctica m\u00e9dica. P\u00f3ngase en contacto con nuestro bufete de abogados hoy para que el abogado experto en negligencia m\u00e9dica Shannon Sagan revise su caso.<\/span><\/p>\n<h2>Comun\u00edquese con nuestro abogado experto en negligencia m\u00e9dica en Florida<\/h2>\n<p><span style=\"font-weight: 400;\">Llame hoy al abogado Shannon J. Sagan al <a href=\"tel:561-561-3274\">561-DASHCAM<\/a><\/span><a href=\"https:\/\/thedashcamlawyer.com\/es\/contacto\/\"> <span style=\"font-weight: 400;\">o cont\u00e1ctenos en <\/span><\/a><span style=\"font-weight: 400;\">l\u00ednea para programar la evaluaci\u00f3n gratuita de su caso.<\/span><\/p>\n","protected":false},"excerpt":{"rendered":"<p>\u00bfQu\u00e9 es la mala praxis m\u00e9dica? La mala praxis m\u00e9dica es la acci\u00f3n negligente de un m\u00e9dico, enfermera, administrador u otro miembro del personal m\u00e9dico que est\u00e1 al frente del curso de su atenci\u00f3n. Usted no tiene base para una demanda por mala praxis m\u00e9dica si no hubo negligencia, lo que significa que no tiene&hellip;<\/p>\n","protected":false},"author":16,"featured_media":0,"parent":9523,"menu_order":0,"comment_status":"closed","ping_status":"closed","template":"","meta":{"_acf_changed":false,"inline_featured_image":false,"footnotes":""},"class_list":["post-7725","page","type-page","status-publish","hentry"],"acf":[],"yoast_head":"<!-- This site is optimized with the Yoast SEO plugin v25.6 - https:\/\/yoast.com\/wordpress\/plugins\/seo\/ -->\n<title>Abogado Especialista en Mala Praxis M\u00e9dica en Florida - The Dashcam Lawyer\u00ae<\/title>\n<meta name=\"robots\" content=\"index, follow, max-snippet:-1, max-image-preview:large, max-video-preview:-1\" \/>\n<link rel=\"canonical\" href=\"https:\/\/thedashcamlawyer.com\/es\/abogado-especialista-en-mala-praxis-medica-en-florida\/\" \/>\n<meta property=\"og:locale\" content=\"es_ES\" \/>\n<meta property=\"og:type\" content=\"article\" \/>\n<meta property=\"og:title\" content=\"Abogado Especialista en Mala Praxis M\u00e9dica en Florida - The Dashcam Lawyer\u00ae\" \/>\n<meta property=\"og:description\" content=\"\u00bfQu\u00e9 es la mala praxis m\u00e9dica? La mala praxis m\u00e9dica es la acci\u00f3n negligente de un m\u00e9dico, enfermera, administrador u otro miembro del personal m\u00e9dico que est\u00e1 al frente del curso de su atenci\u00f3n. Usted no tiene base para una demanda por mala praxis m\u00e9dica si no hubo negligencia, lo que significa que no tiene&hellip;\" \/>\n<meta property=\"og:url\" content=\"https:\/\/thedashcamlawyer.com\/es\/abogado-especialista-en-mala-praxis-medica-en-florida\/\" \/>\n<meta property=\"og:site_name\" content=\"The Dashcam Lawyer\u00ae\" \/>\n<meta property=\"article:publisher\" content=\"https:\/\/www.facebook.com\/shannonjsagan1800FlaLawyer\/\" \/>\n<meta property=\"article:modified_time\" content=\"2024-02-23T06:40:48+00:00\" \/>\n<meta name=\"twitter:card\" content=\"summary_large_image\" \/>\n<meta name=\"twitter:site\" content=\"@1800FLALAWYER\" \/>\n<meta name=\"twitter:label1\" content=\"Tiempo de lectura\" \/>\n\t<meta name=\"twitter:data1\" content=\"3 minutos\" \/>\n<script type=\"application\/ld+json\" class=\"yoast-schema-graph\">{\"@context\":\"https:\/\/schema.org\",\"@graph\":[{\"@type\":\"WebPage\",\"@id\":\"https:\/\/thedashcamlawyer.com\/es\/abogado-especialista-en-mala-praxis-medica-en-florida\/\",\"url\":\"https:\/\/thedashcamlawyer.com\/es\/abogado-especialista-en-mala-praxis-medica-en-florida\/\",\"name\":\"Abogado Especialista en Mala Praxis M\u00e9dica en Florida - The Dashcam Lawyer\u00ae\",\"isPartOf\":{\"@id\":\"https:\/\/thedashcamlawyer.com\/#website\"},\"datePublished\":\"2022-09-19T09:19:34+00:00\",\"dateModified\":\"2024-02-23T06:40:48+00:00\",\"breadcrumb\":{\"@id\":\"https:\/\/thedashcamlawyer.com\/es\/abogado-especialista-en-mala-praxis-medica-en-florida\/#breadcrumb\"},\"inLanguage\":\"es\",\"potentialAction\":[{\"@type\":\"ReadAction\",\"target\":[\"https:\/\/thedashcamlawyer.com\/es\/abogado-especialista-en-mala-praxis-medica-en-florida\/\"]}]},{\"@type\":\"BreadcrumbList\",\"@id\":\"https:\/\/thedashcamlawyer.com\/es\/abogado-especialista-en-mala-praxis-medica-en-florida\/#breadcrumb\",\"itemListElement\":[{\"@type\":\"ListItem\",\"position\":1,\"name\":\"Home\",\"item\":\"https:\/\/thedashcamlawyer.com\/es\/\"},{\"@type\":\"ListItem\",\"position\":2,\"name\":\"Abogado Especialista en Mala Praxis M\u00e9dica en Florida\"}]},{\"@type\":\"WebSite\",\"@id\":\"https:\/\/thedashcamlawyer.com\/#website\",\"url\":\"https:\/\/thedashcamlawyer.com\/\",\"name\":\"The Dashcam Lawyer\u00ae\",\"description\":\"Palm Beach Personal Injury Law Firm\",\"publisher\":{\"@id\":\"https:\/\/thedashcamlawyer.com\/#organization\"},\"potentialAction\":[{\"@type\":\"SearchAction\",\"target\":{\"@type\":\"EntryPoint\",\"urlTemplate\":\"https:\/\/thedashcamlawyer.com\/?s={search_term_string}\"},\"query-input\":{\"@type\":\"PropertyValueSpecification\",\"valueRequired\":true,\"valueName\":\"search_term_string\"}}],\"inLanguage\":\"es\"},{\"@type\":\"Organization\",\"@id\":\"https:\/\/thedashcamlawyer.com\/#organization\",\"name\":\"Personal Injury Law firm of Shannon J. Sagan\",\"url\":\"https:\/\/thedashcamlawyer.com\/\",\"logo\":{\"@type\":\"ImageObject\",\"inLanguage\":\"es\",\"@id\":\"https:\/\/thedashcamlawyer.com\/#\/schema\/logo\/image\/\",\"url\":\"https:\/\/thedashcamlawyer.com\/wp-content\/uploads\/2018\/02\/logo.png\",\"contentUrl\":\"https:\/\/thedashcamlawyer.com\/wp-content\/uploads\/2018\/02\/logo.png\",\"width\":331,\"height\":90,\"caption\":\"Personal Injury Law firm of Shannon J. Sagan\"},\"image\":{\"@id\":\"https:\/\/thedashcamlawyer.com\/#\/schema\/logo\/image\/\"},\"sameAs\":[\"https:\/\/www.facebook.com\/shannonjsagan1800FlaLawyer\/\",\"https:\/\/x.com\/1800FLALAWYER\",\"https:\/\/www.instagram.com\/1800flalawyer\/\",\"https:\/\/www.pinterest.com\/1800flalawyer\/\",\"https:\/\/www.youtube.com\/user\/1800FlaLawyer\"]}]}<\/script>\n<!-- \/ Yoast SEO plugin. -->","yoast_head_json":{"title":"Abogado Especialista en Mala Praxis M\u00e9dica en Florida - The Dashcam Lawyer\u00ae","robots":{"index":"index","follow":"follow","max-snippet":"max-snippet:-1","max-image-preview":"max-image-preview:large","max-video-preview":"max-video-preview:-1"},"canonical":"https:\/\/thedashcamlawyer.com\/es\/abogado-especialista-en-mala-praxis-medica-en-florida\/","og_locale":"es_ES","og_type":"article","og_title":"Abogado Especialista en Mala Praxis M\u00e9dica en Florida - The Dashcam Lawyer\u00ae","og_description":"\u00bfQu\u00e9 es la mala praxis m\u00e9dica? La mala praxis m\u00e9dica es la acci\u00f3n negligente de un m\u00e9dico, enfermera, administrador u otro miembro del personal m\u00e9dico que est\u00e1 al frente del curso de su atenci\u00f3n. Usted no tiene base para una demanda por mala praxis m\u00e9dica si no hubo negligencia, lo que significa que no tiene&hellip;","og_url":"https:\/\/thedashcamlawyer.com\/es\/abogado-especialista-en-mala-praxis-medica-en-florida\/","og_site_name":"The Dashcam Lawyer\u00ae","article_publisher":"https:\/\/www.facebook.com\/shannonjsagan1800FlaLawyer\/","article_modified_time":"2024-02-23T06:40:48+00:00","twitter_card":"summary_large_image","twitter_site":"@1800FLALAWYER","twitter_misc":{"Tiempo de lectura":"3 minutos"},"schema":{"@context":"https:\/\/schema.org","@graph":[{"@type":"WebPage","@id":"https:\/\/thedashcamlawyer.com\/es\/abogado-especialista-en-mala-praxis-medica-en-florida\/","url":"https:\/\/thedashcamlawyer.com\/es\/abogado-especialista-en-mala-praxis-medica-en-florida\/","name":"Abogado Especialista en Mala Praxis M\u00e9dica en Florida - The Dashcam Lawyer\u00ae","isPartOf":{"@id":"https:\/\/thedashcamlawyer.com\/#website"},"datePublished":"2022-09-19T09:19:34+00:00","dateModified":"2024-02-23T06:40:48+00:00","breadcrumb":{"@id":"https:\/\/thedashcamlawyer.com\/es\/abogado-especialista-en-mala-praxis-medica-en-florida\/#breadcrumb"},"inLanguage":"es","potentialAction":[{"@type":"ReadAction","target":["https:\/\/thedashcamlawyer.com\/es\/abogado-especialista-en-mala-praxis-medica-en-florida\/"]}]},{"@type":"BreadcrumbList","@id":"https:\/\/thedashcamlawyer.com\/es\/abogado-especialista-en-mala-praxis-medica-en-florida\/#breadcrumb","itemListElement":[{"@type":"ListItem","position":1,"name":"Home","item":"https:\/\/thedashcamlawyer.com\/es\/"},{"@type":"ListItem","position":2,"name":"Abogado Especialista en Mala Praxis M\u00e9dica en Florida"}]},{"@type":"WebSite","@id":"https:\/\/thedashcamlawyer.com\/#website","url":"https:\/\/thedashcamlawyer.com\/","name":"The Dashcam Lawyer\u00ae","description":"Palm Beach Personal Injury Law Firm","publisher":{"@id":"https:\/\/thedashcamlawyer.com\/#organization"},"potentialAction":[{"@type":"SearchAction","target":{"@type":"EntryPoint","urlTemplate":"https:\/\/thedashcamlawyer.com\/?s={search_term_string}"},"query-input":{"@type":"PropertyValueSpecification","valueRequired":true,"valueName":"search_term_string"}}],"inLanguage":"es"},{"@type":"Organization","@id":"https:\/\/thedashcamlawyer.com\/#organization","name":"Personal Injury Law firm of Shannon J. Sagan","url":"https:\/\/thedashcamlawyer.com\/","logo":{"@type":"ImageObject","inLanguage":"es","@id":"https:\/\/thedashcamlawyer.com\/#\/schema\/logo\/image\/","url":"https:\/\/thedashcamlawyer.com\/wp-content\/uploads\/2018\/02\/logo.png","contentUrl":"https:\/\/thedashcamlawyer.com\/wp-content\/uploads\/2018\/02\/logo.png","width":331,"height":90,"caption":"Personal Injury Law firm of Shannon J. Sagan"},"image":{"@id":"https:\/\/thedashcamlawyer.com\/#\/schema\/logo\/image\/"},"sameAs":["https:\/\/www.facebook.com\/shannonjsagan1800FlaLawyer\/","https:\/\/x.com\/1800FLALAWYER","https:\/\/www.instagram.com\/1800flalawyer\/","https:\/\/www.pinterest.com\/1800flalawyer\/","https:\/\/www.youtube.com\/user\/1800FlaLawyer"]}]}},"_links":{"self":[{"href":"https:\/\/thedashcamlawyer.com\/es\/wp-json\/wp\/v2\/pages\/7725"}],"collection":[{"href":"https:\/\/thedashcamlawyer.com\/es\/wp-json\/wp\/v2\/pages"}],"about":[{"href":"https:\/\/thedashcamlawyer.com\/es\/wp-json\/wp\/v2\/types\/page"}],"author":[{"embeddable":true,"href":"https:\/\/thedashcamlawyer.com\/es\/wp-json\/wp\/v2\/users\/16"}],"replies":[{"embeddable":true,"href":"https:\/\/thedashcamlawyer.com\/es\/wp-json\/wp\/v2\/comments?post=7725"}],"version-history":[{"count":0,"href":"https:\/\/thedashcamlawyer.com\/es\/wp-json\/wp\/v2\/pages\/7725\/revisions"}],"up":[{"embeddable":true,"href":"https:\/\/thedashcamlawyer.com\/es\/wp-json\/wp\/v2\/pages\/9523"}],"wp:attachment":[{"href":"https:\/\/thedashcamlawyer.com\/es\/wp-json\/wp\/v2\/media?parent=7725"}],"curies":[{"name":"wp","href":"https:\/\/api.w.org\/{rel}","templated":true}]}}