{"id":7731,"date":"2022-09-19T09:26:48","date_gmt":"2022-09-19T09:26:48","guid":{"rendered":"https:\/\/thedashcamlawyer.com\/abogado-especialista-en-lesiones-por-quemaduras-en-florida\/"},"modified":"2024-02-23T06:39:43","modified_gmt":"2024-02-23T06:39:43","slug":"abogado-especialista-en-lesiones-por-quemaduras-en-florida","status":"publish","type":"page","link":"https:\/\/thedashcamlawyer.com\/es\/practice-areas\/abogado-especialista-en-lesiones-por-quemaduras-en-florida\/","title":{"rendered":"Abogado especialista en lesiones por quemaduras en Florida"},"content":{"rendered":"<h2>Causas m\u00e1s comunes y tipos de lesiones por quemaduras<\/h2>\n<p><span style=\"font-weight: 400;\">Una quemadura puede ocurrir por varias razones, que incluyen:<\/span><\/p>\n<ul>\n<li style=\"font-weight: 400;\" aria-level=\"1\"><span style=\"font-weight: 400;\">Accidentes automovil\u00edsticos<\/span><\/li>\n<li style=\"font-weight: 400;\" aria-level=\"1\"><span style=\"font-weight: 400;\">accidentes de moto<\/span><\/li>\n<li style=\"font-weight: 400;\" aria-level=\"1\"><span style=\"font-weight: 400;\">accidentes de camiones<\/span><\/li>\n<li style=\"font-weight: 400;\" aria-level=\"1\"><span style=\"font-weight: 400;\">Descargas el\u00e9ctricas o incendios<\/span><\/li>\n<li style=\"font-weight: 400;\" aria-level=\"1\"><span style=\"font-weight: 400;\">accidentes de trabajo<\/span><\/li>\n<li style=\"font-weight: 400;\" aria-level=\"1\"><span style=\"font-weight: 400;\">incendios dom\u00e9sticos<\/span><\/li>\n<li style=\"font-weight: 400;\" aria-level=\"1\"><span style=\"font-weight: 400;\">Responsabilidad de los establecimientos<\/span><\/li>\n<li style=\"font-weight: 400;\" aria-level=\"1\"><span style=\"font-weight: 400;\">Productos defectuosos<\/span><\/li>\n<\/ul>\n<p><span style=\"font-weight: 400;\">El tipo de quemaduras tambi\u00e9n puede variar desde quemaduras de primer grado hasta quemaduras de cuarto grado. Una quemadura de primer grado solo da\u00f1a la capa externa de la piel y, por lo general, no requiere atenci\u00f3n m\u00e9dica. Sin embargo, la quemadura m\u00e1s grave es una quemadura de cuarto grado, que puede penetrar a trav\u00e9s de la piel hasta el hueso y provocar la muerte. Las quemaduras de segundo grado afectan la capa de la dermis debajo de la epidermis externa y pueden provocar ampollas, cicatrices y cambios permanentes en el color de la piel. Las quemaduras de tercer grado destruyen las capas de la piel, incluidos los nervios de la piel. Las quemaduras de tercer grado a menudo requieren injertos de piel para que se curen.<\/span><\/p>\n<h2>Acciones legales para buscar una compensaci\u00f3n despu\u00e9s de una quemadura<\/h2>\n<p><span style=\"font-weight: 400;\">Varios tipos de costos m\u00e9dicos est\u00e1n asociados con quemaduras, especialmente con quemaduras de tercer y cuarto grado. Las lesiones graves por quemaduras pueden requerir estad\u00edas prolongadas en unidades de atenci\u00f3n de quemados o <\/span><a href=\"https:\/\/ameriburn.org\/resources\/find-a-burn-center\/\"><span style=\"font-weight: 400;\">centros de quemados <\/span><span style=\"font-weight: 400;\">certificados<\/span> <\/a><span style=\"font-weight: 400;\">. Sus costos m\u00e9dicos por una quemadura podr\u00edan incluir:<\/span><\/p>\n<ul>\n<li style=\"font-weight: 400;\" aria-level=\"1\"><span style=\"font-weight: 400;\">Pruebas m\u00e9dicas y de imagen<\/span><\/li>\n<li style=\"font-weight: 400;\" aria-level=\"1\"><span style=\"font-weight: 400;\">Estancias en el hospital y viajes en ambulancia<\/span><\/li>\n<li style=\"font-weight: 400;\" aria-level=\"1\"><span style=\"font-weight: 400;\">Visitas al m\u00e9dico<\/span><\/li>\n<li style=\"font-weight: 400;\" aria-level=\"1\"><span style=\"font-weight: 400;\">Cirug\u00eda, incluida cirug\u00eda pl\u00e1stica o cirug\u00eda reconstructiva<\/span><\/li>\n<li style=\"font-weight: 400;\" aria-level=\"1\"><span style=\"font-weight: 400;\">Rehabilitaci\u00f3n y fisioterapia<\/span><\/li>\n<li style=\"font-weight: 400;\" aria-level=\"1\"><span style=\"font-weight: 400;\">Medicamentos<\/span><\/li>\n<li style=\"font-weight: 400;\" aria-level=\"1\"><span style=\"font-weight: 400;\">Dispositivos m\u00e9dicos o pr\u00f3tesis en el hogar<\/span><\/li>\n<li style=\"font-weight: 400;\" aria-level=\"1\"><span style=\"font-weight: 400;\">Cuidado de la salud en el hogar<\/span><\/li>\n<li style=\"font-weight: 400;\" aria-level=\"1\"><span style=\"font-weight: 400;\">Gastos de viajes a instalaciones especializadas<\/span><\/li>\n<\/ul>\n<p><span style=\"font-weight: 400;\">Nuestro abogado especialista en lesiones por quemaduras, Shannon Sagan, puede ayudarle a buscar una compensaci\u00f3n por da\u00f1os econ\u00f3micos, incluidas facturas m\u00e9dicas y salarios perdidos, as\u00ed como da\u00f1os no econ\u00f3micos por dolor y sufrimiento o angustia mental. Tambi\u00e9n podemos conseguir da\u00f1os punitivos si la parte responsable de sus lesiones por quemaduras actu\u00f3 de manera imprudente, maliciosa o fue gravemente negligente al provocarle las lesiones.<\/span><\/p>\n<p><span style=\"font-weight: 400;\">Determinar la responsabilidad por una quemadura puede ser compleja. Por ejemplo, la compensaci\u00f3n a los trabajadores probablemente cubrir\u00e1 sus lesiones si la quemadura ocurre en el trabajo. Sin embargo, si un defecto de fabricaci\u00f3n provoc\u00f3 un accidente automovil\u00edstico en el que su autom\u00f3vil se incendi\u00f3, es posible que pueda reclamar da\u00f1os y perjuicios al fabricante. Tambi\u00e9n puede presentar un caso de lesiones por quemaduras contra un arrendador que ten\u00eda conocimiento previo de un problema el\u00e9ctrico.<\/span><\/p>\n<p><span style=\"font-weight: 400;\">Si un ser querido sufre quemaduras tan graves como para provocar una muerte por negligencia, nuestro abogado especialista en lesiones por quemaduras puede ayudar a la familia a buscar una compensaci\u00f3n contra la parte responsable. Por ejemplo, si su autom\u00f3vil el\u00e9ctrico tiene una bater\u00eda y un sistema de bloqueo que son defectuosos, la bater\u00eda puede incendiarse con su familiar atrapado dentro. Su familia podr\u00eda buscar una compensaci\u00f3n en una demanda por muerte por negligencia contra el fabricante.<\/span><\/p>\n<h2>Comun\u00edquese con nuestro abogado experto en lesiones por quemaduras del sur de Florida<\/h2>\n<p><span style=\"font-weight: 400;\">Una lesi\u00f3n por quemaduras puede ser extremadamente dolorosa f\u00edsica y emocionalmente. Algunas, terminan en la muerte. Una lesi\u00f3n por quemadura puede dejarle cicatrices permanentes, facturas m\u00e9dicas excesivas e incapacidad para trabajar. Es posible que pueda emprender acciones legales si usted o un ser querido han resultado heridos en un accidente por quemaduras. P\u00f3ngase <\/span><span style=\"font-weight: 400;\">en contacto con nuestro bufete de abogados hoy para obtener representaci\u00f3n personal del abogado Shannon Sagan. Ll\u00e1menos a las Oficinas Legales de Shannon J. Sagan, AP, al <a href=\"tel:561-561-3274\">561-DASHCAM<\/a><\/span> <span style=\"font-weight: 400;\">o <\/span><a href=\"https:\/\/thedashcamlawyer.com\/es\/contacto\/\"><span style=\"font-weight: 400;\">cont\u00e1ctenos en <\/span><\/a><span style=\"font-weight: 400;\">l\u00ednea para una evaluaci\u00f3n gratuita de su caso.<\/span><\/p>\n","protected":false},"excerpt":{"rendered":"<p>Causas m\u00e1s comunes y tipos de lesiones por quemaduras Una quemadura puede ocurrir por varias razones, que incluyen: Accidentes automovil\u00edsticos accidentes de moto accidentes de camiones Descargas el\u00e9ctricas o incendios accidentes de trabajo incendios dom\u00e9sticos Responsabilidad de los establecimientos Productos defectuosos El tipo de quemaduras tambi\u00e9n puede variar desde quemaduras de primer grado hasta quemaduras&hellip;<\/p>\n","protected":false},"author":16,"featured_media":0,"parent":9523,"menu_order":0,"comment_status":"closed","ping_status":"closed","template":"","meta":{"_acf_changed":false,"inline_featured_image":false,"footnotes":""},"class_list":["post-7731","page","type-page","status-publish","hentry"],"acf":[],"yoast_head":"<!-- This site is optimized with the Yoast SEO plugin v25.6 - https:\/\/yoast.com\/wordpress\/plugins\/seo\/ -->\n<title>Abogado especialista en lesiones por quemaduras en Florida - The Dashcam Lawyer\u00ae<\/title>\n<meta name=\"robots\" content=\"index, follow, max-snippet:-1, max-image-preview:large, max-video-preview:-1\" \/>\n<link rel=\"canonical\" href=\"https:\/\/thedashcamlawyer.com\/es\/abogado-especialista-en-lesiones-por-quemaduras-en-florida\/\" \/>\n<meta property=\"og:locale\" content=\"es_ES\" \/>\n<meta property=\"og:type\" content=\"article\" \/>\n<meta property=\"og:title\" content=\"Abogado especialista en lesiones por quemaduras en Florida - The Dashcam Lawyer\u00ae\" \/>\n<meta property=\"og:description\" content=\"Causas m\u00e1s comunes y tipos de lesiones por quemaduras Una quemadura puede ocurrir por varias razones, que incluyen: Accidentes automovil\u00edsticos accidentes de moto accidentes de camiones Descargas el\u00e9ctricas o incendios accidentes de trabajo incendios dom\u00e9sticos Responsabilidad de los establecimientos Productos defectuosos El tipo de quemaduras tambi\u00e9n puede variar desde quemaduras de primer grado hasta quemaduras&hellip;\" \/>\n<meta property=\"og:url\" content=\"https:\/\/thedashcamlawyer.com\/es\/abogado-especialista-en-lesiones-por-quemaduras-en-florida\/\" \/>\n<meta property=\"og:site_name\" content=\"The Dashcam Lawyer\u00ae\" \/>\n<meta property=\"article:publisher\" content=\"https:\/\/www.facebook.com\/shannonjsagan1800FlaLawyer\/\" \/>\n<meta property=\"article:modified_time\" content=\"2024-02-23T06:39:43+00:00\" \/>\n<meta name=\"twitter:card\" content=\"summary_large_image\" \/>\n<meta name=\"twitter:site\" content=\"@1800FLALAWYER\" \/>\n<meta name=\"twitter:label1\" content=\"Tiempo de lectura\" \/>\n\t<meta name=\"twitter:data1\" content=\"3 minutos\" \/>\n<script type=\"application\/ld+json\" class=\"yoast-schema-graph\">{\"@context\":\"https:\/\/schema.org\",\"@graph\":[{\"@type\":\"WebPage\",\"@id\":\"https:\/\/thedashcamlawyer.com\/es\/abogado-especialista-en-lesiones-por-quemaduras-en-florida\/\",\"url\":\"https:\/\/thedashcamlawyer.com\/es\/abogado-especialista-en-lesiones-por-quemaduras-en-florida\/\",\"name\":\"Abogado especialista en lesiones por quemaduras en Florida - The Dashcam Lawyer\u00ae\",\"isPartOf\":{\"@id\":\"https:\/\/thedashcamlawyer.com\/#website\"},\"datePublished\":\"2022-09-19T09:26:48+00:00\",\"dateModified\":\"2024-02-23T06:39:43+00:00\",\"breadcrumb\":{\"@id\":\"https:\/\/thedashcamlawyer.com\/es\/abogado-especialista-en-lesiones-por-quemaduras-en-florida\/#breadcrumb\"},\"inLanguage\":\"es\",\"potentialAction\":[{\"@type\":\"ReadAction\",\"target\":[\"https:\/\/thedashcamlawyer.com\/es\/abogado-especialista-en-lesiones-por-quemaduras-en-florida\/\"]}]},{\"@type\":\"BreadcrumbList\",\"@id\":\"https:\/\/thedashcamlawyer.com\/es\/abogado-especialista-en-lesiones-por-quemaduras-en-florida\/#breadcrumb\",\"itemListElement\":[{\"@type\":\"ListItem\",\"position\":1,\"name\":\"Home\",\"item\":\"https:\/\/thedashcamlawyer.com\/es\/\"},{\"@type\":\"ListItem\",\"position\":2,\"name\":\"Abogado especialista en lesiones por quemaduras en Florida\"}]},{\"@type\":\"WebSite\",\"@id\":\"https:\/\/thedashcamlawyer.com\/#website\",\"url\":\"https:\/\/thedashcamlawyer.com\/\",\"name\":\"The Dashcam Lawyer\u00ae\",\"description\":\"Palm Beach Personal Injury Law Firm\",\"publisher\":{\"@id\":\"https:\/\/thedashcamlawyer.com\/#organization\"},\"potentialAction\":[{\"@type\":\"SearchAction\",\"target\":{\"@type\":\"EntryPoint\",\"urlTemplate\":\"https:\/\/thedashcamlawyer.com\/?s={search_term_string}\"},\"query-input\":{\"@type\":\"PropertyValueSpecification\",\"valueRequired\":true,\"valueName\":\"search_term_string\"}}],\"inLanguage\":\"es\"},{\"@type\":\"Organization\",\"@id\":\"https:\/\/thedashcamlawyer.com\/#organization\",\"name\":\"Personal Injury Law firm of Shannon J. Sagan\",\"url\":\"https:\/\/thedashcamlawyer.com\/\",\"logo\":{\"@type\":\"ImageObject\",\"inLanguage\":\"es\",\"@id\":\"https:\/\/thedashcamlawyer.com\/#\/schema\/logo\/image\/\",\"url\":\"https:\/\/thedashcamlawyer.com\/wp-content\/uploads\/2018\/02\/logo.png\",\"contentUrl\":\"https:\/\/thedashcamlawyer.com\/wp-content\/uploads\/2018\/02\/logo.png\",\"width\":331,\"height\":90,\"caption\":\"Personal Injury Law firm of Shannon J. Sagan\"},\"image\":{\"@id\":\"https:\/\/thedashcamlawyer.com\/#\/schema\/logo\/image\/\"},\"sameAs\":[\"https:\/\/www.facebook.com\/shannonjsagan1800FlaLawyer\/\",\"https:\/\/x.com\/1800FLALAWYER\",\"https:\/\/www.instagram.com\/1800flalawyer\/\",\"https:\/\/www.pinterest.com\/1800flalawyer\/\",\"https:\/\/www.youtube.com\/user\/1800FlaLawyer\"]}]}<\/script>\n<!-- \/ Yoast SEO plugin. -->","yoast_head_json":{"title":"Abogado especialista en lesiones por quemaduras en Florida - The Dashcam Lawyer\u00ae","robots":{"index":"index","follow":"follow","max-snippet":"max-snippet:-1","max-image-preview":"max-image-preview:large","max-video-preview":"max-video-preview:-1"},"canonical":"https:\/\/thedashcamlawyer.com\/es\/abogado-especialista-en-lesiones-por-quemaduras-en-florida\/","og_locale":"es_ES","og_type":"article","og_title":"Abogado especialista en lesiones por quemaduras en Florida - The Dashcam Lawyer\u00ae","og_description":"Causas m\u00e1s comunes y tipos de lesiones por quemaduras Una quemadura puede ocurrir por varias razones, que incluyen: Accidentes automovil\u00edsticos accidentes de moto accidentes de camiones Descargas el\u00e9ctricas o incendios accidentes de trabajo incendios dom\u00e9sticos Responsabilidad de los establecimientos Productos defectuosos El tipo de quemaduras tambi\u00e9n puede variar desde quemaduras de primer grado hasta quemaduras&hellip;","og_url":"https:\/\/thedashcamlawyer.com\/es\/abogado-especialista-en-lesiones-por-quemaduras-en-florida\/","og_site_name":"The Dashcam Lawyer\u00ae","article_publisher":"https:\/\/www.facebook.com\/shannonjsagan1800FlaLawyer\/","article_modified_time":"2024-02-23T06:39:43+00:00","twitter_card":"summary_large_image","twitter_site":"@1800FLALAWYER","twitter_misc":{"Tiempo de lectura":"3 minutos"},"schema":{"@context":"https:\/\/schema.org","@graph":[{"@type":"WebPage","@id":"https:\/\/thedashcamlawyer.com\/es\/abogado-especialista-en-lesiones-por-quemaduras-en-florida\/","url":"https:\/\/thedashcamlawyer.com\/es\/abogado-especialista-en-lesiones-por-quemaduras-en-florida\/","name":"Abogado especialista en lesiones por quemaduras en Florida - The Dashcam Lawyer\u00ae","isPartOf":{"@id":"https:\/\/thedashcamlawyer.com\/#website"},"datePublished":"2022-09-19T09:26:48+00:00","dateModified":"2024-02-23T06:39:43+00:00","breadcrumb":{"@id":"https:\/\/thedashcamlawyer.com\/es\/abogado-especialista-en-lesiones-por-quemaduras-en-florida\/#breadcrumb"},"inLanguage":"es","potentialAction":[{"@type":"ReadAction","target":["https:\/\/thedashcamlawyer.com\/es\/abogado-especialista-en-lesiones-por-quemaduras-en-florida\/"]}]},{"@type":"BreadcrumbList","@id":"https:\/\/thedashcamlawyer.com\/es\/abogado-especialista-en-lesiones-por-quemaduras-en-florida\/#breadcrumb","itemListElement":[{"@type":"ListItem","position":1,"name":"Home","item":"https:\/\/thedashcamlawyer.com\/es\/"},{"@type":"ListItem","position":2,"name":"Abogado especialista en lesiones por quemaduras en Florida"}]},{"@type":"WebSite","@id":"https:\/\/thedashcamlawyer.com\/#website","url":"https:\/\/thedashcamlawyer.com\/","name":"The Dashcam Lawyer\u00ae","description":"Palm Beach Personal Injury Law Firm","publisher":{"@id":"https:\/\/thedashcamlawyer.com\/#organization"},"potentialAction":[{"@type":"SearchAction","target":{"@type":"EntryPoint","urlTemplate":"https:\/\/thedashcamlawyer.com\/?s={search_term_string}"},"query-input":{"@type":"PropertyValueSpecification","valueRequired":true,"valueName":"search_term_string"}}],"inLanguage":"es"},{"@type":"Organization","@id":"https:\/\/thedashcamlawyer.com\/#organization","name":"Personal Injury Law firm of Shannon J. Sagan","url":"https:\/\/thedashcamlawyer.com\/","logo":{"@type":"ImageObject","inLanguage":"es","@id":"https:\/\/thedashcamlawyer.com\/#\/schema\/logo\/image\/","url":"https:\/\/thedashcamlawyer.com\/wp-content\/uploads\/2018\/02\/logo.png","contentUrl":"https:\/\/thedashcamlawyer.com\/wp-content\/uploads\/2018\/02\/logo.png","width":331,"height":90,"caption":"Personal Injury Law firm of Shannon J. Sagan"},"image":{"@id":"https:\/\/thedashcamlawyer.com\/#\/schema\/logo\/image\/"},"sameAs":["https:\/\/www.facebook.com\/shannonjsagan1800FlaLawyer\/","https:\/\/x.com\/1800FLALAWYER","https:\/\/www.instagram.com\/1800flalawyer\/","https:\/\/www.pinterest.com\/1800flalawyer\/","https:\/\/www.youtube.com\/user\/1800FlaLawyer"]}]}},"_links":{"self":[{"href":"https:\/\/thedashcamlawyer.com\/es\/wp-json\/wp\/v2\/pages\/7731"}],"collection":[{"href":"https:\/\/thedashcamlawyer.com\/es\/wp-json\/wp\/v2\/pages"}],"about":[{"href":"https:\/\/thedashcamlawyer.com\/es\/wp-json\/wp\/v2\/types\/page"}],"author":[{"embeddable":true,"href":"https:\/\/thedashcamlawyer.com\/es\/wp-json\/wp\/v2\/users\/16"}],"replies":[{"embeddable":true,"href":"https:\/\/thedashcamlawyer.com\/es\/wp-json\/wp\/v2\/comments?post=7731"}],"version-history":[{"count":0,"href":"https:\/\/thedashcamlawyer.com\/es\/wp-json\/wp\/v2\/pages\/7731\/revisions"}],"up":[{"embeddable":true,"href":"https:\/\/thedashcamlawyer.com\/es\/wp-json\/wp\/v2\/pages\/9523"}],"wp:attachment":[{"href":"https:\/\/thedashcamlawyer.com\/es\/wp-json\/wp\/v2\/media?parent=7731"}],"curies":[{"name":"wp","href":"https:\/\/api.w.org\/{rel}","templated":true}]}}