{"id":7733,"date":"2022-09-19T09:30:35","date_gmt":"2022-09-19T09:30:35","guid":{"rendered":"https:\/\/thedashcamlawyer.com\/mordeduras-de-perros\/"},"modified":"2024-02-23T06:40:29","modified_gmt":"2024-02-23T06:40:29","slug":"mordeduras-de-perros","status":"publish","type":"page","link":"https:\/\/thedashcamlawyer.com\/es\/practice-areas\/mordeduras-de-perros\/","title":{"rendered":"Mordeduras de Perros"},"content":{"rendered":"<h2>De Acuerdo a la Ley<\/h2>\n<p><a href=\"http:\/\/www.leg.state.fl.us\/statutes\/index.cfm?App_mode=Display_Statute&amp;URL=0700-0799\/0767\/Sections\/0767.04.html\"><span style=\"font-weight: 400;\">El estatuto de Florida 767.04 declara <\/span><\/a><span style=\"font-weight: 400;\">que \u201cEl due\u00f1o de cualquier perro que muerda a una persona mientras dicha persona se encuentra en un lugar p\u00fablico o en un lugar privado, incluida la propiedad del due\u00f1o del perro, es responsable de los da\u00f1os sufridos. por personas mordidas, independientemente del salvajismo anterior del perro o del conocimiento de dicho salvajismo por parte de los due\u00f1os. Sin embargo, cualquier negligencia por parte de la persona mordida que sea una causa inmediata del incidente de la mordedura reduce la responsabilidad del due\u00f1o del perro en el porcentaje en que la negligencia de la persona mordida contribuy\u00f3 al incidente de la mordedura\u201d. Esto significa que, si un juez o un jurado le encuentra a usted, la v\u00edctima, responsable en un 60 % de la mordedura, solo podr\u00e1s recuperar el 40 % de la compensaci\u00f3n que tiene derecho a recibir.<\/span><span style=\"font-weight: 400;\">\u00a0<\/span><\/p>\n<h2>\u00a1Obtenga ayuda de inmediato!<\/h2>\n<p><span style=\"font-weight: 400;\">Las mordeduras de perro son graves y deben tratarse de inmediato. El tratamiento de la mordedura de perro puede ser costoso. Los ciudadanos deben tener cuidado al acercarse a cualquier mascota. Algunos animales pueden parecer amigables y adorables, pero pueden volverse violentos sin ninguna explicaci\u00f3n. Todos deben tener precauci\u00f3n y buen juicio al tratar con mascotas, especialmente con las que no est\u00e1n familiarizados. <\/span><a href=\"http:\/\/www.floridahealth.gov\/\"><span style=\"font-weight: 400;\">El Departamento de Salud de Florida <\/span><\/a><span style=\"font-weight: 400;\">, la <\/span><a href=\"https:\/\/floridaanimalcontrol.org\/\"><span style=\"font-weight: 400;\">Asociaci\u00f3n de Control de Animales de Florida <\/span><\/a><span style=\"font-weight: 400;\">y la <\/span><a href=\"https:\/\/fvma.org\/\"><span style=\"font-weight: 400;\">Asociaci\u00f3n M\u00e9dica Veterinaria de Florida <\/span><\/a><span style=\"font-weight: 400;\">han colaborado para alentar a todos los floridanos a <\/span><a href=\"http:\/\/www.floridahealth.gov\/programs-and-services\/prevention\/dog-bite-prevention\/index.html\"><span style=\"font-weight: 400;\">aprender c\u00f3mo evitar ser mordido por un perro <\/span><\/a><span style=\"font-weight: 400;\">.<\/span><\/p>\n<p><span style=\"font-weight: 400;\">En Florida, las v\u00edctimas de ataques de perros pueden presentar un reclamo por sus lesiones. Conozca sus derechos y obtenga asesoramiento de un abogado antes de hablar con el due\u00f1o del perro o su compa\u00f1\u00eda de seguros.<\/span><span style=\"font-weight: 400;\">\u00a0<\/span><\/p>\n<h2>\u00a1Llame ahora a un abogado experto en mordeduras de perro!<\/h2>\n<p><span style=\"font-weight: 400;\">Los perros pueden ser amigables, obedientes y leales. Sin embargo, tambi\u00e9n pueden ser peligrosos cuando se les provoca, o pueden actuar de forma agresiva sin raz\u00f3n aparente. Las personas lesionadas en un ataque de un perro deben recibir tratamiento de inmediato y comunicarse con un abogado especialista en lesiones personales para investigar los hechos y presentar un reclamo.<\/span><\/p>\n<p><span style=\"font-weight: 400;\">El Bufete de Abogados de Shannon J Sagan pueden ayudarle a revisar la causa del accidente para determinar si hubo alguna infracci\u00f3n. <\/span><b>No pagar\u00e1 ning\u00fan costo ni honorarios de abogados hasta que resolvamos su caso de accidente por mordedura de perro ni cobramos indemnizaciones monetarias para usted a trav\u00e9s de un acuerdo o veredicto del jurado.<\/b><\/p>\n<p><span style=\"font-weight: 400;\">Nuestra firma ayuda a las v\u00edctimas de mordeduras de perros lesionadas en todo el sur de la Florida, ya sea que se encuentre en Lake Worth, Belle Glade, Pahokee, Delray Beach, Jupiter, Palm Springs, Boynton Beach, as\u00ed como en Wellington, Royal Palm Beach y cualquier otra ciudad del Condado de Palm Beach y condados cercanos. Ll\u00e1menos al <a href=\"tel:561-561-3274\">561-DASHCAM<\/a><\/span> <span style=\"font-weight: 400;\">o <\/span><a href=\"https:\/\/www.oreskylaw.com\/contact-us.html\"><span style=\"font-weight: 400;\">cont\u00e1ctenos en <\/span><\/a><span style=\"font-weight: 400;\">l\u00ednea para una cita gratuita.<\/span><\/p>\n","protected":false},"excerpt":{"rendered":"<p>De Acuerdo a la Ley El estatuto de Florida 767.04 declara que \u201cEl due\u00f1o de cualquier perro que muerda a una persona mientras dicha persona se encuentra en un lugar p\u00fablico o en un lugar privado, incluida la propiedad del due\u00f1o del perro, es responsable de los da\u00f1os sufridos. por personas mordidas, independientemente del salvajismo&hellip;<\/p>\n","protected":false},"author":16,"featured_media":0,"parent":9523,"menu_order":0,"comment_status":"closed","ping_status":"closed","template":"","meta":{"_acf_changed":false,"inline_featured_image":false,"footnotes":""},"class_list":["post-7733","page","type-page","status-publish","hentry"],"acf":[],"yoast_head":"<!-- This site is optimized with the Yoast SEO plugin v25.6 - https:\/\/yoast.com\/wordpress\/plugins\/seo\/ -->\n<title>Mordeduras de Perros - The Dashcam Lawyer\u00ae<\/title>\n<meta name=\"robots\" content=\"index, follow, max-snippet:-1, max-image-preview:large, max-video-preview:-1\" \/>\n<link rel=\"canonical\" href=\"https:\/\/thedashcamlawyer.com\/es\/mordeduras-de-perros\/\" \/>\n<meta property=\"og:locale\" content=\"es_ES\" \/>\n<meta property=\"og:type\" content=\"article\" \/>\n<meta property=\"og:title\" content=\"Mordeduras de Perros - The Dashcam Lawyer\u00ae\" \/>\n<meta property=\"og:description\" content=\"De Acuerdo a la Ley El estatuto de Florida 767.04 declara que \u201cEl due\u00f1o de cualquier perro que muerda a una persona mientras dicha persona se encuentra en un lugar p\u00fablico o en un lugar privado, incluida la propiedad del due\u00f1o del perro, es responsable de los da\u00f1os sufridos. por personas mordidas, independientemente del salvajismo&hellip;\" \/>\n<meta property=\"og:url\" content=\"https:\/\/thedashcamlawyer.com\/es\/mordeduras-de-perros\/\" \/>\n<meta property=\"og:site_name\" content=\"The Dashcam Lawyer\u00ae\" \/>\n<meta property=\"article:publisher\" content=\"https:\/\/www.facebook.com\/shannonjsagan1800FlaLawyer\/\" \/>\n<meta property=\"article:modified_time\" content=\"2024-02-23T06:40:29+00:00\" \/>\n<meta name=\"twitter:card\" content=\"summary_large_image\" \/>\n<meta name=\"twitter:site\" content=\"@1800FLALAWYER\" \/>\n<meta name=\"twitter:label1\" content=\"Tiempo de lectura\" \/>\n\t<meta name=\"twitter:data1\" content=\"3 minutos\" \/>\n<script type=\"application\/ld+json\" class=\"yoast-schema-graph\">{\"@context\":\"https:\/\/schema.org\",\"@graph\":[{\"@type\":\"WebPage\",\"@id\":\"https:\/\/thedashcamlawyer.com\/es\/mordeduras-de-perros\/\",\"url\":\"https:\/\/thedashcamlawyer.com\/es\/mordeduras-de-perros\/\",\"name\":\"Mordeduras de Perros - The Dashcam Lawyer\u00ae\",\"isPartOf\":{\"@id\":\"https:\/\/thedashcamlawyer.com\/#website\"},\"datePublished\":\"2022-09-19T09:30:35+00:00\",\"dateModified\":\"2024-02-23T06:40:29+00:00\",\"breadcrumb\":{\"@id\":\"https:\/\/thedashcamlawyer.com\/es\/mordeduras-de-perros\/#breadcrumb\"},\"inLanguage\":\"es\",\"potentialAction\":[{\"@type\":\"ReadAction\",\"target\":[\"https:\/\/thedashcamlawyer.com\/es\/mordeduras-de-perros\/\"]}]},{\"@type\":\"BreadcrumbList\",\"@id\":\"https:\/\/thedashcamlawyer.com\/es\/mordeduras-de-perros\/#breadcrumb\",\"itemListElement\":[{\"@type\":\"ListItem\",\"position\":1,\"name\":\"Home\",\"item\":\"https:\/\/thedashcamlawyer.com\/es\/\"},{\"@type\":\"ListItem\",\"position\":2,\"name\":\"Mordeduras de Perros\"}]},{\"@type\":\"WebSite\",\"@id\":\"https:\/\/thedashcamlawyer.com\/#website\",\"url\":\"https:\/\/thedashcamlawyer.com\/\",\"name\":\"The Dashcam Lawyer\u00ae\",\"description\":\"Palm Beach Personal Injury Law Firm\",\"publisher\":{\"@id\":\"https:\/\/thedashcamlawyer.com\/#organization\"},\"potentialAction\":[{\"@type\":\"SearchAction\",\"target\":{\"@type\":\"EntryPoint\",\"urlTemplate\":\"https:\/\/thedashcamlawyer.com\/?s={search_term_string}\"},\"query-input\":{\"@type\":\"PropertyValueSpecification\",\"valueRequired\":true,\"valueName\":\"search_term_string\"}}],\"inLanguage\":\"es\"},{\"@type\":\"Organization\",\"@id\":\"https:\/\/thedashcamlawyer.com\/#organization\",\"name\":\"Personal Injury Law firm of Shannon J. Sagan\",\"url\":\"https:\/\/thedashcamlawyer.com\/\",\"logo\":{\"@type\":\"ImageObject\",\"inLanguage\":\"es\",\"@id\":\"https:\/\/thedashcamlawyer.com\/#\/schema\/logo\/image\/\",\"url\":\"https:\/\/thedashcamlawyer.com\/wp-content\/uploads\/2018\/02\/logo.png\",\"contentUrl\":\"https:\/\/thedashcamlawyer.com\/wp-content\/uploads\/2018\/02\/logo.png\",\"width\":331,\"height\":90,\"caption\":\"Personal Injury Law firm of Shannon J. Sagan\"},\"image\":{\"@id\":\"https:\/\/thedashcamlawyer.com\/#\/schema\/logo\/image\/\"},\"sameAs\":[\"https:\/\/www.facebook.com\/shannonjsagan1800FlaLawyer\/\",\"https:\/\/x.com\/1800FLALAWYER\",\"https:\/\/www.instagram.com\/1800flalawyer\/\",\"https:\/\/www.pinterest.com\/1800flalawyer\/\",\"https:\/\/www.youtube.com\/user\/1800FlaLawyer\"]}]}<\/script>\n<!-- \/ Yoast SEO plugin. -->","yoast_head_json":{"title":"Mordeduras de Perros - The Dashcam Lawyer\u00ae","robots":{"index":"index","follow":"follow","max-snippet":"max-snippet:-1","max-image-preview":"max-image-preview:large","max-video-preview":"max-video-preview:-1"},"canonical":"https:\/\/thedashcamlawyer.com\/es\/mordeduras-de-perros\/","og_locale":"es_ES","og_type":"article","og_title":"Mordeduras de Perros - The Dashcam Lawyer\u00ae","og_description":"De Acuerdo a la Ley El estatuto de Florida 767.04 declara que \u201cEl due\u00f1o de cualquier perro que muerda a una persona mientras dicha persona se encuentra en un lugar p\u00fablico o en un lugar privado, incluida la propiedad del due\u00f1o del perro, es responsable de los da\u00f1os sufridos. por personas mordidas, independientemente del salvajismo&hellip;","og_url":"https:\/\/thedashcamlawyer.com\/es\/mordeduras-de-perros\/","og_site_name":"The Dashcam Lawyer\u00ae","article_publisher":"https:\/\/www.facebook.com\/shannonjsagan1800FlaLawyer\/","article_modified_time":"2024-02-23T06:40:29+00:00","twitter_card":"summary_large_image","twitter_site":"@1800FLALAWYER","twitter_misc":{"Tiempo de lectura":"3 minutos"},"schema":{"@context":"https:\/\/schema.org","@graph":[{"@type":"WebPage","@id":"https:\/\/thedashcamlawyer.com\/es\/mordeduras-de-perros\/","url":"https:\/\/thedashcamlawyer.com\/es\/mordeduras-de-perros\/","name":"Mordeduras de Perros - The Dashcam Lawyer\u00ae","isPartOf":{"@id":"https:\/\/thedashcamlawyer.com\/#website"},"datePublished":"2022-09-19T09:30:35+00:00","dateModified":"2024-02-23T06:40:29+00:00","breadcrumb":{"@id":"https:\/\/thedashcamlawyer.com\/es\/mordeduras-de-perros\/#breadcrumb"},"inLanguage":"es","potentialAction":[{"@type":"ReadAction","target":["https:\/\/thedashcamlawyer.com\/es\/mordeduras-de-perros\/"]}]},{"@type":"BreadcrumbList","@id":"https:\/\/thedashcamlawyer.com\/es\/mordeduras-de-perros\/#breadcrumb","itemListElement":[{"@type":"ListItem","position":1,"name":"Home","item":"https:\/\/thedashcamlawyer.com\/es\/"},{"@type":"ListItem","position":2,"name":"Mordeduras de Perros"}]},{"@type":"WebSite","@id":"https:\/\/thedashcamlawyer.com\/#website","url":"https:\/\/thedashcamlawyer.com\/","name":"The Dashcam Lawyer\u00ae","description":"Palm Beach Personal Injury Law Firm","publisher":{"@id":"https:\/\/thedashcamlawyer.com\/#organization"},"potentialAction":[{"@type":"SearchAction","target":{"@type":"EntryPoint","urlTemplate":"https:\/\/thedashcamlawyer.com\/?s={search_term_string}"},"query-input":{"@type":"PropertyValueSpecification","valueRequired":true,"valueName":"search_term_string"}}],"inLanguage":"es"},{"@type":"Organization","@id":"https:\/\/thedashcamlawyer.com\/#organization","name":"Personal Injury Law firm of Shannon J. Sagan","url":"https:\/\/thedashcamlawyer.com\/","logo":{"@type":"ImageObject","inLanguage":"es","@id":"https:\/\/thedashcamlawyer.com\/#\/schema\/logo\/image\/","url":"https:\/\/thedashcamlawyer.com\/wp-content\/uploads\/2018\/02\/logo.png","contentUrl":"https:\/\/thedashcamlawyer.com\/wp-content\/uploads\/2018\/02\/logo.png","width":331,"height":90,"caption":"Personal Injury Law firm of Shannon J. Sagan"},"image":{"@id":"https:\/\/thedashcamlawyer.com\/#\/schema\/logo\/image\/"},"sameAs":["https:\/\/www.facebook.com\/shannonjsagan1800FlaLawyer\/","https:\/\/x.com\/1800FLALAWYER","https:\/\/www.instagram.com\/1800flalawyer\/","https:\/\/www.pinterest.com\/1800flalawyer\/","https:\/\/www.youtube.com\/user\/1800FlaLawyer"]}]}},"_links":{"self":[{"href":"https:\/\/thedashcamlawyer.com\/es\/wp-json\/wp\/v2\/pages\/7733"}],"collection":[{"href":"https:\/\/thedashcamlawyer.com\/es\/wp-json\/wp\/v2\/pages"}],"about":[{"href":"https:\/\/thedashcamlawyer.com\/es\/wp-json\/wp\/v2\/types\/page"}],"author":[{"embeddable":true,"href":"https:\/\/thedashcamlawyer.com\/es\/wp-json\/wp\/v2\/users\/16"}],"replies":[{"embeddable":true,"href":"https:\/\/thedashcamlawyer.com\/es\/wp-json\/wp\/v2\/comments?post=7733"}],"version-history":[{"count":0,"href":"https:\/\/thedashcamlawyer.com\/es\/wp-json\/wp\/v2\/pages\/7733\/revisions"}],"up":[{"embeddable":true,"href":"https:\/\/thedashcamlawyer.com\/es\/wp-json\/wp\/v2\/pages\/9523"}],"wp:attachment":[{"href":"https:\/\/thedashcamlawyer.com\/es\/wp-json\/wp\/v2\/media?parent=7733"}],"curies":[{"name":"wp","href":"https:\/\/api.w.org\/{rel}","templated":true}]}}