{"id":7735,"date":"2022-09-19T09:35:40","date_gmt":"2022-09-19T09:35:40","guid":{"rendered":"https:\/\/thedashcamlawyer.com\/abogado-de-confianza-en-lesiones-de-peatones-en-el-condado-de-palm-beach\/"},"modified":"2024-02-23T06:42:04","modified_gmt":"2024-02-23T06:42:04","slug":"abogado-de-confianza-en-lesiones-de-peatones-en-el-condado-de-palm-beach","status":"publish","type":"page","link":"https:\/\/thedashcamlawyer.com\/es\/practice-areas\/abogado-de-confianza-en-lesiones-de-peatones-en-el-condado-de-palm-beach\/","title":{"rendered":"Abogado de Confianza en Lesiones de Peatones en el Condado de Palm Beach"},"content":{"rendered":"<h2>\u00bfEstoy con un caso de accidente peatonal?<\/h2>\n<p><span style=\"font-weight: 400;\">Puede tener motivos para presentar una demanda por lesiones de peatones si el automovilista supuestamente responsable:<\/span><\/p>\n<ul>\n<li style=\"font-weight: 400;\" aria-level=\"1\"><span style=\"font-weight: 400;\">Estaba enviando mensajes de texto o participando en otro tipo de distracci\u00f3n mientras conduc\u00eda<\/span><\/li>\n<li style=\"font-weight: 400;\" aria-level=\"1\"><span style=\"font-weight: 400;\">No cedi\u00f3 su derecho de paso<\/span><\/li>\n<li style=\"font-weight: 400;\" aria-level=\"1\"><span style=\"font-weight: 400;\">Viol\u00f3 el l\u00edmite de velocidad o exhibi\u00f3 una conducci\u00f3n imprudente<\/span><\/li>\n<li style=\"font-weight: 400;\" aria-level=\"1\"><span style=\"font-weight: 400;\">No obedeci\u00f3 las luces rojas, las se\u00f1ales de alto o las reglas de tr\u00e1nsito<\/span><\/li>\n<li style=\"font-weight: 400;\" aria-level=\"1\"><span style=\"font-weight: 400;\">No redujo la velocidad para comprobar si hab\u00eda peatones.<\/span><\/li>\n<\/ul>\n<p><span style=\"font-weight: 400;\">Un abogado experto en lesiones de peatones puede ayudarle a determinar si tiene un caso y qu\u00e9 tipos de indemnizaci\u00f3n puede esperar cobrar.<\/span><\/p>\n<h2>Leyes de seguridad para peatones<\/h2>\n<p><a href=\"http:\/\/www.leg.state.fl.us\/statutes\/index.cfm?App_mode=Display_Statute&amp;URL=0300-0399\/0316\/Sections\/0316.130.html\"><span style=\"font-weight: 400;\">La ley de Florida <\/span><\/a><span style=\"font-weight: 400;\">tiene varias disposiciones importantes con respecto a la seguridad de los peatones. Estas leyes se aplican tanto a los peatones como a los conductores. Todos los operadores de veh\u00edculos motorizados tienen el deber de cuidar a los peatones en la calzada. Cuando un conductor lesiona a un peat\u00f3n por falta del debido cuidado, entonces el conductor puede ser responsable por da\u00f1os y perjuicios.<\/span><\/p>\n<ul>\n<li style=\"font-weight: 400;\" aria-level=\"1\"><b>Aceras<\/b><span style=\"font-weight: 400;\">: Cuando hay una acera, los peatones deben transitar sobre ella y no caminar por la calzada. Sin embargo, si no hay aceras, los peatones deben caminar, con precauci\u00f3n, por el arc\u00e9n izquierdo de la calzada.<\/span><\/li>\n<li style=\"font-weight: 400;\" aria-level=\"1\"><b>Cruces peatonales<\/b><span style=\"font-weight: 400;\">: Los veh\u00edculos a motor deben ceder el <\/span><a href=\"http:\/\/www.leg.state.fl.us\/statutes\/index.cfm?App_mode=Display_Statute&amp;URL=0300-0399\/0316\/Sections\/0316.130.html\"><span style=\"font-weight: 400;\">paso a los peatones <\/span><\/a><span style=\"font-weight: 400;\">cuando se encuentren en un cruce peatonal marcado. Adem\u00e1s, los peatones deben usar un paso de peatones para cruzar la calle si est\u00e1 presente. Es mucho menos probable que una persona sea atropellada por un autom\u00f3vil si usa un cruce de peatones que si la persona cruza la calle en un punto no marcado. Los peatones tambi\u00e9n deben seguir todos los indicadores de tr\u00e1nsito y solo ingresar a un cruce de peatones cuando la se\u00f1al lo permita. El incumplimiento de estas normas es una infracci\u00f3n de tr\u00e1fico y se <\/span><a href=\"http:\/\/www.leg.state.fl.us\/statutes\/index.cfm?App_mode=Display_Statute&amp;URL=0300-0399\/0318\/Sections\/0318.14.html\"><span style=\"font-weight: 400;\">sanciona con una multa <\/span><\/a><span style=\"font-weight: 400;\">.<\/span><\/li>\n<li style=\"font-weight: 400;\" aria-level=\"1\"><b>Si no hay cruce de peatones<\/b><span style=\"font-weight: 400;\">: cuando un peat\u00f3n debe cruzar en un zona que no tiene un cruce para peatones, la ley de Florida requiere que el peat\u00f3n ceda el derecho de paso a todos los veh\u00edculos en la calzada. No obstante, <\/span><a href=\"https:\/\/thedashcamlawyer.com\/2016\/11\/28\/can-a-florida-pedestrian-who-is-not-using-a-crosswalk-and-is-struck-by-a-car-still-make-a-claim\/\"><span style=\"font-weight: 400;\">los conductores deben tomar las precauciones adecuadas para evitar lesionar a los peatones <\/span><\/a><span style=\"font-weight: 400;\">y no pueden ignorar a los peatones que cruzan la calle si no est\u00e1n en un cruce para peatones.<\/span><\/li>\n<\/ul>\n<h2>\u00bfQu\u00e9 compensaci\u00f3n puedo cobrar despu\u00e9s de una lesi\u00f3n como peat\u00f3n en Florida?<\/h2>\n<p><span style=\"font-weight: 400;\">Los accidentes que involucran un veh\u00edculo a motor y un peat\u00f3n a menudo terminan en lesiones graves o fatales para este \u00faltimo. Si bien es dif\u00edcil estimar exactamente cu\u00e1nto vale un caso, los peatones lesionados pueden recibir una compensaci\u00f3n por:<\/span><\/p>\n<ul>\n<li style=\"font-weight: 400;\" aria-level=\"1\"><span style=\"font-weight: 400;\">Gastos m\u00e9dicos como ser atenci\u00f3n de urgencias, facturas del hospital, asistencia en el hogar y costos de rehabilitaci\u00f3n<\/span><\/li>\n<li style=\"font-weight: 400;\" aria-level=\"1\"><span style=\"font-weight: 400;\">P\u00e9rdida de ingresos, incluidos los d\u00edas de trabajo perdidos y la p\u00e9rdida de la capacidad de generar ingresos en el futuro<\/span><\/li>\n<li style=\"font-weight: 400;\" aria-level=\"1\"><span style=\"font-weight: 400;\">Consejer\u00eda o terapia para el TEPT (trastorno de estr\u00e9s postraum\u00e1tico), ansiedad y depresi\u00f3n<\/span><\/li>\n<li style=\"font-weight: 400;\" aria-level=\"1\"><span style=\"font-weight: 400;\">Dolor y sufrimiento, tanto f\u00edsico como mental.<\/span><\/li>\n<li style=\"font-weight: 400;\" aria-level=\"1\"><span style=\"font-weight: 400;\">Indemnizaciones punitivas, seg\u00fan el nivel de da\u00f1o y la gravedad de la conducta de la parte culpable<\/span><\/li>\n<\/ul>\n<h2>Por qu\u00e9 trabajar con un ABOGADO DE FLORIDA llame al <a href=\"tel:561-561-3274\">561-DASHCAM<\/a><\/h2>\n<p><span style=\"font-weight: 400;\">\u00bfPor qu\u00e9 sobresale Shannon J. Sagan, AP, de otros abogados especialistas en lesiones personales y accidentes en el condado de Palm Beach, Forida? Las v\u00edctimas de accidentes peatonales y sus familias eligen llamar al <a href=\"tel:561-561-3274\">561-DASHCAM<\/a><\/span> <span style=\"font-weight: 400;\">gracias a:<\/span><\/p>\n<ul>\n<li style=\"font-weight: 400;\" aria-level=\"1\"><b>Su amplia experiencia. <\/b><span style=\"font-weight: 400;\">El Sr. Sagan tiene m\u00e1s de 17 a\u00f1os de pr\u00e1ctica en la representaci\u00f3n de lesiones de peatones y otras v\u00edctimas de lesiones personales en Florida.<\/span><\/li>\n<li style=\"font-weight: 400;\" aria-level=\"1\"><b>Servicio boutique. <\/b><a href=\"tel:561-561-3274\"><span style=\"font-weight: 400;\">561-DASHCAM<\/span><\/a> <span style=\"font-weight: 400;\">es el n\u00famero gratuito del bufete de abogados boutique con un ambiente \u00edntimo. El Sr. Sagan solo acepta un n\u00famero limitado de clientes y maneja cada caso personalmente.<\/span><\/li>\n<li style=\"font-weight: 400;\" aria-level=\"1\"><b>Comunicaci\u00f3n las 24 los 7 d\u00edas de la semana. <\/b><span style=\"font-weight: 400;\">Cuando trabaja con el abogado Shannon J. Sagan, sabe exactamente c\u00f3mo est\u00e1 progresando su caso y qu\u00e9 puede esperar a continuaci\u00f3n. Nuestra oficina est\u00e1 disponible para llamadas las 24 horas de los 7 d\u00edas de la semana.<\/span><\/li>\n<li style=\"font-weight: 400;\" aria-level=\"1\"><b>Transparencia total. <\/b><span style=\"font-weight: 400;\">No hacemos promesas exageradas\u2014El Sr. Sagan le dar\u00e1 una evaluaci\u00f3n honesta del caso y un pron\u00f3stico realista.<\/span><\/li>\n<li style=\"font-weight: 400;\" aria-level=\"1\"><b>No cobramos tarifas por adelantado. Usted s<\/b><span style=\"font-weight: 400;\">olo paga cuando llegamos a un acuerdo o ganamos su caso en el juicio.<\/span><\/li>\n<\/ul>\n<h2>Abogado Shannon J. Sagan\u00a0 llamar al <a href=\"tel:561-561-3274\"><span style=\"font-weight: 400;\">561-DASHCAM<\/span><\/a>: Abogado especialista en accidentes de peatones en Lake Worth, FLORIDA<\/h2>\n<p><span style=\"font-weight: 400;\">\u00bfUsted o un ser querido sufri\u00f3 una lesi\u00f3n en un accidente peatonal? Trabajar con Shannon J. Sagan, abogado especialista en lesiones de peatones, puede proteger sus derechos legales y mejorar sus posibilidades de obtener una compensaci\u00f3n. El Sr. Sagan representa casos de accidentes de peatones, bicicletas y autom\u00f3viles en todo el condado de Palm Beach. Llame al <a href=\"tel:561-561-3274\">561-DASHCAM<\/a><\/span> <span style=\"font-weight: 400;\">hoy para una evaluaci\u00f3n gratuita de su caso.<\/span><\/p>\n","protected":false},"excerpt":{"rendered":"<p>\u00bfEstoy con un caso de accidente peatonal? Puede tener motivos para presentar una demanda por lesiones de peatones si el automovilista supuestamente responsable: Estaba enviando mensajes de texto o participando en otro tipo de distracci\u00f3n mientras conduc\u00eda No cedi\u00f3 su derecho de paso Viol\u00f3 el l\u00edmite de velocidad o exhibi\u00f3 una conducci\u00f3n imprudente No obedeci\u00f3&hellip;<\/p>\n","protected":false},"author":16,"featured_media":0,"parent":9523,"menu_order":0,"comment_status":"closed","ping_status":"closed","template":"","meta":{"_acf_changed":false,"inline_featured_image":false,"footnotes":""},"class_list":["post-7735","page","type-page","status-publish","hentry"],"acf":[],"yoast_head":"<!-- This site is optimized with the Yoast SEO plugin v25.6 - https:\/\/yoast.com\/wordpress\/plugins\/seo\/ -->\n<title>Abogado de Confianza en Lesiones de Peatones en el Condado de Palm Beach<\/title>\n<meta name=\"description\" content=\"If you or someone you love has been severe injured in a pedestrian accident. We can help you get the compensation you deserve! Contact us today for a free consultation. No win, No Fee.\" \/>\n<meta name=\"robots\" content=\"index, follow, max-snippet:-1, max-image-preview:large, max-video-preview:-1\" \/>\n<link rel=\"canonical\" href=\"https:\/\/thedashcamlawyer.com\/es\/abogado-de-confianza-en-lesiones-de-peatones-en-el-condado-de-palm-beach\/\" \/>\n<meta property=\"og:locale\" content=\"es_ES\" \/>\n<meta property=\"og:type\" content=\"article\" \/>\n<meta property=\"og:title\" content=\"Abogado de Confianza en Lesiones de Peatones en el Condado de Palm Beach\" \/>\n<meta property=\"og:description\" content=\"If you or someone you love has been severe injured in a pedestrian accident. We can help you get the compensation you deserve! Contact us today for a free consultation. No win, No Fee.\" \/>\n<meta property=\"og:url\" content=\"https:\/\/thedashcamlawyer.com\/es\/abogado-de-confianza-en-lesiones-de-peatones-en-el-condado-de-palm-beach\/\" \/>\n<meta property=\"og:site_name\" content=\"The Dashcam Lawyer\u00ae\" \/>\n<meta property=\"article:publisher\" content=\"https:\/\/www.facebook.com\/shannonjsagan1800FlaLawyer\/\" \/>\n<meta property=\"article:modified_time\" content=\"2024-02-23T06:42:04+00:00\" \/>\n<meta name=\"twitter:card\" content=\"summary_large_image\" \/>\n<meta name=\"twitter:site\" content=\"@1800FLALAWYER\" \/>\n<meta name=\"twitter:label1\" content=\"Tiempo de lectura\" \/>\n\t<meta name=\"twitter:data1\" content=\"4 minutos\" \/>\n<script type=\"application\/ld+json\" class=\"yoast-schema-graph\">{\"@context\":\"https:\/\/schema.org\",\"@graph\":[{\"@type\":\"WebPage\",\"@id\":\"https:\/\/thedashcamlawyer.com\/es\/abogado-de-confianza-en-lesiones-de-peatones-en-el-condado-de-palm-beach\/\",\"url\":\"https:\/\/thedashcamlawyer.com\/es\/abogado-de-confianza-en-lesiones-de-peatones-en-el-condado-de-palm-beach\/\",\"name\":\"Abogado de Confianza en Lesiones de Peatones en el Condado de Palm Beach\",\"isPartOf\":{\"@id\":\"https:\/\/thedashcamlawyer.com\/#website\"},\"datePublished\":\"2022-09-19T09:35:40+00:00\",\"dateModified\":\"2024-02-23T06:42:04+00:00\",\"description\":\"If you or someone you love has been severe injured in a pedestrian accident. We can help you get the compensation you deserve! Contact us today for a free consultation. No win, No Fee.\",\"breadcrumb\":{\"@id\":\"https:\/\/thedashcamlawyer.com\/es\/abogado-de-confianza-en-lesiones-de-peatones-en-el-condado-de-palm-beach\/#breadcrumb\"},\"inLanguage\":\"es\",\"potentialAction\":[{\"@type\":\"ReadAction\",\"target\":[\"https:\/\/thedashcamlawyer.com\/es\/abogado-de-confianza-en-lesiones-de-peatones-en-el-condado-de-palm-beach\/\"]}]},{\"@type\":\"BreadcrumbList\",\"@id\":\"https:\/\/thedashcamlawyer.com\/es\/abogado-de-confianza-en-lesiones-de-peatones-en-el-condado-de-palm-beach\/#breadcrumb\",\"itemListElement\":[{\"@type\":\"ListItem\",\"position\":1,\"name\":\"Home\",\"item\":\"https:\/\/thedashcamlawyer.com\/es\/\"},{\"@type\":\"ListItem\",\"position\":2,\"name\":\"Abogado de Confianza en Lesiones de Peatones en el Condado de Palm Beach\"}]},{\"@type\":\"WebSite\",\"@id\":\"https:\/\/thedashcamlawyer.com\/#website\",\"url\":\"https:\/\/thedashcamlawyer.com\/\",\"name\":\"The Dashcam Lawyer\u00ae\",\"description\":\"Palm Beach Personal Injury Law Firm\",\"publisher\":{\"@id\":\"https:\/\/thedashcamlawyer.com\/#organization\"},\"potentialAction\":[{\"@type\":\"SearchAction\",\"target\":{\"@type\":\"EntryPoint\",\"urlTemplate\":\"https:\/\/thedashcamlawyer.com\/?s={search_term_string}\"},\"query-input\":{\"@type\":\"PropertyValueSpecification\",\"valueRequired\":true,\"valueName\":\"search_term_string\"}}],\"inLanguage\":\"es\"},{\"@type\":\"Organization\",\"@id\":\"https:\/\/thedashcamlawyer.com\/#organization\",\"name\":\"Personal Injury Law firm of Shannon J. Sagan\",\"url\":\"https:\/\/thedashcamlawyer.com\/\",\"logo\":{\"@type\":\"ImageObject\",\"inLanguage\":\"es\",\"@id\":\"https:\/\/thedashcamlawyer.com\/#\/schema\/logo\/image\/\",\"url\":\"https:\/\/thedashcamlawyer.com\/wp-content\/uploads\/2018\/02\/logo.png\",\"contentUrl\":\"https:\/\/thedashcamlawyer.com\/wp-content\/uploads\/2018\/02\/logo.png\",\"width\":331,\"height\":90,\"caption\":\"Personal Injury Law firm of Shannon J. Sagan\"},\"image\":{\"@id\":\"https:\/\/thedashcamlawyer.com\/#\/schema\/logo\/image\/\"},\"sameAs\":[\"https:\/\/www.facebook.com\/shannonjsagan1800FlaLawyer\/\",\"https:\/\/x.com\/1800FLALAWYER\",\"https:\/\/www.instagram.com\/1800flalawyer\/\",\"https:\/\/www.pinterest.com\/1800flalawyer\/\",\"https:\/\/www.youtube.com\/user\/1800FlaLawyer\"]}]}<\/script>\n<!-- \/ Yoast SEO plugin. -->","yoast_head_json":{"title":"Abogado de Confianza en Lesiones de Peatones en el Condado de Palm Beach","description":"If you or someone you love has been severe injured in a pedestrian accident. We can help you get the compensation you deserve! Contact us today for a free consultation. No win, No Fee.","robots":{"index":"index","follow":"follow","max-snippet":"max-snippet:-1","max-image-preview":"max-image-preview:large","max-video-preview":"max-video-preview:-1"},"canonical":"https:\/\/thedashcamlawyer.com\/es\/abogado-de-confianza-en-lesiones-de-peatones-en-el-condado-de-palm-beach\/","og_locale":"es_ES","og_type":"article","og_title":"Abogado de Confianza en Lesiones de Peatones en el Condado de Palm Beach","og_description":"If you or someone you love has been severe injured in a pedestrian accident. We can help you get the compensation you deserve! Contact us today for a free consultation. No win, No Fee.","og_url":"https:\/\/thedashcamlawyer.com\/es\/abogado-de-confianza-en-lesiones-de-peatones-en-el-condado-de-palm-beach\/","og_site_name":"The Dashcam Lawyer\u00ae","article_publisher":"https:\/\/www.facebook.com\/shannonjsagan1800FlaLawyer\/","article_modified_time":"2024-02-23T06:42:04+00:00","twitter_card":"summary_large_image","twitter_site":"@1800FLALAWYER","twitter_misc":{"Tiempo de lectura":"4 minutos"},"schema":{"@context":"https:\/\/schema.org","@graph":[{"@type":"WebPage","@id":"https:\/\/thedashcamlawyer.com\/es\/abogado-de-confianza-en-lesiones-de-peatones-en-el-condado-de-palm-beach\/","url":"https:\/\/thedashcamlawyer.com\/es\/abogado-de-confianza-en-lesiones-de-peatones-en-el-condado-de-palm-beach\/","name":"Abogado de Confianza en Lesiones de Peatones en el Condado de Palm Beach","isPartOf":{"@id":"https:\/\/thedashcamlawyer.com\/#website"},"datePublished":"2022-09-19T09:35:40+00:00","dateModified":"2024-02-23T06:42:04+00:00","description":"If you or someone you love has been severe injured in a pedestrian accident. We can help you get the compensation you deserve! Contact us today for a free consultation. No win, No Fee.","breadcrumb":{"@id":"https:\/\/thedashcamlawyer.com\/es\/abogado-de-confianza-en-lesiones-de-peatones-en-el-condado-de-palm-beach\/#breadcrumb"},"inLanguage":"es","potentialAction":[{"@type":"ReadAction","target":["https:\/\/thedashcamlawyer.com\/es\/abogado-de-confianza-en-lesiones-de-peatones-en-el-condado-de-palm-beach\/"]}]},{"@type":"BreadcrumbList","@id":"https:\/\/thedashcamlawyer.com\/es\/abogado-de-confianza-en-lesiones-de-peatones-en-el-condado-de-palm-beach\/#breadcrumb","itemListElement":[{"@type":"ListItem","position":1,"name":"Home","item":"https:\/\/thedashcamlawyer.com\/es\/"},{"@type":"ListItem","position":2,"name":"Abogado de Confianza en Lesiones de Peatones en el Condado de Palm Beach"}]},{"@type":"WebSite","@id":"https:\/\/thedashcamlawyer.com\/#website","url":"https:\/\/thedashcamlawyer.com\/","name":"The Dashcam Lawyer\u00ae","description":"Palm Beach Personal Injury Law Firm","publisher":{"@id":"https:\/\/thedashcamlawyer.com\/#organization"},"potentialAction":[{"@type":"SearchAction","target":{"@type":"EntryPoint","urlTemplate":"https:\/\/thedashcamlawyer.com\/?s={search_term_string}"},"query-input":{"@type":"PropertyValueSpecification","valueRequired":true,"valueName":"search_term_string"}}],"inLanguage":"es"},{"@type":"Organization","@id":"https:\/\/thedashcamlawyer.com\/#organization","name":"Personal Injury Law firm of Shannon J. Sagan","url":"https:\/\/thedashcamlawyer.com\/","logo":{"@type":"ImageObject","inLanguage":"es","@id":"https:\/\/thedashcamlawyer.com\/#\/schema\/logo\/image\/","url":"https:\/\/thedashcamlawyer.com\/wp-content\/uploads\/2018\/02\/logo.png","contentUrl":"https:\/\/thedashcamlawyer.com\/wp-content\/uploads\/2018\/02\/logo.png","width":331,"height":90,"caption":"Personal Injury Law firm of Shannon J. Sagan"},"image":{"@id":"https:\/\/thedashcamlawyer.com\/#\/schema\/logo\/image\/"},"sameAs":["https:\/\/www.facebook.com\/shannonjsagan1800FlaLawyer\/","https:\/\/x.com\/1800FLALAWYER","https:\/\/www.instagram.com\/1800flalawyer\/","https:\/\/www.pinterest.com\/1800flalawyer\/","https:\/\/www.youtube.com\/user\/1800FlaLawyer"]}]}},"_links":{"self":[{"href":"https:\/\/thedashcamlawyer.com\/es\/wp-json\/wp\/v2\/pages\/7735"}],"collection":[{"href":"https:\/\/thedashcamlawyer.com\/es\/wp-json\/wp\/v2\/pages"}],"about":[{"href":"https:\/\/thedashcamlawyer.com\/es\/wp-json\/wp\/v2\/types\/page"}],"author":[{"embeddable":true,"href":"https:\/\/thedashcamlawyer.com\/es\/wp-json\/wp\/v2\/users\/16"}],"replies":[{"embeddable":true,"href":"https:\/\/thedashcamlawyer.com\/es\/wp-json\/wp\/v2\/comments?post=7735"}],"version-history":[{"count":0,"href":"https:\/\/thedashcamlawyer.com\/es\/wp-json\/wp\/v2\/pages\/7735\/revisions"}],"up":[{"embeddable":true,"href":"https:\/\/thedashcamlawyer.com\/es\/wp-json\/wp\/v2\/pages\/9523"}],"wp:attachment":[{"href":"https:\/\/thedashcamlawyer.com\/es\/wp-json\/wp\/v2\/media?parent=7735"}],"curies":[{"name":"wp","href":"https:\/\/api.w.org\/{rel}","templated":true}]}}