{"id":7737,"date":"2022-09-19T09:39:48","date_gmt":"2022-09-19T09:39:48","guid":{"rendered":"https:\/\/thedashcamlawyer.com\/abogado-experimentado-en-lesiones-de-bicicletas-en-el-condado-de-palm-beach-fl\/"},"modified":"2024-02-23T06:38:16","modified_gmt":"2024-02-23T06:38:16","slug":"abogado-experimentado-en-lesiones-de-bicicletas-en-el-condado-de-palm-beach-fl","status":"publish","type":"page","link":"https:\/\/thedashcamlawyer.com\/es\/practice-areas\/abogado-experimentado-en-lesiones-de-bicicletas-en-el-condado-de-palm-beach-fl\/","title":{"rendered":"Abogado experimentado en lesiones de bicicletas en el condado de Palm Beach, FL"},"content":{"rendered":"<h2>Qu\u00e9 hacer despu\u00e9s de un accidente de bicicleta en Florida<\/h2>\n<p><span style=\"font-weight: 400;\">Despu\u00e9s de sufrir un accidente de bicicleta:<\/span><\/p>\n<ul>\n<li style=\"font-weight: 400;\" aria-level=\"1\"><b>Busque atenci\u00f3n m\u00e9dica <\/b><span style=\"font-weight: 400;\">y mantenga todos los registros m\u00e9dicos relevantes<\/span><\/li>\n<li style=\"font-weight: 400;\" aria-level=\"1\"><b>Llame a la Patrulla de Carreteras de Florida <\/b><span style=\"font-weight: 400;\">y solicite una copia del informe del accidente<\/span><\/li>\n<li style=\"font-weight: 400;\" aria-level=\"1\"><b>Tome fotos y videos detallados <\/b><span style=\"font-weight: 400;\">de la escena del accidente.<\/span><\/li>\n<li style=\"font-weight: 400;\" aria-level=\"1\"><b>Obtenga los datos de contacto <\/b><span style=\"font-weight: 400;\">de los testigos presentes<\/span><\/li>\n<li style=\"font-weight: 400;\" aria-level=\"1\"><b>Abst\u00e9ngase de celebrar ning\u00fan acuerdo <\/b><span style=\"font-weight: 400;\">con la parte culpable o su compa\u00f1\u00eda de seguros antes de hablar con un abogado especialista en lesiones en bicicleta.<\/span><\/li>\n<\/ul>\n<h2>\u00bfQu\u00e9 tipo de compensaci\u00f3n puede esperar cobrar despu\u00e9s de un accidente de bicicleta?<\/h2>\n<p><span style=\"font-weight: 400;\">Cada caso de lesi\u00f3n por andar en bicicleta es diferente, y es imposible saber cu\u00e1nto puede valer su caso. Sin embargo, las v\u00edctimas de accidentes de bicicleta a menudo reciben compensaci\u00f3n por:<\/span><\/p>\n<ul>\n<li style=\"font-weight: 400;\" aria-level=\"1\"><b>Costos m\u00e9dicos<\/b><span style=\"font-weight: 400;\">, incluida la atenci\u00f3n de emergencia, rehabilitaci\u00f3n y fisioterapia<\/span><\/li>\n<li style=\"font-weight: 400;\" aria-level=\"1\"><b>Salarios perdidos<\/b><span style=\"font-weight: 400;\">, incluidos los d\u00edas de trabajo perdidos y futuras p\u00e9rdidas de ingresos en casos de capacidad de ingresos reducida<\/span><\/li>\n<li style=\"font-weight: 400;\" aria-level=\"1\"><b>Da\u00f1os a la propiedad <\/b><span style=\"font-weight: 400;\">(p. ej., reembolso por una bicicleta destruida)<\/span><\/li>\n<li style=\"font-weight: 400;\" aria-level=\"1\"><b>Dolor y sufrimiento<\/b><span style=\"font-weight: 400;\">, que abarca el dolor f\u00edsico y emocional, la ansiedad y el TEPT<\/span><\/li>\n<li style=\"font-weight: 400;\" aria-level=\"1\"><b>Indemnizaciones punitivas<\/b><span style=\"font-weight: 400;\">, cuando la parte responsable mostr\u00f3 negligencia flagrante o intenci\u00f3n maliciosa<\/span><\/li>\n<\/ul>\n<h2>Por qu\u00e9 elegir a Shannon J. Sagan ABOGADO DE FLORIDA S\u00e9palo llamando al <a href=\"tel:561-561-3274\">561-DASHCAM<\/a><\/h2>\n<p><span style=\"font-weight: 400;\">Trabajar con el abogado adecuado puede determinar el resultado de su caso de lesiones personales y el monto de la compensaci\u00f3n que recibe. El abogado Shannon J. Sagan l\u00ednea gratuita <a href=\"tel:561-561-3274\">561-DASHCAM<\/a> se destaca de otros abogados especialista en lesiones personales en el condado de Palm Beach gracias a:<\/span><\/p>\n<ul>\n<li style=\"font-weight: 400;\" aria-level=\"1\"><b>Su amplio conocimiento de la ley de bicicletas de Florida. <\/b><span style=\"font-weight: 400;\">El Sr. Sagan ha representado con \u00e9xito a muchas v\u00edctimas de accidentes de bicicleta durante 15 a\u00f1os de pr\u00e1ctica legal en lesiones personales.<\/span><\/li>\n<li style=\"font-weight: 400;\" aria-level=\"1\"><b>Enfoque uno a uno. <\/b><span style=\"font-weight: 400;\">Como bufete de abogados boutique, con l\u00ednea gratuita <a href=\"tel:561-561-3274\">561-DASHCAM<\/a> acepta una cantidad limitada de casos, todos los cuales el Sr. Sagan maneja personalmente.<\/span><\/li>\n<li style=\"font-weight: 400;\" aria-level=\"1\"><b>Comunicaci\u00f3n constante. <\/b><span style=\"font-weight: 400;\">Su abogado experto en lesiones personales lo mantendr\u00e1 involucrado durante el progreso de su caso. Nuestra oficina biling\u00fce est\u00e1 disponible para llamadas las 24 horas los 7 d\u00edas de la semana.<\/span><\/li>\n<li style=\"font-weight: 400;\" aria-level=\"1\"><b>Transparencia total. <\/b><span style=\"font-weight: 400;\">Obtendr\u00e1 un panorama realista de sus perspectivas y opciones legales bajo la ley de lesiones personales de Florida.<\/span><\/li>\n<li style=\"font-weight: 400;\" aria-level=\"1\"><b>Sin costos iniciales. (L\u00ednea gratuita <\/b><span style=\"font-weight: 400;\">1800FLORIDAABOGADO) maneja todos los casos en base a los imprevistos. Usted solo paga si llegamos a un acuerdo o ganamos su caso.<\/span><\/li>\n<\/ul>\n<h2>Bufete de abogados especializado en lesiones personales y accidentes de bicicleta en Lake Worth, FLORIDA. L\u00ednea gratuita; <a href=\"tel:561-561-3274\">561-DASHCAM<\/a><\/h2>\n<p><span style=\"font-weight: 400;\">La recuperaci\u00f3n despu\u00e9s de un accidente de bicicleta puede implicar dolor f\u00edsico severo, trauma mental y facturas m\u00e9dicas incre\u00edbles. Durante ese dif\u00edcil momento, necesita un abogado con experiencia en lesiones de bicicletas para luchar por sus derechos y maximizar sus posibilidades de obtener una compensaci\u00f3n.<\/span><\/p>\n<p><span style=\"font-weight: 400;\">Shannon J. Sagan l\u00ednea gratuita <a href=\"tel:561-561-3274\">561-DASHCAM<\/a><\/span> <span style=\"font-weight: 400;\">ofrece representaci\u00f3n espec\u00edfica para varios casos de lesiones personales, incluidos accidentes de veh\u00edculos motorizados, peatones y bicicletas.<\/span><\/p>\n<p><span style=\"font-weight: 400;\">Para una evaluaci\u00f3n gratuita de un caso de accidente de bicicleta en el condado de Palm Beach, llame hoy al <a href=\"tel:561-561-3274\">561-DASHCAM<\/a>.<\/span><\/p>\n","protected":false},"excerpt":{"rendered":"<p>Qu\u00e9 hacer despu\u00e9s de un accidente de bicicleta en Florida Despu\u00e9s de sufrir un accidente de bicicleta: Busque atenci\u00f3n m\u00e9dica y mantenga todos los registros m\u00e9dicos relevantes Llame a la Patrulla de Carreteras de Florida y solicite una copia del informe del accidente Tome fotos y videos detallados de la escena del accidente. Obtenga los&hellip;<\/p>\n","protected":false},"author":16,"featured_media":8833,"parent":9523,"menu_order":0,"comment_status":"closed","ping_status":"closed","template":"","meta":{"_acf_changed":false,"inline_featured_image":false,"footnotes":""},"class_list":["post-7737","page","type-page","status-publish","has-post-thumbnail","hentry"],"acf":[],"yoast_head":"<!-- This site is optimized with the Yoast SEO plugin v25.6 - https:\/\/yoast.com\/wordpress\/plugins\/seo\/ -->\n<title>Abogado experimentado en lesiones de bicicletas en el condado de Palm Beach, FL<\/title>\n<meta name=\"description\" content=\"If you have been injured in a bicycle accident in Florida. Don\u00b4t hesitate to contact us! We can help you get the compensation you deserve. Call us for a free consultation at 1-800-FLA LAWYER. You only pay if We win your case.\" \/>\n<meta name=\"robots\" content=\"index, follow, max-snippet:-1, max-image-preview:large, max-video-preview:-1\" \/>\n<link rel=\"canonical\" href=\"https:\/\/thedashcamlawyer.com\/es\/abogado-experimentado-en-lesiones-de-bicicletas-en-el-condado-de-palm-beach-fl\/\" \/>\n<meta property=\"og:locale\" content=\"es_ES\" \/>\n<meta property=\"og:type\" content=\"article\" \/>\n<meta property=\"og:title\" content=\"Abogado experimentado en lesiones de bicicletas en el condado de Palm Beach, FL\" \/>\n<meta property=\"og:description\" content=\"If you have been injured in a bicycle accident in Florida. Don\u00b4t hesitate to contact us! We can help you get the compensation you deserve. Call us for a free consultation at 1-800-FLA LAWYER. You only pay if We win your case.\" \/>\n<meta property=\"og:url\" content=\"https:\/\/thedashcamlawyer.com\/es\/abogado-experimentado-en-lesiones-de-bicicletas-en-el-condado-de-palm-beach-fl\/\" \/>\n<meta property=\"og:site_name\" content=\"The Dashcam Lawyer\u00ae\" \/>\n<meta property=\"article:publisher\" content=\"https:\/\/www.facebook.com\/shannonjsagan1800FlaLawyer\/\" \/>\n<meta property=\"article:modified_time\" content=\"2024-02-23T06:38:16+00:00\" \/>\n<meta property=\"og:image\" content=\"https:\/\/thedashcamlawyer.com\/wp-content\/uploads\/2024\/02\/bicycle-injury.jpg\" \/>\n\t<meta property=\"og:image:width\" content=\"556\" \/>\n\t<meta property=\"og:image:height\" content=\"571\" \/>\n\t<meta property=\"og:image:type\" content=\"image\/jpeg\" \/>\n<meta name=\"twitter:card\" content=\"summary_large_image\" \/>\n<meta name=\"twitter:site\" content=\"@1800FLALAWYER\" \/>\n<meta name=\"twitter:label1\" content=\"Tiempo de lectura\" \/>\n\t<meta name=\"twitter:data1\" content=\"3 minutos\" \/>\n<script type=\"application\/ld+json\" class=\"yoast-schema-graph\">{\"@context\":\"https:\/\/schema.org\",\"@graph\":[{\"@type\":\"WebPage\",\"@id\":\"https:\/\/thedashcamlawyer.com\/es\/abogado-experimentado-en-lesiones-de-bicicletas-en-el-condado-de-palm-beach-fl\/\",\"url\":\"https:\/\/thedashcamlawyer.com\/es\/abogado-experimentado-en-lesiones-de-bicicletas-en-el-condado-de-palm-beach-fl\/\",\"name\":\"Abogado experimentado en lesiones de bicicletas en el condado de Palm Beach, FL\",\"isPartOf\":{\"@id\":\"https:\/\/thedashcamlawyer.com\/#website\"},\"primaryImageOfPage\":{\"@id\":\"https:\/\/thedashcamlawyer.com\/es\/abogado-experimentado-en-lesiones-de-bicicletas-en-el-condado-de-palm-beach-fl\/#primaryimage\"},\"image\":{\"@id\":\"https:\/\/thedashcamlawyer.com\/es\/abogado-experimentado-en-lesiones-de-bicicletas-en-el-condado-de-palm-beach-fl\/#primaryimage\"},\"thumbnailUrl\":\"https:\/\/thedashcamlawyer.com\/wp-content\/uploads\/2024\/02\/bicycle-injury.jpg\",\"datePublished\":\"2022-09-19T09:39:48+00:00\",\"dateModified\":\"2024-02-23T06:38:16+00:00\",\"description\":\"If you have been injured in a bicycle accident in Florida. Don\u00b4t hesitate to contact us! We can help you get the compensation you deserve. Call us for a free consultation at 1-800-FLA LAWYER. You only pay if We win your case.\",\"breadcrumb\":{\"@id\":\"https:\/\/thedashcamlawyer.com\/es\/abogado-experimentado-en-lesiones-de-bicicletas-en-el-condado-de-palm-beach-fl\/#breadcrumb\"},\"inLanguage\":\"es\",\"potentialAction\":[{\"@type\":\"ReadAction\",\"target\":[\"https:\/\/thedashcamlawyer.com\/es\/abogado-experimentado-en-lesiones-de-bicicletas-en-el-condado-de-palm-beach-fl\/\"]}]},{\"@type\":\"ImageObject\",\"inLanguage\":\"es\",\"@id\":\"https:\/\/thedashcamlawyer.com\/es\/abogado-experimentado-en-lesiones-de-bicicletas-en-el-condado-de-palm-beach-fl\/#primaryimage\",\"url\":\"https:\/\/thedashcamlawyer.com\/wp-content\/uploads\/2024\/02\/bicycle-injury.jpg\",\"contentUrl\":\"https:\/\/thedashcamlawyer.com\/wp-content\/uploads\/2024\/02\/bicycle-injury.jpg\",\"width\":556,\"height\":571},{\"@type\":\"BreadcrumbList\",\"@id\":\"https:\/\/thedashcamlawyer.com\/es\/abogado-experimentado-en-lesiones-de-bicicletas-en-el-condado-de-palm-beach-fl\/#breadcrumb\",\"itemListElement\":[{\"@type\":\"ListItem\",\"position\":1,\"name\":\"Home\",\"item\":\"https:\/\/thedashcamlawyer.com\/es\/\"},{\"@type\":\"ListItem\",\"position\":2,\"name\":\"Abogado experimentado en lesiones de bicicletas en el condado de Palm Beach, FL\"}]},{\"@type\":\"WebSite\",\"@id\":\"https:\/\/thedashcamlawyer.com\/#website\",\"url\":\"https:\/\/thedashcamlawyer.com\/\",\"name\":\"The Dashcam Lawyer\u00ae\",\"description\":\"Palm Beach Personal Injury Law Firm\",\"publisher\":{\"@id\":\"https:\/\/thedashcamlawyer.com\/#organization\"},\"potentialAction\":[{\"@type\":\"SearchAction\",\"target\":{\"@type\":\"EntryPoint\",\"urlTemplate\":\"https:\/\/thedashcamlawyer.com\/?s={search_term_string}\"},\"query-input\":{\"@type\":\"PropertyValueSpecification\",\"valueRequired\":true,\"valueName\":\"search_term_string\"}}],\"inLanguage\":\"es\"},{\"@type\":\"Organization\",\"@id\":\"https:\/\/thedashcamlawyer.com\/#organization\",\"name\":\"Personal Injury Law firm of Shannon J. Sagan\",\"url\":\"https:\/\/thedashcamlawyer.com\/\",\"logo\":{\"@type\":\"ImageObject\",\"inLanguage\":\"es\",\"@id\":\"https:\/\/thedashcamlawyer.com\/#\/schema\/logo\/image\/\",\"url\":\"https:\/\/thedashcamlawyer.com\/wp-content\/uploads\/2018\/02\/logo.png\",\"contentUrl\":\"https:\/\/thedashcamlawyer.com\/wp-content\/uploads\/2018\/02\/logo.png\",\"width\":331,\"height\":90,\"caption\":\"Personal Injury Law firm of Shannon J. Sagan\"},\"image\":{\"@id\":\"https:\/\/thedashcamlawyer.com\/#\/schema\/logo\/image\/\"},\"sameAs\":[\"https:\/\/www.facebook.com\/shannonjsagan1800FlaLawyer\/\",\"https:\/\/x.com\/1800FLALAWYER\",\"https:\/\/www.instagram.com\/1800flalawyer\/\",\"https:\/\/www.pinterest.com\/1800flalawyer\/\",\"https:\/\/www.youtube.com\/user\/1800FlaLawyer\"]}]}<\/script>\n<!-- \/ Yoast SEO plugin. -->","yoast_head_json":{"title":"Abogado experimentado en lesiones de bicicletas en el condado de Palm Beach, FL","description":"If you have been injured in a bicycle accident in Florida. Don\u00b4t hesitate to contact us! We can help you get the compensation you deserve. Call us for a free consultation at 1-800-FLA LAWYER. You only pay if We win your case.","robots":{"index":"index","follow":"follow","max-snippet":"max-snippet:-1","max-image-preview":"max-image-preview:large","max-video-preview":"max-video-preview:-1"},"canonical":"https:\/\/thedashcamlawyer.com\/es\/abogado-experimentado-en-lesiones-de-bicicletas-en-el-condado-de-palm-beach-fl\/","og_locale":"es_ES","og_type":"article","og_title":"Abogado experimentado en lesiones de bicicletas en el condado de Palm Beach, FL","og_description":"If you have been injured in a bicycle accident in Florida. Don\u00b4t hesitate to contact us! We can help you get the compensation you deserve. Call us for a free consultation at 1-800-FLA LAWYER. You only pay if We win your case.","og_url":"https:\/\/thedashcamlawyer.com\/es\/abogado-experimentado-en-lesiones-de-bicicletas-en-el-condado-de-palm-beach-fl\/","og_site_name":"The Dashcam Lawyer\u00ae","article_publisher":"https:\/\/www.facebook.com\/shannonjsagan1800FlaLawyer\/","article_modified_time":"2024-02-23T06:38:16+00:00","og_image":[{"width":556,"height":571,"url":"https:\/\/thedashcamlawyer.com\/wp-content\/uploads\/2024\/02\/bicycle-injury.jpg","type":"image\/jpeg"}],"twitter_card":"summary_large_image","twitter_site":"@1800FLALAWYER","twitter_misc":{"Tiempo de lectura":"3 minutos"},"schema":{"@context":"https:\/\/schema.org","@graph":[{"@type":"WebPage","@id":"https:\/\/thedashcamlawyer.com\/es\/abogado-experimentado-en-lesiones-de-bicicletas-en-el-condado-de-palm-beach-fl\/","url":"https:\/\/thedashcamlawyer.com\/es\/abogado-experimentado-en-lesiones-de-bicicletas-en-el-condado-de-palm-beach-fl\/","name":"Abogado experimentado en lesiones de bicicletas en el condado de Palm Beach, FL","isPartOf":{"@id":"https:\/\/thedashcamlawyer.com\/#website"},"primaryImageOfPage":{"@id":"https:\/\/thedashcamlawyer.com\/es\/abogado-experimentado-en-lesiones-de-bicicletas-en-el-condado-de-palm-beach-fl\/#primaryimage"},"image":{"@id":"https:\/\/thedashcamlawyer.com\/es\/abogado-experimentado-en-lesiones-de-bicicletas-en-el-condado-de-palm-beach-fl\/#primaryimage"},"thumbnailUrl":"https:\/\/thedashcamlawyer.com\/wp-content\/uploads\/2024\/02\/bicycle-injury.jpg","datePublished":"2022-09-19T09:39:48+00:00","dateModified":"2024-02-23T06:38:16+00:00","description":"If you have been injured in a bicycle accident in Florida. Don\u00b4t hesitate to contact us! We can help you get the compensation you deserve. Call us for a free consultation at 1-800-FLA LAWYER. You only pay if We win your case.","breadcrumb":{"@id":"https:\/\/thedashcamlawyer.com\/es\/abogado-experimentado-en-lesiones-de-bicicletas-en-el-condado-de-palm-beach-fl\/#breadcrumb"},"inLanguage":"es","potentialAction":[{"@type":"ReadAction","target":["https:\/\/thedashcamlawyer.com\/es\/abogado-experimentado-en-lesiones-de-bicicletas-en-el-condado-de-palm-beach-fl\/"]}]},{"@type":"ImageObject","inLanguage":"es","@id":"https:\/\/thedashcamlawyer.com\/es\/abogado-experimentado-en-lesiones-de-bicicletas-en-el-condado-de-palm-beach-fl\/#primaryimage","url":"https:\/\/thedashcamlawyer.com\/wp-content\/uploads\/2024\/02\/bicycle-injury.jpg","contentUrl":"https:\/\/thedashcamlawyer.com\/wp-content\/uploads\/2024\/02\/bicycle-injury.jpg","width":556,"height":571},{"@type":"BreadcrumbList","@id":"https:\/\/thedashcamlawyer.com\/es\/abogado-experimentado-en-lesiones-de-bicicletas-en-el-condado-de-palm-beach-fl\/#breadcrumb","itemListElement":[{"@type":"ListItem","position":1,"name":"Home","item":"https:\/\/thedashcamlawyer.com\/es\/"},{"@type":"ListItem","position":2,"name":"Abogado experimentado en lesiones de bicicletas en el condado de Palm Beach, FL"}]},{"@type":"WebSite","@id":"https:\/\/thedashcamlawyer.com\/#website","url":"https:\/\/thedashcamlawyer.com\/","name":"The Dashcam Lawyer\u00ae","description":"Palm Beach Personal Injury Law Firm","publisher":{"@id":"https:\/\/thedashcamlawyer.com\/#organization"},"potentialAction":[{"@type":"SearchAction","target":{"@type":"EntryPoint","urlTemplate":"https:\/\/thedashcamlawyer.com\/?s={search_term_string}"},"query-input":{"@type":"PropertyValueSpecification","valueRequired":true,"valueName":"search_term_string"}}],"inLanguage":"es"},{"@type":"Organization","@id":"https:\/\/thedashcamlawyer.com\/#organization","name":"Personal Injury Law firm of Shannon J. Sagan","url":"https:\/\/thedashcamlawyer.com\/","logo":{"@type":"ImageObject","inLanguage":"es","@id":"https:\/\/thedashcamlawyer.com\/#\/schema\/logo\/image\/","url":"https:\/\/thedashcamlawyer.com\/wp-content\/uploads\/2018\/02\/logo.png","contentUrl":"https:\/\/thedashcamlawyer.com\/wp-content\/uploads\/2018\/02\/logo.png","width":331,"height":90,"caption":"Personal Injury Law firm of Shannon J. Sagan"},"image":{"@id":"https:\/\/thedashcamlawyer.com\/#\/schema\/logo\/image\/"},"sameAs":["https:\/\/www.facebook.com\/shannonjsagan1800FlaLawyer\/","https:\/\/x.com\/1800FLALAWYER","https:\/\/www.instagram.com\/1800flalawyer\/","https:\/\/www.pinterest.com\/1800flalawyer\/","https:\/\/www.youtube.com\/user\/1800FlaLawyer"]}]}},"_links":{"self":[{"href":"https:\/\/thedashcamlawyer.com\/es\/wp-json\/wp\/v2\/pages\/7737"}],"collection":[{"href":"https:\/\/thedashcamlawyer.com\/es\/wp-json\/wp\/v2\/pages"}],"about":[{"href":"https:\/\/thedashcamlawyer.com\/es\/wp-json\/wp\/v2\/types\/page"}],"author":[{"embeddable":true,"href":"https:\/\/thedashcamlawyer.com\/es\/wp-json\/wp\/v2\/users\/16"}],"replies":[{"embeddable":true,"href":"https:\/\/thedashcamlawyer.com\/es\/wp-json\/wp\/v2\/comments?post=7737"}],"version-history":[{"count":0,"href":"https:\/\/thedashcamlawyer.com\/es\/wp-json\/wp\/v2\/pages\/7737\/revisions"}],"up":[{"embeddable":true,"href":"https:\/\/thedashcamlawyer.com\/es\/wp-json\/wp\/v2\/pages\/9523"}],"wp:featuredmedia":[{"embeddable":true,"href":"https:\/\/thedashcamlawyer.com\/es\/wp-json\/wp\/v2\/media\/8833"}],"wp:attachment":[{"href":"https:\/\/thedashcamlawyer.com\/es\/wp-json\/wp\/v2\/media?parent=7737"}],"curies":[{"name":"wp","href":"https:\/\/api.w.org\/{rel}","templated":true}]}}