{"id":7739,"date":"2022-09-19T09:43:22","date_gmt":"2022-09-19T09:43:22","guid":{"rendered":"https:\/\/thedashcamlawyer.com\/abogado-especialista-en-muerte-por-negligencia-en-el-condado-de-palm-beach-fl\/"},"modified":"2024-02-23T06:43:48","modified_gmt":"2024-02-23T06:43:48","slug":"abogado-especialista-en-muerte-por-negligencia-en-el-condado-de-palm-beach-fl","status":"publish","type":"page","link":"https:\/\/thedashcamlawyer.com\/es\/practice-areas\/abogado-especialista-en-muerte-por-negligencia-en-el-condado-de-palm-beach-fl\/","title":{"rendered":"Abogado especialista en muerte por negligencia en el condado de Palm Beach, FL"},"content":{"rendered":"<h2>\u00bfQui\u00e9n puede presentar una demanda por muerte por negligencia en Florida?<\/h2>\n<p><span style=\"font-weight: 400;\">Seg\u00fan el estatuto de muerte por negligencia de Florida, el representante personal puede emprender acciones legales en un caso de muerte por negligencia. Pueden incluir pero no limitarse a:<\/span><\/p>\n<ul>\n<li style=\"font-weight: 400;\" aria-level=\"1\"><span style=\"font-weight: 400;\">La esposa sobreviviente<\/span><\/li>\n<li style=\"font-weight: 400;\" aria-level=\"1\"><span style=\"font-weight: 400;\">Los hijos menores o adultos<\/span><\/li>\n<li style=\"font-weight: 400;\" aria-level=\"1\"><span style=\"font-weight: 400;\">Los padres<\/span><\/li>\n<li style=\"font-weight: 400;\" aria-level=\"1\"><span style=\"font-weight: 400;\">Otros miembros de la familia que depend\u00edan econ\u00f3micamente del difunto<\/span><\/li>\n<\/ul>\n<p><span style=\"font-weight: 400;\">El estatuto de limitaciones de Florida declara que los residentes del estado deben presentar un reclamo por muerte por negligencia dentro de los dos a\u00f1os posteriores al fallecimiento del difunto.<\/span><\/p>\n<h2>\u00bfQu\u00e9 tipos de compensaci\u00f3n pueden esperar recuperar las familias en casos de muerte por negligencia?<\/h2>\n<p><span style=\"font-weight: 400;\">Si bien cada caso de muerte por negligencia es diferente, los tribunales de Florida generalmente otorgan una compensaci\u00f3n para:<\/span><\/p>\n<ul>\n<li style=\"font-weight: 400;\" aria-level=\"1\"><b>El tratamiento m\u00e9dico del fallecido <\/b><span style=\"font-weight: 400;\">si la muerte no ocurri\u00f3 de inmediato (p. ej., atenci\u00f3n en la sala de emergencias, cirug\u00eda y costos de hospitalizaci\u00f3n)<\/span><\/li>\n<li style=\"font-weight: 400;\" aria-level=\"1\"><span style=\"font-weight: 400;\">Gastos <\/span><b>del funeral y entierro<\/b><\/li>\n<li style=\"font-weight: 400;\" aria-level=\"1\"><b>Las p\u00e9rdidas econ\u00f3micas de la familia <\/b><span style=\"font-weight: 400;\">(es decir, el valor del apoyo financiero que el fallecido habr\u00eda proporcionado, tanto por salarios devengados como a trav\u00e9s de servicios como el cuidado de ni\u00f1os, tareas dom\u00e9sticas y transporte)<\/span><\/li>\n<li style=\"font-weight: 400;\" aria-level=\"1\"><b>P\u00e9rdidas no monetarias <\/b><span style=\"font-weight: 400;\">como el dolor y sufrimiento, trauma emocional y p\u00e9rdida del consorcio<\/span><\/li>\n<li style=\"font-weight: 400;\" aria-level=\"1\"><b>Indemnizaciones punitivas <\/b><span style=\"font-weight: 400;\">en los casos en que la parte culpable actu\u00f3 con flagrante negligencia o imprudencia (por ejemplo, un conductor ebrio o un empleador que no cumpli\u00f3 con las normas de seguridad en el lugar de trabajo)<\/span><\/li>\n<\/ul>\n<h2>\u00bfPor qu\u00e9 un Abogado de Florida? Llame gratis al <a href=\"tel:561-561-3274\">561-DASHCAM<\/a><\/h2>\n<p><span style=\"font-weight: 400;\">Trabajar con un comprensivo abogado especialista en muerte por negligencia puede ayudarle a concentrarse en reconstruir su vida despu\u00e9s de perder a un ser querido. Shanno n J. Sagan con l\u00ednea gratuita <a href=\"tel:561-561-3274\">561-DASHCAM<\/a><\/span> <span style=\"font-weight: 400;\">se destaca de otros abogados especialista en homicidio culposo gracias a:<\/span><\/p>\n<ul>\n<li style=\"font-weight: 400;\" aria-level=\"1\"><b>Experiencia. <\/b><span style=\"font-weight: 400;\">El Sr. Sagan aporta m\u00e1s de 17 a\u00f1os de experiencia legal en el manejo de casos de lesiones personales y muerte por negligencia en Florida.<\/span><\/li>\n<li style=\"font-weight: 400;\" aria-level=\"1\"><b>Enfoque uno a uno. <\/b><span style=\"font-weight: 400;\">El Sr. Sagan acepta un n\u00famero limitado de casos y trabaja personalmente con cada cliente.<\/span><\/li>\n<li style=\"font-weight: 400;\" aria-level=\"1\"><b>Transparencia. <\/b><span style=\"font-weight: 400;\">Cuando trabaja con el abogado Sagan L\u00ednea gratuita <a href=\"tel:561-561-3274\">561-DASHCAM<\/a>, puede contar con una evaluaci\u00f3n de caso honesta y precisa.<\/span><\/li>\n<li style=\"font-weight: 400;\" aria-level=\"1\"><b>Comunicaci\u00f3n. <\/b><span style=\"font-weight: 400;\">Nuestra oficina biling\u00fce est\u00e1 abierta a llamadas las 24 horas los 7 d\u00edas de la semana.<\/span><\/li>\n<li style=\"font-weight: 400;\" aria-level=\"1\"><b>Sin cargos por adelantado. <\/b><span style=\"font-weight: 400;\">Usted<\/span> <span style=\"font-weight: 400;\">solo paga cuando llegamos a un acuerdo o ganamos su caso.<\/span><\/li>\n<\/ul>\n<h2>Shannon J. Sagan: un abogado experimentado y comprensivo en casos de muerte por negligencia. Llamar sin cargo al <a href=\"tel:561-561-3274\">561-DASHCAM<\/a><\/h2>\n<p><span style=\"font-weight: 400;\">Si bien nada puede traer de vuelta a su ser querido, la recuperaci\u00f3n de los da\u00f1os puede brindar apoyo financiero, permitirle ayudar a otros miembros de la familia y ayudarle a lograr la paz mental al actuar en pro de la justicia. El abogado Shannon J. Sagan manejar\u00e1 su caso de muerte por negligencia con la mayor dedicaci\u00f3n y cuidado, brind\u00e1ndole la ayuda legal que necesita en ese doloroso momento.<\/span><\/p>\n<p><span style=\"font-weight: 400;\">Para una evaluaci\u00f3n de su caso sin costo por parte de un abogado especialista en homicidio culposo en el condado de Palm Beach, FLORIDA, llame al <a href=\"tel:561-561-3274\">561-DASHCAM<\/a>.<\/span><\/p>\n","protected":false},"excerpt":{"rendered":"<p>\u00bfQui\u00e9n puede presentar una demanda por muerte por negligencia en Florida? Seg\u00fan el estatuto de muerte por negligencia de Florida, el representante personal puede emprender acciones legales en un caso de muerte por negligencia. Pueden incluir pero no limitarse a: La esposa sobreviviente Los hijos menores o adultos Los padres Otros miembros de la familia&hellip;<\/p>\n","protected":false},"author":16,"featured_media":0,"parent":9523,"menu_order":0,"comment_status":"closed","ping_status":"closed","template":"","meta":{"_acf_changed":false,"inline_featured_image":false,"footnotes":""},"class_list":["post-7739","page","type-page","status-publish","hentry"],"acf":[],"yoast_head":"<!-- This site is optimized with the Yoast SEO plugin v25.6 - https:\/\/yoast.com\/wordpress\/plugins\/seo\/ -->\n<title>Abogado especialista en muerte por negligencia en el condado de Palm Beach, FL<\/title>\n<meta name=\"description\" content=\"If you have lost someone you love in an accident. You could be entitled for a monetary compensation. Call us for a free case evaluation at 1-800- FLALAWYER. We don&#039;t charge any fee unless we win your case by settlement or jury verdict,\" \/>\n<meta name=\"robots\" content=\"index, follow, max-snippet:-1, max-image-preview:large, max-video-preview:-1\" \/>\n<link rel=\"canonical\" href=\"https:\/\/thedashcamlawyer.com\/es\/abogado-especialista-en-muerte-por-negligencia-en-el-condado-de-palm-beach-fl\/\" \/>\n<meta property=\"og:locale\" content=\"es_ES\" \/>\n<meta property=\"og:type\" content=\"article\" \/>\n<meta property=\"og:title\" content=\"Abogado especialista en muerte por negligencia en el condado de Palm Beach, FL\" \/>\n<meta property=\"og:description\" content=\"If you have lost someone you love in an accident. You could be entitled for a monetary compensation. Call us for a free case evaluation at 1-800- FLALAWYER. We don&#039;t charge any fee unless we win your case by settlement or jury verdict,\" \/>\n<meta property=\"og:url\" content=\"https:\/\/thedashcamlawyer.com\/es\/abogado-especialista-en-muerte-por-negligencia-en-el-condado-de-palm-beach-fl\/\" \/>\n<meta property=\"og:site_name\" content=\"The Dashcam Lawyer\u00ae\" \/>\n<meta property=\"article:publisher\" content=\"https:\/\/www.facebook.com\/shannonjsagan1800FlaLawyer\/\" \/>\n<meta property=\"article:modified_time\" content=\"2024-02-23T06:43:48+00:00\" \/>\n<meta name=\"twitter:card\" content=\"summary_large_image\" \/>\n<meta name=\"twitter:site\" content=\"@1800FLALAWYER\" \/>\n<meta name=\"twitter:label1\" content=\"Tiempo de lectura\" \/>\n\t<meta name=\"twitter:data1\" content=\"3 minutos\" \/>\n<script type=\"application\/ld+json\" class=\"yoast-schema-graph\">{\"@context\":\"https:\/\/schema.org\",\"@graph\":[{\"@type\":\"WebPage\",\"@id\":\"https:\/\/thedashcamlawyer.com\/es\/abogado-especialista-en-muerte-por-negligencia-en-el-condado-de-palm-beach-fl\/\",\"url\":\"https:\/\/thedashcamlawyer.com\/es\/abogado-especialista-en-muerte-por-negligencia-en-el-condado-de-palm-beach-fl\/\",\"name\":\"Abogado especialista en muerte por negligencia en el condado de Palm Beach, FL\",\"isPartOf\":{\"@id\":\"https:\/\/thedashcamlawyer.com\/#website\"},\"datePublished\":\"2022-09-19T09:43:22+00:00\",\"dateModified\":\"2024-02-23T06:43:48+00:00\",\"description\":\"If you have lost someone you love in an accident. You could be entitled for a monetary compensation. Call us for a free case evaluation at 1-800- FLALAWYER. We don't charge any fee unless we win your case by settlement or jury verdict,\",\"breadcrumb\":{\"@id\":\"https:\/\/thedashcamlawyer.com\/es\/abogado-especialista-en-muerte-por-negligencia-en-el-condado-de-palm-beach-fl\/#breadcrumb\"},\"inLanguage\":\"es\",\"potentialAction\":[{\"@type\":\"ReadAction\",\"target\":[\"https:\/\/thedashcamlawyer.com\/es\/abogado-especialista-en-muerte-por-negligencia-en-el-condado-de-palm-beach-fl\/\"]}]},{\"@type\":\"BreadcrumbList\",\"@id\":\"https:\/\/thedashcamlawyer.com\/es\/abogado-especialista-en-muerte-por-negligencia-en-el-condado-de-palm-beach-fl\/#breadcrumb\",\"itemListElement\":[{\"@type\":\"ListItem\",\"position\":1,\"name\":\"Home\",\"item\":\"https:\/\/thedashcamlawyer.com\/es\/\"},{\"@type\":\"ListItem\",\"position\":2,\"name\":\"Abogado especialista en muerte por negligencia en el condado de Palm Beach, FL\"}]},{\"@type\":\"WebSite\",\"@id\":\"https:\/\/thedashcamlawyer.com\/#website\",\"url\":\"https:\/\/thedashcamlawyer.com\/\",\"name\":\"The Dashcam Lawyer\u00ae\",\"description\":\"Palm Beach Personal Injury Law Firm\",\"publisher\":{\"@id\":\"https:\/\/thedashcamlawyer.com\/#organization\"},\"potentialAction\":[{\"@type\":\"SearchAction\",\"target\":{\"@type\":\"EntryPoint\",\"urlTemplate\":\"https:\/\/thedashcamlawyer.com\/?s={search_term_string}\"},\"query-input\":{\"@type\":\"PropertyValueSpecification\",\"valueRequired\":true,\"valueName\":\"search_term_string\"}}],\"inLanguage\":\"es\"},{\"@type\":\"Organization\",\"@id\":\"https:\/\/thedashcamlawyer.com\/#organization\",\"name\":\"Personal Injury Law firm of Shannon J. Sagan\",\"url\":\"https:\/\/thedashcamlawyer.com\/\",\"logo\":{\"@type\":\"ImageObject\",\"inLanguage\":\"es\",\"@id\":\"https:\/\/thedashcamlawyer.com\/#\/schema\/logo\/image\/\",\"url\":\"https:\/\/thedashcamlawyer.com\/wp-content\/uploads\/2018\/02\/logo.png\",\"contentUrl\":\"https:\/\/thedashcamlawyer.com\/wp-content\/uploads\/2018\/02\/logo.png\",\"width\":331,\"height\":90,\"caption\":\"Personal Injury Law firm of Shannon J. Sagan\"},\"image\":{\"@id\":\"https:\/\/thedashcamlawyer.com\/#\/schema\/logo\/image\/\"},\"sameAs\":[\"https:\/\/www.facebook.com\/shannonjsagan1800FlaLawyer\/\",\"https:\/\/x.com\/1800FLALAWYER\",\"https:\/\/www.instagram.com\/1800flalawyer\/\",\"https:\/\/www.pinterest.com\/1800flalawyer\/\",\"https:\/\/www.youtube.com\/user\/1800FlaLawyer\"]}]}<\/script>\n<!-- \/ Yoast SEO plugin. -->","yoast_head_json":{"title":"Abogado especialista en muerte por negligencia en el condado de Palm Beach, FL","description":"If you have lost someone you love in an accident. You could be entitled for a monetary compensation. Call us for a free case evaluation at 1-800- FLALAWYER. We don't charge any fee unless we win your case by settlement or jury verdict,","robots":{"index":"index","follow":"follow","max-snippet":"max-snippet:-1","max-image-preview":"max-image-preview:large","max-video-preview":"max-video-preview:-1"},"canonical":"https:\/\/thedashcamlawyer.com\/es\/abogado-especialista-en-muerte-por-negligencia-en-el-condado-de-palm-beach-fl\/","og_locale":"es_ES","og_type":"article","og_title":"Abogado especialista en muerte por negligencia en el condado de Palm Beach, FL","og_description":"If you have lost someone you love in an accident. You could be entitled for a monetary compensation. Call us for a free case evaluation at 1-800- FLALAWYER. We don't charge any fee unless we win your case by settlement or jury verdict,","og_url":"https:\/\/thedashcamlawyer.com\/es\/abogado-especialista-en-muerte-por-negligencia-en-el-condado-de-palm-beach-fl\/","og_site_name":"The Dashcam Lawyer\u00ae","article_publisher":"https:\/\/www.facebook.com\/shannonjsagan1800FlaLawyer\/","article_modified_time":"2024-02-23T06:43:48+00:00","twitter_card":"summary_large_image","twitter_site":"@1800FLALAWYER","twitter_misc":{"Tiempo de lectura":"3 minutos"},"schema":{"@context":"https:\/\/schema.org","@graph":[{"@type":"WebPage","@id":"https:\/\/thedashcamlawyer.com\/es\/abogado-especialista-en-muerte-por-negligencia-en-el-condado-de-palm-beach-fl\/","url":"https:\/\/thedashcamlawyer.com\/es\/abogado-especialista-en-muerte-por-negligencia-en-el-condado-de-palm-beach-fl\/","name":"Abogado especialista en muerte por negligencia en el condado de Palm Beach, FL","isPartOf":{"@id":"https:\/\/thedashcamlawyer.com\/#website"},"datePublished":"2022-09-19T09:43:22+00:00","dateModified":"2024-02-23T06:43:48+00:00","description":"If you have lost someone you love in an accident. You could be entitled for a monetary compensation. Call us for a free case evaluation at 1-800- FLALAWYER. We don't charge any fee unless we win your case by settlement or jury verdict,","breadcrumb":{"@id":"https:\/\/thedashcamlawyer.com\/es\/abogado-especialista-en-muerte-por-negligencia-en-el-condado-de-palm-beach-fl\/#breadcrumb"},"inLanguage":"es","potentialAction":[{"@type":"ReadAction","target":["https:\/\/thedashcamlawyer.com\/es\/abogado-especialista-en-muerte-por-negligencia-en-el-condado-de-palm-beach-fl\/"]}]},{"@type":"BreadcrumbList","@id":"https:\/\/thedashcamlawyer.com\/es\/abogado-especialista-en-muerte-por-negligencia-en-el-condado-de-palm-beach-fl\/#breadcrumb","itemListElement":[{"@type":"ListItem","position":1,"name":"Home","item":"https:\/\/thedashcamlawyer.com\/es\/"},{"@type":"ListItem","position":2,"name":"Abogado especialista en muerte por negligencia en el condado de Palm Beach, FL"}]},{"@type":"WebSite","@id":"https:\/\/thedashcamlawyer.com\/#website","url":"https:\/\/thedashcamlawyer.com\/","name":"The Dashcam Lawyer\u00ae","description":"Palm Beach Personal Injury Law Firm","publisher":{"@id":"https:\/\/thedashcamlawyer.com\/#organization"},"potentialAction":[{"@type":"SearchAction","target":{"@type":"EntryPoint","urlTemplate":"https:\/\/thedashcamlawyer.com\/?s={search_term_string}"},"query-input":{"@type":"PropertyValueSpecification","valueRequired":true,"valueName":"search_term_string"}}],"inLanguage":"es"},{"@type":"Organization","@id":"https:\/\/thedashcamlawyer.com\/#organization","name":"Personal Injury Law firm of Shannon J. Sagan","url":"https:\/\/thedashcamlawyer.com\/","logo":{"@type":"ImageObject","inLanguage":"es","@id":"https:\/\/thedashcamlawyer.com\/#\/schema\/logo\/image\/","url":"https:\/\/thedashcamlawyer.com\/wp-content\/uploads\/2018\/02\/logo.png","contentUrl":"https:\/\/thedashcamlawyer.com\/wp-content\/uploads\/2018\/02\/logo.png","width":331,"height":90,"caption":"Personal Injury Law firm of Shannon J. Sagan"},"image":{"@id":"https:\/\/thedashcamlawyer.com\/#\/schema\/logo\/image\/"},"sameAs":["https:\/\/www.facebook.com\/shannonjsagan1800FlaLawyer\/","https:\/\/x.com\/1800FLALAWYER","https:\/\/www.instagram.com\/1800flalawyer\/","https:\/\/www.pinterest.com\/1800flalawyer\/","https:\/\/www.youtube.com\/user\/1800FlaLawyer"]}]}},"_links":{"self":[{"href":"https:\/\/thedashcamlawyer.com\/es\/wp-json\/wp\/v2\/pages\/7739"}],"collection":[{"href":"https:\/\/thedashcamlawyer.com\/es\/wp-json\/wp\/v2\/pages"}],"about":[{"href":"https:\/\/thedashcamlawyer.com\/es\/wp-json\/wp\/v2\/types\/page"}],"author":[{"embeddable":true,"href":"https:\/\/thedashcamlawyer.com\/es\/wp-json\/wp\/v2\/users\/16"}],"replies":[{"embeddable":true,"href":"https:\/\/thedashcamlawyer.com\/es\/wp-json\/wp\/v2\/comments?post=7739"}],"version-history":[{"count":0,"href":"https:\/\/thedashcamlawyer.com\/es\/wp-json\/wp\/v2\/pages\/7739\/revisions"}],"up":[{"embeddable":true,"href":"https:\/\/thedashcamlawyer.com\/es\/wp-json\/wp\/v2\/pages\/9523"}],"wp:attachment":[{"href":"https:\/\/thedashcamlawyer.com\/es\/wp-json\/wp\/v2\/media?parent=7739"}],"curies":[{"name":"wp","href":"https:\/\/api.w.org\/{rel}","templated":true}]}}