{"id":7741,"date":"2022-09-19T09:47:33","date_gmt":"2022-09-19T09:47:33","guid":{"rendered":"https:\/\/thedashcamlawyer.com\/abogado-experto-en-accidentes-de-camiones-en-florida\/"},"modified":"2024-02-23T06:43:07","modified_gmt":"2024-02-23T06:43:07","slug":"abogado-experto-en-accidentes-de-camiones-en-florida","status":"publish","type":"page","link":"https:\/\/thedashcamlawyer.com\/es\/practice-areas\/abogado-experto-en-accidentes-de-camiones-en-florida\/","title":{"rendered":"Abogado Experto en Accidentes de Camiones en Florida"},"content":{"rendered":"<h2>Causas m\u00e1s comunes de lesiones por Camiones Comerciales<\/h2>\n<p><span style=\"font-weight: 400;\">Las horas extenuantes en la carretera y los viajes largos hacen que los camiones sean peligrosos para otros conductores, ciclistas y peatones. Las causas t\u00edpicas de accidentes de camiones incluyen:<\/span><\/p>\n<ul>\n<li style=\"font-weight: 400;\" aria-level=\"1\"><span style=\"font-weight: 400;\">Fatiga, potencialmente quedarse dormido al volante<\/span><\/li>\n<li style=\"font-weight: 400;\" aria-level=\"1\"><span style=\"font-weight: 400;\">Capacitaci\u00f3n o certificaci\u00f3n inadecuada<\/span><\/li>\n<li style=\"font-weight: 400;\" aria-level=\"1\"><span style=\"font-weight: 400;\">Puntos ciegos<\/span><\/li>\n<li style=\"font-weight: 400;\" aria-level=\"1\"><span style=\"font-weight: 400;\">Giros inadecuados que causan lesiones o golpean coches estacionados<\/span><\/li>\n<li style=\"font-weight: 400;\" aria-level=\"1\"><span style=\"font-weight: 400;\">Reventones de llantas<\/span><\/li>\n<li style=\"font-weight: 400;\" aria-level=\"1\"><span style=\"font-weight: 400;\">Remolque sobrecargado<\/span><\/li>\n<li style=\"font-weight: 400;\" aria-level=\"1\"><span style=\"font-weight: 400;\">Falla del equipo de frenos u otros sistemas<\/span><\/li>\n<li style=\"font-weight: 400;\" aria-level=\"1\"><span style=\"font-weight: 400;\">Enviar mensajes de texto o conducir distra\u00eddo<\/span><\/li>\n<\/ul>\n<p><span style=\"font-weight: 400;\">No todos los camiones comerciales son de 18 ruedas. Los accidentes de camiones pueden involucrar mezcladores de cemento, camiones de basura, camiones volquete, camiones de reparto, camiones volquete, camiones del Servicio postal de los Estados Unidos y camiones gr\u00faas. Estos veh\u00edculos grandes a menudo causan lesiones graves en un accidente, incluyendo:<\/span><\/p>\n<ul>\n<li style=\"font-weight: 400;\" aria-level=\"1\"><span style=\"font-weight: 400;\">Huesos rotos<\/span><\/li>\n<li style=\"font-weight: 400;\" aria-level=\"1\"><span style=\"font-weight: 400;\">Lesiones de la espalda y del cuello, incluido da\u00f1o vertebral y de los discos<\/span><\/li>\n<li style=\"font-weight: 400;\" aria-level=\"1\"><span style=\"font-weight: 400;\">Lesiones de la m\u00e9dula espinal<\/span><\/li>\n<li style=\"font-weight: 400;\" aria-level=\"1\"><span style=\"font-weight: 400;\">Lesiones cerebrales traum\u00e1ticas<\/span><\/li>\n<li style=\"font-weight: 400;\" aria-level=\"1\"><span style=\"font-weight: 400;\">Da\u00f1o en los nervios<\/span><\/li>\n<li style=\"font-weight: 400;\" aria-level=\"1\"><span style=\"font-weight: 400;\">Quemaduras<\/span><\/li>\n<li style=\"font-weight: 400;\" aria-level=\"1\"><span style=\"font-weight: 400;\">Cicatrizaci\u00f3n y desfiguraci\u00f3n<\/span><\/li>\n<li style=\"font-weight: 400;\" aria-level=\"1\"><span style=\"font-weight: 400;\">Amputaciones<\/span><\/li>\n<li style=\"font-weight: 400;\" aria-level=\"1\"><span style=\"font-weight: 400;\">Muerte<\/span><\/li>\n<\/ul>\n<h2>Determinaci\u00f3n de la responsabilidad por facturas m\u00e9dicas y da\u00f1os a la propiedad<\/h2>\n<p><span style=\"font-weight: 400;\">Los abogados con experiencia en accidentes de camiones saben que determinar la parte responsable de las lesiones y da\u00f1os a la propiedad en accidentes que involucran camiones comerciales puede ser un desaf\u00edo. \u00bfA qu\u00e9 compa\u00f1\u00eda de seguros usted presenta un reclamo: \u00bfa la del conductor, a la de la compa\u00f1\u00eda del conductor, o la suya? En accidentes que involucran camiones comerciales, el tema de la responsabilidad suele ser m\u00e1s complejo.<\/span><span style=\"font-weight: 400;\">\u00a0<\/span><\/p>\n<p><span style=\"font-weight: 400;\">Por ejemplo, si un conductor se durmi\u00f3 al volante y provoc\u00f3 el accidente, el conductor ser\u00eda responsable, y potencialmente la compa\u00f1\u00eda de camiones para la que trabaja, ya que hizo un cronograma para el conductor para demasiadas horas. Pero si una llanta revienta al lado de su veh\u00edculo y causa da\u00f1os a la propiedad y lesiones, es posible que el fabricante de la llanta tambi\u00e9n sea responsable.<\/span><\/p>\n<p><span style=\"font-weight: 400;\">El abogado experto en accidentes de camiones Shannon J. Sagan puede ayudarle a presentar un caso contra la parte o partes responsables para obtener una compensaci\u00f3n por sus lesiones.<\/span><\/p>\n<h2>Posible Compensaci\u00f3n a Buscar en un Caso de Accidente con un Cami\u00f3n<\/h2>\n<p><span style=\"font-weight: 400;\">Puede buscar varios indemnizaciones econ\u00f3micas y no econ\u00f3micas en un reclamo o demanda por un accidente con un cami\u00f3n, incluido el pago de facturas m\u00e9dicas y salarios perdidos, futuros salarios perdidos y atenci\u00f3n m\u00e9dica futura debido a sus lesiones, y da\u00f1os por angustia mental, desfiguraci\u00f3n o dolor y sufrimiento.<\/span><\/p>\n<h2>P\u00f3ngase en contacto con un abogado especialista en accidentes de camiones en el condado de Palm Beach, FLORIDA<\/h2>\n<p><span style=\"font-weight: 400;\">El abogado Shannon J. Sagan tiene m\u00e1s de 17 a\u00f1os de experiencia como abogada de accidentes con camiones en el condado de Palm Beach y en todo el estado de Florida. Ll\u00e1menos al Bufete de Abogados de Shannon J. Sagan, AP, para una evaluaci\u00f3n gratuita de su caso al <a href=\"tel:561-561-3274\">561-DASHCAM<\/a>, o<\/span><a href=\"https:\/\/thedashcamlawyer.com\/contact\/\"> <span style=\"font-weight: 400;\">cont\u00e1ctenos en <\/span><\/a><span style=\"font-weight: 400;\">l\u00ednea.<\/span><\/p>\n","protected":false},"excerpt":{"rendered":"<p>Causas m\u00e1s comunes de lesiones por Camiones Comerciales Las horas extenuantes en la carretera y los viajes largos hacen que los camiones sean peligrosos para otros conductores, ciclistas y peatones. Las causas t\u00edpicas de accidentes de camiones incluyen: Fatiga, potencialmente quedarse dormido al volante Capacitaci\u00f3n o certificaci\u00f3n inadecuada Puntos ciegos Giros inadecuados que causan lesiones&hellip;<\/p>\n","protected":false},"author":16,"featured_media":0,"parent":9523,"menu_order":0,"comment_status":"closed","ping_status":"closed","template":"","meta":{"_acf_changed":false,"inline_featured_image":false,"footnotes":""},"class_list":["post-7741","page","type-page","status-publish","hentry"],"acf":[],"yoast_head":"<!-- This site is optimized with the Yoast SEO plugin v25.6 - https:\/\/yoast.com\/wordpress\/plugins\/seo\/ -->\n<title>Abogado Experto en Accidentes de Camiones en Florida - The Dashcam Lawyer\u00ae<\/title>\n<meta name=\"robots\" content=\"index, follow, max-snippet:-1, max-image-preview:large, max-video-preview:-1\" \/>\n<link rel=\"canonical\" href=\"https:\/\/thedashcamlawyer.com\/es\/abogado-experto-en-accidentes-de-camiones-en-florida\/\" \/>\n<meta property=\"og:locale\" content=\"es_ES\" \/>\n<meta property=\"og:type\" content=\"article\" \/>\n<meta property=\"og:title\" content=\"Abogado Experto en Accidentes de Camiones en Florida - The Dashcam Lawyer\u00ae\" \/>\n<meta property=\"og:description\" content=\"Causas m\u00e1s comunes de lesiones por Camiones Comerciales Las horas extenuantes en la carretera y los viajes largos hacen que los camiones sean peligrosos para otros conductores, ciclistas y peatones. Las causas t\u00edpicas de accidentes de camiones incluyen: Fatiga, potencialmente quedarse dormido al volante Capacitaci\u00f3n o certificaci\u00f3n inadecuada Puntos ciegos Giros inadecuados que causan lesiones&hellip;\" \/>\n<meta property=\"og:url\" content=\"https:\/\/thedashcamlawyer.com\/es\/abogado-experto-en-accidentes-de-camiones-en-florida\/\" \/>\n<meta property=\"og:site_name\" content=\"The Dashcam Lawyer\u00ae\" \/>\n<meta property=\"article:publisher\" content=\"https:\/\/www.facebook.com\/shannonjsagan1800FlaLawyer\/\" \/>\n<meta property=\"article:modified_time\" content=\"2024-02-23T06:43:07+00:00\" \/>\n<meta name=\"twitter:card\" content=\"summary_large_image\" \/>\n<meta name=\"twitter:site\" content=\"@1800FLALAWYER\" \/>\n<meta name=\"twitter:label1\" content=\"Tiempo de lectura\" \/>\n\t<meta name=\"twitter:data1\" content=\"3 minutos\" \/>\n<script type=\"application\/ld+json\" class=\"yoast-schema-graph\">{\"@context\":\"https:\/\/schema.org\",\"@graph\":[{\"@type\":\"WebPage\",\"@id\":\"https:\/\/thedashcamlawyer.com\/es\/abogado-experto-en-accidentes-de-camiones-en-florida\/\",\"url\":\"https:\/\/thedashcamlawyer.com\/es\/abogado-experto-en-accidentes-de-camiones-en-florida\/\",\"name\":\"Abogado Experto en Accidentes de Camiones en Florida - The Dashcam Lawyer\u00ae\",\"isPartOf\":{\"@id\":\"https:\/\/thedashcamlawyer.com\/#website\"},\"datePublished\":\"2022-09-19T09:47:33+00:00\",\"dateModified\":\"2024-02-23T06:43:07+00:00\",\"breadcrumb\":{\"@id\":\"https:\/\/thedashcamlawyer.com\/es\/abogado-experto-en-accidentes-de-camiones-en-florida\/#breadcrumb\"},\"inLanguage\":\"es\",\"potentialAction\":[{\"@type\":\"ReadAction\",\"target\":[\"https:\/\/thedashcamlawyer.com\/es\/abogado-experto-en-accidentes-de-camiones-en-florida\/\"]}]},{\"@type\":\"BreadcrumbList\",\"@id\":\"https:\/\/thedashcamlawyer.com\/es\/abogado-experto-en-accidentes-de-camiones-en-florida\/#breadcrumb\",\"itemListElement\":[{\"@type\":\"ListItem\",\"position\":1,\"name\":\"Home\",\"item\":\"https:\/\/thedashcamlawyer.com\/es\/\"},{\"@type\":\"ListItem\",\"position\":2,\"name\":\"Abogado Experto en Accidentes de Camiones en Florida\"}]},{\"@type\":\"WebSite\",\"@id\":\"https:\/\/thedashcamlawyer.com\/#website\",\"url\":\"https:\/\/thedashcamlawyer.com\/\",\"name\":\"The Dashcam Lawyer\u00ae\",\"description\":\"Palm Beach Personal Injury Law Firm\",\"publisher\":{\"@id\":\"https:\/\/thedashcamlawyer.com\/#organization\"},\"potentialAction\":[{\"@type\":\"SearchAction\",\"target\":{\"@type\":\"EntryPoint\",\"urlTemplate\":\"https:\/\/thedashcamlawyer.com\/?s={search_term_string}\"},\"query-input\":{\"@type\":\"PropertyValueSpecification\",\"valueRequired\":true,\"valueName\":\"search_term_string\"}}],\"inLanguage\":\"es\"},{\"@type\":\"Organization\",\"@id\":\"https:\/\/thedashcamlawyer.com\/#organization\",\"name\":\"Personal Injury Law firm of Shannon J. Sagan\",\"url\":\"https:\/\/thedashcamlawyer.com\/\",\"logo\":{\"@type\":\"ImageObject\",\"inLanguage\":\"es\",\"@id\":\"https:\/\/thedashcamlawyer.com\/#\/schema\/logo\/image\/\",\"url\":\"https:\/\/thedashcamlawyer.com\/wp-content\/uploads\/2018\/02\/logo.png\",\"contentUrl\":\"https:\/\/thedashcamlawyer.com\/wp-content\/uploads\/2018\/02\/logo.png\",\"width\":331,\"height\":90,\"caption\":\"Personal Injury Law firm of Shannon J. Sagan\"},\"image\":{\"@id\":\"https:\/\/thedashcamlawyer.com\/#\/schema\/logo\/image\/\"},\"sameAs\":[\"https:\/\/www.facebook.com\/shannonjsagan1800FlaLawyer\/\",\"https:\/\/x.com\/1800FLALAWYER\",\"https:\/\/www.instagram.com\/1800flalawyer\/\",\"https:\/\/www.pinterest.com\/1800flalawyer\/\",\"https:\/\/www.youtube.com\/user\/1800FlaLawyer\"]}]}<\/script>\n<!-- \/ Yoast SEO plugin. -->","yoast_head_json":{"title":"Abogado Experto en Accidentes de Camiones en Florida - The Dashcam Lawyer\u00ae","robots":{"index":"index","follow":"follow","max-snippet":"max-snippet:-1","max-image-preview":"max-image-preview:large","max-video-preview":"max-video-preview:-1"},"canonical":"https:\/\/thedashcamlawyer.com\/es\/abogado-experto-en-accidentes-de-camiones-en-florida\/","og_locale":"es_ES","og_type":"article","og_title":"Abogado Experto en Accidentes de Camiones en Florida - The Dashcam Lawyer\u00ae","og_description":"Causas m\u00e1s comunes de lesiones por Camiones Comerciales Las horas extenuantes en la carretera y los viajes largos hacen que los camiones sean peligrosos para otros conductores, ciclistas y peatones. Las causas t\u00edpicas de accidentes de camiones incluyen: Fatiga, potencialmente quedarse dormido al volante Capacitaci\u00f3n o certificaci\u00f3n inadecuada Puntos ciegos Giros inadecuados que causan lesiones&hellip;","og_url":"https:\/\/thedashcamlawyer.com\/es\/abogado-experto-en-accidentes-de-camiones-en-florida\/","og_site_name":"The Dashcam Lawyer\u00ae","article_publisher":"https:\/\/www.facebook.com\/shannonjsagan1800FlaLawyer\/","article_modified_time":"2024-02-23T06:43:07+00:00","twitter_card":"summary_large_image","twitter_site":"@1800FLALAWYER","twitter_misc":{"Tiempo de lectura":"3 minutos"},"schema":{"@context":"https:\/\/schema.org","@graph":[{"@type":"WebPage","@id":"https:\/\/thedashcamlawyer.com\/es\/abogado-experto-en-accidentes-de-camiones-en-florida\/","url":"https:\/\/thedashcamlawyer.com\/es\/abogado-experto-en-accidentes-de-camiones-en-florida\/","name":"Abogado Experto en Accidentes de Camiones en Florida - The Dashcam Lawyer\u00ae","isPartOf":{"@id":"https:\/\/thedashcamlawyer.com\/#website"},"datePublished":"2022-09-19T09:47:33+00:00","dateModified":"2024-02-23T06:43:07+00:00","breadcrumb":{"@id":"https:\/\/thedashcamlawyer.com\/es\/abogado-experto-en-accidentes-de-camiones-en-florida\/#breadcrumb"},"inLanguage":"es","potentialAction":[{"@type":"ReadAction","target":["https:\/\/thedashcamlawyer.com\/es\/abogado-experto-en-accidentes-de-camiones-en-florida\/"]}]},{"@type":"BreadcrumbList","@id":"https:\/\/thedashcamlawyer.com\/es\/abogado-experto-en-accidentes-de-camiones-en-florida\/#breadcrumb","itemListElement":[{"@type":"ListItem","position":1,"name":"Home","item":"https:\/\/thedashcamlawyer.com\/es\/"},{"@type":"ListItem","position":2,"name":"Abogado Experto en Accidentes de Camiones en Florida"}]},{"@type":"WebSite","@id":"https:\/\/thedashcamlawyer.com\/#website","url":"https:\/\/thedashcamlawyer.com\/","name":"The Dashcam Lawyer\u00ae","description":"Palm Beach Personal Injury Law Firm","publisher":{"@id":"https:\/\/thedashcamlawyer.com\/#organization"},"potentialAction":[{"@type":"SearchAction","target":{"@type":"EntryPoint","urlTemplate":"https:\/\/thedashcamlawyer.com\/?s={search_term_string}"},"query-input":{"@type":"PropertyValueSpecification","valueRequired":true,"valueName":"search_term_string"}}],"inLanguage":"es"},{"@type":"Organization","@id":"https:\/\/thedashcamlawyer.com\/#organization","name":"Personal Injury Law firm of Shannon J. Sagan","url":"https:\/\/thedashcamlawyer.com\/","logo":{"@type":"ImageObject","inLanguage":"es","@id":"https:\/\/thedashcamlawyer.com\/#\/schema\/logo\/image\/","url":"https:\/\/thedashcamlawyer.com\/wp-content\/uploads\/2018\/02\/logo.png","contentUrl":"https:\/\/thedashcamlawyer.com\/wp-content\/uploads\/2018\/02\/logo.png","width":331,"height":90,"caption":"Personal Injury Law firm of Shannon J. Sagan"},"image":{"@id":"https:\/\/thedashcamlawyer.com\/#\/schema\/logo\/image\/"},"sameAs":["https:\/\/www.facebook.com\/shannonjsagan1800FlaLawyer\/","https:\/\/x.com\/1800FLALAWYER","https:\/\/www.instagram.com\/1800flalawyer\/","https:\/\/www.pinterest.com\/1800flalawyer\/","https:\/\/www.youtube.com\/user\/1800FlaLawyer"]}]}},"_links":{"self":[{"href":"https:\/\/thedashcamlawyer.com\/es\/wp-json\/wp\/v2\/pages\/7741"}],"collection":[{"href":"https:\/\/thedashcamlawyer.com\/es\/wp-json\/wp\/v2\/pages"}],"about":[{"href":"https:\/\/thedashcamlawyer.com\/es\/wp-json\/wp\/v2\/types\/page"}],"author":[{"embeddable":true,"href":"https:\/\/thedashcamlawyer.com\/es\/wp-json\/wp\/v2\/users\/16"}],"replies":[{"embeddable":true,"href":"https:\/\/thedashcamlawyer.com\/es\/wp-json\/wp\/v2\/comments?post=7741"}],"version-history":[{"count":0,"href":"https:\/\/thedashcamlawyer.com\/es\/wp-json\/wp\/v2\/pages\/7741\/revisions"}],"up":[{"embeddable":true,"href":"https:\/\/thedashcamlawyer.com\/es\/wp-json\/wp\/v2\/pages\/9523"}],"wp:attachment":[{"href":"https:\/\/thedashcamlawyer.com\/es\/wp-json\/wp\/v2\/media?parent=7741"}],"curies":[{"name":"wp","href":"https:\/\/api.w.org\/{rel}","templated":true}]}}