{"id":7743,"date":"2022-09-19T09:55:49","date_gmt":"2022-09-19T09:55:49","guid":{"rendered":"https:\/\/thedashcamlawyer.com\/embarcaciones-moto-de-agua-motos-acuaticas-en-florida\/"},"modified":"2024-02-23T06:39:00","modified_gmt":"2024-02-23T06:39:00","slug":"embarcaciones-moto-de-agua-motos-acuaticas-en-florida","status":"publish","type":"page","link":"https:\/\/thedashcamlawyer.com\/es\/practice-areas\/embarcaciones-moto-de-agua-motos-acuaticas-en-florida\/","title":{"rendered":"Embarcaciones \/ Moto de Agua \/ Motos Acu\u00e1ticas en Florida"},"content":{"rendered":"<h2>Tipos de accidentes de navegaci\u00f3n<\/h2>\n<p><span style=\"font-weight: 400;\">Los accidentes de navegaci\u00f3n m\u00e1s comunes que resultan en lesiones o muerte incluyen:<\/span><\/p>\n<ul>\n<li style=\"font-weight: 400;\" aria-level=\"1\"><span style=\"font-weight: 400;\">Vuelco o hundimiento<\/span><\/li>\n<li style=\"font-weight: 400;\" aria-level=\"1\"><span style=\"font-weight: 400;\">Colisi\u00f3n con otro buque o estructura<\/span><\/li>\n<li style=\"font-weight: 400;\" aria-level=\"1\"><span style=\"font-weight: 400;\">Accidente de moto de agua\/moto acu\u00e1tica<\/span><\/li>\n<li style=\"font-weight: 400;\" aria-level=\"1\"><span style=\"font-weight: 400;\">Fuego o explosi\u00f3n<\/span><\/li>\n<li style=\"font-weight: 400;\" aria-level=\"1\"><span style=\"font-weight: 400;\">Resbalones y ca\u00eddas a bordo o por la borda<\/span><\/li>\n<li style=\"font-weight: 400;\" aria-level=\"1\"><span style=\"font-weight: 400;\">Accidente con la h\u00e9lice<\/span><\/li>\n<\/ul>\n<p><span style=\"font-weight: 400;\">La causa m\u00e1s com\u00fan de lesi\u00f3n o muerte despu\u00e9s de un accidente con un barco, moto de agua o moto acu\u00e1tica es el ahogamiento, que puede causar hipoxia cerebral que conduce a una deficiencia cognitiva, convulsiones o muerte de los tejidos cerebrales. El ahogamiento no fatal tambi\u00e9n puede provocar da\u00f1o o infecci\u00f3n pulmonar.<\/span><\/p>\n<p><b>Formas en que usted puede ayudar a evitar o reducir la gravedad de un accidente:<\/b><\/p>\n<ul>\n<li style=\"font-weight: 400;\" aria-level=\"1\"><span style=\"font-weight: 400;\">Tener el equipo adecuado, como ser chalecos salvavidas (para cada pasajero) , sogas, bengalas, radio marina de Frecuencia Muy Alta, tel\u00e9fono celular cargado y un ancla que funcione correctamente.<\/span><\/li>\n<li style=\"font-weight: 400;\" aria-level=\"1\"><span style=\"font-weight: 400;\">Nunca navegar bajo la influencia del alcohol o cualquier otra droga o sustancia.<\/span><\/li>\n<li style=\"font-weight: 400;\" aria-level=\"1\"><span style=\"font-weight: 400;\">Revisar sus motores y el bote en busca de fugas, grietas u olor a humo.<\/span><\/li>\n<li style=\"font-weight: 400;\" aria-level=\"1\"><span style=\"font-weight: 400;\">Consultar el tiempo antes de salir.<\/span><\/li>\n<li style=\"font-weight: 400;\" aria-level=\"1\"><span style=\"font-weight: 400;\">Hacerle saber a alguien cu\u00e1les son sus planes de navegaci\u00f3n antes de partir.<\/span><\/li>\n<li style=\"font-weight: 400;\" aria-level=\"1\"><span style=\"font-weight: 400;\">Operar su embarcaci\u00f3n de manera segura y responsable, prestando atenci\u00f3n a todas las se\u00f1ales, reglamentos, a otros navegantes y gente en el agua.<\/span><\/li>\n<li style=\"font-weight: 400;\" aria-level=\"1\"><span style=\"font-weight: 400;\">Seguir un curso de navegaci\u00f3n<\/span><\/li>\n<\/ul>\n<h2>Muerte Injusta Debido a Accidentes con Embarcaciones<\/h2>\n<p><span style=\"font-weight: 400;\">Si un miembro querido de su familia fallece debido a lesiones sufridas en un accidente con un navegaci\u00f3n, moto de agua o \u201cWave runner\u201d, Moto a chorro de agua, nuestro experimentado equipo legal en accidentes con embarcaciones en el bufete de abogados de Shannon J. Sagan, AP, puede ayudarle a buscar una compensaci\u00f3n de las partes responsables que causaron la muerte de su ser querido.<\/span><span style=\"font-weight: 400;\">\u00a0<\/span><\/p>\n<p><span style=\"font-weight: 400;\">Algunos miembros de la familia pueden tener derecho a reclamar da\u00f1os y perjuicios, incluidos:<\/span><\/p>\n<ul>\n<li style=\"font-weight: 400;\" aria-level=\"1\"><span style=\"font-weight: 400;\">P\u00e9rdida de compa\u00f1\u00eda<\/span><\/li>\n<li style=\"font-weight: 400;\" aria-level=\"1\"><span style=\"font-weight: 400;\">Gastos del funeral y entierro<\/span><\/li>\n<li style=\"font-weight: 400;\" aria-level=\"1\"><span style=\"font-weight: 400;\">Facturas m\u00e9dicas del accidente si el fallecido sobrevivi\u00f3 a sus lesiones iniciales<\/span><\/li>\n<li style=\"font-weight: 400;\" aria-level=\"1\"><span style=\"font-weight: 400;\">P\u00e9rdida de ingresos o beneficios<\/span><\/li>\n<\/ul>\n<h2>Elija el bufete de Abogados de Shannon J. Sagan, AP, para su Abogado experto en Accidentes de Navegaci\u00f3n, Jet Ski o Motos Acu\u00e1ticas<\/h2>\n<p><span style=\"font-weight: 400;\">En el bufete de abogados de Shannon J. Sagan, AP, hemos ayudado desde 2005 a v\u00edctimas lesionadas en accidentes con embarcaciones, motos de agua y motos acu\u00e1ticas en el condado de Palm Beach y en toda Florida. Ll\u00e1menos hoy al <a href=\"tel:561-561-3274\">561-DASHCAM<\/a>, o<\/span><a href=\"https:\/\/thedashcamlawyer.com\/contact\/\"> <span style=\"font-weight: 400;\">cont\u00e1ctenos en <\/span><\/a><span style=\"font-weight: 400;\">l\u00ednea para una evaluaci\u00f3n r\u00e1pida y gratuita de su caso.<\/span><\/p>\n","protected":false},"excerpt":{"rendered":"<p>Tipos de accidentes de navegaci\u00f3n Los accidentes de navegaci\u00f3n m\u00e1s comunes que resultan en lesiones o muerte incluyen: Vuelco o hundimiento Colisi\u00f3n con otro buque o estructura Accidente de moto de agua\/moto acu\u00e1tica Fuego o explosi\u00f3n Resbalones y ca\u00eddas a bordo o por la borda Accidente con la h\u00e9lice La causa m\u00e1s com\u00fan de lesi\u00f3n&hellip;<\/p>\n","protected":false},"author":16,"featured_media":8833,"parent":9523,"menu_order":0,"comment_status":"closed","ping_status":"closed","template":"","meta":{"_acf_changed":false,"inline_featured_image":false,"footnotes":""},"class_list":["post-7743","page","type-page","status-publish","has-post-thumbnail","hentry"],"acf":[],"yoast_head":"<!-- This site is optimized with the Yoast SEO plugin v25.6 - https:\/\/yoast.com\/wordpress\/plugins\/seo\/ -->\n<title>Embarcaciones \/ Moto de Agua \/ Motos Acu\u00e1ticas en Florida - The Dashcam Lawyer\u00ae<\/title>\n<meta name=\"robots\" content=\"index, follow, max-snippet:-1, max-image-preview:large, max-video-preview:-1\" \/>\n<link rel=\"canonical\" href=\"https:\/\/thedashcamlawyer.com\/es\/embarcaciones-moto-de-agua-motos-acuaticas-en-florida\/\" \/>\n<meta property=\"og:locale\" content=\"es_ES\" \/>\n<meta property=\"og:type\" content=\"article\" \/>\n<meta property=\"og:title\" content=\"Embarcaciones \/ Moto de Agua \/ Motos Acu\u00e1ticas en Florida - The Dashcam Lawyer\u00ae\" \/>\n<meta property=\"og:description\" content=\"Tipos de accidentes de navegaci\u00f3n Los accidentes de navegaci\u00f3n m\u00e1s comunes que resultan en lesiones o muerte incluyen: Vuelco o hundimiento Colisi\u00f3n con otro buque o estructura Accidente de moto de agua\/moto acu\u00e1tica Fuego o explosi\u00f3n Resbalones y ca\u00eddas a bordo o por la borda Accidente con la h\u00e9lice La causa m\u00e1s com\u00fan de lesi\u00f3n&hellip;\" \/>\n<meta property=\"og:url\" content=\"https:\/\/thedashcamlawyer.com\/es\/embarcaciones-moto-de-agua-motos-acuaticas-en-florida\/\" \/>\n<meta property=\"og:site_name\" content=\"The Dashcam Lawyer\u00ae\" \/>\n<meta property=\"article:publisher\" content=\"https:\/\/www.facebook.com\/shannonjsagan1800FlaLawyer\/\" \/>\n<meta property=\"article:modified_time\" content=\"2024-02-23T06:39:00+00:00\" \/>\n<meta property=\"og:image\" content=\"https:\/\/thedashcamlawyer.com\/wp-content\/uploads\/2024\/02\/bicycle-injury.jpg\" \/>\n\t<meta property=\"og:image:width\" content=\"556\" \/>\n\t<meta property=\"og:image:height\" content=\"571\" \/>\n\t<meta property=\"og:image:type\" content=\"image\/jpeg\" \/>\n<meta name=\"twitter:card\" content=\"summary_large_image\" \/>\n<meta name=\"twitter:site\" content=\"@1800FLALAWYER\" \/>\n<meta name=\"twitter:label1\" content=\"Tiempo de lectura\" \/>\n\t<meta name=\"twitter:data1\" content=\"3 minutos\" \/>\n<script type=\"application\/ld+json\" class=\"yoast-schema-graph\">{\"@context\":\"https:\/\/schema.org\",\"@graph\":[{\"@type\":\"WebPage\",\"@id\":\"https:\/\/thedashcamlawyer.com\/es\/embarcaciones-moto-de-agua-motos-acuaticas-en-florida\/\",\"url\":\"https:\/\/thedashcamlawyer.com\/es\/embarcaciones-moto-de-agua-motos-acuaticas-en-florida\/\",\"name\":\"Embarcaciones \/ Moto de Agua \/ Motos Acu\u00e1ticas en Florida - The Dashcam Lawyer\u00ae\",\"isPartOf\":{\"@id\":\"https:\/\/thedashcamlawyer.com\/#website\"},\"primaryImageOfPage\":{\"@id\":\"https:\/\/thedashcamlawyer.com\/es\/embarcaciones-moto-de-agua-motos-acuaticas-en-florida\/#primaryimage\"},\"image\":{\"@id\":\"https:\/\/thedashcamlawyer.com\/es\/embarcaciones-moto-de-agua-motos-acuaticas-en-florida\/#primaryimage\"},\"thumbnailUrl\":\"https:\/\/thedashcamlawyer.com\/wp-content\/uploads\/2024\/02\/bicycle-injury.jpg\",\"datePublished\":\"2022-09-19T09:55:49+00:00\",\"dateModified\":\"2024-02-23T06:39:00+00:00\",\"breadcrumb\":{\"@id\":\"https:\/\/thedashcamlawyer.com\/es\/embarcaciones-moto-de-agua-motos-acuaticas-en-florida\/#breadcrumb\"},\"inLanguage\":\"es\",\"potentialAction\":[{\"@type\":\"ReadAction\",\"target\":[\"https:\/\/thedashcamlawyer.com\/es\/embarcaciones-moto-de-agua-motos-acuaticas-en-florida\/\"]}]},{\"@type\":\"ImageObject\",\"inLanguage\":\"es\",\"@id\":\"https:\/\/thedashcamlawyer.com\/es\/embarcaciones-moto-de-agua-motos-acuaticas-en-florida\/#primaryimage\",\"url\":\"https:\/\/thedashcamlawyer.com\/wp-content\/uploads\/2024\/02\/bicycle-injury.jpg\",\"contentUrl\":\"https:\/\/thedashcamlawyer.com\/wp-content\/uploads\/2024\/02\/bicycle-injury.jpg\",\"width\":556,\"height\":571},{\"@type\":\"BreadcrumbList\",\"@id\":\"https:\/\/thedashcamlawyer.com\/es\/embarcaciones-moto-de-agua-motos-acuaticas-en-florida\/#breadcrumb\",\"itemListElement\":[{\"@type\":\"ListItem\",\"position\":1,\"name\":\"Home\",\"item\":\"https:\/\/thedashcamlawyer.com\/es\/\"},{\"@type\":\"ListItem\",\"position\":2,\"name\":\"Embarcaciones \/ Moto de Agua \/ Motos Acu\u00e1ticas en Florida\"}]},{\"@type\":\"WebSite\",\"@id\":\"https:\/\/thedashcamlawyer.com\/#website\",\"url\":\"https:\/\/thedashcamlawyer.com\/\",\"name\":\"The Dashcam Lawyer\u00ae\",\"description\":\"Palm Beach Personal Injury Law Firm\",\"publisher\":{\"@id\":\"https:\/\/thedashcamlawyer.com\/#organization\"},\"potentialAction\":[{\"@type\":\"SearchAction\",\"target\":{\"@type\":\"EntryPoint\",\"urlTemplate\":\"https:\/\/thedashcamlawyer.com\/?s={search_term_string}\"},\"query-input\":{\"@type\":\"PropertyValueSpecification\",\"valueRequired\":true,\"valueName\":\"search_term_string\"}}],\"inLanguage\":\"es\"},{\"@type\":\"Organization\",\"@id\":\"https:\/\/thedashcamlawyer.com\/#organization\",\"name\":\"Personal Injury Law firm of Shannon J. Sagan\",\"url\":\"https:\/\/thedashcamlawyer.com\/\",\"logo\":{\"@type\":\"ImageObject\",\"inLanguage\":\"es\",\"@id\":\"https:\/\/thedashcamlawyer.com\/#\/schema\/logo\/image\/\",\"url\":\"https:\/\/thedashcamlawyer.com\/wp-content\/uploads\/2018\/02\/logo.png\",\"contentUrl\":\"https:\/\/thedashcamlawyer.com\/wp-content\/uploads\/2018\/02\/logo.png\",\"width\":331,\"height\":90,\"caption\":\"Personal Injury Law firm of Shannon J. Sagan\"},\"image\":{\"@id\":\"https:\/\/thedashcamlawyer.com\/#\/schema\/logo\/image\/\"},\"sameAs\":[\"https:\/\/www.facebook.com\/shannonjsagan1800FlaLawyer\/\",\"https:\/\/x.com\/1800FLALAWYER\",\"https:\/\/www.instagram.com\/1800flalawyer\/\",\"https:\/\/www.pinterest.com\/1800flalawyer\/\",\"https:\/\/www.youtube.com\/user\/1800FlaLawyer\"]}]}<\/script>\n<!-- \/ Yoast SEO plugin. -->","yoast_head_json":{"title":"Embarcaciones \/ Moto de Agua \/ Motos Acu\u00e1ticas en Florida - The Dashcam Lawyer\u00ae","robots":{"index":"index","follow":"follow","max-snippet":"max-snippet:-1","max-image-preview":"max-image-preview:large","max-video-preview":"max-video-preview:-1"},"canonical":"https:\/\/thedashcamlawyer.com\/es\/embarcaciones-moto-de-agua-motos-acuaticas-en-florida\/","og_locale":"es_ES","og_type":"article","og_title":"Embarcaciones \/ Moto de Agua \/ Motos Acu\u00e1ticas en Florida - The Dashcam Lawyer\u00ae","og_description":"Tipos de accidentes de navegaci\u00f3n Los accidentes de navegaci\u00f3n m\u00e1s comunes que resultan en lesiones o muerte incluyen: Vuelco o hundimiento Colisi\u00f3n con otro buque o estructura Accidente de moto de agua\/moto acu\u00e1tica Fuego o explosi\u00f3n Resbalones y ca\u00eddas a bordo o por la borda Accidente con la h\u00e9lice La causa m\u00e1s com\u00fan de lesi\u00f3n&hellip;","og_url":"https:\/\/thedashcamlawyer.com\/es\/embarcaciones-moto-de-agua-motos-acuaticas-en-florida\/","og_site_name":"The Dashcam Lawyer\u00ae","article_publisher":"https:\/\/www.facebook.com\/shannonjsagan1800FlaLawyer\/","article_modified_time":"2024-02-23T06:39:00+00:00","og_image":[{"width":556,"height":571,"url":"https:\/\/thedashcamlawyer.com\/wp-content\/uploads\/2024\/02\/bicycle-injury.jpg","type":"image\/jpeg"}],"twitter_card":"summary_large_image","twitter_site":"@1800FLALAWYER","twitter_misc":{"Tiempo de lectura":"3 minutos"},"schema":{"@context":"https:\/\/schema.org","@graph":[{"@type":"WebPage","@id":"https:\/\/thedashcamlawyer.com\/es\/embarcaciones-moto-de-agua-motos-acuaticas-en-florida\/","url":"https:\/\/thedashcamlawyer.com\/es\/embarcaciones-moto-de-agua-motos-acuaticas-en-florida\/","name":"Embarcaciones \/ Moto de Agua \/ Motos Acu\u00e1ticas en Florida - The Dashcam Lawyer\u00ae","isPartOf":{"@id":"https:\/\/thedashcamlawyer.com\/#website"},"primaryImageOfPage":{"@id":"https:\/\/thedashcamlawyer.com\/es\/embarcaciones-moto-de-agua-motos-acuaticas-en-florida\/#primaryimage"},"image":{"@id":"https:\/\/thedashcamlawyer.com\/es\/embarcaciones-moto-de-agua-motos-acuaticas-en-florida\/#primaryimage"},"thumbnailUrl":"https:\/\/thedashcamlawyer.com\/wp-content\/uploads\/2024\/02\/bicycle-injury.jpg","datePublished":"2022-09-19T09:55:49+00:00","dateModified":"2024-02-23T06:39:00+00:00","breadcrumb":{"@id":"https:\/\/thedashcamlawyer.com\/es\/embarcaciones-moto-de-agua-motos-acuaticas-en-florida\/#breadcrumb"},"inLanguage":"es","potentialAction":[{"@type":"ReadAction","target":["https:\/\/thedashcamlawyer.com\/es\/embarcaciones-moto-de-agua-motos-acuaticas-en-florida\/"]}]},{"@type":"ImageObject","inLanguage":"es","@id":"https:\/\/thedashcamlawyer.com\/es\/embarcaciones-moto-de-agua-motos-acuaticas-en-florida\/#primaryimage","url":"https:\/\/thedashcamlawyer.com\/wp-content\/uploads\/2024\/02\/bicycle-injury.jpg","contentUrl":"https:\/\/thedashcamlawyer.com\/wp-content\/uploads\/2024\/02\/bicycle-injury.jpg","width":556,"height":571},{"@type":"BreadcrumbList","@id":"https:\/\/thedashcamlawyer.com\/es\/embarcaciones-moto-de-agua-motos-acuaticas-en-florida\/#breadcrumb","itemListElement":[{"@type":"ListItem","position":1,"name":"Home","item":"https:\/\/thedashcamlawyer.com\/es\/"},{"@type":"ListItem","position":2,"name":"Embarcaciones \/ Moto de Agua \/ Motos Acu\u00e1ticas en Florida"}]},{"@type":"WebSite","@id":"https:\/\/thedashcamlawyer.com\/#website","url":"https:\/\/thedashcamlawyer.com\/","name":"The Dashcam Lawyer\u00ae","description":"Palm Beach Personal Injury Law Firm","publisher":{"@id":"https:\/\/thedashcamlawyer.com\/#organization"},"potentialAction":[{"@type":"SearchAction","target":{"@type":"EntryPoint","urlTemplate":"https:\/\/thedashcamlawyer.com\/?s={search_term_string}"},"query-input":{"@type":"PropertyValueSpecification","valueRequired":true,"valueName":"search_term_string"}}],"inLanguage":"es"},{"@type":"Organization","@id":"https:\/\/thedashcamlawyer.com\/#organization","name":"Personal Injury Law firm of Shannon J. Sagan","url":"https:\/\/thedashcamlawyer.com\/","logo":{"@type":"ImageObject","inLanguage":"es","@id":"https:\/\/thedashcamlawyer.com\/#\/schema\/logo\/image\/","url":"https:\/\/thedashcamlawyer.com\/wp-content\/uploads\/2018\/02\/logo.png","contentUrl":"https:\/\/thedashcamlawyer.com\/wp-content\/uploads\/2018\/02\/logo.png","width":331,"height":90,"caption":"Personal Injury Law firm of Shannon J. Sagan"},"image":{"@id":"https:\/\/thedashcamlawyer.com\/#\/schema\/logo\/image\/"},"sameAs":["https:\/\/www.facebook.com\/shannonjsagan1800FlaLawyer\/","https:\/\/x.com\/1800FLALAWYER","https:\/\/www.instagram.com\/1800flalawyer\/","https:\/\/www.pinterest.com\/1800flalawyer\/","https:\/\/www.youtube.com\/user\/1800FlaLawyer"]}]}},"_links":{"self":[{"href":"https:\/\/thedashcamlawyer.com\/es\/wp-json\/wp\/v2\/pages\/7743"}],"collection":[{"href":"https:\/\/thedashcamlawyer.com\/es\/wp-json\/wp\/v2\/pages"}],"about":[{"href":"https:\/\/thedashcamlawyer.com\/es\/wp-json\/wp\/v2\/types\/page"}],"author":[{"embeddable":true,"href":"https:\/\/thedashcamlawyer.com\/es\/wp-json\/wp\/v2\/users\/16"}],"replies":[{"embeddable":true,"href":"https:\/\/thedashcamlawyer.com\/es\/wp-json\/wp\/v2\/comments?post=7743"}],"version-history":[{"count":0,"href":"https:\/\/thedashcamlawyer.com\/es\/wp-json\/wp\/v2\/pages\/7743\/revisions"}],"up":[{"embeddable":true,"href":"https:\/\/thedashcamlawyer.com\/es\/wp-json\/wp\/v2\/pages\/9523"}],"wp:featuredmedia":[{"embeddable":true,"href":"https:\/\/thedashcamlawyer.com\/es\/wp-json\/wp\/v2\/media\/8833"}],"wp:attachment":[{"href":"https:\/\/thedashcamlawyer.com\/es\/wp-json\/wp\/v2\/media?parent=7743"}],"curies":[{"name":"wp","href":"https:\/\/api.w.org\/{rel}","templated":true}]}}