{"id":7774,"date":"2022-10-04T07:28:31","date_gmt":"2022-10-04T07:28:31","guid":{"rendered":"https:\/\/thedashcamlawyer.com\/como-elegir-un-abogado-experto-en-lesiones-personales\/"},"modified":"2024-04-27T03:46:34","modified_gmt":"2024-04-27T03:46:34","slug":"como-elegir-un-abogado-experto-en-lesiones-personales","status":"publish","type":"page","link":"https:\/\/thedashcamlawyer.com\/es\/resumen-de-leyes\/como-elegir-un-abogado-experto-en-lesiones-personales\/","title":{"rendered":"\u00bfC\u00f3mo Elegir Un Abogado Experto En Lesiones Personales?"},"content":{"rendered":"<h2>\u00bfNECESITA UN ABOGADO ESPECIALISTA EN LESIONES PERSONALES?<\/h2>\n<p><span style=\"font-weight: 400;\">Las compa\u00f1\u00edas de seguros cuentan con equipos de ajustadores y abogados con a\u00f1os de experiencia. Las demandas y litigios por lesiones pueden ser asuntos complejos. A veces, calcular lo da\u00f1os sufridos puede ser dif\u00edcil. Desde asegurarse de presentar su caso a tiempo hasta encontrar un testigo experto, hay muchos factores que pueden salir mal si no tiene la experiencia adecuada. Surgir\u00e1n problemas que requieren experiencia y conocimiento legal, como, por ejemplo, \u00bfC\u00f3mo asigna una dada cantidad en d\u00f3lares a su dolor o su p\u00e9rdida de la alegr\u00eda? Shannon J. Sagan tiene experiencia en casos de lesiones personales en todo el condado de Palm Beach y puede ayudarle a determinar que compensaci\u00f3n merece por su lesi\u00f3n, dolor y sufrimiento, angustia mental y otros da\u00f1os. Adem\u00e1s, el Sr. Sagan puede revisar su caso de lesiones personales y decirle si vale la pena emprender acciones legales. Si es poco probable que usted gane su caso, puede evitar el tiempo y el costo que implica una demanda.<\/span><\/p>\n<h2>\u00bfC\u00d3MO ELEGIR AL ABOGADO ESPECIALISTA EN LESIONES PERSONALES ADECUADO?<\/h2>\n<p><span style=\"font-weight: 400;\">Cuando comience a buscar un abogado, debe comenzar hablando con amigos y familiares. Preg\u00fanteles si tienen alguna recomendaci\u00f3n de un buen abogado en quien conf\u00eden. Despu\u00e9s haga su investigaci\u00f3n en l\u00ednea. Internet tiene una gran cantidad de informaci\u00f3n donde puede encontrar calificaciones de abogados, as\u00ed como varias rese\u00f1as de abogados de clientes. \u00bfEl abogado tiene experiencia en casos de lesiones personales? \u00bfEl sitio web del abogado est\u00e1 actualizado sobre los casos y la ley pertinente? \u00bfEl abogado tiene buenas calificaciones profesionales? \u00bfEl abogado tiene experiencia en casos de lesiones personales en West Palm Beach?<\/span><\/p>\n<p><span style=\"font-weight: 400;\">El Sr. Sagan le proporcionar\u00e1 una consulta inicial gratuita. Esta es su oportunidad de obtener respuestas a sus preguntas sobre su caso y averiguar qu\u00e9 podr\u00eda implicar una demanda.<\/span><\/p>\n<h2>LA CONSULTA INICIAL<\/h2>\n<p><span style=\"font-weight: 400;\">Cuanto mejor preparado est\u00e9 para la consulta inicial, m\u00e1s le ayudar\u00e1 a tomar una buena decisi\u00f3n sobre si debe contratar a un abogado especialista en lesiones personales. Debe traer a la entrevista todos los documentos relacionados con su caso, como, por ejemplo: facturas m\u00e9dicas, fotograf\u00edas, correspondencia con proveedores de seguros, documentaci\u00f3n m\u00e9dica, prueba de da\u00f1os, etc. Tambi\u00e9n debe hacer una lista de preguntas que tenga para el abogado, incluidas preguntas sobre la representaci\u00f3n que el abogado le ha dado a usted y preguntas que son pertinentes a su caso.<\/span><\/p>\n<p><span style=\"font-weight: 400;\">Encontrar el abogado especialista en lesiones personales adecuado es un componente importante para obtener una compensaci\u00f3n equitativa por sus lesiones.<\/span><\/p>\n<h2>\u00bfC\u00d3MO FUNCIONAN LOS HONORARIOS DE UN ABOGADO EXPERTO EN LESIONES PERSONALES?<\/h2>\n<p><span style=\"font-weight: 400;\">El Sr. Sagan maneja casos de lesiones personales en base a honorarios eventuales. Esto significa que <\/span><b>solo tiene que pagar los costos y los honorarios de su abogado si gana o llega a un acuerdo <\/b><span style=\"font-weight: 400;\">. Si gana o llega a un acuerdo en su caso, los honorarios de su abogado se pagan con su indemnizaci\u00f3n o acuerdo por da\u00f1os y perjuicios.<\/span><\/p>\n","protected":false},"excerpt":{"rendered":"<p>\u00bfNECESITA UN ABOGADO ESPECIALISTA EN LESIONES PERSONALES? Las compa\u00f1\u00edas de seguros cuentan con equipos de ajustadores y abogados con a\u00f1os de experiencia. Las demandas y litigios por lesiones pueden ser asuntos complejos. A veces, calcular lo da\u00f1os sufridos puede ser dif\u00edcil. Desde asegurarse de presentar su caso a tiempo hasta encontrar un testigo experto, hay&hellip;<\/p>\n","protected":false},"author":16,"featured_media":0,"parent":9459,"menu_order":0,"comment_status":"closed","ping_status":"closed","template":"","meta":{"_acf_changed":false,"inline_featured_image":false,"footnotes":""},"class_list":["post-7774","page","type-page","status-publish","hentry"],"acf":[],"yoast_head":"<!-- This site is optimized with the Yoast SEO plugin v25.6 - https:\/\/yoast.com\/wordpress\/plugins\/seo\/ -->\n<title>How to Choose a Personal Injury Attorney? | Palm Beach<\/title>\n<meta name=\"robots\" content=\"index, follow, max-snippet:-1, max-image-preview:large, max-video-preview:-1\" \/>\n<link rel=\"canonical\" href=\"https:\/\/thedashcamlawyer.com\/es\/resumen-de-leyes\/como-elegir-un-abogado-experto-en-lesiones-personales\/\" \/>\n<meta property=\"og:locale\" content=\"es_ES\" \/>\n<meta property=\"og:type\" content=\"article\" \/>\n<meta property=\"og:title\" content=\"How to Choose a Personal Injury Attorney? | Palm Beach\" \/>\n<meta property=\"og:description\" content=\"\u00bfNECESITA UN ABOGADO ESPECIALISTA EN LESIONES PERSONALES? Las compa\u00f1\u00edas de seguros cuentan con equipos de ajustadores y abogados con a\u00f1os de experiencia. Las demandas y litigios por lesiones pueden ser asuntos complejos. A veces, calcular lo da\u00f1os sufridos puede ser dif\u00edcil. Desde asegurarse de presentar su caso a tiempo hasta encontrar un testigo experto, hay&hellip;\" \/>\n<meta property=\"og:url\" content=\"https:\/\/thedashcamlawyer.com\/es\/resumen-de-leyes\/como-elegir-un-abogado-experto-en-lesiones-personales\/\" \/>\n<meta property=\"og:site_name\" content=\"The Dashcam Lawyer\u00ae\" \/>\n<meta property=\"article:publisher\" content=\"https:\/\/www.facebook.com\/shannonjsagan1800FlaLawyer\/\" \/>\n<meta property=\"article:modified_time\" content=\"2024-04-27T03:46:34+00:00\" \/>\n<meta name=\"twitter:card\" content=\"summary_large_image\" \/>\n<meta name=\"twitter:site\" content=\"@1800FLALAWYER\" \/>\n<meta name=\"twitter:label1\" content=\"Tiempo de lectura\" \/>\n\t<meta name=\"twitter:data1\" content=\"3 minutos\" \/>\n<script type=\"application\/ld+json\" class=\"yoast-schema-graph\">{\"@context\":\"https:\/\/schema.org\",\"@graph\":[{\"@type\":\"WebPage\",\"@id\":\"https:\/\/thedashcamlawyer.com\/es\/resumen-de-leyes\/como-elegir-un-abogado-experto-en-lesiones-personales\/\",\"url\":\"https:\/\/thedashcamlawyer.com\/es\/resumen-de-leyes\/como-elegir-un-abogado-experto-en-lesiones-personales\/\",\"name\":\"How to Choose a Personal Injury Attorney? | Palm Beach\",\"isPartOf\":{\"@id\":\"https:\/\/thedashcamlawyer.com\/#website\"},\"datePublished\":\"2022-10-04T07:28:31+00:00\",\"dateModified\":\"2024-04-27T03:46:34+00:00\",\"breadcrumb\":{\"@id\":\"https:\/\/thedashcamlawyer.com\/es\/resumen-de-leyes\/como-elegir-un-abogado-experto-en-lesiones-personales\/#breadcrumb\"},\"inLanguage\":\"es\",\"potentialAction\":[{\"@type\":\"ReadAction\",\"target\":[\"https:\/\/thedashcamlawyer.com\/es\/resumen-de-leyes\/como-elegir-un-abogado-experto-en-lesiones-personales\/\"]}]},{\"@type\":\"BreadcrumbList\",\"@id\":\"https:\/\/thedashcamlawyer.com\/es\/resumen-de-leyes\/como-elegir-un-abogado-experto-en-lesiones-personales\/#breadcrumb\",\"itemListElement\":[{\"@type\":\"ListItem\",\"position\":1,\"name\":\"Home\",\"item\":\"https:\/\/thedashcamlawyer.com\/es\/\"},{\"@type\":\"ListItem\",\"position\":2,\"name\":\"Resumen de Leyes\",\"item\":\"https:\/\/thedashcamlawyer.com\/es\/resumen-de-leyes\/\"},{\"@type\":\"ListItem\",\"position\":3,\"name\":\"\u00bfC\u00f3mo Elegir Un Abogado Experto En Lesiones Personales?\"}]},{\"@type\":\"WebSite\",\"@id\":\"https:\/\/thedashcamlawyer.com\/#website\",\"url\":\"https:\/\/thedashcamlawyer.com\/\",\"name\":\"The Dashcam Lawyer\u00ae\",\"description\":\"Palm Beach Personal Injury Law Firm\",\"publisher\":{\"@id\":\"https:\/\/thedashcamlawyer.com\/#organization\"},\"potentialAction\":[{\"@type\":\"SearchAction\",\"target\":{\"@type\":\"EntryPoint\",\"urlTemplate\":\"https:\/\/thedashcamlawyer.com\/?s={search_term_string}\"},\"query-input\":{\"@type\":\"PropertyValueSpecification\",\"valueRequired\":true,\"valueName\":\"search_term_string\"}}],\"inLanguage\":\"es\"},{\"@type\":\"Organization\",\"@id\":\"https:\/\/thedashcamlawyer.com\/#organization\",\"name\":\"Personal Injury Law firm of Shannon J. Sagan\",\"url\":\"https:\/\/thedashcamlawyer.com\/\",\"logo\":{\"@type\":\"ImageObject\",\"inLanguage\":\"es\",\"@id\":\"https:\/\/thedashcamlawyer.com\/#\/schema\/logo\/image\/\",\"url\":\"https:\/\/thedashcamlawyer.com\/wp-content\/uploads\/2018\/02\/logo.png\",\"contentUrl\":\"https:\/\/thedashcamlawyer.com\/wp-content\/uploads\/2018\/02\/logo.png\",\"width\":331,\"height\":90,\"caption\":\"Personal Injury Law firm of Shannon J. Sagan\"},\"image\":{\"@id\":\"https:\/\/thedashcamlawyer.com\/#\/schema\/logo\/image\/\"},\"sameAs\":[\"https:\/\/www.facebook.com\/shannonjsagan1800FlaLawyer\/\",\"https:\/\/x.com\/1800FLALAWYER\",\"https:\/\/www.instagram.com\/1800flalawyer\/\",\"https:\/\/www.pinterest.com\/1800flalawyer\/\",\"https:\/\/www.youtube.com\/user\/1800FlaLawyer\"]}]}<\/script>\n<!-- \/ Yoast SEO plugin. -->","yoast_head_json":{"title":"How to Choose a Personal Injury Attorney? | Palm Beach","robots":{"index":"index","follow":"follow","max-snippet":"max-snippet:-1","max-image-preview":"max-image-preview:large","max-video-preview":"max-video-preview:-1"},"canonical":"https:\/\/thedashcamlawyer.com\/es\/resumen-de-leyes\/como-elegir-un-abogado-experto-en-lesiones-personales\/","og_locale":"es_ES","og_type":"article","og_title":"How to Choose a Personal Injury Attorney? | Palm Beach","og_description":"\u00bfNECESITA UN ABOGADO ESPECIALISTA EN LESIONES PERSONALES? Las compa\u00f1\u00edas de seguros cuentan con equipos de ajustadores y abogados con a\u00f1os de experiencia. Las demandas y litigios por lesiones pueden ser asuntos complejos. A veces, calcular lo da\u00f1os sufridos puede ser dif\u00edcil. Desde asegurarse de presentar su caso a tiempo hasta encontrar un testigo experto, hay&hellip;","og_url":"https:\/\/thedashcamlawyer.com\/es\/resumen-de-leyes\/como-elegir-un-abogado-experto-en-lesiones-personales\/","og_site_name":"The Dashcam Lawyer\u00ae","article_publisher":"https:\/\/www.facebook.com\/shannonjsagan1800FlaLawyer\/","article_modified_time":"2024-04-27T03:46:34+00:00","twitter_card":"summary_large_image","twitter_site":"@1800FLALAWYER","twitter_misc":{"Tiempo de lectura":"3 minutos"},"schema":{"@context":"https:\/\/schema.org","@graph":[{"@type":"WebPage","@id":"https:\/\/thedashcamlawyer.com\/es\/resumen-de-leyes\/como-elegir-un-abogado-experto-en-lesiones-personales\/","url":"https:\/\/thedashcamlawyer.com\/es\/resumen-de-leyes\/como-elegir-un-abogado-experto-en-lesiones-personales\/","name":"How to Choose a Personal Injury Attorney? | Palm Beach","isPartOf":{"@id":"https:\/\/thedashcamlawyer.com\/#website"},"datePublished":"2022-10-04T07:28:31+00:00","dateModified":"2024-04-27T03:46:34+00:00","breadcrumb":{"@id":"https:\/\/thedashcamlawyer.com\/es\/resumen-de-leyes\/como-elegir-un-abogado-experto-en-lesiones-personales\/#breadcrumb"},"inLanguage":"es","potentialAction":[{"@type":"ReadAction","target":["https:\/\/thedashcamlawyer.com\/es\/resumen-de-leyes\/como-elegir-un-abogado-experto-en-lesiones-personales\/"]}]},{"@type":"BreadcrumbList","@id":"https:\/\/thedashcamlawyer.com\/es\/resumen-de-leyes\/como-elegir-un-abogado-experto-en-lesiones-personales\/#breadcrumb","itemListElement":[{"@type":"ListItem","position":1,"name":"Home","item":"https:\/\/thedashcamlawyer.com\/es\/"},{"@type":"ListItem","position":2,"name":"Resumen de Leyes","item":"https:\/\/thedashcamlawyer.com\/es\/resumen-de-leyes\/"},{"@type":"ListItem","position":3,"name":"\u00bfC\u00f3mo Elegir Un Abogado Experto En Lesiones Personales?"}]},{"@type":"WebSite","@id":"https:\/\/thedashcamlawyer.com\/#website","url":"https:\/\/thedashcamlawyer.com\/","name":"The Dashcam Lawyer\u00ae","description":"Palm Beach Personal Injury Law Firm","publisher":{"@id":"https:\/\/thedashcamlawyer.com\/#organization"},"potentialAction":[{"@type":"SearchAction","target":{"@type":"EntryPoint","urlTemplate":"https:\/\/thedashcamlawyer.com\/?s={search_term_string}"},"query-input":{"@type":"PropertyValueSpecification","valueRequired":true,"valueName":"search_term_string"}}],"inLanguage":"es"},{"@type":"Organization","@id":"https:\/\/thedashcamlawyer.com\/#organization","name":"Personal Injury Law firm of Shannon J. Sagan","url":"https:\/\/thedashcamlawyer.com\/","logo":{"@type":"ImageObject","inLanguage":"es","@id":"https:\/\/thedashcamlawyer.com\/#\/schema\/logo\/image\/","url":"https:\/\/thedashcamlawyer.com\/wp-content\/uploads\/2018\/02\/logo.png","contentUrl":"https:\/\/thedashcamlawyer.com\/wp-content\/uploads\/2018\/02\/logo.png","width":331,"height":90,"caption":"Personal Injury Law firm of Shannon J. Sagan"},"image":{"@id":"https:\/\/thedashcamlawyer.com\/#\/schema\/logo\/image\/"},"sameAs":["https:\/\/www.facebook.com\/shannonjsagan1800FlaLawyer\/","https:\/\/x.com\/1800FLALAWYER","https:\/\/www.instagram.com\/1800flalawyer\/","https:\/\/www.pinterest.com\/1800flalawyer\/","https:\/\/www.youtube.com\/user\/1800FlaLawyer"]}]}},"_links":{"self":[{"href":"https:\/\/thedashcamlawyer.com\/es\/wp-json\/wp\/v2\/pages\/7774"}],"collection":[{"href":"https:\/\/thedashcamlawyer.com\/es\/wp-json\/wp\/v2\/pages"}],"about":[{"href":"https:\/\/thedashcamlawyer.com\/es\/wp-json\/wp\/v2\/types\/page"}],"author":[{"embeddable":true,"href":"https:\/\/thedashcamlawyer.com\/es\/wp-json\/wp\/v2\/users\/16"}],"replies":[{"embeddable":true,"href":"https:\/\/thedashcamlawyer.com\/es\/wp-json\/wp\/v2\/comments?post=7774"}],"version-history":[{"count":0,"href":"https:\/\/thedashcamlawyer.com\/es\/wp-json\/wp\/v2\/pages\/7774\/revisions"}],"up":[{"embeddable":true,"href":"https:\/\/thedashcamlawyer.com\/es\/wp-json\/wp\/v2\/pages\/9459"}],"wp:attachment":[{"href":"https:\/\/thedashcamlawyer.com\/es\/wp-json\/wp\/v2\/media?parent=7774"}],"curies":[{"name":"wp","href":"https:\/\/api.w.org\/{rel}","templated":true}]}}