{"id":7776,"date":"2018-01-15T22:02:31","date_gmt":"2018-01-15T22:02:31","guid":{"rendered":"https:\/\/thedashcamlawyer.com\/about\/"},"modified":"2025-04-17T00:29:03","modified_gmt":"2025-04-17T00:29:03","slug":"about","status":"publish","type":"page","link":"https:\/\/thedashcamlawyer.com\/es\/about\/","title":{"rendered":"Sobre Nosotros"},"content":{"rendered":"\n\n\t\t\t\t<img loading=\"lazy\" decoding=\"async\" src=\"https:\/\/thedashcamlawyer.com\/wp-content\/uploads\/2022\/08\/img-shannon.png\" alt=\"img-shannon\" itemprop=\"image\" height=\"736\" width=\"736\" title=\"img-shannon\" onerror=\"this.style.display='none'\"  \/>\n<h1><span class=\"ez-toc-section\" id=\"meet-attorney-shannon-j-sagan\"><\/span>\n\t\tMeet Attorney<br \/>Shannon J. Sagan\n\t<span class=\"ez-toc-section-end\"><\/span><\/h1>\n\t<p>Empec\u00e9 a entender realmente el proceso legal cuando era estudiante en la Universidad de Florida Central. Para pagar mis estudios, consegu\u00ed un trabajo en un destacado bufete de abogados que representaba a los principales parques tem\u00e1ticos y grandes corporaciones automovil\u00edsticas. Aprend\u00ed estrategias de defensa invaluables y formas de pensar desde el punto de vista de la defensa. Tambi\u00e9n aprend\u00ed c\u00f3mo ayudar a planificar y preparar un caso para el juicio.<\/p>\n\t<p>Despu\u00e9s de graduarme, volv\u00ed a mi ciudad natal, West Palm Beach, para inscribirme en la facultad de derecho. Me mantuve trabajando como asistente legal en una firma de abogados especializados en lesiones personales. El director de la firma se convirti\u00f3 en mi amigo y mentor, y me ayud\u00f3 a aplicar lo que estaba aprendiendo en la facultad para ayudar a clientes de la vida real. Durante ese tiempo, ayud\u00e9 a negociar cientos de miles de d\u00f3lares en acuerdos para clientes.<\/p>\n<p>Despu\u00e9s de graduarme de la facultad de derecho, me un\u00ed a una peque\u00f1a, pero muy conocida firma de abogados expertos en lesiones personales que representaba a gente gravemente lesionada. En menos de dos a\u00f1os me nombraron socio. Pero sent\u00ed que pod\u00eda hacer m\u00e1s por los clientes si abr\u00eda mi propio bufete.<\/p>\n<p>En junio de 2008, form\u00e9 el \u00abBufete de Abogados especialista en Asuntos Legales de Shannon J. Sagan, AP\u00bb. Desde entonces, he representado con exclusividad a clientes lesionados en todo el estado de Florida. Mis clientes han abarcado personas de todos los \u00e1mbitos de la vida, incluyendo due\u00f1os de negocios, atletas profesionales, agentes de la ley, trabajadores de la salud y muchos m\u00e1s. Incluso represento a clientes de otros estados y pa\u00edses.<\/p>\n<p>En el tiempo que dedico a mi vida privada, me encanta encontrar los mejores eventos de m\u00fasica en vivo, coleccionar autos cl\u00e1sicos e ir a exhibiciones de autos. Tambi\u00e9n disfruto el tiempo que paso con mi esposa y mis dos hijos en restaurantes, viajes y kickboxing, y me interesan las noticias sobre las criptomonedas y las inversiones en las mismas.<\/p>\n<h1><span class=\"ez-toc-section\" id=\"our-team\"><\/span>\n\t\tOur Team\n\t<span class=\"ez-toc-section-end\"><\/span><\/h1>\n\t\t\t\t<img decoding=\"async\" src=\"https:\/\/thedashcamlawyer.com\/wp-content\/plugins\/bb-plugin\/img\/pixel.png\" alt=\"\" itemprop=\"image\" onerror=\"this.style.display='none'\"  \/>\n\t\t\t\t<img loading=\"lazy\" decoding=\"async\" src=\"https:\/\/thedashcamlawyer.com\/wp-content\/uploads\/2022\/08\/ShannonTeam.png\" alt=\"ShannonTeam\" itemprop=\"image\" height=\"418\" width=\"400\" title=\"ShannonTeam\" onerror=\"this.style.display='none'\"  \/>\n<h2>\n\t\tShannon J. Sagan\n\t<\/h2>\n\t<p>Attorney<\/p>\n\t\t\t\t<img loading=\"lazy\" decoding=\"async\" src=\"https:\/\/thedashcamlawyer.com\/wp-content\/uploads\/2022\/08\/JoyTeam.png\" alt=\"JoyTeam\" itemprop=\"image\" height=\"418\" width=\"400\" title=\"JoyTeam\" onerror=\"this.style.display='none'\"  \/>\n<h2>\n\t\tJoy Linet\n\t<\/h2>\n\t<p>Operations\/Marketing Director<\/p>\n\t\t\t\t<img loading=\"lazy\" decoding=\"async\" src=\"https:\/\/thedashcamlawyer.com\/wp-content\/uploads\/2022\/08\/GloriaTeam.png\" alt=\"GloriaTeam\" itemprop=\"image\" height=\"418\" width=\"400\" title=\"GloriaTeam\" onerror=\"this.style.display='none'\"  \/>\n<h2>\n\t\tGloria\n\t<\/h2>\n\t<p>Paralegal<\/p>\n\t\t\t\t<img loading=\"lazy\" decoding=\"async\" src=\"https:\/\/thedashcamlawyer.com\/wp-content\/uploads\/2025\/04\/Darcy-alonso-.png\" alt=\"Darcy alonso\" itemprop=\"image\" height=\"418\" width=\"400\" title=\"Darcy alonso\" onerror=\"this.style.display='none'\"  \/>\n<h2>\n\t\tDarcy\n\t<\/h2>\n\t<p>Case Manager<\/p>\n<h1><span class=\"ez-toc-section\" id=\"why-choose-shannon-j-sagan\"><\/span>\n\t\tWHY CHOOSE SHANNON J. SAGAN\n\t<span class=\"ez-toc-section-end\"><\/span><\/h1>\n\t\t\t\t<img loading=\"lazy\" decoding=\"async\" src=\"https:\/\/thedashcamlawyer.com\/wp-content\/uploads\/2022\/08\/icon-phone-2.svg\" alt=\"icon-phone\" itemprop=\"image\" height=\"91\" width=\"95\" title=\"icon-phone\" onerror=\"this.style.display='none'\"  \/>\n<h2>\n\t\tConstant Communication\n\t<\/h2>\n\t<p>Me reunir\u00e9 con usted al comienzo de su caso y responder\u00e9 todas sus preguntas. Muchas firmas de abogados especialistas en lesiones personales solo le permiten reunirse y hablar con un asistente legal, pero creo que usted se merece la atenci\u00f3n personal de su abogado. Lo mantendr\u00e9 informado y me comunicar\u00e9 con usted a lo largo de su caso. Mi oficina est\u00e1 disponible para atender sus llamadas las 24 horas los 7 d\u00edas de la semana\/7.<\/p>\n\t\t\t\t<img loading=\"lazy\" decoding=\"async\" src=\"https:\/\/thedashcamlawyer.com\/wp-content\/uploads\/2022\/08\/icon-free.svg\" alt=\"icon-free\" itemprop=\"image\" height=\"106\" width=\"98\" title=\"icon-free\" onerror=\"this.style.display='none'\"  \/>\n<h2>\n\t\tFree Initial Consultation\n\t<\/h2>\n\t<p>Le garantizo que su consulta inicial ser\u00e1 gratuita. Soy selectivo y honesto con los casos que elijo tomar, as\u00ed que utilizo la consulta inicial para discernir si tiene un caso o no, ahorr\u00e1ndole tiempo y dinero. Usted no paga honorarios ni costos de abogados a menos que yo gane o llegue a un acuerdo en su caso.<\/p>\n\t\t\t\t<img loading=\"lazy\" decoding=\"async\" src=\"https:\/\/thedashcamlawyer.com\/wp-content\/uploads\/2022\/08\/icon-balance.svg\" alt=\"icon-balance\" itemprop=\"image\" height=\"81\" width=\"83\" title=\"icon-balance\" onerror=\"this.style.display='none'\"  \/>\n<h2>\n\t\tDedicated Attorney to Clients and Community\n\t<\/h2>\n\t<p>Trabajando con mi firma, obtiene el beneficio de m\u00e1s de 15 a\u00f1os de experiencia representando a clientes lesionados junto con un personal biling\u00fce profesional y excepcional. Me gusta involucrarme en mi comunidad y me esfuerzo por ser una abogado dedicado y cuidadoso.<\/p>\n\t\t\t\t<img loading=\"lazy\" decoding=\"async\" src=\"https:\/\/thedashcamlawyer.com\/wp-content\/uploads\/2022\/08\/icon-car-1.svg\" alt=\"icon-car\" itemprop=\"image\" height=\"50\" width=\"124\" title=\"icon-car\" onerror=\"this.style.display='none'\"  \/>\n<h2>\n\t\tSpeaking from experience\n\t<\/h2>\n\t<p>Mientras estaba en la universidad me vi envuelto en un grave accidente de vuelco que me dej\u00f3 con lesiones permanentes. Tuve que contratar a un abogado para que me ayudara, as\u00ed que entiendo por lo que est\u00e1 pasando. \u00a1Quiero que el proceso sea m\u00e1s f\u00e1cil para usted de lo que fue para m\u00ed!<\/p>\n<h1><span class=\"ez-toc-section\" id=\"education-awards-memberships\"><\/span>\n\t\tEDUCATION, AWARDS, &#038; MEMBERSHIPS\n\t<span class=\"ez-toc-section-end\"><\/span><\/h1>\n<h2>\n\t\tEDUCATION\n\t<\/h2>\n\t<ul>\n<li>B.A. degree in\u00a0<strong>Legal Studies<\/strong>,\u00a0<strong><a href=\"http:\/\/www.ucf.edu\/\" target=\"_blank\" rel=\"noopener noreferrer\">University of Central Florida<\/a><\/strong><\/li>\n<li>J.D. degree,\u00a0<strong><a href=\"http:\/\/www.nova.edu\/\" target=\"_blank\" rel=\"noopener noreferrer\">Nova Southeastern University<\/a><\/strong><\/li>\n<\/ul>\n<h2>\n\t\tAWARDS &#038; MEMBERSHIPS\n\t<\/h2>\n\t<ul>\n<li><a href=\"https:\/\/www.floridabar.org\" target=\"_blank\" rel=\"noopener noreferrer\"><strong>Florida Bar<\/strong><\/a>\u00a0&#8211; Member since 2005<\/li>\n<li><a href=\"http:\/\/www.palmbeachbar.org\/\" target=\"_blank\" rel=\"noopener noreferrer\"><strong>Palm Beach County Bar Association<\/strong>\u00a0<\/a>&#8211; Solo &amp; Small Firm Practitioners Committee 2010 &#8211; Present<\/li>\n<li><a href=\"http:\/\/pbcja.org\/\" target=\"_blank\" rel=\"noopener noreferrer\"><strong>Palm Beach County Justice Association<\/strong><\/a><\/li>\n<li><a href=\"http:\/\/www.bellegladechamber.com\/\" target=\"_blank\" rel=\"noopener noreferrer\"><strong>Belle Glade Chamber of Commerce<\/strong><\/a>\u00a0&#8211; Board of Directors<\/li>\n<li>Board of Director Member for the Thai Boxing Association\u00a0&#8211; Sanctioning Authority<\/li>\n<li>Leadership Glades &#8211; Director of Advisory Board<\/li>\n<li>Florida Trend&#8217;s Florida Legal Elite\u00a0&#8211; 2014, 2016<\/li>\n<li><strong>AV Preeminent\u00ae<\/strong>\u00a0rated by Martindale-Hubbell, the highest possible for both General Ethics Standards and Legal Ability.<\/li>\n<li><a href=\"http:\/\/www.villageofpalmsprings.org\/index.aspx?NID=253\" target=\"_blank\" rel=\"noopener noreferrer\"><strong>Member of Village of Palm Springs Leisure Services Board<\/strong><\/a><\/li>\n<li><a href=\"http:\/\/www.gladesinitiative.org\/\" target=\"_blank\" rel=\"noopener noreferrer\"><strong>Glades Initiative<\/strong><\/a>&#8211; Board of Directors, Vice Chair<\/li>\n<\/ul>\n<h2>\n\t\tCOMMUNITY SERVICE INVOLVEMENT\n\t<\/h2>\n\t<ul>\n<li>Take-a-seat sponsor for the\u00a0<a href=\"http:\/\/www.dollyhand.org\/\"><strong>Dolly Hand Cultural Arts Center<\/strong><\/a>\u00a0in Belle Glade, FL<\/li>\n<li><a href=\"http:\/\/www.relayforlife.org\/relay\/\" target=\"_blank\" rel=\"noopener noreferrer\"><strong>American Cancer Society<\/strong><\/a>\u00a0&#8211; \u00abRelay for Life\u00bb volunteer<\/li>\n<li><a href=\"http:\/\/www.redcross.org\/\" target=\"_blank\" rel=\"noopener noreferrer\"><strong>American Red Cross<\/strong>\u00a0<\/a>volunteer<\/li>\n<li><a href=\"http:\/\/www.americanheart.org\/\" target=\"_blank\" rel=\"noopener noreferrer\"><strong>American Heart Association<\/strong><\/a>\u00a0&#8211; Lawyers Have Heart 5K Run, participant and fundraiser<\/li>\n<li>Literacy Coalition of Palm Beach County Student Essay Contest Volunteer<\/li>\n<li>Volunteer &#8211; <a href=\"https:\/\/cces.palmbeachschools.org\/\" target=\"_blank\" rel=\"noopener noreferrer\"><strong>Citrus Cove Elementary<\/strong><\/a> PTO<\/li>\n<\/ul>\n\n","protected":false},"excerpt":{"rendered":"<p>Meet AttorneyShannon J. Sagan Empec\u00e9 a entender realmente el proceso legal cuando era estudiante en la Universidad de Florida Central. Para pagar mis estudios, consegu\u00ed un trabajo en un destacado bufete de abogados que representaba a los principales parques tem\u00e1ticos y grandes corporaciones automovil\u00edsticas. Aprend\u00ed estrategias de defensa invaluables y formas de pensar desde el&hellip;<\/p>\n","protected":false},"author":16,"featured_media":0,"parent":0,"menu_order":0,"comment_status":"closed","ping_status":"closed","template":"","meta":{"_acf_changed":false,"inline_featured_image":false,"footnotes":""},"class_list":["post-7776","page","type-page","status-publish","hentry"],"acf":[],"yoast_head":"<!-- This site is optimized with the Yoast SEO plugin v25.6 - https:\/\/yoast.com\/wordpress\/plugins\/seo\/ -->\n<title>About - Personal Injury Law Firm Shannon J.Sagan<\/title>\n<meta name=\"description\" content=\"Over 12 years of experience representing injured clients, professional and exceptional bilingual staff, and constant involvement in the community shows that he is a dedicated and caring personal injury attorney. Contact our Office now for a free case evaluation (561) 533-7800\" \/>\n<meta name=\"robots\" content=\"index, follow, max-snippet:-1, max-image-preview:large, max-video-preview:-1\" \/>\n<link rel=\"canonical\" href=\"https:\/\/thedashcamlawyer.com\/es\/about\/\" \/>\n<meta property=\"og:locale\" content=\"es_ES\" \/>\n<meta property=\"og:type\" content=\"article\" \/>\n<meta property=\"og:title\" content=\"About - Personal Injury Law Firm Shannon J.Sagan\" \/>\n<meta property=\"og:description\" content=\"Over 12 years of experience representing injured clients, professional and exceptional bilingual staff, and constant involvement in the community shows that he is a dedicated and caring personal injury attorney. Contact our Office now for a free case evaluation (561) 533-7800\" \/>\n<meta property=\"og:url\" content=\"https:\/\/thedashcamlawyer.com\/es\/about\/\" \/>\n<meta property=\"og:site_name\" content=\"The Dashcam Lawyer\u00ae\" \/>\n<meta property=\"article:publisher\" content=\"https:\/\/www.facebook.com\/shannonjsagan1800FlaLawyer\/\" \/>\n<meta property=\"article:modified_time\" content=\"2025-04-17T00:29:03+00:00\" \/>\n<meta property=\"og:image\" content=\"https:\/\/thedashcamlawyer.com\/wp-content\/uploads\/2022\/08\/img-shannon.png\" \/>\n<meta name=\"twitter:card\" content=\"summary_large_image\" \/>\n<meta name=\"twitter:site\" content=\"@1800FLALAWYER\" \/>\n<meta name=\"twitter:label1\" content=\"Tiempo de lectura\" \/>\n\t<meta name=\"twitter:data1\" content=\"6 minutos\" \/>\n<script type=\"application\/ld+json\" class=\"yoast-schema-graph\">{\"@context\":\"https:\/\/schema.org\",\"@graph\":[{\"@type\":\"WebPage\",\"@id\":\"https:\/\/thedashcamlawyer.com\/es\/about\/\",\"url\":\"https:\/\/thedashcamlawyer.com\/es\/about\/\",\"name\":\"About - Personal Injury Law Firm Shannon J.Sagan\",\"isPartOf\":{\"@id\":\"https:\/\/thedashcamlawyer.com\/#website\"},\"primaryImageOfPage\":{\"@id\":\"https:\/\/thedashcamlawyer.com\/es\/about\/#primaryimage\"},\"image\":{\"@id\":\"https:\/\/thedashcamlawyer.com\/es\/about\/#primaryimage\"},\"thumbnailUrl\":\"https:\/\/thedashcamlawyer.com\/wp-content\/uploads\/2022\/08\/img-shannon.png\",\"datePublished\":\"2018-01-15T22:02:31+00:00\",\"dateModified\":\"2025-04-17T00:29:03+00:00\",\"description\":\"Over 12 years of experience representing injured clients, professional and exceptional bilingual staff, and constant involvement in the community shows that he is a dedicated and caring personal injury attorney. Contact our Office now for a free case evaluation (561) 533-7800\",\"breadcrumb\":{\"@id\":\"https:\/\/thedashcamlawyer.com\/es\/about\/#breadcrumb\"},\"inLanguage\":\"es\",\"potentialAction\":[{\"@type\":\"ReadAction\",\"target\":[\"https:\/\/thedashcamlawyer.com\/es\/about\/\"]}]},{\"@type\":\"ImageObject\",\"inLanguage\":\"es\",\"@id\":\"https:\/\/thedashcamlawyer.com\/es\/about\/#primaryimage\",\"url\":\"https:\/\/thedashcamlawyer.com\/wp-content\/uploads\/2022\/08\/img-shannon.png\",\"contentUrl\":\"https:\/\/thedashcamlawyer.com\/wp-content\/uploads\/2022\/08\/img-shannon.png\"},{\"@type\":\"BreadcrumbList\",\"@id\":\"https:\/\/thedashcamlawyer.com\/es\/about\/#breadcrumb\",\"itemListElement\":[{\"@type\":\"ListItem\",\"position\":1,\"name\":\"Home\",\"item\":\"https:\/\/thedashcamlawyer.com\/es\/\"},{\"@type\":\"ListItem\",\"position\":2,\"name\":\"Sobre Nosotros\"}]},{\"@type\":\"WebSite\",\"@id\":\"https:\/\/thedashcamlawyer.com\/#website\",\"url\":\"https:\/\/thedashcamlawyer.com\/\",\"name\":\"The Dashcam Lawyer\u00ae\",\"description\":\"Palm Beach Personal Injury Law Firm\",\"publisher\":{\"@id\":\"https:\/\/thedashcamlawyer.com\/#organization\"},\"potentialAction\":[{\"@type\":\"SearchAction\",\"target\":{\"@type\":\"EntryPoint\",\"urlTemplate\":\"https:\/\/thedashcamlawyer.com\/?s={search_term_string}\"},\"query-input\":{\"@type\":\"PropertyValueSpecification\",\"valueRequired\":true,\"valueName\":\"search_term_string\"}}],\"inLanguage\":\"es\"},{\"@type\":\"Organization\",\"@id\":\"https:\/\/thedashcamlawyer.com\/#organization\",\"name\":\"Personal Injury Law firm of Shannon J. Sagan\",\"url\":\"https:\/\/thedashcamlawyer.com\/\",\"logo\":{\"@type\":\"ImageObject\",\"inLanguage\":\"es\",\"@id\":\"https:\/\/thedashcamlawyer.com\/#\/schema\/logo\/image\/\",\"url\":\"https:\/\/thedashcamlawyer.com\/wp-content\/uploads\/2018\/02\/logo.png\",\"contentUrl\":\"https:\/\/thedashcamlawyer.com\/wp-content\/uploads\/2018\/02\/logo.png\",\"width\":331,\"height\":90,\"caption\":\"Personal Injury Law firm of Shannon J. Sagan\"},\"image\":{\"@id\":\"https:\/\/thedashcamlawyer.com\/#\/schema\/logo\/image\/\"},\"sameAs\":[\"https:\/\/www.facebook.com\/shannonjsagan1800FlaLawyer\/\",\"https:\/\/x.com\/1800FLALAWYER\",\"https:\/\/www.instagram.com\/1800flalawyer\/\",\"https:\/\/www.pinterest.com\/1800flalawyer\/\",\"https:\/\/www.youtube.com\/user\/1800FlaLawyer\"]}]}<\/script>\n<!-- \/ Yoast SEO plugin. -->","yoast_head_json":{"title":"About - Personal Injury Law Firm Shannon J.Sagan","description":"Over 12 years of experience representing injured clients, professional and exceptional bilingual staff, and constant involvement in the community shows that he is a dedicated and caring personal injury attorney. Contact our Office now for a free case evaluation (561) 533-7800","robots":{"index":"index","follow":"follow","max-snippet":"max-snippet:-1","max-image-preview":"max-image-preview:large","max-video-preview":"max-video-preview:-1"},"canonical":"https:\/\/thedashcamlawyer.com\/es\/about\/","og_locale":"es_ES","og_type":"article","og_title":"About - Personal Injury Law Firm Shannon J.Sagan","og_description":"Over 12 years of experience representing injured clients, professional and exceptional bilingual staff, and constant involvement in the community shows that he is a dedicated and caring personal injury attorney. Contact our Office now for a free case evaluation (561) 533-7800","og_url":"https:\/\/thedashcamlawyer.com\/es\/about\/","og_site_name":"The Dashcam Lawyer\u00ae","article_publisher":"https:\/\/www.facebook.com\/shannonjsagan1800FlaLawyer\/","article_modified_time":"2025-04-17T00:29:03+00:00","og_image":[{"url":"https:\/\/thedashcamlawyer.com\/wp-content\/uploads\/2022\/08\/img-shannon.png","type":"","width":"","height":""}],"twitter_card":"summary_large_image","twitter_site":"@1800FLALAWYER","twitter_misc":{"Tiempo de lectura":"6 minutos"},"schema":{"@context":"https:\/\/schema.org","@graph":[{"@type":"WebPage","@id":"https:\/\/thedashcamlawyer.com\/es\/about\/","url":"https:\/\/thedashcamlawyer.com\/es\/about\/","name":"About - Personal Injury Law Firm Shannon J.Sagan","isPartOf":{"@id":"https:\/\/thedashcamlawyer.com\/#website"},"primaryImageOfPage":{"@id":"https:\/\/thedashcamlawyer.com\/es\/about\/#primaryimage"},"image":{"@id":"https:\/\/thedashcamlawyer.com\/es\/about\/#primaryimage"},"thumbnailUrl":"https:\/\/thedashcamlawyer.com\/wp-content\/uploads\/2022\/08\/img-shannon.png","datePublished":"2018-01-15T22:02:31+00:00","dateModified":"2025-04-17T00:29:03+00:00","description":"Over 12 years of experience representing injured clients, professional and exceptional bilingual staff, and constant involvement in the community shows that he is a dedicated and caring personal injury attorney. Contact our Office now for a free case evaluation (561) 533-7800","breadcrumb":{"@id":"https:\/\/thedashcamlawyer.com\/es\/about\/#breadcrumb"},"inLanguage":"es","potentialAction":[{"@type":"ReadAction","target":["https:\/\/thedashcamlawyer.com\/es\/about\/"]}]},{"@type":"ImageObject","inLanguage":"es","@id":"https:\/\/thedashcamlawyer.com\/es\/about\/#primaryimage","url":"https:\/\/thedashcamlawyer.com\/wp-content\/uploads\/2022\/08\/img-shannon.png","contentUrl":"https:\/\/thedashcamlawyer.com\/wp-content\/uploads\/2022\/08\/img-shannon.png"},{"@type":"BreadcrumbList","@id":"https:\/\/thedashcamlawyer.com\/es\/about\/#breadcrumb","itemListElement":[{"@type":"ListItem","position":1,"name":"Home","item":"https:\/\/thedashcamlawyer.com\/es\/"},{"@type":"ListItem","position":2,"name":"Sobre Nosotros"}]},{"@type":"WebSite","@id":"https:\/\/thedashcamlawyer.com\/#website","url":"https:\/\/thedashcamlawyer.com\/","name":"The Dashcam Lawyer\u00ae","description":"Palm Beach Personal Injury Law Firm","publisher":{"@id":"https:\/\/thedashcamlawyer.com\/#organization"},"potentialAction":[{"@type":"SearchAction","target":{"@type":"EntryPoint","urlTemplate":"https:\/\/thedashcamlawyer.com\/?s={search_term_string}"},"query-input":{"@type":"PropertyValueSpecification","valueRequired":true,"valueName":"search_term_string"}}],"inLanguage":"es"},{"@type":"Organization","@id":"https:\/\/thedashcamlawyer.com\/#organization","name":"Personal Injury Law firm of Shannon J. Sagan","url":"https:\/\/thedashcamlawyer.com\/","logo":{"@type":"ImageObject","inLanguage":"es","@id":"https:\/\/thedashcamlawyer.com\/#\/schema\/logo\/image\/","url":"https:\/\/thedashcamlawyer.com\/wp-content\/uploads\/2018\/02\/logo.png","contentUrl":"https:\/\/thedashcamlawyer.com\/wp-content\/uploads\/2018\/02\/logo.png","width":331,"height":90,"caption":"Personal Injury Law firm of Shannon J. Sagan"},"image":{"@id":"https:\/\/thedashcamlawyer.com\/#\/schema\/logo\/image\/"},"sameAs":["https:\/\/www.facebook.com\/shannonjsagan1800FlaLawyer\/","https:\/\/x.com\/1800FLALAWYER","https:\/\/www.instagram.com\/1800flalawyer\/","https:\/\/www.pinterest.com\/1800flalawyer\/","https:\/\/www.youtube.com\/user\/1800FlaLawyer"]}]}},"_links":{"self":[{"href":"https:\/\/thedashcamlawyer.com\/es\/wp-json\/wp\/v2\/pages\/7776"}],"collection":[{"href":"https:\/\/thedashcamlawyer.com\/es\/wp-json\/wp\/v2\/pages"}],"about":[{"href":"https:\/\/thedashcamlawyer.com\/es\/wp-json\/wp\/v2\/types\/page"}],"author":[{"embeddable":true,"href":"https:\/\/thedashcamlawyer.com\/es\/wp-json\/wp\/v2\/users\/16"}],"replies":[{"embeddable":true,"href":"https:\/\/thedashcamlawyer.com\/es\/wp-json\/wp\/v2\/comments?post=7776"}],"version-history":[{"count":2,"href":"https:\/\/thedashcamlawyer.com\/es\/wp-json\/wp\/v2\/pages\/7776\/revisions"}],"predecessor-version":[{"id":9855,"href":"https:\/\/thedashcamlawyer.com\/es\/wp-json\/wp\/v2\/pages\/7776\/revisions\/9855"}],"wp:attachment":[{"href":"https:\/\/thedashcamlawyer.com\/es\/wp-json\/wp\/v2\/media?parent=7776"}],"curies":[{"name":"wp","href":"https:\/\/api.w.org\/{rel}","templated":true}]}}