{"id":7813,"date":"2022-10-14T15:22:05","date_gmt":"2022-10-14T15:22:05","guid":{"rendered":"https:\/\/thedashcamlawyer.com\/abogado-especialista-en-accidentes-de-vehiculos-comerciales-de-florida\/"},"modified":"2022-10-14T15:22:05","modified_gmt":"2022-10-14T15:22:05","slug":"abogado-especialista-en-accidentes-de-vehiculos-comerciales-de-florida","status":"publish","type":"page","link":"https:\/\/thedashcamlawyer.com\/es\/practice-areas\/abogado-especialista-en-accidentes-de-vehiculos-comerciales-de-florida\/","title":{"rendered":"Abogado Especialista en Accidentes de Veh\u00edculos Comerciales de Florida"},"content":{"rendered":"<p><span style=\"font-weight: 400;\">\u00bfHa resultado lesionado en un accidente que involucr\u00f3 a un veh\u00edculo comercial? Seg\u00fan la Administraci\u00f3n Federal de Seguridad de Autotransportes (FMCSA, por sus siglas\u00a0 en ingl\u00e9s), en 2019 m\u00e1s de<\/span><a href=\"https:\/\/www.fmcsa.dot.gov\/sites\/fmcsa.dot.gov\/files\/2022-01\/FMCSA%20Pocket%20Guide%202021.pdf\"> <span style=\"font-weight: 400;\">4,400 personas murieron <\/span><\/a><span style=\"font-weight: 400;\">en accidentes que involucraron grandes camiones con remolque y otros veh\u00edculos motorizados comerciales. Dichos accidentes pueden provocar lesiones que alteran la vida y pueden afectar su capacidad para trabajar, jugar con sus hijos o disfrutar de la vida.<\/span><span style=\"font-weight: 400;\">\u00a0<\/span><\/p>\n<p><span style=\"font-weight: 400;\">El abogado Shannon J. Sagan es abogado especialista en accidentes de veh\u00edculos comerciales y fundador del Estudio Jur\u00eddico de Shannon J. Sagan, AP, en el condado de Palm Beach, FLORIDA. Con m\u00e1s de 17 a\u00f1os de trabajo en su bufete de abogados del sur de la Florida para v\u00edctimas lesionadas, est\u00e1 listo para representarlo en su caso de accidente de veh\u00edculo comercial.<\/span><\/p>\n<h2>\u00bfQu\u00e9 es un veh\u00edculo comercial?<\/h2>\n<p><span style=\"font-weight: 400;\">Seg\u00fan la Administraci\u00f3n Federal de Seguridad de Autotransportes, un veh\u00edculo comercial cumple cualquiera de las tres descripciones principales, que incluyen:<\/span><\/p>\n<ul>\n<li style=\"font-weight: 400;\" aria-level=\"1\"><span style=\"font-weight: 400;\">Veh\u00edculos grandes que excedan una clasificaci\u00f3n de peso de 10.001 libras (declaradas, brutas o reales).<\/span><\/li>\n<li style=\"font-weight: 400;\" aria-level=\"1\"><span style=\"font-weight: 400;\">Un veh\u00edculo que muestra una placa de materiales peligrosos y que transporta materiales o productos qu\u00edmicos peligrosos.<\/span><\/li>\n<li style=\"font-weight: 400;\" aria-level=\"1\"><span style=\"font-weight: 400;\">Veh\u00edculos que incluyen camiones grandes y autobuses de tipos de carrocer\u00eda comunes.<\/span><\/li>\n<\/ul>\n<p><span style=\"font-weight: 400;\">La mayor\u00eda de los camiones comerciales contienen una marca que hace que sea bastante obvio si el cami\u00f3n es un veh\u00edculo comercial.<\/span><\/p>\n<h2>\u00bfQui\u00e9n es responsable en accidentes que involucran camiones comerciales?<\/h2>\n<p><span style=\"font-weight: 400;\">La responsabilidad es un tema complejo en los accidentes que involucran camiones comerciales. Los abogados con experiencia en lesiones personales saben que usted podr\u00eda estar tratando con varias compa\u00f1\u00edas de seguros para presentar los reclamos apropiados por sus lesiones. El conductor, la empresa de transporte, el fabricante del equipo del cami\u00f3n y el municipio o estado.<\/span><span style=\"font-weight: 400;\">\u00a0<\/span><\/p>\n<p><span style=\"font-weight: 400;\">Con tantas compa\u00f1\u00edas de seguros involucradas, la mayor\u00eda probablemente intentar\u00e1 imponer la responsabilidad a otra parte para evitar pagar el reclamo por s\u00ed mismos. Las circunstancias del accidente tambi\u00e9n jugar\u00e1n un papel clave en la determinaci\u00f3n de la responsabilidad por el accidente.<\/span><span style=\"font-weight: 400;\"><br \/>\n<\/span><\/p>\n<p><span style=\"font-weight: 400;\">Por ejemplo, si su accidente involucr\u00f3 a un autob\u00fas de la ciudad, lo m\u00e1s probable es que busque el resarcimiento por da\u00f1os y perjuicios de la ciudad, el condado o el organismo gubernamental responsable que opera el sistema de autobuses. Pero si su reclamo involucr\u00f3 un cami\u00f3n comercial de 18 ruedas, es posible que deba responsabilizar al conductor, a la compa\u00f1\u00eda de camiones y a la compa\u00f1\u00eda de env\u00edo, seg\u00fan la situaci\u00f3n espec\u00edfica.<\/span><\/p>\n<p><span style=\"font-weight: 400;\">Su abogado con experiencia en accidentes de veh\u00edculos comerciales en el Estudio Jur\u00eddico de Shannon J. Sagan, AP, puede ayudarle a determinar las partes responsables m\u00e1s apropiadas para obtener una compensaci\u00f3n por sus lesiones.<\/span><\/p>\n<h2>\u00bfQu\u00e9 cosas puede recuperar en un accidente con un veh\u00edculo comercial?<\/h2>\n<p><span style=\"font-weight: 400;\">En un reclamo o demanda por lesiones resultantes de un accidente que involucre a uno o m\u00e1s camiones comerciales, usted puede revindicar:<\/span><\/p>\n<ul>\n<li style=\"font-weight: 400;\" aria-level=\"1\"><span style=\"font-weight: 400;\">Da\u00f1os por facturas m\u00e9dicas (pasadas, actuales y futuras), salarios perdidos y salarios futuros que pueda perder, da\u00f1os a su veh\u00edculo.<\/span><\/li>\n<li style=\"font-weight: 400;\" aria-level=\"1\"><span style=\"font-weight: 400;\">Da\u00f1os no econ\u00f3micos por cicatrices, desfiguraci\u00f3n, angustia mental y dolor y sufrimiento.<\/span><\/li>\n<li style=\"font-weight: 400;\" aria-level=\"1\"><span style=\"font-weight: 400;\">Da\u00f1os punitivos por mala conducta intencional o negligencia grave.<\/span><\/li>\n<\/ul>\n<h2>Comun\u00edquese con nuestro abogado especialista en accidentes con veh\u00edculos comerciales en el sur de Florida<\/h2>\n<p><span style=\"font-weight: 400;\">Acuda a un abogado experto en accidentes de veh\u00edculos comerciales en el Estudio Jur\u00eddico de Shannon J. Sagan, AP, en Lake Worth, FLORIDA. El abogado Shannon J. Sagan le ayudar\u00e1 con su caso en caso de contingencia, por lo que nunca tendr\u00e1 que pagarnos a menos que obtengamos una compensaci\u00f3n para usted. Ll\u00e1menos hoy para una evaluaci\u00f3n r\u00e1pida y gratuita de su caso al 1-800-FLORIDA-LAWYER\u00a0 239-529937) o<\/span><a href=\"https:\/\/thedashcamlawyer.com\/contact\/\"> <span style=\"font-weight: 400;\">cont\u00e1ctenos en <\/span><\/a><span style=\"font-weight: 400;\">l\u00ednea.<\/span><\/p>\n","protected":false},"excerpt":{"rendered":"<p>\u00bfHa resultado lesionado en un accidente que involucr\u00f3 a un veh\u00edculo comercial? Seg\u00fan la Administraci\u00f3n Federal de Seguridad de Autotransportes (FMCSA, por sus siglas\u00a0 en ingl\u00e9s), en 2019 m\u00e1s de 4,400 personas murieron en accidentes que involucraron grandes camiones con remolque y otros veh\u00edculos motorizados comerciales. Dichos accidentes pueden provocar lesiones que alteran la vida&hellip;<\/p>\n","protected":false},"author":16,"featured_media":0,"parent":9523,"menu_order":0,"comment_status":"closed","ping_status":"closed","template":"","meta":{"_acf_changed":false,"inline_featured_image":false,"footnotes":""},"class_list":["post-7813","page","type-page","status-publish","hentry"],"acf":[],"yoast_head":"<!-- This site is optimized with the Yoast SEO plugin v25.6 - https:\/\/yoast.com\/wordpress\/plugins\/seo\/ -->\n<title>Abogado Especialista en Accidentes de Veh\u00edculos Comerciales de Florida - The Dashcam Lawyer\u00ae<\/title>\n<meta name=\"robots\" content=\"index, follow, max-snippet:-1, max-image-preview:large, max-video-preview:-1\" \/>\n<link rel=\"canonical\" href=\"https:\/\/thedashcamlawyer.com\/abogado-especialista-en-accidentes-de-vehiculos-comerciales-de-florida\/\" \/>\n<meta property=\"og:locale\" content=\"es_ES\" \/>\n<meta property=\"og:type\" content=\"article\" \/>\n<meta property=\"og:title\" content=\"Abogado Especialista en Accidentes de Veh\u00edculos Comerciales de Florida - The Dashcam Lawyer\u00ae\" \/>\n<meta property=\"og:description\" content=\"\u00bfHa resultado lesionado en un accidente que involucr\u00f3 a un veh\u00edculo comercial? Seg\u00fan la Administraci\u00f3n Federal de Seguridad de Autotransportes (FMCSA, por sus siglas\u00a0 en ingl\u00e9s), en 2019 m\u00e1s de 4,400 personas murieron en accidentes que involucraron grandes camiones con remolque y otros veh\u00edculos motorizados comerciales. Dichos accidentes pueden provocar lesiones que alteran la vida&hellip;\" \/>\n<meta property=\"og:url\" content=\"https:\/\/thedashcamlawyer.com\/abogado-especialista-en-accidentes-de-vehiculos-comerciales-de-florida\/\" \/>\n<meta property=\"og:site_name\" content=\"The Dashcam Lawyer\u00ae\" \/>\n<meta property=\"article:publisher\" content=\"https:\/\/www.facebook.com\/shannonjsagan1800FlaLawyer\/\" \/>\n<meta name=\"twitter:card\" content=\"summary_large_image\" \/>\n<meta name=\"twitter:site\" content=\"@1800FLALAWYER\" \/>\n<meta name=\"twitter:label1\" content=\"Tiempo de lectura\" \/>\n\t<meta name=\"twitter:data1\" content=\"3 minutos\" \/>\n<script type=\"application\/ld+json\" class=\"yoast-schema-graph\">{\"@context\":\"https:\/\/schema.org\",\"@graph\":[{\"@type\":\"WebPage\",\"@id\":\"https:\/\/thedashcamlawyer.com\/abogado-especialista-en-accidentes-de-vehiculos-comerciales-de-florida\/\",\"url\":\"https:\/\/thedashcamlawyer.com\/abogado-especialista-en-accidentes-de-vehiculos-comerciales-de-florida\/\",\"name\":\"Abogado Especialista en Accidentes de Veh\u00edculos Comerciales de Florida - The Dashcam Lawyer\u00ae\",\"isPartOf\":{\"@id\":\"https:\/\/thedashcamlawyer.com\/#website\"},\"datePublished\":\"2022-10-14T15:22:05+00:00\",\"breadcrumb\":{\"@id\":\"https:\/\/thedashcamlawyer.com\/abogado-especialista-en-accidentes-de-vehiculos-comerciales-de-florida\/#breadcrumb\"},\"inLanguage\":\"es\",\"potentialAction\":[{\"@type\":\"ReadAction\",\"target\":[\"https:\/\/thedashcamlawyer.com\/abogado-especialista-en-accidentes-de-vehiculos-comerciales-de-florida\/\"]}]},{\"@type\":\"BreadcrumbList\",\"@id\":\"https:\/\/thedashcamlawyer.com\/abogado-especialista-en-accidentes-de-vehiculos-comerciales-de-florida\/#breadcrumb\",\"itemListElement\":[{\"@type\":\"ListItem\",\"position\":1,\"name\":\"Home\",\"item\":\"https:\/\/thedashcamlawyer.com\/es\/\"},{\"@type\":\"ListItem\",\"position\":2,\"name\":\"Abogado Especialista en Accidentes de Veh\u00edculos Comerciales de Florida\"}]},{\"@type\":\"WebSite\",\"@id\":\"https:\/\/thedashcamlawyer.com\/#website\",\"url\":\"https:\/\/thedashcamlawyer.com\/\",\"name\":\"The Dashcam Lawyer\u00ae\",\"description\":\"Palm Beach Personal Injury Law Firm\",\"publisher\":{\"@id\":\"https:\/\/thedashcamlawyer.com\/#organization\"},\"potentialAction\":[{\"@type\":\"SearchAction\",\"target\":{\"@type\":\"EntryPoint\",\"urlTemplate\":\"https:\/\/thedashcamlawyer.com\/?s={search_term_string}\"},\"query-input\":{\"@type\":\"PropertyValueSpecification\",\"valueRequired\":true,\"valueName\":\"search_term_string\"}}],\"inLanguage\":\"es\"},{\"@type\":\"Organization\",\"@id\":\"https:\/\/thedashcamlawyer.com\/#organization\",\"name\":\"Personal Injury Law firm of Shannon J. Sagan\",\"url\":\"https:\/\/thedashcamlawyer.com\/\",\"logo\":{\"@type\":\"ImageObject\",\"inLanguage\":\"es\",\"@id\":\"https:\/\/thedashcamlawyer.com\/#\/schema\/logo\/image\/\",\"url\":\"https:\/\/thedashcamlawyer.com\/wp-content\/uploads\/2018\/02\/logo.png\",\"contentUrl\":\"https:\/\/thedashcamlawyer.com\/wp-content\/uploads\/2018\/02\/logo.png\",\"width\":331,\"height\":90,\"caption\":\"Personal Injury Law firm of Shannon J. Sagan\"},\"image\":{\"@id\":\"https:\/\/thedashcamlawyer.com\/#\/schema\/logo\/image\/\"},\"sameAs\":[\"https:\/\/www.facebook.com\/shannonjsagan1800FlaLawyer\/\",\"https:\/\/x.com\/1800FLALAWYER\",\"https:\/\/www.instagram.com\/1800flalawyer\/\",\"https:\/\/www.pinterest.com\/1800flalawyer\/\",\"https:\/\/www.youtube.com\/user\/1800FlaLawyer\"]}]}<\/script>\n<!-- \/ Yoast SEO plugin. -->","yoast_head_json":{"title":"Abogado Especialista en Accidentes de Veh\u00edculos Comerciales de Florida - The Dashcam Lawyer\u00ae","robots":{"index":"index","follow":"follow","max-snippet":"max-snippet:-1","max-image-preview":"max-image-preview:large","max-video-preview":"max-video-preview:-1"},"canonical":"https:\/\/thedashcamlawyer.com\/abogado-especialista-en-accidentes-de-vehiculos-comerciales-de-florida\/","og_locale":"es_ES","og_type":"article","og_title":"Abogado Especialista en Accidentes de Veh\u00edculos Comerciales de Florida - The Dashcam Lawyer\u00ae","og_description":"\u00bfHa resultado lesionado en un accidente que involucr\u00f3 a un veh\u00edculo comercial? Seg\u00fan la Administraci\u00f3n Federal de Seguridad de Autotransportes (FMCSA, por sus siglas\u00a0 en ingl\u00e9s), en 2019 m\u00e1s de 4,400 personas murieron en accidentes que involucraron grandes camiones con remolque y otros veh\u00edculos motorizados comerciales. Dichos accidentes pueden provocar lesiones que alteran la vida&hellip;","og_url":"https:\/\/thedashcamlawyer.com\/abogado-especialista-en-accidentes-de-vehiculos-comerciales-de-florida\/","og_site_name":"The Dashcam Lawyer\u00ae","article_publisher":"https:\/\/www.facebook.com\/shannonjsagan1800FlaLawyer\/","twitter_card":"summary_large_image","twitter_site":"@1800FLALAWYER","twitter_misc":{"Tiempo de lectura":"3 minutos"},"schema":{"@context":"https:\/\/schema.org","@graph":[{"@type":"WebPage","@id":"https:\/\/thedashcamlawyer.com\/abogado-especialista-en-accidentes-de-vehiculos-comerciales-de-florida\/","url":"https:\/\/thedashcamlawyer.com\/abogado-especialista-en-accidentes-de-vehiculos-comerciales-de-florida\/","name":"Abogado Especialista en Accidentes de Veh\u00edculos Comerciales de Florida - The Dashcam Lawyer\u00ae","isPartOf":{"@id":"https:\/\/thedashcamlawyer.com\/#website"},"datePublished":"2022-10-14T15:22:05+00:00","breadcrumb":{"@id":"https:\/\/thedashcamlawyer.com\/abogado-especialista-en-accidentes-de-vehiculos-comerciales-de-florida\/#breadcrumb"},"inLanguage":"es","potentialAction":[{"@type":"ReadAction","target":["https:\/\/thedashcamlawyer.com\/abogado-especialista-en-accidentes-de-vehiculos-comerciales-de-florida\/"]}]},{"@type":"BreadcrumbList","@id":"https:\/\/thedashcamlawyer.com\/abogado-especialista-en-accidentes-de-vehiculos-comerciales-de-florida\/#breadcrumb","itemListElement":[{"@type":"ListItem","position":1,"name":"Home","item":"https:\/\/thedashcamlawyer.com\/es\/"},{"@type":"ListItem","position":2,"name":"Abogado Especialista en Accidentes de Veh\u00edculos Comerciales de Florida"}]},{"@type":"WebSite","@id":"https:\/\/thedashcamlawyer.com\/#website","url":"https:\/\/thedashcamlawyer.com\/","name":"The Dashcam Lawyer\u00ae","description":"Palm Beach Personal Injury Law Firm","publisher":{"@id":"https:\/\/thedashcamlawyer.com\/#organization"},"potentialAction":[{"@type":"SearchAction","target":{"@type":"EntryPoint","urlTemplate":"https:\/\/thedashcamlawyer.com\/?s={search_term_string}"},"query-input":{"@type":"PropertyValueSpecification","valueRequired":true,"valueName":"search_term_string"}}],"inLanguage":"es"},{"@type":"Organization","@id":"https:\/\/thedashcamlawyer.com\/#organization","name":"Personal Injury Law firm of Shannon J. Sagan","url":"https:\/\/thedashcamlawyer.com\/","logo":{"@type":"ImageObject","inLanguage":"es","@id":"https:\/\/thedashcamlawyer.com\/#\/schema\/logo\/image\/","url":"https:\/\/thedashcamlawyer.com\/wp-content\/uploads\/2018\/02\/logo.png","contentUrl":"https:\/\/thedashcamlawyer.com\/wp-content\/uploads\/2018\/02\/logo.png","width":331,"height":90,"caption":"Personal Injury Law firm of Shannon J. Sagan"},"image":{"@id":"https:\/\/thedashcamlawyer.com\/#\/schema\/logo\/image\/"},"sameAs":["https:\/\/www.facebook.com\/shannonjsagan1800FlaLawyer\/","https:\/\/x.com\/1800FLALAWYER","https:\/\/www.instagram.com\/1800flalawyer\/","https:\/\/www.pinterest.com\/1800flalawyer\/","https:\/\/www.youtube.com\/user\/1800FlaLawyer"]}]}},"_links":{"self":[{"href":"https:\/\/thedashcamlawyer.com\/es\/wp-json\/wp\/v2\/pages\/7813"}],"collection":[{"href":"https:\/\/thedashcamlawyer.com\/es\/wp-json\/wp\/v2\/pages"}],"about":[{"href":"https:\/\/thedashcamlawyer.com\/es\/wp-json\/wp\/v2\/types\/page"}],"author":[{"embeddable":true,"href":"https:\/\/thedashcamlawyer.com\/es\/wp-json\/wp\/v2\/users\/16"}],"replies":[{"embeddable":true,"href":"https:\/\/thedashcamlawyer.com\/es\/wp-json\/wp\/v2\/comments?post=7813"}],"version-history":[{"count":0,"href":"https:\/\/thedashcamlawyer.com\/es\/wp-json\/wp\/v2\/pages\/7813\/revisions"}],"up":[{"embeddable":true,"href":"https:\/\/thedashcamlawyer.com\/es\/wp-json\/wp\/v2\/pages\/9523"}],"wp:attachment":[{"href":"https:\/\/thedashcamlawyer.com\/es\/wp-json\/wp\/v2\/media?parent=7813"}],"curies":[{"name":"wp","href":"https:\/\/api.w.org\/{rel}","templated":true}]}}