{"id":9459,"date":"2018-01-15T22:02:31","date_gmt":"2018-01-15T22:02:31","guid":{"rendered":"https:\/\/thedashcamlawyer.com\/law-overview\/"},"modified":"2024-09-04T20:56:49","modified_gmt":"2024-09-04T20:56:49","slug":"resumen-de-leyes","status":"publish","type":"page","link":"https:\/\/thedashcamlawyer.com\/es\/resumen-de-leyes\/","title":{"rendered":"Resumen de Leyes"},"content":{"rendered":"<h2>INTENCI\u00d3N<\/h2>\n<p>Cuando una persona da\u00f1a intencionalmente a otra persona o propiedad, esto se llama agravio intencional. (\u00abAgravio\u00bb es la palabra francesa para \u00abwrong\u00bb). En Florida, hay siete categor\u00edas b\u00e1sicas de agravio intencional: asalto, agresi\u00f3n, infligir intencionalmente angustia emocional, encarcelamiento falso, allanamiento de morada, allanamiento de bienes muebles y conversi\u00f3n.<\/p>\n<p>En los casos en que la acusaci\u00f3n es que el acusado actu\u00f3 intencionalmente, el demandante debe probar que el acusado cometi\u00f3 la presunta acci\u00f3n, tuvo la intenci\u00f3n (o conocimiento) del da\u00f1o que causar\u00eda la acci\u00f3n y la acci\u00f3n que caus\u00f3 la lesi\u00f3n.<\/p>\n<h2>NEGLIGENCIA<\/h2>\n<p>La negligencia es el t\u00e9rmino legal para lesiones accidentales, cuando un acusado no tiene la intenci\u00f3n de causar da\u00f1o, pero a\u00fan as\u00ed lo hace. Los ejemplos incluyen accidentes automovil\u00edsticos (aunque los choques que involucran conducir bajo los efectos del alcohol pueden llegar al nivel de intencionalidad), casos de resbalones y ca\u00eddas y acciones por negligencia m\u00e9dica. Para tener \u00e9xito en una acci\u00f3n por negligencia, el demandante debe probar que el acusado ten\u00eda un deber de cuidado hacia el demandante, que el acusado incumpli\u00f3 ese deber, que el incumplimiento del acusado caus\u00f3 proximidad la lesi\u00f3n o los da\u00f1os, y \/ o que el demandante sufri\u00f3 da\u00f1os.<\/p>\n<h2>CULPA<\/h2>\n<p>Lo primero que debe probar el demandante en una acci\u00f3n por lesiones personales es que el acusado tuvo la culpa de causar la lesi\u00f3n. Si el demandante no puede probar que las lesiones fueron causadas por el acusado, entonces el demandante no recuperar\u00e1 nada. No importa si las lesiones fueron horribles o si los da\u00f1os ascendieron a millones de d\u00f3lares. Sin embargo, si la parte lesionada prueba que las acciones o inacciones del acusado causaron la lesi\u00f3n, las posibilidades de recuperaci\u00f3n del demandante son mucho mayores.<\/p>\n<h2>CAUSALIDAD<\/h2>\n<p>Para tener \u00e9xito en una demanda por lesiones personales, el demandante debe probar que la acci\u00f3n o inacci\u00f3n del acusado caus\u00f3 la lesi\u00f3n del demandante. La causalidad puede ser respaldada por testimonio de expertos. La causalidad es especialmente importante en los casos en los que se alega que el acusado fue negligente. En casos de negligencia, el demandante debe probar que la negligencia del acusado caus\u00f3 \u00abprevisible y sustancialmente\u00bb los da\u00f1os. Sanders v. ERP Operating, Ltd. Partnership, 2015 WL 569041 (Fla. 2015).<\/p>\n<h2>LIMITACIONES DE TIEMPO<\/h2>\n<p>En Florida, existen leyes que impiden que un demandante presente un caso si no se presenta dentro del plazo adecuado. Estas leyes se conocen como estatutos de limitaciones. Aunque estos estatutos a veces contienen l\u00edmites de tiempo que difieren seg\u00fan el tipo de caso, en la mayor\u00eda de los casos de lesiones personales, la parte lesionada tiene cuatro a\u00f1os a partir de la fecha del accidente para presentar una acci\u00f3n. Fla. Stat. Ann. \u00a7 95.11.<\/p>\n<h2>DA\u00d1OS Y PERJUICIOS<\/h2>\n<p>Los demandantes pueden recuperar da\u00f1os econ\u00f3micos o no econ\u00f3micos en casos de lesiones personales. Los da\u00f1os econ\u00f3micos son da\u00f1os espec\u00edficos que tienen montos en d\u00f3lares f\u00e1ciles de calcular, como facturas m\u00e9dicas (pasadas y futuras), da\u00f1os a la propiedad, ingresos perdidos (pasados y futuros) y gastos funerarios (acciones por muerte injusta). Los da\u00f1os no econ\u00f3micos son m\u00e1s dif\u00edciles de estimar e incluyen dolor y sufrimiento, p\u00e9rdida del disfrute de la vida, ansiedad mental y discapacidad o desfiguraci\u00f3n. Es importante tener en cuenta que las leyes que regulan los da\u00f1os, as\u00ed como los m\u00e9todos para calcular los da\u00f1os, var\u00edan de un caso a otro. Por ejemplo, para recuperarse por dolor y sufrimiento en un caso de accidente automovil\u00edstico, el demandante generalmente debe probar que las lesiones son permanentes. En un caso de resbal\u00f3n y ca\u00edda, eso no es necesario.<\/p>\n<h2>EXPERTOS<\/h2>\n<p>Para presentar un buen caso por da\u00f1os y perjuicios, el demandante puede necesitar contratar a un testigo experto. Un testigo puede ser \u00abcalificado como experto por conocimiento, habilidad, experiencia, entrenamiento o educaci\u00f3n\u00bb. Fla. Stat. \u00a7 90.702. Para ser calificado como experto, el testigo debe estar debidamente y regularmente en el ejercicio de una profesi\u00f3n que posea un t\u00edtulo profesional de una universidad o colegio y haya tenido capacitaci\u00f3n y experiencia profesional especial, o poseer conocimientos o habilidades especiales sobre el tema sobre el cual se le llama a testificar.<\/p>\n<h2>ACUERDOS<\/h2>\n<p>La mayor\u00eda de las demandas por lesiones personales se resuelven antes de que se presente una demanda, y en situaciones en las que un caso est\u00e1 en litigio, muchos de ellos se resuelven antes del juicio. Los acuerdos se recomiendan la mayor\u00eda de las veces, porque los juicios son costosos y estresantes para las partes y sus abogados. Adem\u00e1s, muchas veces un abogado con experiencia puede resolver su caso al principio del proceso. Resolver casos de lesiones personales es beneficioso porque reduce los honorarios y costos de los abogados para el demandado y el demandante, y elimina cualquier riesgo futuro.<\/p>\n","protected":false},"excerpt":{"rendered":"<p>INTENCI\u00d3N Cuando una persona da\u00f1a intencionalmente a otra persona o propiedad, esto se llama agravio intencional. (\u00abAgravio\u00bb es la palabra francesa para \u00abwrong\u00bb). En Florida, hay siete categor\u00edas b\u00e1sicas de agravio intencional: asalto, agresi\u00f3n, infligir intencionalmente angustia emocional, encarcelamiento falso, allanamiento de morada, allanamiento de bienes muebles y conversi\u00f3n. En los casos en que la&hellip;<\/p>\n","protected":false},"author":16,"featured_media":0,"parent":0,"menu_order":0,"comment_status":"closed","ping_status":"closed","template":"","meta":{"_acf_changed":false,"inline_featured_image":false,"footnotes":""},"class_list":["post-9459","page","type-page","status-publish","hentry"],"acf":[],"yoast_head":"<!-- This site is optimized with the Yoast SEO plugin v25.6 - https:\/\/yoast.com\/wordpress\/plugins\/seo\/ -->\n<title>Law Overview | Florida Personal Injury Law - Read More<\/title>\n<meta name=\"description\" content=\"Florida Personal Injury Law | An overview to see if you&#039;ve been affected. Get informed so you can get the compensation you deserve for your injuries. We can help you! We file all claims for you. Contact us for a Free consultation 1-800 - FLA LAWYER. Serving all Palm Beach County.\" \/>\n<meta name=\"robots\" content=\"index, follow, max-snippet:-1, max-image-preview:large, max-video-preview:-1\" \/>\n<link rel=\"canonical\" href=\"https:\/\/thedashcamlawyer.com\/es\/resumen-de-leyes\/\" \/>\n<meta property=\"og:locale\" content=\"es_ES\" \/>\n<meta property=\"og:type\" content=\"article\" \/>\n<meta property=\"og:title\" content=\"Law Overview | Florida Personal Injury Law - Read More\" \/>\n<meta property=\"og:description\" content=\"Florida Personal Injury Law | An overview to see if you&#039;ve been affected. Get informed so you can get the compensation you deserve for your injuries. We can help you! We file all claims for you. Contact us for a Free consultation 1-800 - FLA LAWYER. Serving all Palm Beach County.\" \/>\n<meta property=\"og:url\" content=\"https:\/\/thedashcamlawyer.com\/es\/resumen-de-leyes\/\" \/>\n<meta property=\"og:site_name\" content=\"The Dashcam Lawyer\u00ae\" \/>\n<meta property=\"article:publisher\" content=\"https:\/\/www.facebook.com\/shannonjsagan1800FlaLawyer\/\" \/>\n<meta property=\"article:modified_time\" content=\"2024-09-04T20:56:49+00:00\" \/>\n<meta name=\"twitter:card\" content=\"summary_large_image\" \/>\n<meta name=\"twitter:site\" content=\"@1800FLALAWYER\" \/>\n<meta name=\"twitter:label1\" content=\"Tiempo de lectura\" \/>\n\t<meta name=\"twitter:data1\" content=\"4 minutos\" \/>\n<script type=\"application\/ld+json\" class=\"yoast-schema-graph\">{\"@context\":\"https:\/\/schema.org\",\"@graph\":[{\"@type\":\"WebPage\",\"@id\":\"https:\/\/thedashcamlawyer.com\/es\/resumen-de-leyes\/\",\"url\":\"https:\/\/thedashcamlawyer.com\/es\/resumen-de-leyes\/\",\"name\":\"Law Overview | Florida Personal Injury Law - Read More\",\"isPartOf\":{\"@id\":\"https:\/\/thedashcamlawyer.com\/#website\"},\"datePublished\":\"2018-01-15T22:02:31+00:00\",\"dateModified\":\"2024-09-04T20:56:49+00:00\",\"description\":\"Florida Personal Injury Law | An overview to see if you've been affected. Get informed so you can get the compensation you deserve for your injuries. We can help you! We file all claims for you. Contact us for a Free consultation 1-800 - FLA LAWYER. Serving all Palm Beach County.\",\"breadcrumb\":{\"@id\":\"https:\/\/thedashcamlawyer.com\/es\/resumen-de-leyes\/#breadcrumb\"},\"inLanguage\":\"es\",\"potentialAction\":[{\"@type\":\"ReadAction\",\"target\":[\"https:\/\/thedashcamlawyer.com\/es\/resumen-de-leyes\/\"]}]},{\"@type\":\"BreadcrumbList\",\"@id\":\"https:\/\/thedashcamlawyer.com\/es\/resumen-de-leyes\/#breadcrumb\",\"itemListElement\":[{\"@type\":\"ListItem\",\"position\":1,\"name\":\"Home\",\"item\":\"https:\/\/thedashcamlawyer.com\/es\/\"},{\"@type\":\"ListItem\",\"position\":2,\"name\":\"Resumen de Leyes\"}]},{\"@type\":\"WebSite\",\"@id\":\"https:\/\/thedashcamlawyer.com\/#website\",\"url\":\"https:\/\/thedashcamlawyer.com\/\",\"name\":\"The Dashcam Lawyer\u00ae\",\"description\":\"Palm Beach Personal Injury Law Firm\",\"publisher\":{\"@id\":\"https:\/\/thedashcamlawyer.com\/#organization\"},\"potentialAction\":[{\"@type\":\"SearchAction\",\"target\":{\"@type\":\"EntryPoint\",\"urlTemplate\":\"https:\/\/thedashcamlawyer.com\/?s={search_term_string}\"},\"query-input\":{\"@type\":\"PropertyValueSpecification\",\"valueRequired\":true,\"valueName\":\"search_term_string\"}}],\"inLanguage\":\"es\"},{\"@type\":\"Organization\",\"@id\":\"https:\/\/thedashcamlawyer.com\/#organization\",\"name\":\"Personal Injury Law firm of Shannon J. Sagan\",\"url\":\"https:\/\/thedashcamlawyer.com\/\",\"logo\":{\"@type\":\"ImageObject\",\"inLanguage\":\"es\",\"@id\":\"https:\/\/thedashcamlawyer.com\/#\/schema\/logo\/image\/\",\"url\":\"https:\/\/thedashcamlawyer.com\/wp-content\/uploads\/2018\/02\/logo.png\",\"contentUrl\":\"https:\/\/thedashcamlawyer.com\/wp-content\/uploads\/2018\/02\/logo.png\",\"width\":331,\"height\":90,\"caption\":\"Personal Injury Law firm of Shannon J. Sagan\"},\"image\":{\"@id\":\"https:\/\/thedashcamlawyer.com\/#\/schema\/logo\/image\/\"},\"sameAs\":[\"https:\/\/www.facebook.com\/shannonjsagan1800FlaLawyer\/\",\"https:\/\/x.com\/1800FLALAWYER\",\"https:\/\/www.instagram.com\/1800flalawyer\/\",\"https:\/\/www.pinterest.com\/1800flalawyer\/\",\"https:\/\/www.youtube.com\/user\/1800FlaLawyer\"]}]}<\/script>\n<!-- \/ Yoast SEO plugin. -->","yoast_head_json":{"title":"Law Overview | Florida Personal Injury Law - Read More","description":"Florida Personal Injury Law | An overview to see if you've been affected. Get informed so you can get the compensation you deserve for your injuries. We can help you! We file all claims for you. Contact us for a Free consultation 1-800 - FLA LAWYER. Serving all Palm Beach County.","robots":{"index":"index","follow":"follow","max-snippet":"max-snippet:-1","max-image-preview":"max-image-preview:large","max-video-preview":"max-video-preview:-1"},"canonical":"https:\/\/thedashcamlawyer.com\/es\/resumen-de-leyes\/","og_locale":"es_ES","og_type":"article","og_title":"Law Overview | Florida Personal Injury Law - Read More","og_description":"Florida Personal Injury Law | An overview to see if you've been affected. Get informed so you can get the compensation you deserve for your injuries. We can help you! We file all claims for you. Contact us for a Free consultation 1-800 - FLA LAWYER. Serving all Palm Beach County.","og_url":"https:\/\/thedashcamlawyer.com\/es\/resumen-de-leyes\/","og_site_name":"The Dashcam Lawyer\u00ae","article_publisher":"https:\/\/www.facebook.com\/shannonjsagan1800FlaLawyer\/","article_modified_time":"2024-09-04T20:56:49+00:00","twitter_card":"summary_large_image","twitter_site":"@1800FLALAWYER","twitter_misc":{"Tiempo de lectura":"4 minutos"},"schema":{"@context":"https:\/\/schema.org","@graph":[{"@type":"WebPage","@id":"https:\/\/thedashcamlawyer.com\/es\/resumen-de-leyes\/","url":"https:\/\/thedashcamlawyer.com\/es\/resumen-de-leyes\/","name":"Law Overview | Florida Personal Injury Law - Read More","isPartOf":{"@id":"https:\/\/thedashcamlawyer.com\/#website"},"datePublished":"2018-01-15T22:02:31+00:00","dateModified":"2024-09-04T20:56:49+00:00","description":"Florida Personal Injury Law | An overview to see if you've been affected. Get informed so you can get the compensation you deserve for your injuries. We can help you! We file all claims for you. Contact us for a Free consultation 1-800 - FLA LAWYER. Serving all Palm Beach County.","breadcrumb":{"@id":"https:\/\/thedashcamlawyer.com\/es\/resumen-de-leyes\/#breadcrumb"},"inLanguage":"es","potentialAction":[{"@type":"ReadAction","target":["https:\/\/thedashcamlawyer.com\/es\/resumen-de-leyes\/"]}]},{"@type":"BreadcrumbList","@id":"https:\/\/thedashcamlawyer.com\/es\/resumen-de-leyes\/#breadcrumb","itemListElement":[{"@type":"ListItem","position":1,"name":"Home","item":"https:\/\/thedashcamlawyer.com\/es\/"},{"@type":"ListItem","position":2,"name":"Resumen de Leyes"}]},{"@type":"WebSite","@id":"https:\/\/thedashcamlawyer.com\/#website","url":"https:\/\/thedashcamlawyer.com\/","name":"The Dashcam Lawyer\u00ae","description":"Palm Beach Personal Injury Law Firm","publisher":{"@id":"https:\/\/thedashcamlawyer.com\/#organization"},"potentialAction":[{"@type":"SearchAction","target":{"@type":"EntryPoint","urlTemplate":"https:\/\/thedashcamlawyer.com\/?s={search_term_string}"},"query-input":{"@type":"PropertyValueSpecification","valueRequired":true,"valueName":"search_term_string"}}],"inLanguage":"es"},{"@type":"Organization","@id":"https:\/\/thedashcamlawyer.com\/#organization","name":"Personal Injury Law firm of Shannon J. Sagan","url":"https:\/\/thedashcamlawyer.com\/","logo":{"@type":"ImageObject","inLanguage":"es","@id":"https:\/\/thedashcamlawyer.com\/#\/schema\/logo\/image\/","url":"https:\/\/thedashcamlawyer.com\/wp-content\/uploads\/2018\/02\/logo.png","contentUrl":"https:\/\/thedashcamlawyer.com\/wp-content\/uploads\/2018\/02\/logo.png","width":331,"height":90,"caption":"Personal Injury Law firm of Shannon J. Sagan"},"image":{"@id":"https:\/\/thedashcamlawyer.com\/#\/schema\/logo\/image\/"},"sameAs":["https:\/\/www.facebook.com\/shannonjsagan1800FlaLawyer\/","https:\/\/x.com\/1800FLALAWYER","https:\/\/www.instagram.com\/1800flalawyer\/","https:\/\/www.pinterest.com\/1800flalawyer\/","https:\/\/www.youtube.com\/user\/1800FlaLawyer"]}]}},"_links":{"self":[{"href":"https:\/\/thedashcamlawyer.com\/es\/wp-json\/wp\/v2\/pages\/9459"}],"collection":[{"href":"https:\/\/thedashcamlawyer.com\/es\/wp-json\/wp\/v2\/pages"}],"about":[{"href":"https:\/\/thedashcamlawyer.com\/es\/wp-json\/wp\/v2\/types\/page"}],"author":[{"embeddable":true,"href":"https:\/\/thedashcamlawyer.com\/es\/wp-json\/wp\/v2\/users\/16"}],"replies":[{"embeddable":true,"href":"https:\/\/thedashcamlawyer.com\/es\/wp-json\/wp\/v2\/comments?post=9459"}],"version-history":[{"count":0,"href":"https:\/\/thedashcamlawyer.com\/es\/wp-json\/wp\/v2\/pages\/9459\/revisions"}],"wp:attachment":[{"href":"https:\/\/thedashcamlawyer.com\/es\/wp-json\/wp\/v2\/media?parent=9459"}],"curies":[{"name":"wp","href":"https:\/\/api.w.org\/{rel}","templated":true}]}}