{"id":9648,"date":"2024-09-01T03:32:40","date_gmt":"2024-09-01T03:32:40","guid":{"rendered":"https:\/\/thedashcamlawyer.com\/abogado-de-accidentes-de-trafico-en-briny-breezes-fl\/"},"modified":"2024-09-01T03:35:37","modified_gmt":"2024-09-01T03:35:37","slug":"abogado-de-accidentes-de-trafico-en-briny-breezes-fl","status":"publish","type":"page","link":"https:\/\/thedashcamlawyer.com\/es\/abogado-de-accidentes-de-trafico-en-briny-breezes-fl\/","title":{"rendered":"Abogado de Accidentes de Tr\u00e1fico en Briny Breezes, FL"},"content":{"rendered":"\n<h2 class=\"wp-block-heading\">Entendiendo la Compensaci\u00f3n en Accidentes de Tr\u00e1fico en Florida<\/h2>\n\n<p>El impacto de un accidente de tr\u00e1fico va m\u00e1s all\u00e1 de las lesiones f\u00edsicas, afectando tu vida de m\u00faltiples maneras. En Florida, las v\u00edctimas pueden tener derecho a varias formas de compensaci\u00f3n, que reflejan la naturaleza multifac\u00e9tica de sus p\u00e9rdidas. Es esencial comprender el alcance de la posible compensaci\u00f3n, que puede incluir:&#13;\n<\/p>\n\n<ul class=\"wp-block-list\">\n<li><b>Da\u00f1os Econ\u00f3micos<\/b><span style=\"font-weight: 400;\">: Estos cubren p\u00e9rdidas tangibles como gastos m\u00e9dicos, costos de reparaci\u00f3n del veh\u00edculo y salarios perdidos, proporcionando un colch\u00f3n financiero durante tu recuperaci\u00f3n.<\/span><\/li>\n\n\n\n<li><b>Da\u00f1os No Econ\u00f3micos<\/b><span style=\"font-weight: 400;\">: Esta categor\u00eda reconoce los aspectos intangibles de tu sufrimiento, incluyendo el estr\u00e9s emocional, el dolor y la p\u00e9rdida del disfrute de la vida, aspectos cruciales para tu bienestar general.<\/span><\/li>\n\n\n\n<li><b>Da\u00f1os Punitivos<\/b><span style=\"font-weight: 400;\">: En casos de negligencia extrema, como conducir bajo los efectos del alcohol o distra\u00eddo, los da\u00f1os punitivos sirven como un disuasivo, castigando a la parte responsable por sus acciones.<\/span><\/li>\n<\/ul>\n\n<h2 class=\"wp-block-heading\">Compensaci\u00f3n que Podr\u00edas Recuperar en un Acuerdo<\/h2>\n\n<p>Los tipos de compensaci\u00f3n que podr\u00edas recuperar despu\u00e9s de un accidente de tr\u00e1fico en Florida dependen de muchos factores. Aseg\u00farate de contactar a nuestro abogado de accidentes de tr\u00e1fico para comprender tus opciones legales y c\u00f3mo proceder.&#13;\n&#13;\n<\/p>\n\n<p>Si t\u00fa o un ser querido recientemente se involucraron en un accidente de tr\u00e1fico, podr\u00edas ser elegible para compensaci\u00f3n por lo siguiente:<\/p>\n\n<ul class=\"wp-block-list\">\n<li><b>Da\u00f1os Econ\u00f3micos<\/b><span style=\"font-weight: 400;\"> como facturas m\u00e9dicas, costos de reparaci\u00f3n y salarios perdidos.<\/span><\/li>\n\n\n\n<li><b>Da\u00f1os No Econ\u00f3micos<\/b><span style=\"font-weight: 400;\">, como cicatrices o desfiguraci\u00f3n, p\u00e9rdida de capacidad de ganancia, p\u00e9rdida de disfrute de la vida, angustia emocional y dolor y sufrimiento resultantes de tus lesiones.<\/span><\/li>\n\n\n\n<li><b>Da\u00f1os Punitivos<\/b><span style=\"font-weight: 400;\"> resultantes de conductores ebrios, conductores distra\u00eddos o la conducta extremadamente negligente de alguien.<\/span><\/li>\n<\/ul>\n\n<h2 class=\"wp-block-heading\">La Importancia de la Representaci\u00f3n Legal en Florida<\/h2>\n\n<p>Tener un abogado experimentado en accidentes de tr\u00e1fico a tu lado puede marcar una gran diferencia en el resultado de tu caso. En The Dash Cam Lawyer\u00ae, tenemos experiencia en navegar por las complejidades del panorama legal de Florida, ofreciendo un apoyo integral a trav\u00e9s de:<\/p>\n\n<ul class=\"wp-block-list\">\n<li><b>Investigaci\u00f3n y Recolecci\u00f3n de Evidencia<\/b><span style=\"font-weight: 400;\">: Investigamos meticulosamente cada caso, recopilando toda la evidencia necesaria para construir una reclamaci\u00f3n s\u00f3lida en tu nombre.<\/span><\/li>\n\n\n\n<li><b>Manejo de Reclamaciones y Negociaciones<\/b><span style=\"font-weight: 400;\">: Nuestro equipo maneja todos los aspectos de tu reclamaci\u00f3n, desde la presentaci\u00f3n de documentos hasta la negociaci\u00f3n con las compa\u00f1\u00edas de seguros, asegurando que tus derechos est\u00e9n protegidos en todo momento.<\/span><\/li>\n\n\n\n<li><b>Apoyo Legal y M\u00e9dico<\/b><span style=\"font-weight: 400;\">: No solo perseguimos tus reclamaciones legales, sino que tambi\u00e9n te ayudamos a acceder a la atenci\u00f3n m\u00e9dica de calidad que necesitas para tu recuperaci\u00f3n.<\/span><\/li>\n<\/ul>\n\n<h2 class=\"wp-block-heading\">Pasos Inmediatos Despu\u00e9s de un Accidente de Tr\u00e1fico<\/h2>\n\n<p>Tus acciones inmediatamente despu\u00e9s de un accidente de tr\u00e1fico pueden impactar significativamente tu capacidad para recuperar compensaci\u00f3n y proteger tus derechos legales. Aqu\u00ed hay pasos cruciales a seguir:<\/p>\n\n<ul class=\"wp-block-list\">\n<li><b>Busca Atenci\u00f3n M\u00e9dica<\/b><span style=\"font-weight: 400;\">: Tu salud debe ser tu m\u00e1xima prioridad. Incluso si te sientes bien, algunas lesiones pueden no ser evidentes de inmediato. En Florida, por ejemplo, debes buscar una evaluaci\u00f3n m\u00e9dica dentro de un plazo de 14 d\u00edas para la atenci\u00f3n m\u00e9dica relacionada con un accidente de tr\u00e1fico para ser elegible para los beneficios de Protecci\u00f3n contra Lesiones Personales (PIP). Este paso es crucial no solo para tu salud, sino tambi\u00e9n para documentar lesiones que podr\u00edan afectar tu reclamaci\u00f3n.<\/span><\/li>\n\n\n\n<li><b>Informa del Incidente<\/b><span style=\"font-weight: 400;\">: Es esencial informar a la polic\u00eda sobre el accidente. Un informe policial sirve como un registro oficial del incidente y es una pieza vital de evidencia para tu reclamaci\u00f3n. El informe incluir\u00e1 la evaluaci\u00f3n del oficial sobre la escena, lo que puede ser beneficioso durante las reclamaciones de seguros o los procedimientos legales.<\/span><\/li>\n\n\n\n<li><b>Recoge Informaci\u00f3n<\/b><span style=\"font-weight: 400;\">: Recoge tanta informaci\u00f3n como sea posible de todas las partes involucradas en el accidente.<\/span><\/li>\n\n\n\n<li><b>Documenta Todo<\/b><span style=\"font-weight: 400;\">: Una documentaci\u00f3n completa puede fortalecer significativamente tu caso.<\/span><\/li>\n\n\n\n<li><b>Consulta con un Abogado<\/b><span style=\"font-weight: 400;\">: Considera consultar con un abogado de lesiones personales con experiencia en accidentes de tr\u00e1fico. Ellos pueden ofrecerte valiosos consejos sobre c\u00f3mo proceder, representarte en las negociaciones con las compa\u00f1\u00edas de seguros y ayudarte a asegurar que recibas una compensaci\u00f3n justa por tus lesiones y da\u00f1os.<\/span><\/li>\n\n\n\n<li><b>Evita Hablar del Incidente en las Redes Sociales<\/b><span style=\"font-weight: 400;\">: Ten cuidado con lo que publicas en l\u00ednea. Las compa\u00f1\u00edas de seguros y los abogados podr\u00edan usar tus publicaciones en redes sociales en tu contra en tu reclamaci\u00f3n.<\/span><\/li>\n<\/ul>\n\n<h2 class=\"wp-block-heading\">Contacta a The Dash Cam Lawyer\u00ae para una Gu\u00eda de Confianza<\/h2>\n\n<p>Experimentar un accidente de tr\u00e1fico es desalentador, pero no tienes que enfrentarlo solo. Con The Dash Cam Lawyer\u00ae a tu lado, puedes navegar por las secuelas con confianza y tranquilidad.<\/p>\n\n<p><span style=\"font-weight: 400;\">Si has estado involucrado en un accidente de tr\u00e1fico en Briny Breezes, FL, y necesitas asistencia legal, contacta a The Dash Cam Lawyer\u00ae hoy mismo. Estamos aqu\u00ed para brindarte el apoyo compasivo y experimentado que necesitas para navegar por este momento desafiante. Ll\u00e1manos al <\/span><a href=\"tel:561-533-7800\"><span style=\"font-weight: 400;\">561-533-7800<\/span><\/a><span style=\"font-weight: 400;\"> o <\/span><a href=\"https:\/\/thedashcamlawyer.com\/es\/contacto\/\"><span style=\"font-weight: 400;\">en l\u00ednea<\/span><\/a><span style=\"font-weight: 400;\"> para una consulta gratuita, y hablemos de c\u00f3mo podemos ayudarte a asegurar la compensaci\u00f3n que mereces.<\/span><\/p>\n","protected":false},"excerpt":{"rendered":"<p>Entendiendo la Compensaci\u00f3n en Accidentes de Tr\u00e1fico en Florida El impacto de un accidente de tr\u00e1fico va m\u00e1s all\u00e1 de las lesiones f\u00edsicas, afectando tu vida de m\u00faltiples maneras. En Florida, las v\u00edctimas pueden tener derecho a varias formas de compensaci\u00f3n, que reflejan la naturaleza multifac\u00e9tica de sus p\u00e9rdidas. Es esencial comprender el alcance de&hellip;<\/p>\n","protected":false},"author":16,"featured_media":0,"parent":0,"menu_order":0,"comment_status":"closed","ping_status":"closed","template":"","meta":{"_acf_changed":false,"inline_featured_image":false,"footnotes":""},"class_list":["post-9648","page","type-page","status-publish","hentry"],"acf":[],"yoast_head":"<!-- This site is optimized with the Yoast SEO plugin v25.6 - https:\/\/yoast.com\/wordpress\/plugins\/seo\/ -->\n<title>Abogado de Accidentes de Tr\u00e1fico en Briny Breezes, FL - The Dashcam Lawyer\u00ae<\/title>\n<meta name=\"robots\" content=\"index, follow, max-snippet:-1, max-image-preview:large, max-video-preview:-1\" \/>\n<link rel=\"canonical\" href=\"https:\/\/thedashcamlawyer.com\/es\/abogado-de-accidentes-de-trafico-en-briny-breezes-fl\/\" \/>\n<meta property=\"og:locale\" content=\"es_ES\" \/>\n<meta property=\"og:type\" content=\"article\" \/>\n<meta property=\"og:title\" content=\"Abogado de Accidentes de Tr\u00e1fico en Briny Breezes, FL - The Dashcam Lawyer\u00ae\" \/>\n<meta property=\"og:description\" content=\"Entendiendo la Compensaci\u00f3n en Accidentes de Tr\u00e1fico en Florida El impacto de un accidente de tr\u00e1fico va m\u00e1s all\u00e1 de las lesiones f\u00edsicas, afectando tu vida de m\u00faltiples maneras. En Florida, las v\u00edctimas pueden tener derecho a varias formas de compensaci\u00f3n, que reflejan la naturaleza multifac\u00e9tica de sus p\u00e9rdidas. Es esencial comprender el alcance de&hellip;\" \/>\n<meta property=\"og:url\" content=\"https:\/\/thedashcamlawyer.com\/es\/abogado-de-accidentes-de-trafico-en-briny-breezes-fl\/\" \/>\n<meta property=\"og:site_name\" content=\"The Dashcam Lawyer\u00ae\" \/>\n<meta property=\"article:publisher\" content=\"https:\/\/www.facebook.com\/shannonjsagan1800FlaLawyer\/\" \/>\n<meta property=\"article:modified_time\" content=\"2024-09-01T03:35:37+00:00\" \/>\n<meta name=\"twitter:card\" content=\"summary_large_image\" \/>\n<meta name=\"twitter:site\" content=\"@1800FLALAWYER\" \/>\n<meta name=\"twitter:label1\" content=\"Tiempo de lectura\" \/>\n\t<meta name=\"twitter:data1\" content=\"4 minutos\" \/>\n<script type=\"application\/ld+json\" class=\"yoast-schema-graph\">{\"@context\":\"https:\/\/schema.org\",\"@graph\":[{\"@type\":\"WebPage\",\"@id\":\"https:\/\/thedashcamlawyer.com\/es\/abogado-de-accidentes-de-trafico-en-briny-breezes-fl\/\",\"url\":\"https:\/\/thedashcamlawyer.com\/es\/abogado-de-accidentes-de-trafico-en-briny-breezes-fl\/\",\"name\":\"Abogado de Accidentes de Tr\u00e1fico en Briny Breezes, FL - The Dashcam Lawyer\u00ae\",\"isPartOf\":{\"@id\":\"https:\/\/thedashcamlawyer.com\/#website\"},\"datePublished\":\"2024-09-01T03:32:40+00:00\",\"dateModified\":\"2024-09-01T03:35:37+00:00\",\"breadcrumb\":{\"@id\":\"https:\/\/thedashcamlawyer.com\/es\/abogado-de-accidentes-de-trafico-en-briny-breezes-fl\/#breadcrumb\"},\"inLanguage\":\"es\",\"potentialAction\":[{\"@type\":\"ReadAction\",\"target\":[\"https:\/\/thedashcamlawyer.com\/es\/abogado-de-accidentes-de-trafico-en-briny-breezes-fl\/\"]}]},{\"@type\":\"BreadcrumbList\",\"@id\":\"https:\/\/thedashcamlawyer.com\/es\/abogado-de-accidentes-de-trafico-en-briny-breezes-fl\/#breadcrumb\",\"itemListElement\":[{\"@type\":\"ListItem\",\"position\":1,\"name\":\"Home\",\"item\":\"https:\/\/thedashcamlawyer.com\/es\/\"},{\"@type\":\"ListItem\",\"position\":2,\"name\":\"Abogado de Accidentes de Tr\u00e1fico en Briny Breezes, FL\"}]},{\"@type\":\"WebSite\",\"@id\":\"https:\/\/thedashcamlawyer.com\/#website\",\"url\":\"https:\/\/thedashcamlawyer.com\/\",\"name\":\"The Dashcam Lawyer\u00ae\",\"description\":\"Palm Beach Personal Injury Law Firm\",\"publisher\":{\"@id\":\"https:\/\/thedashcamlawyer.com\/#organization\"},\"potentialAction\":[{\"@type\":\"SearchAction\",\"target\":{\"@type\":\"EntryPoint\",\"urlTemplate\":\"https:\/\/thedashcamlawyer.com\/?s={search_term_string}\"},\"query-input\":{\"@type\":\"PropertyValueSpecification\",\"valueRequired\":true,\"valueName\":\"search_term_string\"}}],\"inLanguage\":\"es\"},{\"@type\":\"Organization\",\"@id\":\"https:\/\/thedashcamlawyer.com\/#organization\",\"name\":\"Personal Injury Law firm of Shannon J. Sagan\",\"url\":\"https:\/\/thedashcamlawyer.com\/\",\"logo\":{\"@type\":\"ImageObject\",\"inLanguage\":\"es\",\"@id\":\"https:\/\/thedashcamlawyer.com\/#\/schema\/logo\/image\/\",\"url\":\"https:\/\/thedashcamlawyer.com\/wp-content\/uploads\/2018\/02\/logo.png\",\"contentUrl\":\"https:\/\/thedashcamlawyer.com\/wp-content\/uploads\/2018\/02\/logo.png\",\"width\":331,\"height\":90,\"caption\":\"Personal Injury Law firm of Shannon J. Sagan\"},\"image\":{\"@id\":\"https:\/\/thedashcamlawyer.com\/#\/schema\/logo\/image\/\"},\"sameAs\":[\"https:\/\/www.facebook.com\/shannonjsagan1800FlaLawyer\/\",\"https:\/\/x.com\/1800FLALAWYER\",\"https:\/\/www.instagram.com\/1800flalawyer\/\",\"https:\/\/www.pinterest.com\/1800flalawyer\/\",\"https:\/\/www.youtube.com\/user\/1800FlaLawyer\"]}]}<\/script>\n<!-- \/ Yoast SEO plugin. -->","yoast_head_json":{"title":"Abogado de Accidentes de Tr\u00e1fico en Briny Breezes, FL - The Dashcam Lawyer\u00ae","robots":{"index":"index","follow":"follow","max-snippet":"max-snippet:-1","max-image-preview":"max-image-preview:large","max-video-preview":"max-video-preview:-1"},"canonical":"https:\/\/thedashcamlawyer.com\/es\/abogado-de-accidentes-de-trafico-en-briny-breezes-fl\/","og_locale":"es_ES","og_type":"article","og_title":"Abogado de Accidentes de Tr\u00e1fico en Briny Breezes, FL - The Dashcam Lawyer\u00ae","og_description":"Entendiendo la Compensaci\u00f3n en Accidentes de Tr\u00e1fico en Florida El impacto de un accidente de tr\u00e1fico va m\u00e1s all\u00e1 de las lesiones f\u00edsicas, afectando tu vida de m\u00faltiples maneras. En Florida, las v\u00edctimas pueden tener derecho a varias formas de compensaci\u00f3n, que reflejan la naturaleza multifac\u00e9tica de sus p\u00e9rdidas. Es esencial comprender el alcance de&hellip;","og_url":"https:\/\/thedashcamlawyer.com\/es\/abogado-de-accidentes-de-trafico-en-briny-breezes-fl\/","og_site_name":"The Dashcam Lawyer\u00ae","article_publisher":"https:\/\/www.facebook.com\/shannonjsagan1800FlaLawyer\/","article_modified_time":"2024-09-01T03:35:37+00:00","twitter_card":"summary_large_image","twitter_site":"@1800FLALAWYER","twitter_misc":{"Tiempo de lectura":"4 minutos"},"schema":{"@context":"https:\/\/schema.org","@graph":[{"@type":"WebPage","@id":"https:\/\/thedashcamlawyer.com\/es\/abogado-de-accidentes-de-trafico-en-briny-breezes-fl\/","url":"https:\/\/thedashcamlawyer.com\/es\/abogado-de-accidentes-de-trafico-en-briny-breezes-fl\/","name":"Abogado de Accidentes de Tr\u00e1fico en Briny Breezes, FL - The Dashcam Lawyer\u00ae","isPartOf":{"@id":"https:\/\/thedashcamlawyer.com\/#website"},"datePublished":"2024-09-01T03:32:40+00:00","dateModified":"2024-09-01T03:35:37+00:00","breadcrumb":{"@id":"https:\/\/thedashcamlawyer.com\/es\/abogado-de-accidentes-de-trafico-en-briny-breezes-fl\/#breadcrumb"},"inLanguage":"es","potentialAction":[{"@type":"ReadAction","target":["https:\/\/thedashcamlawyer.com\/es\/abogado-de-accidentes-de-trafico-en-briny-breezes-fl\/"]}]},{"@type":"BreadcrumbList","@id":"https:\/\/thedashcamlawyer.com\/es\/abogado-de-accidentes-de-trafico-en-briny-breezes-fl\/#breadcrumb","itemListElement":[{"@type":"ListItem","position":1,"name":"Home","item":"https:\/\/thedashcamlawyer.com\/es\/"},{"@type":"ListItem","position":2,"name":"Abogado de Accidentes de Tr\u00e1fico en Briny Breezes, FL"}]},{"@type":"WebSite","@id":"https:\/\/thedashcamlawyer.com\/#website","url":"https:\/\/thedashcamlawyer.com\/","name":"The Dashcam Lawyer\u00ae","description":"Palm Beach Personal Injury Law Firm","publisher":{"@id":"https:\/\/thedashcamlawyer.com\/#organization"},"potentialAction":[{"@type":"SearchAction","target":{"@type":"EntryPoint","urlTemplate":"https:\/\/thedashcamlawyer.com\/?s={search_term_string}"},"query-input":{"@type":"PropertyValueSpecification","valueRequired":true,"valueName":"search_term_string"}}],"inLanguage":"es"},{"@type":"Organization","@id":"https:\/\/thedashcamlawyer.com\/#organization","name":"Personal Injury Law firm of Shannon J. Sagan","url":"https:\/\/thedashcamlawyer.com\/","logo":{"@type":"ImageObject","inLanguage":"es","@id":"https:\/\/thedashcamlawyer.com\/#\/schema\/logo\/image\/","url":"https:\/\/thedashcamlawyer.com\/wp-content\/uploads\/2018\/02\/logo.png","contentUrl":"https:\/\/thedashcamlawyer.com\/wp-content\/uploads\/2018\/02\/logo.png","width":331,"height":90,"caption":"Personal Injury Law firm of Shannon J. Sagan"},"image":{"@id":"https:\/\/thedashcamlawyer.com\/#\/schema\/logo\/image\/"},"sameAs":["https:\/\/www.facebook.com\/shannonjsagan1800FlaLawyer\/","https:\/\/x.com\/1800FLALAWYER","https:\/\/www.instagram.com\/1800flalawyer\/","https:\/\/www.pinterest.com\/1800flalawyer\/","https:\/\/www.youtube.com\/user\/1800FlaLawyer"]}]}},"_links":{"self":[{"href":"https:\/\/thedashcamlawyer.com\/es\/wp-json\/wp\/v2\/pages\/9648"}],"collection":[{"href":"https:\/\/thedashcamlawyer.com\/es\/wp-json\/wp\/v2\/pages"}],"about":[{"href":"https:\/\/thedashcamlawyer.com\/es\/wp-json\/wp\/v2\/types\/page"}],"author":[{"embeddable":true,"href":"https:\/\/thedashcamlawyer.com\/es\/wp-json\/wp\/v2\/users\/16"}],"replies":[{"embeddable":true,"href":"https:\/\/thedashcamlawyer.com\/es\/wp-json\/wp\/v2\/comments?post=9648"}],"version-history":[{"count":0,"href":"https:\/\/thedashcamlawyer.com\/es\/wp-json\/wp\/v2\/pages\/9648\/revisions"}],"wp:attachment":[{"href":"https:\/\/thedashcamlawyer.com\/es\/wp-json\/wp\/v2\/media?parent=9648"}],"curies":[{"name":"wp","href":"https:\/\/api.w.org\/{rel}","templated":true}]}}