{"id":9679,"date":"2024-10-09T13:48:26","date_gmt":"2024-10-09T13:48:26","guid":{"rendered":"https:\/\/thedashcamlawyer.com\/abogado-de-lesiones-personales-que-atiende-a-canal-point-fl\/"},"modified":"2024-10-09T13:48:34","modified_gmt":"2024-10-09T13:48:34","slug":"abogado-de-lesiones-personales-que-atiende-a-canal-point-fl","status":"publish","type":"page","link":"https:\/\/thedashcamlawyer.com\/es\/abogado-de-lesiones-personales-que-atiende-a-canal-point-fl\/","title":{"rendered":"Abogado de Lesiones Personales que Atiende a Canal Point, FL"},"content":{"rendered":"\n<p><span style=\"font-weight: 400;\">Si ha resultado lesionado y cree que tiene un reclamo, llame a Shannon J. Sagan de inmediato al <a href=\"tel:561-561-3274\">561-DASHCAM<\/a>.<\/span><\/p>\n\n<p>Cuando ha sufrido una lesi\u00f3n debido a la negligencia de otra persona, contar con un abogado de lesiones personales a su lado para guiarlo a trav\u00e9s del proceso de presentar un reclamo es fundamental. Ah\u00ed es donde entra en juego la Oficina Legal de Shannon J. Sagan. Shannon J. Sagan es un abogado de lesiones personales que atiende a Canal Point, FL.<\/p>\n\n<p><span style=\"font-weight: 400;\">Lea nuestros testimonios de clientes anteriores para ver los tipos de casos en los que hemos trabajado en Canal Point.<\/span><\/p>\n\n<h2 class=\"wp-block-heading\">Tipos de Reclamos por Lesiones Personales en Florida<\/h2>\n\n<p>Una Lesi\u00f3n personal implica ser herido por la negligencia de otra persona. Podemos ayudarlo a presentar reclamaciones de seguros y demandas relacionadas con:<\/p>\n\n<ul class=\"wp-block-list\"><li>Accidentes de barco<\/li><li>Accidentes de cami\u00f3n y autom\u00f3vil<\/li><li>Accidentes de bicicleta, motocicleta y peatones<\/li><li>Negligencia m\u00e9dica<\/li><li>Muerte por negligencia<\/li><li>Abuso en hogares de ancianos<\/li><\/ul>\n\n<p>Los casos de lesiones personales que pueden resultar de estas situaciones incluyen:<\/p>\n\n<ul class=\"wp-block-list\"><li>Amputaci\u00f3n, ceguera o quemaduras<\/li><li>Lesi\u00f3n cerebral traum\u00e1tica<\/li><li>Lesiones de la m\u00e9dula espinal, paraplej\u00eda o cuadriplej\u00eda<\/li><li>P\u00e9rdida de la funci\u00f3n cognitiva o deterioro mental<\/li><\/ul>\n\n<p>Cada uno de estos reclamos por lesiones personales puede resultar en lo que se llama \u201cda\u00f1os,\u201d o acuerdos de la parte negligente o de su compa\u00f1\u00eda de seguros para cubrir gastos m\u00e9dicos y salarios perdidos.<\/p>\n\n<h2 class=\"wp-block-heading\">Demostrando la Negligencia en Florida<\/h2>\n\n<p>Su abogado de lesiones personales que atiende a Canal Point, FL, lo ayudar\u00e1 a probar cuatro elementos para establecer la negligencia en su caso de lesiones personales:<\/p>\n\n<ul class=\"wp-block-list\"><li><b>Deber de cuidado:<\/b><span style=\"font-weight: 400;\"> Cuando est\u00e1 conduciendo, por ejemplo, tiene el deber de actuar responsablemente al volante. Como su abogado, intentaremos probar que la persona que lo lastim\u00f3 ten\u00eda el deber de actuar razonablemente hacia usted.<\/span><\/li><li><b>Incumplimiento del deber:<\/b><span style=\"font-weight: 400;\"> El demandado debe haber incumplido ese deber de cuidado. Ejemplos de incumplimiento del deber de cuidado incluyen no respetar el l\u00edmite de velocidad mientras se conduce.<\/span><\/li><li><b>Lesi\u00f3n:<\/b><span style=\"font-weight: 400;\"> Como demandante, debe haber sufrido una lesi\u00f3n para buscar compensaci\u00f3n. Seg\u00fan la ley de Florida, eso significa alg\u00fan tipo de p\u00e9rdida, ya sea una lesi\u00f3n o da\u00f1o a la propiedad.<\/span><\/li><li><b>Causalidad:<\/b><span style=\"font-weight: 400;\"> Debe haber una relaci\u00f3n directa de causa y efecto entre el incumplimiento del deber y el da\u00f1o que caus\u00f3.<\/span><\/li><\/ul>\n\n<p>Una vez que su representaci\u00f3n legal ha establecido la negligencia, el tribunal pasa a analizar los da\u00f1os: las p\u00e9rdidas que sufri\u00f3 el demandante y c\u00f3mo compensarlas.<\/p>\n\n<h2 class=\"wp-block-heading\">Da\u00f1os Posibles para Reclamos de Lesiones Personales en Florida<\/h2>\n\n<p>Hay tres tipos b\u00e1sicos de da\u00f1os: econ\u00f3micos, no econ\u00f3micos y punitivos.<\/p>\n\n<p>Los da\u00f1os econ\u00f3micos incluyen:<\/p>\n\n<ul class=\"wp-block-list\"><li>Ingresos perdidos y gastos m\u00e9dicos, tanto pasados como futuros<\/li><li>P\u00e9rdida de la capacidad de generar ingresos<\/li><li>Discapacidad<\/li><li>Valor de reemplazo de la propiedad<\/li><li>Kilometraje para viajes relacionados con visitas al m\u00e9dico y a la farmacia debido a la lesi\u00f3n<\/li><li>Terapia f\u00edsica u ocupacional<\/li><\/ul>\n\n<p>Algunos da\u00f1os no econ\u00f3micos pueden incluir:<\/p>\n\n<ul class=\"wp-block-list\"><li>Dolor y sufrimiento<\/li><li>Angustia mental<\/li><li>Desfiguraci\u00f3n y\/o cicatrices<\/li><li>P\u00e9rdida del disfrute de la vida<\/li><\/ul>\n\n<p>Los da\u00f1os punitivos rara vez entran en juego, pero pueden ser significativos cuando lo hacen.<\/p>\n\n<p><span style=\"font-weight: 400;\">\u00bfQuiere saber m\u00e1s sobre nuestra pr\u00e1ctica? Los abogados de la zona est\u00e1n aqu\u00ed para ofrecer asesoramiento legal y enfrentar a cualquier compa\u00f1\u00eda de seguros.<\/span><\/p>\n\n<h2 class=\"wp-block-heading\">Contacte a Nuestro Abogado de Lesiones Personales en Canal Point para su Evaluaci\u00f3n de Caso<\/h2>\n\n<p><span style=\"font-weight: 400;\">Encuentre un abogado de lesiones personales confiable que atienda a Canal Point, FL, llamando a<\/span><a href=\"https:\/\/thedashcamlawyer.com\/es\/contacto\/\"><span style=\"font-weight: 400;\"> la Oficina Legal de Shannon J. Sagan<\/span><\/a><span style=\"font-weight: 400;\"> al <\/span><a href=\"TEL: 561-561-3274\"><span style=\"font-weight: 400;\">561-561-DASH<\/span><\/a><span style=\"font-weight: 400;\">.<\/span><\/p>\n","protected":false},"excerpt":{"rendered":"<p>Si ha resultado lesionado y cree que tiene un reclamo, llame a Shannon J. Sagan de inmediato al 561-DASHCAM. Cuando ha sufrido una lesi\u00f3n debido a la negligencia de otra persona, contar con un abogado de lesiones personales a su lado para guiarlo a trav\u00e9s del proceso de presentar un reclamo es fundamental. Ah\u00ed es&hellip;<\/p>\n","protected":false},"author":16,"featured_media":0,"parent":0,"menu_order":0,"comment_status":"closed","ping_status":"closed","template":"","meta":{"_acf_changed":false,"inline_featured_image":false,"footnotes":""},"class_list":["post-9679","page","type-page","status-publish","hentry"],"acf":[],"yoast_head":"<!-- This site is optimized with the Yoast SEO plugin v25.6 - https:\/\/yoast.com\/wordpress\/plugins\/seo\/ -->\n<title>Abogado de Lesiones Personales que Atiende a Canal Point, FL - The Dashcam Lawyer\u00ae<\/title>\n<meta name=\"robots\" content=\"index, follow, max-snippet:-1, max-image-preview:large, max-video-preview:-1\" \/>\n<link rel=\"canonical\" href=\"https:\/\/thedashcamlawyer.com\/es\/abogado-de-lesiones-personales-que-atiende-a-canal-point-fl\/\" \/>\n<meta property=\"og:locale\" content=\"es_ES\" \/>\n<meta property=\"og:type\" content=\"article\" \/>\n<meta property=\"og:title\" content=\"Abogado de Lesiones Personales que Atiende a Canal Point, FL - The Dashcam Lawyer\u00ae\" \/>\n<meta property=\"og:description\" content=\"Si ha resultado lesionado y cree que tiene un reclamo, llame a Shannon J. Sagan de inmediato al 561-DASHCAM. Cuando ha sufrido una lesi\u00f3n debido a la negligencia de otra persona, contar con un abogado de lesiones personales a su lado para guiarlo a trav\u00e9s del proceso de presentar un reclamo es fundamental. Ah\u00ed es&hellip;\" \/>\n<meta property=\"og:url\" content=\"https:\/\/thedashcamlawyer.com\/es\/abogado-de-lesiones-personales-que-atiende-a-canal-point-fl\/\" \/>\n<meta property=\"og:site_name\" content=\"The Dashcam Lawyer\u00ae\" \/>\n<meta property=\"article:publisher\" content=\"https:\/\/www.facebook.com\/shannonjsagan1800FlaLawyer\/\" \/>\n<meta property=\"article:modified_time\" content=\"2024-10-09T13:48:34+00:00\" \/>\n<meta name=\"twitter:card\" content=\"summary_large_image\" \/>\n<meta name=\"twitter:site\" content=\"@1800FLALAWYER\" \/>\n<meta name=\"twitter:label1\" content=\"Tiempo de lectura\" \/>\n\t<meta name=\"twitter:data1\" content=\"3 minutos\" \/>\n<script type=\"application\/ld+json\" class=\"yoast-schema-graph\">{\"@context\":\"https:\/\/schema.org\",\"@graph\":[{\"@type\":\"WebPage\",\"@id\":\"https:\/\/thedashcamlawyer.com\/es\/abogado-de-lesiones-personales-que-atiende-a-canal-point-fl\/\",\"url\":\"https:\/\/thedashcamlawyer.com\/es\/abogado-de-lesiones-personales-que-atiende-a-canal-point-fl\/\",\"name\":\"Abogado de Lesiones Personales que Atiende a Canal Point, FL - The Dashcam Lawyer\u00ae\",\"isPartOf\":{\"@id\":\"https:\/\/thedashcamlawyer.com\/#website\"},\"datePublished\":\"2024-10-09T13:48:26+00:00\",\"dateModified\":\"2024-10-09T13:48:34+00:00\",\"breadcrumb\":{\"@id\":\"https:\/\/thedashcamlawyer.com\/es\/abogado-de-lesiones-personales-que-atiende-a-canal-point-fl\/#breadcrumb\"},\"inLanguage\":\"es\",\"potentialAction\":[{\"@type\":\"ReadAction\",\"target\":[\"https:\/\/thedashcamlawyer.com\/es\/abogado-de-lesiones-personales-que-atiende-a-canal-point-fl\/\"]}]},{\"@type\":\"BreadcrumbList\",\"@id\":\"https:\/\/thedashcamlawyer.com\/es\/abogado-de-lesiones-personales-que-atiende-a-canal-point-fl\/#breadcrumb\",\"itemListElement\":[{\"@type\":\"ListItem\",\"position\":1,\"name\":\"Home\",\"item\":\"https:\/\/thedashcamlawyer.com\/es\/\"},{\"@type\":\"ListItem\",\"position\":2,\"name\":\"Abogado de Lesiones Personales que Atiende a Canal Point, FL\"}]},{\"@type\":\"WebSite\",\"@id\":\"https:\/\/thedashcamlawyer.com\/#website\",\"url\":\"https:\/\/thedashcamlawyer.com\/\",\"name\":\"The Dashcam Lawyer\u00ae\",\"description\":\"Palm Beach Personal Injury Law Firm\",\"publisher\":{\"@id\":\"https:\/\/thedashcamlawyer.com\/#organization\"},\"potentialAction\":[{\"@type\":\"SearchAction\",\"target\":{\"@type\":\"EntryPoint\",\"urlTemplate\":\"https:\/\/thedashcamlawyer.com\/?s={search_term_string}\"},\"query-input\":{\"@type\":\"PropertyValueSpecification\",\"valueRequired\":true,\"valueName\":\"search_term_string\"}}],\"inLanguage\":\"es\"},{\"@type\":\"Organization\",\"@id\":\"https:\/\/thedashcamlawyer.com\/#organization\",\"name\":\"Personal Injury Law firm of Shannon J. Sagan\",\"url\":\"https:\/\/thedashcamlawyer.com\/\",\"logo\":{\"@type\":\"ImageObject\",\"inLanguage\":\"es\",\"@id\":\"https:\/\/thedashcamlawyer.com\/#\/schema\/logo\/image\/\",\"url\":\"https:\/\/thedashcamlawyer.com\/wp-content\/uploads\/2018\/02\/logo.png\",\"contentUrl\":\"https:\/\/thedashcamlawyer.com\/wp-content\/uploads\/2018\/02\/logo.png\",\"width\":331,\"height\":90,\"caption\":\"Personal Injury Law firm of Shannon J. Sagan\"},\"image\":{\"@id\":\"https:\/\/thedashcamlawyer.com\/#\/schema\/logo\/image\/\"},\"sameAs\":[\"https:\/\/www.facebook.com\/shannonjsagan1800FlaLawyer\/\",\"https:\/\/x.com\/1800FLALAWYER\",\"https:\/\/www.instagram.com\/1800flalawyer\/\",\"https:\/\/www.pinterest.com\/1800flalawyer\/\",\"https:\/\/www.youtube.com\/user\/1800FlaLawyer\"]}]}<\/script>\n<!-- \/ Yoast SEO plugin. -->","yoast_head_json":{"title":"Abogado de Lesiones Personales que Atiende a Canal Point, FL - The Dashcam Lawyer\u00ae","robots":{"index":"index","follow":"follow","max-snippet":"max-snippet:-1","max-image-preview":"max-image-preview:large","max-video-preview":"max-video-preview:-1"},"canonical":"https:\/\/thedashcamlawyer.com\/es\/abogado-de-lesiones-personales-que-atiende-a-canal-point-fl\/","og_locale":"es_ES","og_type":"article","og_title":"Abogado de Lesiones Personales que Atiende a Canal Point, FL - The Dashcam Lawyer\u00ae","og_description":"Si ha resultado lesionado y cree que tiene un reclamo, llame a Shannon J. Sagan de inmediato al 561-DASHCAM. Cuando ha sufrido una lesi\u00f3n debido a la negligencia de otra persona, contar con un abogado de lesiones personales a su lado para guiarlo a trav\u00e9s del proceso de presentar un reclamo es fundamental. Ah\u00ed es&hellip;","og_url":"https:\/\/thedashcamlawyer.com\/es\/abogado-de-lesiones-personales-que-atiende-a-canal-point-fl\/","og_site_name":"The Dashcam Lawyer\u00ae","article_publisher":"https:\/\/www.facebook.com\/shannonjsagan1800FlaLawyer\/","article_modified_time":"2024-10-09T13:48:34+00:00","twitter_card":"summary_large_image","twitter_site":"@1800FLALAWYER","twitter_misc":{"Tiempo de lectura":"3 minutos"},"schema":{"@context":"https:\/\/schema.org","@graph":[{"@type":"WebPage","@id":"https:\/\/thedashcamlawyer.com\/es\/abogado-de-lesiones-personales-que-atiende-a-canal-point-fl\/","url":"https:\/\/thedashcamlawyer.com\/es\/abogado-de-lesiones-personales-que-atiende-a-canal-point-fl\/","name":"Abogado de Lesiones Personales que Atiende a Canal Point, FL - The Dashcam Lawyer\u00ae","isPartOf":{"@id":"https:\/\/thedashcamlawyer.com\/#website"},"datePublished":"2024-10-09T13:48:26+00:00","dateModified":"2024-10-09T13:48:34+00:00","breadcrumb":{"@id":"https:\/\/thedashcamlawyer.com\/es\/abogado-de-lesiones-personales-que-atiende-a-canal-point-fl\/#breadcrumb"},"inLanguage":"es","potentialAction":[{"@type":"ReadAction","target":["https:\/\/thedashcamlawyer.com\/es\/abogado-de-lesiones-personales-que-atiende-a-canal-point-fl\/"]}]},{"@type":"BreadcrumbList","@id":"https:\/\/thedashcamlawyer.com\/es\/abogado-de-lesiones-personales-que-atiende-a-canal-point-fl\/#breadcrumb","itemListElement":[{"@type":"ListItem","position":1,"name":"Home","item":"https:\/\/thedashcamlawyer.com\/es\/"},{"@type":"ListItem","position":2,"name":"Abogado de Lesiones Personales que Atiende a Canal Point, FL"}]},{"@type":"WebSite","@id":"https:\/\/thedashcamlawyer.com\/#website","url":"https:\/\/thedashcamlawyer.com\/","name":"The Dashcam Lawyer\u00ae","description":"Palm Beach Personal Injury Law Firm","publisher":{"@id":"https:\/\/thedashcamlawyer.com\/#organization"},"potentialAction":[{"@type":"SearchAction","target":{"@type":"EntryPoint","urlTemplate":"https:\/\/thedashcamlawyer.com\/?s={search_term_string}"},"query-input":{"@type":"PropertyValueSpecification","valueRequired":true,"valueName":"search_term_string"}}],"inLanguage":"es"},{"@type":"Organization","@id":"https:\/\/thedashcamlawyer.com\/#organization","name":"Personal Injury Law firm of Shannon J. Sagan","url":"https:\/\/thedashcamlawyer.com\/","logo":{"@type":"ImageObject","inLanguage":"es","@id":"https:\/\/thedashcamlawyer.com\/#\/schema\/logo\/image\/","url":"https:\/\/thedashcamlawyer.com\/wp-content\/uploads\/2018\/02\/logo.png","contentUrl":"https:\/\/thedashcamlawyer.com\/wp-content\/uploads\/2018\/02\/logo.png","width":331,"height":90,"caption":"Personal Injury Law firm of Shannon J. Sagan"},"image":{"@id":"https:\/\/thedashcamlawyer.com\/#\/schema\/logo\/image\/"},"sameAs":["https:\/\/www.facebook.com\/shannonjsagan1800FlaLawyer\/","https:\/\/x.com\/1800FLALAWYER","https:\/\/www.instagram.com\/1800flalawyer\/","https:\/\/www.pinterest.com\/1800flalawyer\/","https:\/\/www.youtube.com\/user\/1800FlaLawyer"]}]}},"_links":{"self":[{"href":"https:\/\/thedashcamlawyer.com\/es\/wp-json\/wp\/v2\/pages\/9679"}],"collection":[{"href":"https:\/\/thedashcamlawyer.com\/es\/wp-json\/wp\/v2\/pages"}],"about":[{"href":"https:\/\/thedashcamlawyer.com\/es\/wp-json\/wp\/v2\/types\/page"}],"author":[{"embeddable":true,"href":"https:\/\/thedashcamlawyer.com\/es\/wp-json\/wp\/v2\/users\/16"}],"replies":[{"embeddable":true,"href":"https:\/\/thedashcamlawyer.com\/es\/wp-json\/wp\/v2\/comments?post=9679"}],"version-history":[{"count":0,"href":"https:\/\/thedashcamlawyer.com\/es\/wp-json\/wp\/v2\/pages\/9679\/revisions"}],"wp:attachment":[{"href":"https:\/\/thedashcamlawyer.com\/es\/wp-json\/wp\/v2\/media?parent=9679"}],"curies":[{"name":"wp","href":"https:\/\/api.w.org\/{rel}","templated":true}]}}