{"id":9683,"date":"2024-10-11T19:37:56","date_gmt":"2024-10-11T19:37:56","guid":{"rendered":"https:\/\/thedashcamlawyer.com\/abogado-de-lesiones-personales-que-atiende-clewiston-fl\/"},"modified":"2024-10-11T19:37:57","modified_gmt":"2024-10-11T19:37:57","slug":"abogado-de-lesiones-personales-que-atiende-clewiston-fl","status":"publish","type":"page","link":"https:\/\/thedashcamlawyer.com\/es\/abogado-de-lesiones-personales-que-atiende-clewiston-fl\/","title":{"rendered":"Abogado de Lesiones Personales que Atiende Clewiston, FL"},"content":{"rendered":"\n<p><span style=\"font-weight: 400;\">\u00bfLesionado en Clewiston? Contacta al <\/span><a href=\"tel:561-561-DASH\"><span style=\"font-weight: 400;\">561-561-DASH<\/span><\/a><span style=\"font-weight: 400;\"> para una evaluaci\u00f3n gratuita de tu caso.<\/span><\/p>\n\n<p>Las lesiones graves pueden causar discapacidad, dolor cr\u00f3nico, angustia financiera y disminuir tu calidad de vida. Si has sufrido una lesi\u00f3n grave, deber\u00edas explorar tus opciones legales e intentar buscar una compensaci\u00f3n por tu sufrimiento.<\/p>\n\n<p>El fundador de nuestro bufete, Shannon J. Sagan, P.A., es un abogado especializado en lesiones personales que atiende a Clewiston, FL. Con d\u00e9cadas de experiencia representando a v\u00edctimas de lesiones personales y a sus familias, luchar\u00e1 por tus derechos en cada paso del proceso.<\/p>\n\n<p><span style=\"font-weight: 400;\">Llama al <\/span><a href=\"tel:561-561-DASH\"><span style=\"font-weight: 400;\">561-561-DASH<\/span><\/a><span style=\"font-weight: 400;\"> para una evaluaci\u00f3n gratuita de tu caso.<\/span><\/p>\n\n<h2 class=\"wp-block-heading\">\u00bfCu\u00e1les son algunos casos comunes de lesiones personales en Clewiston?<\/h2>\n\n<p>En nuestra pr\u00e1ctica, asumimos una amplia variedad de casos de lesiones personales. Estos son algunos de los m\u00e1s comunes que encontramos en Clewiston:<\/p>\n\n<ul class=\"wp-block-list\"><li><b>Accidentes automovil\u00edsticos<\/b><span style=\"font-weight: 400;\">: No muchos residentes lo saben, pero la tasa de accidentes automovil\u00edsticos fatales en Clewiston es superior al promedio nacional.<\/span><\/li><li><b>Accidentes con camiones grandes<\/b><span style=\"font-weight: 400;\">: La producci\u00f3n de az\u00facar y las operaciones de transporte en Clewiston generan un constante movimiento de camiones grandes en la zona. Aunque los conductores suelen ser cuidadosos, los accidentes ocurren.<\/span><\/li><li><b>Lesiones laborales<\/b><span style=\"font-weight: 400;\">: Muchos residentes de Clewiston trabajan en agricultura, transporte y construcci\u00f3n, todas industrias con tasas de lesiones m\u00e1s altas que muchas otras ocupaciones. Como resultado, cada a\u00f1o vemos una cantidad significativa de reclamaciones por lesiones laborales en Clewiston.<\/span><\/li><\/ul>\n\n<p>Otros casos de lesiones personales que manejamos incluyen:<\/p>\n\n<ul class=\"wp-block-list\"><li>Accidentes de navegaci\u00f3n<\/li><li>Lesiones por quemaduras<\/li><li>Mordeduras de perros y ataques de animales<\/li><li>Mala praxis m\u00e9dica<\/li><li>Responsabilidad de locales<\/li><li>Accidentes por resbalones y ca\u00eddas<\/li><\/ul>\n\n<p>Seg\u00fan el Consejo de Planificaci\u00f3n de Salud del Suroeste de Florida, la tasa de desempleo en el condado de Hendry es el doble del promedio nacional. Adem\u00e1s, la cantidad de personas sin seguro m\u00e9dico es casi el doble del promedio. Cuando una compa\u00f1\u00eda de seguros tiene en cuenta estos dos factores, saben que tienen la ventaja al hacer una oferta baja a un reclamante lesionado que no tiene abogado. Saben que muchas personas a menudo se sienten obligadas a aceptar la primera oferta de su compa\u00f1\u00eda de seguros.<\/p>\n\n<p>Un abogado experimentado como Shannon J. Sagan, P.A., puede trabajar para ayudarte a recibir la compensaci\u00f3n que mereces.<\/p>\n\n<h2 class=\"wp-block-heading\">\u00bfCu\u00e1l es la compensaci\u00f3n m\u00e1xima en una demanda por lesiones personales en Florida?<\/h2>\n\n<p>El tipo y la cantidad de da\u00f1os que podr\u00edas recuperar dependen de la naturaleza de tus lesiones y otros detalles espec\u00edficos de tu caso. Un abogado de lesiones personales que atienda Clewiston, FL, puede explicarte tus opciones y ayudarte a desarrollar una estrategia para buscar la compensaci\u00f3n \u00f3ptima.<\/p>\n\n<p>Generalmente, los siguientes tipos de da\u00f1os son posibles en una reclamaci\u00f3n por lesiones personales:<\/p>\n\n<ul class=\"wp-block-list\"><li><b>Gastos de atenci\u00f3n m\u00e9dica<\/b><span style=\"font-weight: 400;\">: Estos incluyen facturas m\u00e9dicas pasadas y futuras, costos de ambulancia, gastos de tratamiento y medicamentos, entre otros.<\/span><\/li><li><b>Salarios perdidos<\/b><span style=\"font-weight: 400;\">: Puedes recuperar ingresos perdidos del pasado y la p\u00e9rdida de futuros ingresos debido a la reducci\u00f3n de la capacidad de ganancia.<\/span><\/li><li><b>Dolor y sufrimiento<\/b><span style=\"font-weight: 400;\">: Esta categor\u00eda incluye el dolor f\u00edsico as\u00ed como la angustia mental.<\/span><\/li><li><b>P\u00e9rdida del disfrute de la vida<\/b><span style=\"font-weight: 400;\">: Cuando la lesi\u00f3n te impide participar en actividades que sol\u00edas disfrutar antes del accidente, podr\u00edas buscar compensaci\u00f3n.<\/span><\/li><\/ul>\n\n<h2 class=\"wp-block-heading\">Contacta a Nuestro Abogado de Lesiones Personales que Atiende Clewiston, FL<\/h2>\n\n<p><span style=\"font-weight: 400;\">En <\/span><a href=\"https:\/\/thedashcamlawyer.com\/es\/\"><span style=\"font-weight: 400;\">The Dash Cam Lawyer\u00ae<\/span><\/a><span style=\"font-weight: 400;\">, lucharemos por tus derechos y te ayudaremos a buscar una compensaci\u00f3n por tus lesiones. Ll\u00e1manos al <\/span><a href=\"tel:561-561-DASH\"><span style=\"font-weight: 400;\">561-561-DASH<\/span><\/a><span style=\"font-weight: 400;\"> para una evaluaci\u00f3n gratuita de tu caso.<\/span><\/p>\n","protected":false},"excerpt":{"rendered":"<p>\u00bfLesionado en Clewiston? Contacta al 561-561-DASH para una evaluaci\u00f3n gratuita de tu caso. Las lesiones graves pueden causar discapacidad, dolor cr\u00f3nico, angustia financiera y disminuir tu calidad de vida. Si has sufrido una lesi\u00f3n grave, deber\u00edas explorar tus opciones legales e intentar buscar una compensaci\u00f3n por tu sufrimiento. El fundador de nuestro bufete, Shannon J.&hellip;<\/p>\n","protected":false},"author":16,"featured_media":0,"parent":0,"menu_order":0,"comment_status":"closed","ping_status":"closed","template":"","meta":{"_acf_changed":false,"inline_featured_image":false,"footnotes":""},"class_list":["post-9683","page","type-page","status-publish","hentry"],"acf":[],"yoast_head":"<!-- This site is optimized with the Yoast SEO plugin v25.6 - https:\/\/yoast.com\/wordpress\/plugins\/seo\/ -->\n<title>Abogado de Lesiones Personales que Atiende Clewiston, FL - The Dashcam Lawyer\u00ae<\/title>\n<meta name=\"robots\" content=\"index, follow, max-snippet:-1, max-image-preview:large, max-video-preview:-1\" \/>\n<link rel=\"canonical\" href=\"https:\/\/thedashcamlawyer.com\/es\/abogado-de-lesiones-personales-que-atiende-clewiston-fl\/\" \/>\n<meta property=\"og:locale\" content=\"es_ES\" \/>\n<meta property=\"og:type\" content=\"article\" \/>\n<meta property=\"og:title\" content=\"Abogado de Lesiones Personales que Atiende Clewiston, FL - The Dashcam Lawyer\u00ae\" \/>\n<meta property=\"og:description\" content=\"\u00bfLesionado en Clewiston? Contacta al 561-561-DASH para una evaluaci\u00f3n gratuita de tu caso. Las lesiones graves pueden causar discapacidad, dolor cr\u00f3nico, angustia financiera y disminuir tu calidad de vida. Si has sufrido una lesi\u00f3n grave, deber\u00edas explorar tus opciones legales e intentar buscar una compensaci\u00f3n por tu sufrimiento. El fundador de nuestro bufete, Shannon J.&hellip;\" \/>\n<meta property=\"og:url\" content=\"https:\/\/thedashcamlawyer.com\/es\/abogado-de-lesiones-personales-que-atiende-clewiston-fl\/\" \/>\n<meta property=\"og:site_name\" content=\"The Dashcam Lawyer\u00ae\" \/>\n<meta property=\"article:publisher\" content=\"https:\/\/www.facebook.com\/shannonjsagan1800FlaLawyer\/\" \/>\n<meta property=\"article:modified_time\" content=\"2024-10-11T19:37:57+00:00\" \/>\n<meta name=\"twitter:card\" content=\"summary_large_image\" \/>\n<meta name=\"twitter:site\" content=\"@1800FLALAWYER\" \/>\n<meta name=\"twitter:label1\" content=\"Tiempo de lectura\" \/>\n\t<meta name=\"twitter:data1\" content=\"3 minutos\" \/>\n<script type=\"application\/ld+json\" class=\"yoast-schema-graph\">{\"@context\":\"https:\/\/schema.org\",\"@graph\":[{\"@type\":\"WebPage\",\"@id\":\"https:\/\/thedashcamlawyer.com\/es\/abogado-de-lesiones-personales-que-atiende-clewiston-fl\/\",\"url\":\"https:\/\/thedashcamlawyer.com\/es\/abogado-de-lesiones-personales-que-atiende-clewiston-fl\/\",\"name\":\"Abogado de Lesiones Personales que Atiende Clewiston, FL - The Dashcam Lawyer\u00ae\",\"isPartOf\":{\"@id\":\"https:\/\/thedashcamlawyer.com\/#website\"},\"datePublished\":\"2024-10-11T19:37:56+00:00\",\"dateModified\":\"2024-10-11T19:37:57+00:00\",\"breadcrumb\":{\"@id\":\"https:\/\/thedashcamlawyer.com\/es\/abogado-de-lesiones-personales-que-atiende-clewiston-fl\/#breadcrumb\"},\"inLanguage\":\"es\",\"potentialAction\":[{\"@type\":\"ReadAction\",\"target\":[\"https:\/\/thedashcamlawyer.com\/es\/abogado-de-lesiones-personales-que-atiende-clewiston-fl\/\"]}]},{\"@type\":\"BreadcrumbList\",\"@id\":\"https:\/\/thedashcamlawyer.com\/es\/abogado-de-lesiones-personales-que-atiende-clewiston-fl\/#breadcrumb\",\"itemListElement\":[{\"@type\":\"ListItem\",\"position\":1,\"name\":\"Home\",\"item\":\"https:\/\/thedashcamlawyer.com\/es\/\"},{\"@type\":\"ListItem\",\"position\":2,\"name\":\"Abogado de Lesiones Personales que Atiende Clewiston, FL\"}]},{\"@type\":\"WebSite\",\"@id\":\"https:\/\/thedashcamlawyer.com\/#website\",\"url\":\"https:\/\/thedashcamlawyer.com\/\",\"name\":\"The Dashcam Lawyer\u00ae\",\"description\":\"Palm Beach Personal Injury Law Firm\",\"publisher\":{\"@id\":\"https:\/\/thedashcamlawyer.com\/#organization\"},\"potentialAction\":[{\"@type\":\"SearchAction\",\"target\":{\"@type\":\"EntryPoint\",\"urlTemplate\":\"https:\/\/thedashcamlawyer.com\/?s={search_term_string}\"},\"query-input\":{\"@type\":\"PropertyValueSpecification\",\"valueRequired\":true,\"valueName\":\"search_term_string\"}}],\"inLanguage\":\"es\"},{\"@type\":\"Organization\",\"@id\":\"https:\/\/thedashcamlawyer.com\/#organization\",\"name\":\"Personal Injury Law firm of Shannon J. Sagan\",\"url\":\"https:\/\/thedashcamlawyer.com\/\",\"logo\":{\"@type\":\"ImageObject\",\"inLanguage\":\"es\",\"@id\":\"https:\/\/thedashcamlawyer.com\/#\/schema\/logo\/image\/\",\"url\":\"https:\/\/thedashcamlawyer.com\/wp-content\/uploads\/2018\/02\/logo.png\",\"contentUrl\":\"https:\/\/thedashcamlawyer.com\/wp-content\/uploads\/2018\/02\/logo.png\",\"width\":331,\"height\":90,\"caption\":\"Personal Injury Law firm of Shannon J. Sagan\"},\"image\":{\"@id\":\"https:\/\/thedashcamlawyer.com\/#\/schema\/logo\/image\/\"},\"sameAs\":[\"https:\/\/www.facebook.com\/shannonjsagan1800FlaLawyer\/\",\"https:\/\/x.com\/1800FLALAWYER\",\"https:\/\/www.instagram.com\/1800flalawyer\/\",\"https:\/\/www.pinterest.com\/1800flalawyer\/\",\"https:\/\/www.youtube.com\/user\/1800FlaLawyer\"]}]}<\/script>\n<!-- \/ Yoast SEO plugin. -->","yoast_head_json":{"title":"Abogado de Lesiones Personales que Atiende Clewiston, FL - The Dashcam Lawyer\u00ae","robots":{"index":"index","follow":"follow","max-snippet":"max-snippet:-1","max-image-preview":"max-image-preview:large","max-video-preview":"max-video-preview:-1"},"canonical":"https:\/\/thedashcamlawyer.com\/es\/abogado-de-lesiones-personales-que-atiende-clewiston-fl\/","og_locale":"es_ES","og_type":"article","og_title":"Abogado de Lesiones Personales que Atiende Clewiston, FL - The Dashcam Lawyer\u00ae","og_description":"\u00bfLesionado en Clewiston? Contacta al 561-561-DASH para una evaluaci\u00f3n gratuita de tu caso. Las lesiones graves pueden causar discapacidad, dolor cr\u00f3nico, angustia financiera y disminuir tu calidad de vida. Si has sufrido una lesi\u00f3n grave, deber\u00edas explorar tus opciones legales e intentar buscar una compensaci\u00f3n por tu sufrimiento. El fundador de nuestro bufete, Shannon J.&hellip;","og_url":"https:\/\/thedashcamlawyer.com\/es\/abogado-de-lesiones-personales-que-atiende-clewiston-fl\/","og_site_name":"The Dashcam Lawyer\u00ae","article_publisher":"https:\/\/www.facebook.com\/shannonjsagan1800FlaLawyer\/","article_modified_time":"2024-10-11T19:37:57+00:00","twitter_card":"summary_large_image","twitter_site":"@1800FLALAWYER","twitter_misc":{"Tiempo de lectura":"3 minutos"},"schema":{"@context":"https:\/\/schema.org","@graph":[{"@type":"WebPage","@id":"https:\/\/thedashcamlawyer.com\/es\/abogado-de-lesiones-personales-que-atiende-clewiston-fl\/","url":"https:\/\/thedashcamlawyer.com\/es\/abogado-de-lesiones-personales-que-atiende-clewiston-fl\/","name":"Abogado de Lesiones Personales que Atiende Clewiston, FL - The Dashcam Lawyer\u00ae","isPartOf":{"@id":"https:\/\/thedashcamlawyer.com\/#website"},"datePublished":"2024-10-11T19:37:56+00:00","dateModified":"2024-10-11T19:37:57+00:00","breadcrumb":{"@id":"https:\/\/thedashcamlawyer.com\/es\/abogado-de-lesiones-personales-que-atiende-clewiston-fl\/#breadcrumb"},"inLanguage":"es","potentialAction":[{"@type":"ReadAction","target":["https:\/\/thedashcamlawyer.com\/es\/abogado-de-lesiones-personales-que-atiende-clewiston-fl\/"]}]},{"@type":"BreadcrumbList","@id":"https:\/\/thedashcamlawyer.com\/es\/abogado-de-lesiones-personales-que-atiende-clewiston-fl\/#breadcrumb","itemListElement":[{"@type":"ListItem","position":1,"name":"Home","item":"https:\/\/thedashcamlawyer.com\/es\/"},{"@type":"ListItem","position":2,"name":"Abogado de Lesiones Personales que Atiende Clewiston, FL"}]},{"@type":"WebSite","@id":"https:\/\/thedashcamlawyer.com\/#website","url":"https:\/\/thedashcamlawyer.com\/","name":"The Dashcam Lawyer\u00ae","description":"Palm Beach Personal Injury Law Firm","publisher":{"@id":"https:\/\/thedashcamlawyer.com\/#organization"},"potentialAction":[{"@type":"SearchAction","target":{"@type":"EntryPoint","urlTemplate":"https:\/\/thedashcamlawyer.com\/?s={search_term_string}"},"query-input":{"@type":"PropertyValueSpecification","valueRequired":true,"valueName":"search_term_string"}}],"inLanguage":"es"},{"@type":"Organization","@id":"https:\/\/thedashcamlawyer.com\/#organization","name":"Personal Injury Law firm of Shannon J. Sagan","url":"https:\/\/thedashcamlawyer.com\/","logo":{"@type":"ImageObject","inLanguage":"es","@id":"https:\/\/thedashcamlawyer.com\/#\/schema\/logo\/image\/","url":"https:\/\/thedashcamlawyer.com\/wp-content\/uploads\/2018\/02\/logo.png","contentUrl":"https:\/\/thedashcamlawyer.com\/wp-content\/uploads\/2018\/02\/logo.png","width":331,"height":90,"caption":"Personal Injury Law firm of Shannon J. Sagan"},"image":{"@id":"https:\/\/thedashcamlawyer.com\/#\/schema\/logo\/image\/"},"sameAs":["https:\/\/www.facebook.com\/shannonjsagan1800FlaLawyer\/","https:\/\/x.com\/1800FLALAWYER","https:\/\/www.instagram.com\/1800flalawyer\/","https:\/\/www.pinterest.com\/1800flalawyer\/","https:\/\/www.youtube.com\/user\/1800FlaLawyer"]}]}},"_links":{"self":[{"href":"https:\/\/thedashcamlawyer.com\/es\/wp-json\/wp\/v2\/pages\/9683"}],"collection":[{"href":"https:\/\/thedashcamlawyer.com\/es\/wp-json\/wp\/v2\/pages"}],"about":[{"href":"https:\/\/thedashcamlawyer.com\/es\/wp-json\/wp\/v2\/types\/page"}],"author":[{"embeddable":true,"href":"https:\/\/thedashcamlawyer.com\/es\/wp-json\/wp\/v2\/users\/16"}],"replies":[{"embeddable":true,"href":"https:\/\/thedashcamlawyer.com\/es\/wp-json\/wp\/v2\/comments?post=9683"}],"version-history":[{"count":0,"href":"https:\/\/thedashcamlawyer.com\/es\/wp-json\/wp\/v2\/pages\/9683\/revisions"}],"wp:attachment":[{"href":"https:\/\/thedashcamlawyer.com\/es\/wp-json\/wp\/v2\/media?parent=9683"}],"curies":[{"name":"wp","href":"https:\/\/api.w.org\/{rel}","templated":true}]}}