{"id":9686,"date":"2024-10-11T19:47:12","date_gmt":"2024-10-11T19:47:12","guid":{"rendered":"https:\/\/thedashcamlawyer.com\/abogado-de-accidentes-automovilisticos-en-cloud-lake-fl\/"},"modified":"2024-10-11T19:47:12","modified_gmt":"2024-10-11T19:47:12","slug":"abogado-de-accidentes-automovilisticos-en-cloud-lake-fl","status":"publish","type":"page","link":"https:\/\/thedashcamlawyer.com\/es\/abogado-de-accidentes-automovilisticos-en-cloud-lake-fl\/","title":{"rendered":"Abogado de Accidentes Automovil\u00edsticos en Cloud Lake, FL"},"content":{"rendered":"\n<h2 class=\"wp-block-heading\">Entendiendo tus Derechos de Compensaci\u00f3n en Florida<\/h2>\n\n<p>Despu\u00e9s de un accidente automovil\u00edstico en Florida, podr\u00edas tener derecho a varias formas de compensaci\u00f3n. La recuperaci\u00f3n financiera puede incluir da\u00f1os econ\u00f3micos como los gastos m\u00e9dicos, costos de reparaci\u00f3n del veh\u00edculo y salarios perdidos. Los da\u00f1os no econ\u00f3micos cubren los impactos emocionales y psicol\u00f3gicos del accidente, como el dolor y sufrimiento, el estr\u00e9s emocional y la p\u00e9rdida del disfrute de la vida. Tambi\u00e9n se pueden buscar da\u00f1os punitivos en casos que involucren negligencia grave, como conducir ebrio o distra\u00eddo.<\/p>\n\n<p>Nuestro experimentado abogado de accidentes automovil\u00edsticos en Florida te guiar\u00e1 para que comprendas tus opciones legales y los tipos de compensaci\u00f3n a los que podr\u00edas tener derecho. Te ayudaremos a navegar por el complejo sistema de culpa comparativa modificada de Florida y el estatuto de limitaciones del estado, asegurando que tus derechos est\u00e9n completamente protegidos.<\/p>\n\n<h2 class=\"wp-block-heading\">\u00bfPor qu\u00e9 Asociarte con The Dash Cam Lawyer\u00ae?<\/h2>\n\n<p>Elegir trabajar con The Dash Cam Lawyer\u00ae despu\u00e9s de tu accidente automovil\u00edstico en Cloud Lake, FL, significa que no solo est\u00e1s obteniendo representaci\u00f3n legal; est\u00e1s ganando un socio dedicado a tu recuperaci\u00f3n y compensaci\u00f3n financiera. Nuestro equipo, liderado por Shannon J. Sagan, se compromete a:<\/p>\n\n<ul class=\"wp-block-list\">\n<li>Realizar investigaciones exhaustivas para establecer la responsabilidad<\/li>\n\n\n\n<li>Recopilar y preservar pruebas fundamentales<\/li>\n\n\n\n<li>Manejar todos tus reclamos y negociaciones con las compa\u00f1\u00edas de seguros<\/li>\n\n\n\n<li>Asegurar que recibas la atenci\u00f3n m\u00e9dica que necesitas<\/li>\n\n\n\n<li>Fortalecer tu caso para asegurar el mejor acuerdo posible<\/li>\n\n\n\n<li>Tomar acci\u00f3n legal cuando sea necesario para defender tus derechos<\/li>\n<\/ul>\n\n<h2 class=\"wp-block-heading\">Compensaci\u00f3n que Podr\u00edas Recuperar en un Acuerdo<\/h2>\n\n<p>Los tipos de compensaci\u00f3n que podr\u00edas recuperar despu\u00e9s de un accidente automovil\u00edstico en Florida dependen de muchos factores. Aseg\u00farate de contactar a nuestro abogado de accidentes automovil\u00edsticos para comprender tus opciones legales y c\u00f3mo proceder.<\/p>\n\n<p>Si t\u00fa o un ser querido estuvieron involucrados en un accidente automovil\u00edstico recientemente, podr\u00edas ser elegible para una compensaci\u00f3n por los siguientes conceptos:<\/p>\n\n<ul class=\"wp-block-list\">\n<li><span style=\"font-weight: 400;\"><strong>Da\u00f1os econ\u00f3micos<\/strong> como facturas m\u00e9dicas, costos de reparaci\u00f3n y salarios perdidos<\/span><\/li>\n\n\n\n<li><span style=\"font-weight: 400;\"><strong>Da\u00f1os no econ\u00f3micos<\/strong>, tales como cicatrices o desfiguraci\u00f3n, p\u00e9rdida de capacidad de ganancia, p\u00e9rdida del disfrute de la vida, angustia emocional, y dolor y sufrimiento como resultado de tus lesiones<\/span><\/li>\n\n\n\n<li><span style=\"font-weight: 400;\"><strong>Da\u00f1os punitivos<\/strong> en casos de conductores ebrios, conductores distra\u00eddos o en situaciones de conducta extremadamente negligente<\/span><\/li>\n<\/ul>\n\n<h2 class=\"wp-block-heading\">Pasos a Seguir Despu\u00e9s de un Accidente Automovil\u00edstico<\/h2>\n\n<p>Despu\u00e9s de un accidente automovil\u00edstico en Cloud Lake, FL, tomar medidas inmediatas y pr\u00e1cticas puede tener un impacto significativo en tu salud y en la fortaleza de tu reclamo por lesiones. Estos pasos incluyen:<\/p>\n\n<ul class=\"wp-block-list\">\n<li><b>Buscar Atenci\u00f3n M\u00e9dica<\/b><span style=\"font-weight: 400;\">: Una evaluaci\u00f3n m\u00e9dica inmediata es crucial para tu salud, y documentar tus lesiones es vital para tu reclamo.<\/span><\/li>\n\n\n\n<li><b>Reportar el Accidente<\/b><span style=\"font-weight: 400;\">: Informa a la polic\u00eda sobre el accidente. Un informe policial sirve como una pieza clave de evidencia para tu reclamo.<\/span><\/li>\n\n\n\n<li><b>Recopilar Informaci\u00f3n<\/b><span style=\"font-weight: 400;\">: Re\u00fane detalles de todas las personas involucradas en el accidente, incluidos los testigos. Esta informaci\u00f3n ser\u00e1 invaluable a medida que tu reclamo avance.<\/span><\/li>\n\n\n\n<li><b>Documentar la Escena<\/b><span style=\"font-weight: 400;\">: Toma fotos y notas sobre la escena del accidente, incluidos los da\u00f1os, las lesiones y cualquier factor que haya contribuido al accidente.<\/span><\/li>\n\n\n\n<li><b>Contactar a The Dash Cam Lawyer\u00ae<\/b><span style=\"font-weight: 400;\">: Con nuestra experiencia, nos encargaremos de los asuntos legales y de seguros, permiti\u00e9ndote concentrarte en tu recuperaci\u00f3n.<\/span><\/li>\n<\/ul>\n\n<h2 class=\"wp-block-heading\">Contacta a un Abogado Experimentado en Accidentes Automovil\u00edsticos de Florida<\/h2>\n\n<p>En The Dash Cam Lawyer\u00ae, entendemos el impacto f\u00edsico, emocional y financiero que un accidente automovil\u00edstico puede tener en las personas y sus familias. Nuestro abogado de accidentes automovil\u00edsticos en Florida est\u00e1 aqu\u00ed para guiarte a lo largo del proceso, ofreci\u00e9ndote apoyo compasivo y completo en cada paso.<\/p>\n\n<p><span style=\"font-weight: 400;\">Si has estado involucrado en un accidente automovil\u00edstico en Cloud Lake, FL, y necesitas ayuda para lidiar con las consecuencias, contacta a <\/span><a href=\"https:\/\/thedashcamlawyer.com\/es\/\"><span style=\"font-weight: 400;\">The Dash Cam Lawyer\u00ae<\/span><\/a><span style=\"font-weight: 400;\">. Nuestro equipo dedicado est\u00e1 aqu\u00ed para brindarte el apoyo legal y la orientaci\u00f3n que necesitas para asegurar la compensaci\u00f3n a la que tienes derecho. Ll\u00e1manos hoy al <\/span><a href=\"tel:561-561-DASH\"><span style=\"font-weight: 400;\">561-561-DASH<\/span><\/a><span style=\"font-weight: 400;\"> o <\/span><a href=\"https:\/\/thedashcamlawyer.com\/es\/contacto\/\"><span style=\"font-weight: 400;\">en l\u00ednea<\/span><\/a><span style=\"font-weight: 400;\"> para una consulta gratuita, y perm\u00edtenos ayudarte en tu camino hacia la recuperaci\u00f3n.<\/span><\/p>\n","protected":false},"excerpt":{"rendered":"<p>Entendiendo tus Derechos de Compensaci\u00f3n en Florida Despu\u00e9s de un accidente automovil\u00edstico en Florida, podr\u00edas tener derecho a varias formas de compensaci\u00f3n. La recuperaci\u00f3n financiera puede incluir da\u00f1os econ\u00f3micos como los gastos m\u00e9dicos, costos de reparaci\u00f3n del veh\u00edculo y salarios perdidos. Los da\u00f1os no econ\u00f3micos cubren los impactos emocionales y psicol\u00f3gicos del accidente, como el&hellip;<\/p>\n","protected":false},"author":16,"featured_media":0,"parent":0,"menu_order":0,"comment_status":"closed","ping_status":"closed","template":"","meta":{"_acf_changed":false,"inline_featured_image":false,"footnotes":""},"class_list":["post-9686","page","type-page","status-publish","hentry"],"acf":[],"yoast_head":"<!-- This site is optimized with the Yoast SEO plugin v25.6 - https:\/\/yoast.com\/wordpress\/plugins\/seo\/ -->\n<title>Abogado de Accidentes Automovil\u00edsticos en Cloud Lake, FL - The Dashcam Lawyer\u00ae<\/title>\n<meta name=\"robots\" content=\"index, follow, max-snippet:-1, max-image-preview:large, max-video-preview:-1\" \/>\n<link rel=\"canonical\" href=\"https:\/\/thedashcamlawyer.com\/es\/abogado-de-accidentes-automovilisticos-en-cloud-lake-fl\/\" \/>\n<meta property=\"og:locale\" content=\"es_ES\" \/>\n<meta property=\"og:type\" content=\"article\" \/>\n<meta property=\"og:title\" content=\"Abogado de Accidentes Automovil\u00edsticos en Cloud Lake, FL - The Dashcam Lawyer\u00ae\" \/>\n<meta property=\"og:description\" content=\"Entendiendo tus Derechos de Compensaci\u00f3n en Florida Despu\u00e9s de un accidente automovil\u00edstico en Florida, podr\u00edas tener derecho a varias formas de compensaci\u00f3n. La recuperaci\u00f3n financiera puede incluir da\u00f1os econ\u00f3micos como los gastos m\u00e9dicos, costos de reparaci\u00f3n del veh\u00edculo y salarios perdidos. Los da\u00f1os no econ\u00f3micos cubren los impactos emocionales y psicol\u00f3gicos del accidente, como el&hellip;\" \/>\n<meta property=\"og:url\" content=\"https:\/\/thedashcamlawyer.com\/es\/abogado-de-accidentes-automovilisticos-en-cloud-lake-fl\/\" \/>\n<meta property=\"og:site_name\" content=\"The Dashcam Lawyer\u00ae\" \/>\n<meta property=\"article:publisher\" content=\"https:\/\/www.facebook.com\/shannonjsagan1800FlaLawyer\/\" \/>\n<meta name=\"twitter:card\" content=\"summary_large_image\" \/>\n<meta name=\"twitter:site\" content=\"@1800FLALAWYER\" \/>\n<meta name=\"twitter:label1\" content=\"Tiempo de lectura\" \/>\n\t<meta name=\"twitter:data1\" content=\"4 minutos\" \/>\n<script type=\"application\/ld+json\" class=\"yoast-schema-graph\">{\"@context\":\"https:\/\/schema.org\",\"@graph\":[{\"@type\":\"WebPage\",\"@id\":\"https:\/\/thedashcamlawyer.com\/es\/abogado-de-accidentes-automovilisticos-en-cloud-lake-fl\/\",\"url\":\"https:\/\/thedashcamlawyer.com\/es\/abogado-de-accidentes-automovilisticos-en-cloud-lake-fl\/\",\"name\":\"Abogado de Accidentes Automovil\u00edsticos en Cloud Lake, FL - The Dashcam Lawyer\u00ae\",\"isPartOf\":{\"@id\":\"https:\/\/thedashcamlawyer.com\/#website\"},\"datePublished\":\"2024-10-11T19:47:12+00:00\",\"breadcrumb\":{\"@id\":\"https:\/\/thedashcamlawyer.com\/es\/abogado-de-accidentes-automovilisticos-en-cloud-lake-fl\/#breadcrumb\"},\"inLanguage\":\"es\",\"potentialAction\":[{\"@type\":\"ReadAction\",\"target\":[\"https:\/\/thedashcamlawyer.com\/es\/abogado-de-accidentes-automovilisticos-en-cloud-lake-fl\/\"]}]},{\"@type\":\"BreadcrumbList\",\"@id\":\"https:\/\/thedashcamlawyer.com\/es\/abogado-de-accidentes-automovilisticos-en-cloud-lake-fl\/#breadcrumb\",\"itemListElement\":[{\"@type\":\"ListItem\",\"position\":1,\"name\":\"Home\",\"item\":\"https:\/\/thedashcamlawyer.com\/es\/\"},{\"@type\":\"ListItem\",\"position\":2,\"name\":\"Abogado de Accidentes Automovil\u00edsticos en Cloud Lake, FL\"}]},{\"@type\":\"WebSite\",\"@id\":\"https:\/\/thedashcamlawyer.com\/#website\",\"url\":\"https:\/\/thedashcamlawyer.com\/\",\"name\":\"The Dashcam Lawyer\u00ae\",\"description\":\"Palm Beach Personal Injury Law Firm\",\"publisher\":{\"@id\":\"https:\/\/thedashcamlawyer.com\/#organization\"},\"potentialAction\":[{\"@type\":\"SearchAction\",\"target\":{\"@type\":\"EntryPoint\",\"urlTemplate\":\"https:\/\/thedashcamlawyer.com\/?s={search_term_string}\"},\"query-input\":{\"@type\":\"PropertyValueSpecification\",\"valueRequired\":true,\"valueName\":\"search_term_string\"}}],\"inLanguage\":\"es\"},{\"@type\":\"Organization\",\"@id\":\"https:\/\/thedashcamlawyer.com\/#organization\",\"name\":\"Personal Injury Law firm of Shannon J. Sagan\",\"url\":\"https:\/\/thedashcamlawyer.com\/\",\"logo\":{\"@type\":\"ImageObject\",\"inLanguage\":\"es\",\"@id\":\"https:\/\/thedashcamlawyer.com\/#\/schema\/logo\/image\/\",\"url\":\"https:\/\/thedashcamlawyer.com\/wp-content\/uploads\/2018\/02\/logo.png\",\"contentUrl\":\"https:\/\/thedashcamlawyer.com\/wp-content\/uploads\/2018\/02\/logo.png\",\"width\":331,\"height\":90,\"caption\":\"Personal Injury Law firm of Shannon J. Sagan\"},\"image\":{\"@id\":\"https:\/\/thedashcamlawyer.com\/#\/schema\/logo\/image\/\"},\"sameAs\":[\"https:\/\/www.facebook.com\/shannonjsagan1800FlaLawyer\/\",\"https:\/\/x.com\/1800FLALAWYER\",\"https:\/\/www.instagram.com\/1800flalawyer\/\",\"https:\/\/www.pinterest.com\/1800flalawyer\/\",\"https:\/\/www.youtube.com\/user\/1800FlaLawyer\"]}]}<\/script>\n<!-- \/ Yoast SEO plugin. -->","yoast_head_json":{"title":"Abogado de Accidentes Automovil\u00edsticos en Cloud Lake, FL - The Dashcam Lawyer\u00ae","robots":{"index":"index","follow":"follow","max-snippet":"max-snippet:-1","max-image-preview":"max-image-preview:large","max-video-preview":"max-video-preview:-1"},"canonical":"https:\/\/thedashcamlawyer.com\/es\/abogado-de-accidentes-automovilisticos-en-cloud-lake-fl\/","og_locale":"es_ES","og_type":"article","og_title":"Abogado de Accidentes Automovil\u00edsticos en Cloud Lake, FL - The Dashcam Lawyer\u00ae","og_description":"Entendiendo tus Derechos de Compensaci\u00f3n en Florida Despu\u00e9s de un accidente automovil\u00edstico en Florida, podr\u00edas tener derecho a varias formas de compensaci\u00f3n. La recuperaci\u00f3n financiera puede incluir da\u00f1os econ\u00f3micos como los gastos m\u00e9dicos, costos de reparaci\u00f3n del veh\u00edculo y salarios perdidos. Los da\u00f1os no econ\u00f3micos cubren los impactos emocionales y psicol\u00f3gicos del accidente, como el&hellip;","og_url":"https:\/\/thedashcamlawyer.com\/es\/abogado-de-accidentes-automovilisticos-en-cloud-lake-fl\/","og_site_name":"The Dashcam Lawyer\u00ae","article_publisher":"https:\/\/www.facebook.com\/shannonjsagan1800FlaLawyer\/","twitter_card":"summary_large_image","twitter_site":"@1800FLALAWYER","twitter_misc":{"Tiempo de lectura":"4 minutos"},"schema":{"@context":"https:\/\/schema.org","@graph":[{"@type":"WebPage","@id":"https:\/\/thedashcamlawyer.com\/es\/abogado-de-accidentes-automovilisticos-en-cloud-lake-fl\/","url":"https:\/\/thedashcamlawyer.com\/es\/abogado-de-accidentes-automovilisticos-en-cloud-lake-fl\/","name":"Abogado de Accidentes Automovil\u00edsticos en Cloud Lake, FL - The Dashcam Lawyer\u00ae","isPartOf":{"@id":"https:\/\/thedashcamlawyer.com\/#website"},"datePublished":"2024-10-11T19:47:12+00:00","breadcrumb":{"@id":"https:\/\/thedashcamlawyer.com\/es\/abogado-de-accidentes-automovilisticos-en-cloud-lake-fl\/#breadcrumb"},"inLanguage":"es","potentialAction":[{"@type":"ReadAction","target":["https:\/\/thedashcamlawyer.com\/es\/abogado-de-accidentes-automovilisticos-en-cloud-lake-fl\/"]}]},{"@type":"BreadcrumbList","@id":"https:\/\/thedashcamlawyer.com\/es\/abogado-de-accidentes-automovilisticos-en-cloud-lake-fl\/#breadcrumb","itemListElement":[{"@type":"ListItem","position":1,"name":"Home","item":"https:\/\/thedashcamlawyer.com\/es\/"},{"@type":"ListItem","position":2,"name":"Abogado de Accidentes Automovil\u00edsticos en Cloud Lake, FL"}]},{"@type":"WebSite","@id":"https:\/\/thedashcamlawyer.com\/#website","url":"https:\/\/thedashcamlawyer.com\/","name":"The Dashcam Lawyer\u00ae","description":"Palm Beach Personal Injury Law Firm","publisher":{"@id":"https:\/\/thedashcamlawyer.com\/#organization"},"potentialAction":[{"@type":"SearchAction","target":{"@type":"EntryPoint","urlTemplate":"https:\/\/thedashcamlawyer.com\/?s={search_term_string}"},"query-input":{"@type":"PropertyValueSpecification","valueRequired":true,"valueName":"search_term_string"}}],"inLanguage":"es"},{"@type":"Organization","@id":"https:\/\/thedashcamlawyer.com\/#organization","name":"Personal Injury Law firm of Shannon J. Sagan","url":"https:\/\/thedashcamlawyer.com\/","logo":{"@type":"ImageObject","inLanguage":"es","@id":"https:\/\/thedashcamlawyer.com\/#\/schema\/logo\/image\/","url":"https:\/\/thedashcamlawyer.com\/wp-content\/uploads\/2018\/02\/logo.png","contentUrl":"https:\/\/thedashcamlawyer.com\/wp-content\/uploads\/2018\/02\/logo.png","width":331,"height":90,"caption":"Personal Injury Law firm of Shannon J. Sagan"},"image":{"@id":"https:\/\/thedashcamlawyer.com\/#\/schema\/logo\/image\/"},"sameAs":["https:\/\/www.facebook.com\/shannonjsagan1800FlaLawyer\/","https:\/\/x.com\/1800FLALAWYER","https:\/\/www.instagram.com\/1800flalawyer\/","https:\/\/www.pinterest.com\/1800flalawyer\/","https:\/\/www.youtube.com\/user\/1800FlaLawyer"]}]}},"_links":{"self":[{"href":"https:\/\/thedashcamlawyer.com\/es\/wp-json\/wp\/v2\/pages\/9686"}],"collection":[{"href":"https:\/\/thedashcamlawyer.com\/es\/wp-json\/wp\/v2\/pages"}],"about":[{"href":"https:\/\/thedashcamlawyer.com\/es\/wp-json\/wp\/v2\/types\/page"}],"author":[{"embeddable":true,"href":"https:\/\/thedashcamlawyer.com\/es\/wp-json\/wp\/v2\/users\/16"}],"replies":[{"embeddable":true,"href":"https:\/\/thedashcamlawyer.com\/es\/wp-json\/wp\/v2\/comments?post=9686"}],"version-history":[{"count":0,"href":"https:\/\/thedashcamlawyer.com\/es\/wp-json\/wp\/v2\/pages\/9686\/revisions"}],"wp:attachment":[{"href":"https:\/\/thedashcamlawyer.com\/es\/wp-json\/wp\/v2\/media?parent=9686"}],"curies":[{"name":"wp","href":"https:\/\/api.w.org\/{rel}","templated":true}]}}