{"id":9697,"date":"2024-10-25T15:48:45","date_gmt":"2024-10-25T15:48:45","guid":{"rendered":"https:\/\/thedashcamlawyer.com\/abogado-de-accidentes-automovilisticos-en-glen-ridge-fl\/"},"modified":"2024-10-25T15:48:54","modified_gmt":"2024-10-25T15:48:54","slug":"abogado-de-accidentes-automovilisticos-en-glen-ridge-fl","status":"publish","type":"page","link":"https:\/\/thedashcamlawyer.com\/es\/abogado-de-accidentes-automovilisticos-en-glen-ridge-fl\/","title":{"rendered":"Abogado de Accidentes Automovil\u00edsticos en Glen Ridge, FL"},"content":{"rendered":"\n<h2 class=\"wp-block-heading\">Dashcam: El Blog Imprescindible de 2023<\/h2>\n\n<p>Entendiendo Tus Opciones de Compensaci\u00f3n en Florida Despu\u00e9s de un accidente automovil\u00edstico en Florida, puedes encontrarte abrumado con facturas m\u00e9dicas, costos de reparaci\u00f3n y el estr\u00e9s de los salarios perdidos. Es crucial entender los tipos de compensaci\u00f3n disponibles para ayudarte a recuperarte financieramente y emocionalmente de tu experiencia:<\/p>\n\n<ul class=\"wp-block-list\">\n<li><b>Da\u00f1os Econ\u00f3micos<\/b><span style=\"font-weight: 400;\">: Estos incluyen p\u00e9rdidas tangibles como los gastos m\u00e9dicos, los costos de reparaci\u00f3n o reemplazo del veh\u00edculo y los ingresos perdidos debido al tiempo fuera del trabajo.<\/span><\/li>\n\n\n\n<li><b>Da\u00f1os No Econ\u00f3micos<\/b><span style=\"font-weight: 400;\">: Estos cubren p\u00e9rdidas intangibles, como el dolor y sufrimiento, la angustia emocional, la p\u00e9rdida del disfrute de la vida, y las cicatrices o desfiguraci\u00f3n.<\/span><\/li>\n\n\n\n<li><b>Da\u00f1os Punitivos<\/b><span style=\"font-weight: 400;\">: En los casos en que el accidente fue causado por negligencia grave o comportamiento imprudente, como conducir ebrio o distra\u00eddo, podr\u00edas tener derecho a da\u00f1os punitivos.<\/span><\/li>\n<\/ul>\n\n<h2 class=\"wp-block-heading\">El Valor de un Abogado de Accidentes Automovil\u00edsticos en Glen Ridge, FL<\/h2>\n\n<p>Aunque puede parecer manejable presentar una reclamaci\u00f3n por accidente automovil\u00edstico por tu cuenta, tener a un abogado experimentado a tu lado puede impactar significativamente el resultado de tu caso. Aqu\u00ed te mostramos c\u00f3mo nuestro equipo en The Dash Cam Lawyer\u00ae puede marcar la diferencia:<\/p>\n\n<ul class=\"wp-block-list\">\n<li><b>Investigaci\u00f3n Exhaustiva<\/b><span style=\"font-weight: 400;\">: Profundizaremos en los detalles de tu accidente para recopilar todas las pruebas necesarias y construir un caso s\u00f3lido en tu nombre.<\/span><\/li>\n\n\n\n<li><b>Manejo de Reclamaciones<\/b><span style=\"font-weight: 400;\">: Desde presentar la reclamaci\u00f3n inicial hasta gestionar las comunicaciones con las compa\u00f1\u00edas de seguros, nos encargaremos del papeleo y las negociaciones para que puedas concentrarte en tu recuperaci\u00f3n.<\/span><\/li>\n\n\n\n<li><b>Atenci\u00f3n M\u00e9dica<\/b><span style=\"font-weight: 400;\">: Nuestro equipo te ayudar\u00e1 a asegurarte de recibir la atenci\u00f3n m\u00e9dica que necesitas, trabajando con proveedores de atenci\u00f3n m\u00e9dica para documentar de manera efectiva tus lesiones y tratamientos.<\/span><\/li>\n\n\n\n<li><b>Maximizaci\u00f3n de tu Acuerdo<\/b><span style=\"font-weight: 400;\">: Con nuestras habilidades de negociaci\u00f3n y conocimientos legales, nos comprometemos a asegurar el mejor acuerdo posible para cubrir tus p\u00e9rdidas.<\/span><\/li>\n\n\n\n<li><b>Litigaci\u00f3n<\/b><span style=\"font-weight: 400;\">: Si las negociaciones no producen un resultado justo, estamos preparados para llevar tu caso a los tribunales, defendiendo vigorosamente tus derechos.<\/span><\/li>\n<\/ul>\n\n<h2 class=\"wp-block-heading\">Pasos Inmediatos Despu\u00e9s de un Accidente Automovil\u00edstico en Florida <\/h2>\n\n<p>Los momentos posteriores a un accidente automovil\u00edstico son cr\u00edticos, no solo para tu salud, sino tambi\u00e9n para la solidez de tu futura reclamaci\u00f3n:<\/p>\n\n<ul class=\"wp-block-list\">\n<li><b>Busca Atenci\u00f3n M\u00e9dica<\/b><span style=\"font-weight: 400;\">: Prioriza tu salud obteniendo una evaluaci\u00f3n m\u00e9dica inmediatamente despu\u00e9s del accidente, incluso si te sientes bien. Las lesiones pueden no ser evidentes de inmediato.<\/span><\/li>\n\n\n\n<li><b>Llama a la Polic\u00eda<\/b><span style=\"font-weight: 400;\">: Un informe policial es una pieza vital de evidencia para tu reclamaci\u00f3n, ya que detalla la escena del accidente y registra a todas las partes involucradas.<\/span><\/li>\n\n\n\n<li><b>Recoge Informaci\u00f3n<\/b><span style=\"font-weight: 400;\">: Obt\u00e9n la informaci\u00f3n de contacto y seguro de todas las partes involucradas en el accidente, as\u00ed como los detalles de cualquier testigo.<\/span><\/li>\n\n\n\n<li><b>Documenta Todo<\/b><span style=\"font-weight: 400;\">: Toma fotos de la escena del accidente, los da\u00f1os y cualquier lesi\u00f3n. Conserva un registro de todos los gastos y comunicaciones relacionados.<\/span><\/li>\n\n\n\n<li><b>Contacta a The Dash Cam Lawyer\u00ae<\/b><span style=\"font-weight: 400;\">: Con nuestra experiencia y dedicaci\u00f3n, te guiaremos a trav\u00e9s del proceso legal, centr\u00e1ndonos en tu recuperaci\u00f3n y compensaci\u00f3n.<\/span><\/li>\n<\/ul>\n\n<h2 class=\"wp-block-heading\">Obt\u00e9n Asistencia Legal Hoy <\/h2>\n\n<p><span style=\"font-weight: 400;\">El camino despu\u00e9s de un accidente automovil\u00edstico puede ser largo y estar lleno de incertidumbre. Pero no tienes que enfrentarlo solo. Nuestro equipo en The Dash Cam Lawyer\u00ae est\u00e1 aqu\u00ed para guiarte en cada paso, asegur\u00e1ndonos de que comprendas tus opciones y ayud\u00e1ndote a tomar decisiones informadas sobre tu futuro. Para una consulta gratuita, llama a nuestro bufete al <\/span><a href=\"tel:561-561-3274\"><span style=\"font-weight: 400;\">561-561-3274<\/span><\/a><span style=\"font-weight: 400;\"> en Belle Glade y Lake Worth, FL. Nos comprometemos a ayudarte a recuperar la compensaci\u00f3n que mereces mientras te brindamos el apoyo compasivo que necesitas durante este momento dif\u00edcil.<\/span><\/p>\n\n<h2 class=\"wp-block-heading\">Contacta a un Abogado Experimentado en Accidentes Automovil\u00edsticos en Glen Ridge, FL <\/h2>\n\n<p><span style=\"font-weight: 400;\">Si est\u00e1s lidiando con las secuelas de un accidente automovil\u00edstico, no dudes en buscar ayuda. Contacta a The Dash Cam Lawyer\u00ae para obtener apoyo legal integral y orientaci\u00f3n. Nuestro equipo dedicado est\u00e1 listo para asistirte con todos los aspectos de tu reclamaci\u00f3n, desde la consulta inicial hasta el acuerdo final. Ll\u00e1manos al <\/span><a href=\"tel:561-561-3274\"><span style=\"font-weight: 400;\">561-561-3274<\/span><\/a><span style=\"font-weight: 400;\"> o en l\u00ednea para comenzar tu camino hacia la recuperaci\u00f3n.<\/span><\/p>\n","protected":false},"excerpt":{"rendered":"<p>Dashcam: El Blog Imprescindible de 2023 Entendiendo Tus Opciones de Compensaci\u00f3n en Florida Despu\u00e9s de un accidente automovil\u00edstico en Florida, puedes encontrarte abrumado con facturas m\u00e9dicas, costos de reparaci\u00f3n y el estr\u00e9s de los salarios perdidos. Es crucial entender los tipos de compensaci\u00f3n disponibles para ayudarte a recuperarte financieramente y emocionalmente de tu experiencia: El&hellip;<\/p>\n","protected":false},"author":16,"featured_media":0,"parent":0,"menu_order":0,"comment_status":"closed","ping_status":"closed","template":"","meta":{"_acf_changed":false,"inline_featured_image":false,"footnotes":""},"class_list":["post-9697","page","type-page","status-publish","hentry"],"acf":[],"yoast_head":"<!-- This site is optimized with the Yoast SEO plugin v25.6 - https:\/\/yoast.com\/wordpress\/plugins\/seo\/ -->\n<title>Abogado de Accidentes Automovil\u00edsticos en Glen Ridge, FL - The Dashcam Lawyer\u00ae<\/title>\n<meta name=\"robots\" content=\"index, follow, max-snippet:-1, max-image-preview:large, max-video-preview:-1\" \/>\n<link rel=\"canonical\" href=\"https:\/\/thedashcamlawyer.com\/es\/abogado-de-accidentes-automovilisticos-en-glen-ridge-fl\/\" \/>\n<meta property=\"og:locale\" content=\"es_ES\" \/>\n<meta property=\"og:type\" content=\"article\" \/>\n<meta property=\"og:title\" content=\"Abogado de Accidentes Automovil\u00edsticos en Glen Ridge, FL - The Dashcam Lawyer\u00ae\" \/>\n<meta property=\"og:description\" content=\"Dashcam: El Blog Imprescindible de 2023 Entendiendo Tus Opciones de Compensaci\u00f3n en Florida Despu\u00e9s de un accidente automovil\u00edstico en Florida, puedes encontrarte abrumado con facturas m\u00e9dicas, costos de reparaci\u00f3n y el estr\u00e9s de los salarios perdidos. Es crucial entender los tipos de compensaci\u00f3n disponibles para ayudarte a recuperarte financieramente y emocionalmente de tu experiencia: El&hellip;\" \/>\n<meta property=\"og:url\" content=\"https:\/\/thedashcamlawyer.com\/es\/abogado-de-accidentes-automovilisticos-en-glen-ridge-fl\/\" \/>\n<meta property=\"og:site_name\" content=\"The Dashcam Lawyer\u00ae\" \/>\n<meta property=\"article:publisher\" content=\"https:\/\/www.facebook.com\/shannonjsagan1800FlaLawyer\/\" \/>\n<meta property=\"article:modified_time\" content=\"2024-10-25T15:48:54+00:00\" \/>\n<meta name=\"twitter:card\" content=\"summary_large_image\" \/>\n<meta name=\"twitter:site\" content=\"@1800FLALAWYER\" \/>\n<meta name=\"twitter:label1\" content=\"Tiempo de lectura\" \/>\n\t<meta name=\"twitter:data1\" content=\"4 minutos\" \/>\n<script type=\"application\/ld+json\" class=\"yoast-schema-graph\">{\"@context\":\"https:\/\/schema.org\",\"@graph\":[{\"@type\":\"WebPage\",\"@id\":\"https:\/\/thedashcamlawyer.com\/es\/abogado-de-accidentes-automovilisticos-en-glen-ridge-fl\/\",\"url\":\"https:\/\/thedashcamlawyer.com\/es\/abogado-de-accidentes-automovilisticos-en-glen-ridge-fl\/\",\"name\":\"Abogado de Accidentes Automovil\u00edsticos en Glen Ridge, FL - The Dashcam Lawyer\u00ae\",\"isPartOf\":{\"@id\":\"https:\/\/thedashcamlawyer.com\/#website\"},\"datePublished\":\"2024-10-25T15:48:45+00:00\",\"dateModified\":\"2024-10-25T15:48:54+00:00\",\"breadcrumb\":{\"@id\":\"https:\/\/thedashcamlawyer.com\/es\/abogado-de-accidentes-automovilisticos-en-glen-ridge-fl\/#breadcrumb\"},\"inLanguage\":\"es\",\"potentialAction\":[{\"@type\":\"ReadAction\",\"target\":[\"https:\/\/thedashcamlawyer.com\/es\/abogado-de-accidentes-automovilisticos-en-glen-ridge-fl\/\"]}]},{\"@type\":\"BreadcrumbList\",\"@id\":\"https:\/\/thedashcamlawyer.com\/es\/abogado-de-accidentes-automovilisticos-en-glen-ridge-fl\/#breadcrumb\",\"itemListElement\":[{\"@type\":\"ListItem\",\"position\":1,\"name\":\"Home\",\"item\":\"https:\/\/thedashcamlawyer.com\/es\/\"},{\"@type\":\"ListItem\",\"position\":2,\"name\":\"Abogado de Accidentes Automovil\u00edsticos en Glen Ridge, FL\"}]},{\"@type\":\"WebSite\",\"@id\":\"https:\/\/thedashcamlawyer.com\/#website\",\"url\":\"https:\/\/thedashcamlawyer.com\/\",\"name\":\"The Dashcam Lawyer\u00ae\",\"description\":\"Palm Beach Personal Injury Law Firm\",\"publisher\":{\"@id\":\"https:\/\/thedashcamlawyer.com\/#organization\"},\"potentialAction\":[{\"@type\":\"SearchAction\",\"target\":{\"@type\":\"EntryPoint\",\"urlTemplate\":\"https:\/\/thedashcamlawyer.com\/?s={search_term_string}\"},\"query-input\":{\"@type\":\"PropertyValueSpecification\",\"valueRequired\":true,\"valueName\":\"search_term_string\"}}],\"inLanguage\":\"es\"},{\"@type\":\"Organization\",\"@id\":\"https:\/\/thedashcamlawyer.com\/#organization\",\"name\":\"Personal Injury Law firm of Shannon J. Sagan\",\"url\":\"https:\/\/thedashcamlawyer.com\/\",\"logo\":{\"@type\":\"ImageObject\",\"inLanguage\":\"es\",\"@id\":\"https:\/\/thedashcamlawyer.com\/#\/schema\/logo\/image\/\",\"url\":\"https:\/\/thedashcamlawyer.com\/wp-content\/uploads\/2018\/02\/logo.png\",\"contentUrl\":\"https:\/\/thedashcamlawyer.com\/wp-content\/uploads\/2018\/02\/logo.png\",\"width\":331,\"height\":90,\"caption\":\"Personal Injury Law firm of Shannon J. Sagan\"},\"image\":{\"@id\":\"https:\/\/thedashcamlawyer.com\/#\/schema\/logo\/image\/\"},\"sameAs\":[\"https:\/\/www.facebook.com\/shannonjsagan1800FlaLawyer\/\",\"https:\/\/x.com\/1800FLALAWYER\",\"https:\/\/www.instagram.com\/1800flalawyer\/\",\"https:\/\/www.pinterest.com\/1800flalawyer\/\",\"https:\/\/www.youtube.com\/user\/1800FlaLawyer\"]}]}<\/script>\n<!-- \/ Yoast SEO plugin. -->","yoast_head_json":{"title":"Abogado de Accidentes Automovil\u00edsticos en Glen Ridge, FL - The Dashcam Lawyer\u00ae","robots":{"index":"index","follow":"follow","max-snippet":"max-snippet:-1","max-image-preview":"max-image-preview:large","max-video-preview":"max-video-preview:-1"},"canonical":"https:\/\/thedashcamlawyer.com\/es\/abogado-de-accidentes-automovilisticos-en-glen-ridge-fl\/","og_locale":"es_ES","og_type":"article","og_title":"Abogado de Accidentes Automovil\u00edsticos en Glen Ridge, FL - The Dashcam Lawyer\u00ae","og_description":"Dashcam: El Blog Imprescindible de 2023 Entendiendo Tus Opciones de Compensaci\u00f3n en Florida Despu\u00e9s de un accidente automovil\u00edstico en Florida, puedes encontrarte abrumado con facturas m\u00e9dicas, costos de reparaci\u00f3n y el estr\u00e9s de los salarios perdidos. Es crucial entender los tipos de compensaci\u00f3n disponibles para ayudarte a recuperarte financieramente y emocionalmente de tu experiencia: El&hellip;","og_url":"https:\/\/thedashcamlawyer.com\/es\/abogado-de-accidentes-automovilisticos-en-glen-ridge-fl\/","og_site_name":"The Dashcam Lawyer\u00ae","article_publisher":"https:\/\/www.facebook.com\/shannonjsagan1800FlaLawyer\/","article_modified_time":"2024-10-25T15:48:54+00:00","twitter_card":"summary_large_image","twitter_site":"@1800FLALAWYER","twitter_misc":{"Tiempo de lectura":"4 minutos"},"schema":{"@context":"https:\/\/schema.org","@graph":[{"@type":"WebPage","@id":"https:\/\/thedashcamlawyer.com\/es\/abogado-de-accidentes-automovilisticos-en-glen-ridge-fl\/","url":"https:\/\/thedashcamlawyer.com\/es\/abogado-de-accidentes-automovilisticos-en-glen-ridge-fl\/","name":"Abogado de Accidentes Automovil\u00edsticos en Glen Ridge, FL - The Dashcam Lawyer\u00ae","isPartOf":{"@id":"https:\/\/thedashcamlawyer.com\/#website"},"datePublished":"2024-10-25T15:48:45+00:00","dateModified":"2024-10-25T15:48:54+00:00","breadcrumb":{"@id":"https:\/\/thedashcamlawyer.com\/es\/abogado-de-accidentes-automovilisticos-en-glen-ridge-fl\/#breadcrumb"},"inLanguage":"es","potentialAction":[{"@type":"ReadAction","target":["https:\/\/thedashcamlawyer.com\/es\/abogado-de-accidentes-automovilisticos-en-glen-ridge-fl\/"]}]},{"@type":"BreadcrumbList","@id":"https:\/\/thedashcamlawyer.com\/es\/abogado-de-accidentes-automovilisticos-en-glen-ridge-fl\/#breadcrumb","itemListElement":[{"@type":"ListItem","position":1,"name":"Home","item":"https:\/\/thedashcamlawyer.com\/es\/"},{"@type":"ListItem","position":2,"name":"Abogado de Accidentes Automovil\u00edsticos en Glen Ridge, FL"}]},{"@type":"WebSite","@id":"https:\/\/thedashcamlawyer.com\/#website","url":"https:\/\/thedashcamlawyer.com\/","name":"The Dashcam Lawyer\u00ae","description":"Palm Beach Personal Injury Law Firm","publisher":{"@id":"https:\/\/thedashcamlawyer.com\/#organization"},"potentialAction":[{"@type":"SearchAction","target":{"@type":"EntryPoint","urlTemplate":"https:\/\/thedashcamlawyer.com\/?s={search_term_string}"},"query-input":{"@type":"PropertyValueSpecification","valueRequired":true,"valueName":"search_term_string"}}],"inLanguage":"es"},{"@type":"Organization","@id":"https:\/\/thedashcamlawyer.com\/#organization","name":"Personal Injury Law firm of Shannon J. Sagan","url":"https:\/\/thedashcamlawyer.com\/","logo":{"@type":"ImageObject","inLanguage":"es","@id":"https:\/\/thedashcamlawyer.com\/#\/schema\/logo\/image\/","url":"https:\/\/thedashcamlawyer.com\/wp-content\/uploads\/2018\/02\/logo.png","contentUrl":"https:\/\/thedashcamlawyer.com\/wp-content\/uploads\/2018\/02\/logo.png","width":331,"height":90,"caption":"Personal Injury Law firm of Shannon J. Sagan"},"image":{"@id":"https:\/\/thedashcamlawyer.com\/#\/schema\/logo\/image\/"},"sameAs":["https:\/\/www.facebook.com\/shannonjsagan1800FlaLawyer\/","https:\/\/x.com\/1800FLALAWYER","https:\/\/www.instagram.com\/1800flalawyer\/","https:\/\/www.pinterest.com\/1800flalawyer\/","https:\/\/www.youtube.com\/user\/1800FlaLawyer"]}]}},"_links":{"self":[{"href":"https:\/\/thedashcamlawyer.com\/es\/wp-json\/wp\/v2\/pages\/9697"}],"collection":[{"href":"https:\/\/thedashcamlawyer.com\/es\/wp-json\/wp\/v2\/pages"}],"about":[{"href":"https:\/\/thedashcamlawyer.com\/es\/wp-json\/wp\/v2\/types\/page"}],"author":[{"embeddable":true,"href":"https:\/\/thedashcamlawyer.com\/es\/wp-json\/wp\/v2\/users\/16"}],"replies":[{"embeddable":true,"href":"https:\/\/thedashcamlawyer.com\/es\/wp-json\/wp\/v2\/comments?post=9697"}],"version-history":[{"count":0,"href":"https:\/\/thedashcamlawyer.com\/es\/wp-json\/wp\/v2\/pages\/9697\/revisions"}],"wp:attachment":[{"href":"https:\/\/thedashcamlawyer.com\/es\/wp-json\/wp\/v2\/media?parent=9697"}],"curies":[{"name":"wp","href":"https:\/\/api.w.org\/{rel}","templated":true}]}}